{"id":12674,"date":"2016-05-26T08:26:37","date_gmt":"2016-05-26T06:26:37","guid":{"rendered":"https:\/\/www.mondragon-assembly.com\/fr\/?page_id=12674"},"modified":"2018-10-19T12:11:52","modified_gmt":"2018-10-19T10:11:52","slug":"mentions-legales","status":"publish","type":"page","link":"https:\/\/www.mondragon-assembly.com\/fr\/mentions-legales\/","title":{"rendered":"Mentions L\u00e9gales"},"content":{"rendered":"<div class=\"wpb-content-wrapper\"><p>[vc_row][vc_column][vc_separator][vc_column_text]<\/p>\n<h4>CONDITIONS G\u00c9N\u00c9RALES D&rsquo;ACC\u00c8S ET D&rsquo;UTILISATION DU SITE WEB MONDRAGON-ASSEMBLY.COM<\/h4>\n<h5><span style=\"color: #e20026;\">1.- INTRODUCTION<\/span><\/h5>\n<p>Le pr\u00e9sent document d\u00e9finit les Conditions g\u00e9n\u00e9rales d&rsquo;utilisation de ce site Web que MONDRAGON ASSEMBLY, S.COOP. propose sur Internet.<\/p>\n<p>L&rsquo;acc\u00e8s \u00e0 ce site Web requiert la lecture pr\u00e9alable et l&rsquo;acceptation, de la part de tout utilisateur, des termes, conditions, communications, avertissements et autres mentions l\u00e9gales contenus dans les pr\u00e9sentes clauses.<\/p>\n<p>L&rsquo;acc\u00e8s \u00e0 ce site Web est gratuit et sa visualisation ne demande aucun type d&rsquo;abonnement ou inscription quelconque.<\/p>\n<p>Les liens \u00e9ventuels avec d&rsquo;autres sites Web, ainsi que l&#8217;emploi que l&rsquo;utilisateur peut en faire, sont assujettis aux pr\u00e9sentes Conditions g\u00e9n\u00e9rales d&rsquo;utilisation, ainsi qu&rsquo;aux \u00e9ventuelles conditions sp\u00e9cifiques des sites Web en question. Toute utilisation autre que celle autoris\u00e9e est express\u00e9ment interdite.<\/p>\n<h5><span style=\"color: #e20026;\">2.- DROITS ET OBLIGATIONS DU PRESTATAIRE DES SERVICES<\/span><\/h5>\n<p>1.- En tant que prestataire du service, MONDRAGON ASSEMBLY, S.COOP., se trouve dans l&rsquo;obligation d&rsquo;assurer les prestations propos\u00e9es sur le pr\u00e9sent site Web, de garantir efficacement le secret des communications potentielles avec l&rsquo;utilisateur, et de r\u00e9pondre aux r\u00e9clamations qui pourraient \u00e9ventuellement lui \u00eatre soumises.<\/p>\n<p>Ce site Web ne collecte et ne stocke pas les donn\u00e9es personnelles de ses visiteurs, sauf celles volontairement fournies par l&rsquo;usager.<\/p>\n<p>2.- MONDRAGON ASSEMBLY, S.COOP. se r\u00e9serve le droit d&rsquo;effectuer, \u00e0 tout moment et sans pr\u00e9avis, les modifications et les mises \u00e0 jour des informations pr\u00e9sentent sur le site Web ou de sa configuration ou pr\u00e9sentation, ce qui ne l&rsquo;exon\u00e8re pas d&rsquo;en informer les utilisateurs, \u00e0 condition que les circonstances le permettent.<\/p>\n<p>3.- Tant l&rsquo;acc\u00e8s au site Web que l&rsquo;utilisation qui peut \u00eatre faite des informations qu&rsquo;il contient rel\u00e8vent exclusivement de la responsabilit\u00e9 du visiteur. MONDRAGON ASSEMBLY, S.COOP. ne pourra \u00eatre tenue pour responsable d&rsquo;aucune cons\u00e9quence, d&rsquo;aucun dommage ou pr\u00e9judice pouvant d\u00e9couler de cet acc\u00e8s ou emploi des informations, \u00e0 l&rsquo;exception de toutes les actions r\u00e9sultant de l&rsquo;application des dispositions l\u00e9gales auxquelles elle doit se soumettre dans le strict cadre de ses comp\u00e9tences.<\/p>\n<p>MONDRAGON ASSEMBLY, S.COOP. ne garantit pas, directement ou indirectement, les informations ou les services propos\u00e9s, \u00e0 l&rsquo;exception des garanties qui, en vertu des lois en vigueur, doivent \u00eatre reconnues ou qui peuvent \u00eatre explicitement expos\u00e9es dans un accord entre cette soci\u00e9t\u00e9 et l&rsquo;utilisateur.<\/p>\n<p>MONDRAGON ASSEMBLY, S.COOP. ne garantit pas que le contenu fourni, le cas \u00e9ch\u00e9ant, par de tierces personnes, pas plus que la v\u00e9racit\u00e9, la fiabilit\u00e9, la pr\u00e9cision, l&rsquo;opportunit\u00e9 ou la convenance des informations fournies soient adapt\u00e9s aux buts que les utilisations ou toute autre personne peuvent en faire.<\/p>\n<h5><span style=\"color: #e20026;\">3.- DROITS ET OBLIGATIONS DE L&rsquo;UTILISATEUR<\/span><\/h5>\n<p>1.- \u00c0 tout moment, l&rsquo;utilisateur doit utiliser de mani\u00e8re licite les services du pr\u00e9sent site Web, conform\u00e9ment \u00e0 la l\u00e9gislation en vigueur, et respecter les droits de propri\u00e9t\u00e9 intellectuelle de MONDRAGON ASSEMBLY, S.COOP.<\/p>\n<p>2.- L&rsquo;utilisation s&rsquo;abstiendra de r\u00e9aliser, par le biais des services que met \u00e0 sa disposition MONDRAGON ASSEMBLY, S.COOP., toute action entra\u00eenant des dommages ou une alt\u00e9ration quelconque des contenus, de perturber le bon fonctionnement du site en provoquant des probl\u00e8mes techniques, de lui transf\u00e9rer des \u00e9l\u00e9ments susceptibles d&rsquo;\u00eatre porteurs de virus informatiques, et d&rsquo;endommager, interf\u00e9rer ou intercepter, totalement ou en partie, le pr\u00e9sent site, ainsi que d&rsquo;intercepter ou alt\u00e9rer le courrier \u00e9lectronique d&rsquo;autres utilisateurs.<\/p>\n<h5><span style=\"color: #e20026;\">4.- EXCLUSION DE GARANTIE ET EXON\u00c9RATION DE RESPONSABILIT\u00c9 CONCERNANT LE FONCTIONNEMENT DU SITE ET DE SES SERVICES<\/span><\/h5>\n<p>1.- MONDRAGON ASSEMBLY, S.COOP. ne garantit pas la disponibilit\u00e9 et la continuit\u00e9 du fonctionnement du pr\u00e9sent site WEB et de ses services.<\/p>\n<p>Ainsi, nous d\u00e9clinons toute responsabilit\u00e9 en cas de dommages et de pr\u00e9judices de nature quelconque qui pourraient d\u00e9couler du manque de disponibilit\u00e9 ou de continuit\u00e9 de fonctionnement du site Web et de ses services.<\/p>\n<p>En tout \u00e9tat de cause, MONDRAGON ASSEMBLY, S.COOP. mettra tout en \u0153uvre pour garantir la disponibilit\u00e9 continue du pr\u00e9sent site Web.<\/p>\n<p>2.- MONDRAGON ASSEMBLY, S.COOP. met \u00e0 la disposition des utilisateurs les syst\u00e8mes de confidentialit\u00e9 des donn\u00e9es personnelles qui emp\u00eachent des tierces parties d&rsquo;y acc\u00e9der. (Politique de confidentialit\u00e9 de MONDRAGON ASSEMBLY, S.COOP.) MONDRAGON ASSEMBLY, S.COOP. a mis en \u0153uvre toutes les mesures de s\u00e9curit\u00e9 techniques et organisationnelles n\u00e9cessaires pour garantir l&rsquo;int\u00e9grit\u00e9, la confidentialit\u00e9 et la disponibilit\u00e9 des donn\u00e9es personnelles fournies par l&rsquo;utilisateur.<\/p>\n<p>\u00c0 cet \u00e9gard, nous d\u00e9clinons toute responsabilit\u00e9 en cas de dommages et de pr\u00e9judices dus \u00e0 la rupture de cette confidentialit\u00e9.<\/p>\n<p>3.- En d\u00e9pit du fait que MONDRAGON ASSEMBLY, S.COOP. a implant\u00e9 toutes les mesures appropri\u00e9es pour garantir la s\u00e9curit\u00e9 du site, elle ne contr\u00f4le ni ne garantit l&rsquo;absence de virus et autres \u00e9l\u00e9ments dans les contenus du pr\u00e9sent site Web susceptibles de produire des alt\u00e9rations sur le syst\u00e8me informatique (logiciel et mat\u00e9riel) de l&rsquo;utilisateur ou dans les documents \u00e9lectroniques et fichiers stock\u00e9s dans son syst\u00e8me informatique.<\/p>\n<p>MONDRAGON ASSEMBLY, S.COOP. d\u00e9cline toute responsabilit\u00e9 en cas de dommages et de pr\u00e9judices de toute nature dus \u00e0 la pr\u00e9sence de virus dans les contenus susceptibles d&rsquo;alt\u00e9rer le syst\u00e8me informatique, les documents \u00e9lectroniques, les fichiers, etc.<\/p>\n<p>4.- MONDRAGON ASSEMBLY, S.COOP. ne garantit pas l&rsquo;absence d&rsquo;erreurs dans l&rsquo;acc\u00e8s au site ou \u00e0 son contenu. Par cons\u00e9quent, l&rsquo;utilisateur exon\u00e8re MONDRAGON ASSEMBLY, S.COOP. de toute responsabilit\u00e9 en rapport avec la fiabilit\u00e9, l&rsquo;utilit\u00e9 ou les fausses attentes que le Portail pourrait susciter chez lui pendant sa navigation sur le site.<\/p>\n<h5><span style=\"color: #e20026;\">5.- PROPRI\u00c9T\u00c9 INTELLECTUELLE<\/span><\/h5>\n<p>Les droits de propri\u00e9t\u00e9 intellectuelle sur le pr\u00e9sent site Web et les diff\u00e9rents \u00e9l\u00e9ments qui le composent appartiennent \u00e0 MONDRAGON ASSEMBLY, S.COOP., \u00e0 l&rsquo;exception de ceux appartenant \u00e0 des entreprises avec lesquelles la soci\u00e9t\u00e9 a sign\u00e9 le contrat correspondant pour l&rsquo;apport de contenus et qui sont prot\u00e9g\u00e9s par les l\u00e9gislations nationales et internationales sur la propri\u00e9t\u00e9 intellectuelle et industrielle. . L&rsquo;exercice exclusif des droits de reproduction, distribution, communication publique et transformation appartiennent \u00e0 MONDRAGON ASSEMBLY, S.COOP.<\/p>\n<p>La conception, les images, cartes, graphiques, marques, panneaux, signes distinctifs ou logos de MONDRAGON ASSEMBLY, S.COOP., les frames, banners, les logiciels et leurs diff\u00e9rents codes, source et objet, etc., pr\u00e9sents sur ce site Web appartiennent \u00e0 MONDRAGON ASSEMBLY, S.COOP. qui d\u00e9tient l\u00e9gitimement et en exclusivit\u00e9 les droits d&rsquo;exploitation de ces derniers.<\/p>\n<p>L&rsquo;utilisateur qui acc\u00e8de \u00e0 ce site Web ne peut copier, modifier, distribuer, transmettre, reproduire, publier, c\u00e9der, vendre les \u00e9l\u00e9ments ci-dessus mentionn\u00e9s ou cr\u00e9er de nouveaux produits ou services \u00e0 partir des informations obtenues.<\/p>\n<p>Seuls sont autoris\u00e9s la visualisation et le t\u00e9l\u00e9chargement pour une utilisation personnelle et non commerciale de l&rsquo;utilisateur, sans que cette autorisation soit extensible \u00e0 de tierces personnes ou entit\u00e9s.<\/p>\n<p>Toute alt\u00e9ration de ce site Web de la part de l&rsquo;utilisateur susceptible d&rsquo;en affecter le contenu (liens, etc.) est rigoureusement interdite.<\/p>\n<p>MONDRAGON ASSEMBLY, S.COOP. veillera \u00e0 ce que les contenus du pr\u00e9sent site Web soient d\u00e9pourvus de tout caract\u00e8re pornographique, x\u00e9nophobe, discriminatoire, raciste, diffamatoire et incitant \u00e0 la violence. De m\u00eame, la soci\u00e9t\u00e9 s&rsquo;efforcera d&rsquo;\u00e9viter toute circonstance susceptible de porter pr\u00e9judice aux utilisateurs.<\/p>\n<h5><span style=\"color: #e20026;\">6.-\u00a0LIENS<\/span><\/h5>\n<p>Aucun lien ne peut \u00eatre \u00e9tabli vers le portail depuis un autre site Web sans le consentement pr\u00e9alable et explicite de MONDRAGON ASSEMBLY, S.COOP.<\/p>\n<p>Dans le cas o\u00f9 le pr\u00e9sent site Web contiendrait des liens vers d&rsquo;autres portails ou sites non g\u00e9r\u00e9s par MONDRAGON ASSEMBLY, S.COOP., cette derni\u00e8re d\u00e9clare qu&rsquo;elle n&rsquo;exerce aucun contr\u00f4le sur ces portails ou sites Web et qu&rsquo;elle n&rsquo;est nullement responsable de leur contenu. Les liens que le pr\u00e9sent site Web pourrait contenir sont offerts uniquement \u00e0 titre d&rsquo;information, sans \u00e9valuation d&rsquo;aucune sorte de leurs contenus, propri\u00e9taires, services ou produits propos\u00e9s.<\/p>\n<p>En tout \u00e9tat de cause, MONDRAGON ASSEMBLY, S.COOP. ne saurait \u00eatre tenue responsable des prestations de services de ces tiers en cas de r\u00e9clamation ou de plainte les concernant.<\/p>\n<h5><span style=\"color: #e20026;\">7.- L\u00c9GISLATION APPLICABLE ET JURIDICTION<\/span><\/h5>\n<p><span style=\"line-height: 1.5;\">Ces Conditions g\u00e9n\u00e9rales d&rsquo;utilisation et de navigation, ainsi que toute relation entre l&rsquo;utilisateur et MONDRAGON ASSEMBLY, S.COOP. sont r\u00e9gies par la l\u00e9gislation espagnole.<\/span><\/p>\n<p><span style=\"line-height: 1.5;\">En cas de litige d\u00e9coulant de l&rsquo;existence ou du contenu des pr\u00e9sentes Conditions g\u00e9n\u00e9rales ou des relations entre l&rsquo;utilisateur et MONDRAGON ASSEMBLY, S.COOP., les deux parties, renon\u00e7ant express\u00e9ment \u00e0 toute juridiction qui pourrait leur correspondre, acceptent de se soumettre \u00e0 la juridiction et \u00e0 la comp\u00e9tence exclusive des tribunaux de Bergara (Guipuscoa).<\/span><\/p>\n<h5><span style=\"color: #e20026;\">8.- IDENTIT\u00c9 DU TITULAIRE DU PR\u00c9SENT SITE WEB<\/span><\/h5>\n<p>Coordonn\u00e9es du responsable du pr\u00e9sent SITE :<\/p>\n<p>MONDRAGON S. COOP., NIF- F20165940, domicili\u00e9e \u00e0 P\u00ba Bainatxe 5A, immatricul\u00e9e au Registre central des Coop\u00e9ratives sous le n\u00ba SS-621 le 10-05-1988, et au Registre des Coop\u00e9ratives d&rsquo;Euskadi sous le num\u00e9ro 94\/86, folio GUI-195, inscription 195.[\/vc_column_text][\/vc_column][\/vc_row][vc_row][vc_column][vc_column_text][\/vc_column_text][\/vc_column][\/vc_row]<\/p>\n<\/div>","protected":false},"excerpt":{"rendered":"<p>[vc_row][vc_column][vc_separator][vc_column_text] CONDITIONS G\u00c9N\u00c9RALES D&rsquo;ACC\u00c8S ET D&rsquo;UTILISATION DU SITE WEB MONDRAGON-ASSEMBLY.COM 1.- INTRODUCTION Le pr\u00e9sent document d\u00e9finit les Conditions g\u00e9n\u00e9rales d&rsquo;utilisation de ce site Web que MONDRAGON ASSEMBLY, S.COOP. propose sur Internet. L&rsquo;acc\u00e8s \u00e0 ce site Web requiert la lecture pr\u00e9alable et l&rsquo;acceptation, de la part de tout utilisateur, des termes, conditions, communications, avertissements et autres [&hellip;]<\/p>\n","protected":false},"author":4,"featured_media":0,"parent":0,"menu_order":0,"comment_status":"closed","ping_status":"closed","template":"sectors.php","meta":{"_lmt_disableupdate":"","_lmt_disable":"","footnotes":""},"yst_prominent_words":[],"class_list":["post-12674","page","type-page","status-publish","hentry"],"acf":[],"_links":{"self":[{"href":"https:\/\/www.mondragon-assembly.com\/fr\/wp-json\/wp\/v2\/pages\/12674","targetHints":{"allow":["GET"]}}],"collection":[{"href":"https:\/\/www.mondragon-assembly.com\/fr\/wp-json\/wp\/v2\/pages"}],"about":[{"href":"https:\/\/www.mondragon-assembly.com\/fr\/wp-json\/wp\/v2\/types\/page"}],"author":[{"embeddable":true,"href":"https:\/\/www.mondragon-assembly.com\/fr\/wp-json\/wp\/v2\/users\/4"}],"replies":[{"embeddable":true,"href":"https:\/\/www.mondragon-assembly.com\/fr\/wp-json\/wp\/v2\/comments?post=12674"}],"version-history":[{"count":2,"href":"https:\/\/www.mondragon-assembly.com\/fr\/wp-json\/wp\/v2\/pages\/12674\/revisions"}],"predecessor-version":[{"id":12713,"href":"https:\/\/www.mondragon-assembly.com\/fr\/wp-json\/wp\/v2\/pages\/12674\/revisions\/12713"}],"wp:attachment":[{"href":"https:\/\/www.mondragon-assembly.com\/fr\/wp-json\/wp\/v2\/media?parent=12674"}],"wp:term":[{"taxonomy":"yst_prominent_words","embeddable":true,"href":"https:\/\/www.mondragon-assembly.com\/fr\/wp-json\/wp\/v2\/yst_prominent_words?post=12674"}],"curies":[{"name":"wp","href":"https:\/\/api.w.org\/{rel}","templated":true}]}}