{"id":14878,"date":"2016-12-21T12:04:11","date_gmt":"2016-12-21T10:04:11","guid":{"rendered":"https:\/\/www.mondragon-assembly.com\/?page_id=14878\/"},"modified":"2017-10-11T12:03:55","modified_gmt":"2017-10-11T10:03:55","slug":"tabber-stringer-single-track-mts-2500","status":"publish","type":"page","link":"https:\/\/www.mondragon-assembly.com\/fr\/tabber-stringer-single-track-mts-2500\/","title":{"rendered":"Tabber and Stringer Single Track MTS 2500"},"content":{"rendered":"<div class=\"wpb-content-wrapper\"><p>[vc_row][vc_column width=\u00a0\u00bb1\/2&Prime;][vc_column_text]<\/p>\n<p>Tabber &amp; Stringer hautes performances \u00e9quip\u00e9e d&rsquo;un unique tapis de soudage (Single Track).<\/p>\n<h4><\/h4>\n<p>[\/vc_column_text][vc_column_text el_class=\u00a0\u00bbtitle_lineas\u00a0\u00bb]<\/p>\n<h4><span style=\"color: #e20026;\">Description<\/span><\/h4>\n<p>[\/vc_column_text][vc_column_text]Son syst\u00e8me d&rsquo;interconnexion novateur permet \u00e0 la Tabber MTS 2500 d&rsquo;atteindre une capacit\u00e9 de production nette de 2400 cellules\/heure, ce qui en fait la plus rapide du march\u00e9.<\/p>\n<p>Con\u00e7ue pour traiter des cellules de diff\u00e9rentes technologies et tailles, la Tabber MTS 2500 peut souder des cellules jusqu&rsquo;\u00e0 8 bus bar. Gr\u00e2ce \u00e0 son design compact, elle ne demande que 7.5m<sup>2<\/sup>.<\/p>\n<p>Disponible la solution MTS 5000 pour obtenir une production nette de 4800 cellules\/heure, soit plus de 180Mw par an.[\/vc_column_text][\/vc_column][vc_column width=\u00a0\u00bb1\/2&Prime;][vc_gallery interval=\u00a0\u00bb3&Prime; images=\u00a0\u00bb14822&Prime; img_size=\u00a0\u00bbfull\u00a0\u00bb][vc_column_text css=\u00a0\u00bb.vc_custom_1507716229887{margin-top: -70px !important;}\u00a0\u00bb el_class=\u00a0\u00bbyoutubemodal\u00a0\u00bb]<\/p>\n<h4><a href=\"https:\/\/www.youtube.com\/embed\/nrRoODpzbqA\"><img decoding=\"async\" class=\"alignnone wp-image-15035 size-full\" src=\"https:\/\/www.mondragon-assembly.com\/wp-content\/uploads\/2016\/12\/YouTube-icon.png\" width=\"30\" height=\"21\" \/><\/a>\u00a0<a href=\"https:\/\/www.youtube.com\/embed\/nrRoODpzbqA\">Vid\u00e9o<\/a><\/h4>\n<p>[\/vc_column_text][\/vc_column][\/vc_row][vc_row][vc_column][vc_column_text el_class=\u00a0\u00bbtitle_lineas\u00a0\u00bb]<\/p>\n<h4><span style=\"color: #e20026;\">Atouts<\/span><\/h4>\n<p>[\/vc_column_text][vc_column_text el_class=\u00a0\u00bbicon_list\u00a0\u00bb]<\/p>\n<ul>\n<li>Haute production, avec une seule Tabber : 90 MW\/an.<\/li>\n<li>Machine compacte qui n&rsquo;occupe que 7,5 m2. Permet \u00e0 l&rsquo;usager d&rsquo;optimiser l&rsquo;espace de production.<\/li>\n<li>Production homog\u00e8ne et stable, tous les strings sont fabriqu\u00e9s sur un unique tapis de soudage.<\/li>\n<li>Possibilit\u00e9 de soudage de cellules jusqu&rsquo;\u00e0 8BB.<\/li>\n<li>Compatible avec diff\u00e9rentes technologies de cellules et tailles.<\/li>\n<li>Indice de rupture inf\u00e9rieur \u00e0 0,2%<\/li>\n<\/ul>\n<p>[\/vc_column_text][vc_column_text el_class=\u00a0\u00bbtitle_lineas\u00a0\u00bb]<\/p>\n<h4><span style=\"color: #e20026;\">Caract\u00e9ristiques principales<\/span><\/h4>\n<p>[\/vc_column_text][vc_column_text el_class=\u00a0\u00bbicon_list\u00a0\u00bb]<\/p>\n<ul>\n<li>Soudage IR sans contact pour ne pas g\u00e9n\u00e9rer de stress sur la cellule.<\/li>\n<li>Contr\u00f4le de la temp\u00e9rature des cellules pour garantir une bonne soudure.<\/li>\n<li>Contr\u00f4le intelligent du process : les diff\u00e9rents param\u00e8tres s&rsquo;ajustent automatiquement.<\/li>\n<li>Syst\u00e8me de vision pour contr\u00f4ler la qualit\u00e9 des cellules et pouvoir d\u00e9tecter et s\u00e9parer celles d\u00e9fectueuses.<\/li>\n<li>Contr\u00f4le Qualit\u00e9 du string par vision artificielle int\u00e9gr\u00e9 dans la Tabber.<\/li>\n<\/ul>\n<p>[\/vc_column_text][\/vc_column][\/vc_row][vc_row][vc_column][vc_table vc_table_theme=\u00a0\u00bbclassic_pink\u00a0\u00bb][bg#e20026;b]Param%C3%A8tres%20de%20la%20cellule,[bg#e20026]|Plage%20de%20dimensions%20de%20la%20cellule,156%20%C3%97%20156%20mm.%20Possibilit%C3%A9%20d&rsquo;incorporation%20d&rsquo;am%C3%A9liorations%20pour%20la%20coupe%20de%20cellules%20de%20%C2%BD|Plage%20d&rsquo;%C3%A9paisseurs%20de%20la%20cellule,[c#5e5e5e]160%20-%20300%20%C2%B5m|G%C3%A9om%C3%A9trie%20de%20la%20cellule,Carr%C3%A9e%20ou%20pseudo-carr%C3%A9e%20(autres%20sur%20demande)%0ALa%20machine%20sera%20r%C3%A9gl%C3%A9e%20pour%20une%20unique%20r%C3%A9f%C3%A9rence.|[c#ffffff;bg#e20026;b]Tabs,[bg#e20026]|Nombre%20de%20tabs%20par%20cellule,2-3-4-5-6%20(hardware%20et%20r%C3%A9glage%20pour%20un%20seul%20type%20de%20cellule)(ajout%20d&rsquo;options%20si%20n%C3%A9cessaire%205BB%20ou%206BB)|Espacement%20entre%20tabs,2BB%20%3A%2078%20ou%2075%20%3B%203BB%3A52%20%3B%204BB%3A%2039%20%3B%205BB%20%3B%2031%2C5%20%3B%206BB%3A26|Largeur%20de%20tabs,%3E1%20mm|[bg#e20026;c#ffffff;b]Strings,[bg#e20026]|Longueur%20de%20string%20max.,1960%20mm.|%C3%89cart%20entre%20cellules%20sur%20le%20string,2%20-%2010%20mm%20(sup%C3%A9rieur%20sur%20demande)|Tab%20%2B%20longueur%20(trailing%20tab)%20(mm)(D),25-10|Tab%20%E2%80%93%20longueur%20(leading%20tab)%20(mm)%C2%A9,25-10|Tab%20au%20bord%20avant%20de%20la%20cellule%20(mm)(F),4-2|Tab%20au%20bord%20arri%C3%A8re%20de%20la%20cellule%20(mm)(E),10-2|[bg#e20026;c#ffffff;b]Tabbing%20%26%20Stringing,[bg#e20026]|Alignement%20de%20cellules,Syst%C3%A8me%20de%20vision|M%C3%A9thode%20d&rsquo;application%20flux,Automatique%2C%20sans%20contact%20|Proc%C3%A9d%C3%A9%20de%20soudure,IR%20%2B%20plaques%20chauffantes|[bg#e20026;b;c#ffffff]Performances,[bg#e20026]|Production%20max.%20%2F%20nominale,2400%2F2300%20cellules%2Fh*|Taux%20moyen%20de%20rupture%20de%20cellules,%3C0%2C2%20%25%20(avec%20cellules%20certifi%C3%A9es)|*%20Avec%20conditions%20de%20travail%20et%20mat%C3%A9riels%20certifi%C3%A9s%20par%20Mondragon%20Assembly.,|[bg#e20026;c#ffffff;b]Alimentation%20en%20air%20et%20%C3%A9lectricit%C3%A9,[bg#e20026]|Pression%20et%20flux%20d&rsquo;air%20comprim%C3%A9,5%20bar%20%20600%20Nl%2Fmin|Puissance%20install%C3%A9e,40%20kW%20(triphas%C3%A9e%2C%20380-420%20V%2C%2050-60%20Hz)|Consommation%20d&rsquo;%C3%A9nergie%20pendant%20l&rsquo;%C3%A9chauffement,Variable|Consommation%20d&rsquo;%C3%A9nergie,13%20kWh%2Fh|Niveau%20de%20bruit,%3C80%20dB|[bg#e20026;c#ffffff;b]Dimensions%20du%20syst%C3%A8me%20%2B,[bg#e20026;c#ffffff;b]|Poids,3000%20kg|L%20x%20l%20%C3%97%20H%20(voir%20p.%2027),7%2C7%20%C3%97%201%2C6%20%C3%97%202%2C1%20m|[bg#e20026;c#ffffff;b]Contr%C3%B4le-commande%20et%20logiciel%20du%20syst%C3%A8me,[bg#e20026;c#ffffff;b]|Mat%C3%A9riel,PLC%20Beckhoff%20%C3%A0%20%C3%A9cran%20tactile|Logiciel%20permettant%20le%20diagnostic%20%C3%A0%20distance%20,Oui[\/vc_table][\/vc_column][\/vc_row]<\/p>\n<\/div>","protected":false},"excerpt":{"rendered":"<p>[vc_row][vc_column width=\u00a0\u00bb1\/2&Prime;][vc_column_text] Tabber &amp; Stringer hautes performances \u00e9quip\u00e9e d&rsquo;un unique tapis de soudage (Single Track). [\/vc_column_text][vc_column_text el_class=\u00a0\u00bbtitle_lineas\u00a0\u00bb] Description [\/vc_column_text][vc_column_text]Son syst\u00e8me d&rsquo;interconnexion novateur permet \u00e0 la Tabber MTS 2500 d&rsquo;atteindre une capacit\u00e9 de production nette de 2400 cellules\/heure, ce qui en fait la plus rapide du march\u00e9. Con\u00e7ue pour traiter des cellules de diff\u00e9rentes technologies et [&hellip;]<\/p>\n","protected":false},"author":4,"featured_media":0,"parent":0,"menu_order":0,"comment_status":"closed","ping_status":"closed","template":"sectors.php","meta":{"_lmt_disableupdate":"","_lmt_disable":"","footnotes":""},"yst_prominent_words":[657,658,659,660,661,662,663,284,664,454,665,484,666,556,667,558,559,560,579,607],"class_list":["post-14878","page","type-page","status-publish","hentry"],"acf":[],"_links":{"self":[{"href":"https:\/\/www.mondragon-assembly.com\/fr\/wp-json\/wp\/v2\/pages\/14878","targetHints":{"allow":["GET"]}}],"collection":[{"href":"https:\/\/www.mondragon-assembly.com\/fr\/wp-json\/wp\/v2\/pages"}],"about":[{"href":"https:\/\/www.mondragon-assembly.com\/fr\/wp-json\/wp\/v2\/types\/page"}],"author":[{"embeddable":true,"href":"https:\/\/www.mondragon-assembly.com\/fr\/wp-json\/wp\/v2\/users\/4"}],"replies":[{"embeddable":true,"href":"https:\/\/www.mondragon-assembly.com\/fr\/wp-json\/wp\/v2\/comments?post=14878"}],"version-history":[{"count":5,"href":"https:\/\/www.mondragon-assembly.com\/fr\/wp-json\/wp\/v2\/pages\/14878\/revisions"}],"predecessor-version":[{"id":16634,"href":"https:\/\/www.mondragon-assembly.com\/fr\/wp-json\/wp\/v2\/pages\/14878\/revisions\/16634"}],"wp:attachment":[{"href":"https:\/\/www.mondragon-assembly.com\/fr\/wp-json\/wp\/v2\/media?parent=14878"}],"wp:term":[{"taxonomy":"yst_prominent_words","embeddable":true,"href":"https:\/\/www.mondragon-assembly.com\/fr\/wp-json\/wp\/v2\/yst_prominent_words?post=14878"}],"curies":[{"name":"wp","href":"https:\/\/api.w.org\/{rel}","templated":true}]}}