{"id":26905,"date":"2016-04-15T08:01:33","date_gmt":"2016-04-15T07:01:33","guid":{"rendered":"https:\/\/www.mondragon-assembly.com\/energie-solaire\/turnkey-lines-for-pv-module-manufacturing\/"},"modified":"2025-04-16T13:10:35","modified_gmt":"2025-04-16T12:10:35","slug":"lignes-de-production-de-modules-pv-cle-en-main","status":"publish","type":"page","link":"https:\/\/www.mondragon-assembly.com\/fr\/solar-automation-solutions\/lignes-de-production-de-modules-pv-cle-en-main\/","title":{"rendered":"Lignes de production de modules PV cl\u00e9 en main"},"content":{"rendered":"<div class=\"wpb-content-wrapper\"><p>[vc_row content_placement=\u00a0\u00bbtop\u00a0\u00bb parallax=\u00a0\u00bbcontent-moving\u00a0\u00bb parallax_image=\u00a0\u00bb25465&Prime; parallax_speed_bg=\u00a0\u00bb1&Prime; css=\u00a0\u00bb.vc_custom_1604313685741{margin-top: -25px !important;padding-top: 90px !important;padding-bottom: 110px !important;}\u00a0\u00bb][vc_column][vc_row_inner][vc_column_inner][vc_column_text css=\u00a0\u00bb.vc_custom_1618313140156{background-color: #ffffff !important;}\u00a0\u00bb el_class=\u00a0\u00bbtxt_encima_foto\u00a0\u00bb]<\/p>\n<h2 style=\"text-align: center;\"><strong>LIGNES DE PRODUCTION DE MODULES PV CLE EN MAIN<\/strong><\/h2>\n<p>[\/vc_column_text][\/vc_column_inner][\/vc_row_inner][\/vc_column][\/vc_row][vc_row css=\u00a0\u00bb.vc_custom_1604064744834{margin-top: -25px !important;}\u00a0\u00bb][vc_column][vc_empty_space height=\u00a0\u00bb20&Prime;][\/vc_column][\/vc_row][vc_row css=\u00a0\u00bb.vc_custom_1604064744834{margin-top: -25px !important;}\u00a0\u00bb][vc_column][vc_column_text css_animation=\u00a0\u00bbappear\u00a0\u00bb css=\u00a0\u00bb.vc_custom_1608205938507{padding-top: 7px !important;padding-right: 20px !important;padding-bottom: 20px !important;padding-left: 20px !important;background-color: #f7f7f7 !important;}\u00a0\u00bb]<\/p>\n<h3 style=\"text-align: center;\"><span style=\"color: #e40521;\">Nous sommes le meilleur partenaire pour vous aider \u00e0 \u00eatre comp\u00e9titif dans le secteur de l&rsquo;\u00e9nergie solaire.<\/span><\/h3>\n<h4 style=\"text-align: center;\">Nos lignes cl\u00e9 en main r\u00e9pondent aux besoins de production de chaque client, fournissant des solutions destin\u00e9es aux petits<br \/>\net grands producteurs et combinant diff\u00e9rents niveaux d&rsquo;automatisation.<\/h4>\n<p>[\/vc_column_text][\/vc_column][\/vc_row][vc_row][vc_column width=\u00a0\u00bb2\/3&Prime;][vc_column_text el_class=\u00a0\u00bbicon_list\u00a0\u00bb]<\/p>\n<h4><span style=\"color: #2b3c46; font-weight: bold;\">Ces lignes de fabrication sont adapt\u00e9es \u00e0 l&rsquo;architecture des modules PV existants et futurs, \u00e0 diff\u00e9rents process de stringing :<\/span><\/h4>\n<ul>\n<li>Taille des cellules: jusqu&rsquo;\u00e0 M12 (210 mm)<\/li>\n<li>Technologies de collage et de soudure<\/li>\n<li>BIPV<\/li>\n<li>Shingling<\/li>\n<li>Ribbon plat ou fil<\/li>\n<li>Cellules enti\u00e8res ou d\u00e9coup\u00e9es<\/li>\n<li>Modules monofaciaux et bifaciaux<\/li>\n<li>Modules Verre-Verre et Verre-Film<\/li>\n<\/ul>\n<p>[\/vc_column_text][\/vc_column][vc_column width=\u00a0\u00bb1\/3&Prime;][vc_column_text el_class=\u00a0\u00bbicon_list\u00a0\u00bb]<\/p>\n<h4><span style=\"color: #2b3c46; font-weight: bold;\">Convient \u00e0 toutes les solutions pour la technologie de cellules\u00a0:<\/span><\/h4>\n<ul>\n<li>HJT (deux technologies : soudure et adh\u00e9sifs conducteurs)<\/li>\n<li>TOPCON<\/li>\n<li>PERT<\/li>\n<li>PERL<\/li>\n<li>PERC<\/li>\n<li>BSF<\/li>\n<li>Back contact<\/li>\n<\/ul>\n<p>[\/vc_column_text][\/vc_column][\/vc_row][vc_row][vc_column width=\u00a0\u00bb2\/3&Prime;][vc_column_text el_class=\u00a0\u00bbicon_list\u00a0\u00bb]<\/p>\n<h4><span style=\"color: #2b3c46; font-weight: bold;\">S&rsquo;adapte \u00e0 toutes les solutions de fabrication de modules PV\u00a0:<\/span><\/h4>\n<ul>\n<li>Lignes modulaires, faciles \u00e0 adapter aux technologies futures et aux extensions de capacit\u00e9 de production<\/li>\n<li>Lignes flexibles pour la fabrication d&rsquo;une grande vari\u00e9t\u00e9 de modules solaires et de technologies de cellules<\/li>\n<\/ul>\n<p>[\/vc_column_text][\/vc_column][vc_column width=\u00a0\u00bb1\/3&Prime;][vc_column_text el_class=\u00a0\u00bbicon_list\u00a0\u00bb]<\/p>\n<h4><span style=\"color: #2b3c46; font-weight: bold;\">cl\u00e9 en mainNotre ligne de fabrication de panneaux solaires\u00a0 offre :<\/span><\/h4>\n<ul>\n<li>Des lignes compactes et optimis\u00e9es, r\u00e9duisant l&rsquo;espace requis<\/li>\n<li>Une conception robuste pour travailler 24 heures sur 24, 365 jours par an<\/li>\n<li>Une faible consommation d&rsquo;\u00e9nergie et maintenance ais\u00e9e<\/li>\n<li>Moins de main-d&rsquo;\u0153uvre requise<\/li>\n<li>Un syst\u00e8me complet de contr\u00f4le de qualit\u00e9 et de production<\/li>\n<\/ul>\n<p>[\/vc_column_text][\/vc_column][\/vc_row][vc_row][vc_column][vc_column_text css_animation=\u00a0\u00bbappear\u00a0\u00bb css=\u00a0\u00bb.vc_custom_1608206236378{padding-top: 7px !important;padding-right: 20px !important;padding-bottom: 20px !important;padding-left: 20px !important;background-color: #f7f7f7 !important;}\u00a0\u00bb]<\/p>\n<h3 style=\"text-align: center;\"><span style=\"color: #2b3c46; font-weight: bold;\">Excellente fiabilit\u00e9 et assistance de proximit\u00e9 garanties depuis plus de 20 ans<\/span><\/h3>\n<p>[\/vc_column_text][\/vc_column][\/vc_row][vc_row][vc_column][vc_empty_space height=\u00a0\u00bb20px\u00a0\u00bb][\/vc_column][\/vc_row][vc_row][vc_column width=\u00a0\u00bb1\/2&Prime;][vc_column_text el_class=\u00a0\u00bbicon_list_subt_gr\u00a0\u00bb]<\/p>\n<h3><strong>LIGNE 50\u00a0MW<\/strong><\/h3>\n<p>[\/vc_column_text][vc_single_image image=\u00a0\u00bb21893&Prime; img_size=\u00a0\u00bbfull\u00a0\u00bb onclick=\u00a0\u00bbcustom_link\u00a0\u00bb css_animation=\u00a0\u00bbzoomInUp\u00a0\u00bb css=\u00a0\u00bb.vc_custom_1744805354372{border-top-width: 3px !important;border-right-width: 3px !important;border-bottom-width: 3px !important;border-left-width: 3px !important;border-left-style: solid !important;border-right-style: solid !important;border-top-style: solid !important;border-bottom-style: solid !important;border-color: #fce3e9 !important;}\u00a0\u00bb link=\u00a0\u00bbhttps:\/\/www.mondragon-assembly.com\/fr\/solar-automation-solutions\/lignes-de-production-de-modules-pv-cle-en-main\/ligne-50-mw\/\u00a0\u00bb][\/vc_column][vc_column width=\u00a0\u00bb1\/2&Prime;][vc_column_text el_class=\u00a0\u00bbicon_list_subt_gr\u00a0\u00bb]<\/p>\n<h3><strong>LIGNE 100\u00a0MW<\/strong><\/h3>\n<p>[\/vc_column_text][vc_single_image image=\u00a0\u00bb25276&Prime; img_size=\u00a0\u00bbfull\u00a0\u00bb onclick=\u00a0\u00bbcustom_link\u00a0\u00bb css_animation=\u00a0\u00bbzoomInUp\u00a0\u00bb css=\u00a0\u00bb.vc_custom_1744805368096{border-top-width: 3px !important;border-right-width: 3px !important;border-bottom-width: 3px !important;border-left-width: 3px !important;border-left-style: solid !important;border-right-style: solid !important;border-top-style: solid !important;border-bottom-style: solid !important;border-color: #fce3e9 !important;}\u00a0\u00bb link=\u00a0\u00bbhttps:\/\/www.mondragon-assembly.com\/fr\/solar-automation-solutions\/lignes-de-production-de-modules-pv-cle-en-main\/ligne-100-mw\/\u00a0\u00bb][\/vc_column][\/vc_row][vc_row][vc_column][vc_empty_space][\/vc_column][\/vc_row][vc_row][vc_column width=\u00a0\u00bb1\/2&Prime;][vc_column_text el_class=\u00a0\u00bbicon_list_subt_gr\u00a0\u00bb]<\/p>\n<h3><strong>LIGNE 150\u00a0MW<\/strong><\/h3>\n<p>[\/vc_column_text][vc_single_image image=\u00a0\u00bb25294&Prime; img_size=\u00a0\u00bbfull\u00a0\u00bb onclick=\u00a0\u00bbcustom_link\u00a0\u00bb css_animation=\u00a0\u00bbzoomInUp\u00a0\u00bb css=\u00a0\u00bb.vc_custom_1744805385559{border-top-width: 3px !important;border-right-width: 3px !important;border-bottom-width: 3px !important;border-left-width: 3px !important;border-left-style: solid !important;border-right-style: solid !important;border-top-style: solid !important;border-bottom-style: solid !important;border-color: #fce3e9 !important;}\u00a0\u00bb link=\u00a0\u00bbhttps:\/\/www.mondragon-assembly.com\/fr\/solar-automation-solutions\/lignes-de-production-de-modules-pv-cle-en-main\/ligne-150-mw\/\u00a0\u00bb][\/vc_column][vc_column width=\u00a0\u00bb1\/2&Prime;][vc_column_text el_class=\u00a0\u00bbicon_list_subt_gr\u00a0\u00bb]<\/p>\n<h3><strong>LIGNE 300\u00a0MW<\/strong><\/h3>\n<p>[\/vc_column_text][vc_single_image image=\u00a0\u00bb25312&Prime; img_size=\u00a0\u00bbfull\u00a0\u00bb onclick=\u00a0\u00bbcustom_link\u00a0\u00bb css_animation=\u00a0\u00bbzoomInUp\u00a0\u00bb css=\u00a0\u00bb.vc_custom_1744805400154{border-top-width: 3px !important;border-right-width: 3px !important;border-bottom-width: 3px !important;border-left-width: 3px !important;border-left-style: solid !important;border-right-style: solid !important;border-top-style: solid !important;border-bottom-style: solid !important;border-color: #fce3e9 !important;}\u00a0\u00bb link=\u00a0\u00bbhttps:\/\/www.mondragon-assembly.com\/fr\/solar-automation-solutions\/lignes-de-production-de-modules-pv-cle-en-main\/ligne-300-mw\/\u00a0\u00bb][\/vc_column][\/vc_row][vc_row][vc_column][vc_empty_space][\/vc_column][\/vc_row][vc_row][vc_column width=\u00a0\u00bb1\/2&Prime;][vc_column_text el_class=\u00a0\u00bbicon_list_subt_gr\u00a0\u00bb]<\/p>\n<h3><strong>LIGNE 600\u00a0MW<\/strong><\/h3>\n<p>[\/vc_column_text][vc_single_image image=\u00a0\u00bb25330&Prime; img_size=\u00a0\u00bbfull\u00a0\u00bb onclick=\u00a0\u00bbcustom_link\u00a0\u00bb css_animation=\u00a0\u00bbzoomInUp\u00a0\u00bb css=\u00a0\u00bb.vc_custom_1744805414974{border-top-width: 3px !important;border-right-width: 3px !important;border-bottom-width: 3px !important;border-left-width: 3px !important;border-left-style: solid !important;border-right-style: solid !important;border-top-style: solid !important;border-bottom-style: solid !important;border-color: #fce3e9 !important;}\u00a0\u00bb link=\u00a0\u00bbhttps:\/\/www.mondragon-assembly.com\/fr\/solar-automation-solutions\/lignes-de-production-de-modules-pv-cle-en-main\/ligne-600-mw\/\u00a0\u00bb][\/vc_column][vc_column width=\u00a0\u00bb1\/2&Prime;][vc_column_text el_class=\u00a0\u00bbicon_list_subt_gr\u00a0\u00bb]<\/p>\n<h3><strong>LIGNE 1200 MW<\/strong><\/h3>\n<p>[\/vc_column_text][vc_single_image image=\u00a0\u00bb25348&Prime; img_size=\u00a0\u00bbfull\u00a0\u00bb onclick=\u00a0\u00bbcustom_link\u00a0\u00bb css_animation=\u00a0\u00bbzoomInUp\u00a0\u00bb css=\u00a0\u00bb.vc_custom_1744805432397{border-top-width: 3px !important;border-right-width: 3px !important;border-bottom-width: 3px !important;border-left-width: 3px !important;border-left-style: solid !important;border-right-style: solid !important;border-top-style: solid !important;border-bottom-style: solid !important;border-color: #fce3e9 !important;}\u00a0\u00bb link=\u00a0\u00bbhttps:\/\/www.mondragon-assembly.com\/fr\/solar-automation-solutions\/lignes-de-production-de-modules-pv-cle-en-main\/ligne-1200-mw\/\u00a0\u00bb][\/vc_column][\/vc_row][vc_row][vc_column][vc_empty_space][\/vc_column][\/vc_row]<\/p>\n<\/div>","protected":false},"excerpt":{"rendered":"<p>[vc_row content_placement=\u00a0\u00bbtop\u00a0\u00bb parallax=\u00a0\u00bbcontent-moving\u00a0\u00bb parallax_image=\u00a0\u00bb25465&Prime; parallax_speed_bg=\u00a0\u00bb1&Prime; css=\u00a0\u00bb.vc_custom_1604313685741{margin-top: -25px !important;padding-top: 90px !important;padding-bottom: 110px !important;}\u00a0\u00bb][vc_column][vc_row_inner][vc_column_inner][vc_column_text css=\u00a0\u00bb.vc_custom_1618313140156{background-color: #ffffff !important;}\u00a0\u00bb el_class=\u00a0\u00bbtxt_encima_foto\u00a0\u00bb] LIGNES DE PRODUCTION DE MODULES PV CLE EN MAIN [\/vc_column_text][\/vc_column_inner][\/vc_row_inner][\/vc_column][\/vc_row][vc_row css=\u00a0\u00bb.vc_custom_1604064744834{margin-top: -25px !important;}\u00a0\u00bb][vc_column][vc_empty_space height=\u00a0\u00bb20&Prime;][\/vc_column][\/vc_row][vc_row css=\u00a0\u00bb.vc_custom_1604064744834{margin-top: -25px !important;}\u00a0\u00bb][vc_column][vc_column_text css_animation=\u00a0\u00bbappear\u00a0\u00bb css=\u00a0\u00bb.vc_custom_1608205938507{padding-top: 7px !important;padding-right: 20px !important;padding-bottom: 20px !important;padding-left: 20px !important;background-color: #f7f7f7 !important;}\u00a0\u00bb] Nous sommes le meilleur partenaire pour vous aider \u00e0 \u00eatre [&hellip;]<\/p>\n","protected":false},"author":4,"featured_media":0,"parent":31256,"menu_order":0,"comment_status":"closed","ping_status":"closed","template":"sectors.php","meta":{"_lmt_disableupdate":"","_lmt_disable":"","footnotes":""},"yst_prominent_words":[454,2015,2492,2797,3467,3926,3933],"class_list":["post-26905","page","type-page","status-publish","hentry"],"acf":[],"_links":{"self":[{"href":"https:\/\/www.mondragon-assembly.com\/fr\/wp-json\/wp\/v2\/pages\/26905","targetHints":{"allow":["GET"]}}],"collection":[{"href":"https:\/\/www.mondragon-assembly.com\/fr\/wp-json\/wp\/v2\/pages"}],"about":[{"href":"https:\/\/www.mondragon-assembly.com\/fr\/wp-json\/wp\/v2\/types\/page"}],"author":[{"embeddable":true,"href":"https:\/\/www.mondragon-assembly.com\/fr\/wp-json\/wp\/v2\/users\/4"}],"replies":[{"embeddable":true,"href":"https:\/\/www.mondragon-assembly.com\/fr\/wp-json\/wp\/v2\/comments?post=26905"}],"version-history":[{"count":31,"href":"https:\/\/www.mondragon-assembly.com\/fr\/wp-json\/wp\/v2\/pages\/26905\/revisions"}],"predecessor-version":[{"id":76500,"href":"https:\/\/www.mondragon-assembly.com\/fr\/wp-json\/wp\/v2\/pages\/26905\/revisions\/76500"}],"up":[{"embeddable":true,"href":"https:\/\/www.mondragon-assembly.com\/fr\/wp-json\/wp\/v2\/pages\/31256"}],"wp:attachment":[{"href":"https:\/\/www.mondragon-assembly.com\/fr\/wp-json\/wp\/v2\/media?parent=26905"}],"wp:term":[{"taxonomy":"yst_prominent_words","embeddable":true,"href":"https:\/\/www.mondragon-assembly.com\/fr\/wp-json\/wp\/v2\/yst_prominent_words?post=26905"}],"curies":[{"name":"wp","href":"https:\/\/api.w.org\/{rel}","templated":true}]}}