{"id":27020,"date":"2016-04-15T08:54:41","date_gmt":"2016-04-15T07:54:41","guid":{"rendered":"https:\/\/www.mondragon-assembly.com\/tabber-and-stringer-2\/"},"modified":"2025-04-29T11:21:37","modified_gmt":"2025-04-29T10:21:37","slug":"tabber-and-stringer","status":"publish","type":"page","link":"https:\/\/www.mondragon-assembly.com\/fr\/solar-automation-solutions\/equipement-individuel-2\/tabber-and-stringer\/","title":{"rendered":"Tabber &amp; Stringers"},"content":{"rendered":"<div class=\"wpb-content-wrapper\"><p>[vc_row][vc_column][vc_column_text]Nos machines combin\u00e9es Tabber &amp; Stringer sont pr\u00e9cises, fiables et faciles \u00e0 utiliser. Notre technologie \u00e9prouv\u00e9e, combin\u00e9e \u00e0 une conception modulaire et des fonctionnalit\u00e9s avanc\u00e9es sont autant de facteurs cl\u00e9s pour un co\u00fbt total de possession tr\u00e8s bas et une productivit\u00e9 \u00e9lev\u00e9e.<\/p>\n<p>Nous proposons une grande vari\u00e9t\u00e9 de tabber &amp; stringers pour r\u00e9pondre \u00e0 tous les besoins de production.[\/vc_column_text][\/vc_column][\/vc_row][vc_row][vc_column][vc_single_image image=\u00a0\u00bb45779&Prime; img_size=\u00a0\u00bbfull\u00a0\u00bb alignment=\u00a0\u00bbcenter\u00a0\u00bb style=\u00a0\u00bbvc_box_outline\u00a0\u00bb onclick=\u00a0\u00bbcustom_link\u00a0\u00bb css_animation=\u00a0\u00bbfadeIn\u00a0\u00bb][\/vc_column][\/vc_row][vc_row full_width=\u00a0\u00bbstretch_row_content\u00a0\u00bb css=\u00a0\u00bb.vc_custom_1605009570719{margin-top: -25px !important;}\u00a0\u00bb][vc_column width=\u00a0\u00bb1\/5&Prime;][\/vc_column][vc_column width=\u00a0\u00bb2\/5&Prime;][vc_column_text]<\/p>\n<h3><span style=\"color: #e20026;\"><img decoding=\"async\" class=\"alignnone size-full wp-image-22215\" src=\"https:\/\/www.mondragon-assembly.com\/wp-content\/uploads\/2019\/06\/icon-description.jpg\" alt=\"\" width=\"41\" height=\"41\" \/> Description<\/span><\/h3>\n<p>[\/vc_column_text][vc_column_text]Nos Tabber &amp; Stringers permettent de souder des cellules photovolta\u00efques \u00e0 un ribbon ou fil afin de les interconnecter \u00e9lectriquement et cr\u00e9er des s\u00e9ries de cellules. Ces strings seront matric\u00e9es dans le syst\u00e8me de lay-up imm\u00e9diatement apr\u00e8s le process de stringing.[\/vc_column_text][\/vc_column][vc_column width=\u00a0\u00bb2\/5&Prime;][vc_column_text]<\/p>\n<h3><span style=\"color: #e20026;\"><img decoding=\"async\" class=\"alignnone wp-image-22325 size-full\" src=\"https:\/\/www.mondragon-assembly.com\/wp-content\/uploads\/2019\/06\/icon-advantages.jpg\" alt=\"\" width=\"41\" height=\"41\" \/> Avantages<\/span><\/h3>\n<p>[\/vc_column_text][vc_column_text el_class=\u00a0\u00bbicon_list\u00a0\u00bb]<\/p>\n<ul>\n<li>D\u00e9gradation minimale au cours du temps<\/li>\n<li>Contr\u00f4le de la qualit\u00e9 de fabrication des cellules et strings am\u00e9lior\u00e9<\/li>\n<li>Int\u00e9gration facile avec le syst\u00e8me MES<\/li>\n<li>Autodiagnostique<\/li>\n<li>Ergonomique, acc\u00e8s facile \u00e0 n&rsquo;importe quelle partie de la machine<\/li>\n<li>Equipement compact,\u00a0 plus facile \u00e0 assembler et espace pour la production<\/li>\n<li>Proc\u00e9d\u00e9 de stringing continu brevet\u00e9<\/li>\n<\/ul>\n<p>[\/vc_column_text][\/vc_column][\/vc_row][vc_row full_width=\u00a0\u00bbstretch_row_content\u00a0\u00bb][vc_column width=\u00a0\u00bb1\/5&Prime;][\/vc_column][vc_column width=\u00a0\u00bb2\/5&Prime;][vc_column_text]<\/p>\n<h3><span style=\"color: #e20026;\"><img decoding=\"async\" class=\"alignnone wp-image-22233 size-full\" src=\"https:\/\/www.mondragon-assembly.com\/wp-content\/uploads\/2019\/06\/icon-main-features.jpg\" alt=\"\" width=\"41\" height=\"41\" \/> Caract\u00e9ristiques principales<\/span><\/h3>\n<p>[\/vc_column_text][vc_column_text el_class=\u00a0\u00bbicon_list\u00a0\u00bb]<\/p>\n<ul>\n<li>Technologie de soudage IR sans contact<\/li>\n<li>Syst\u00e8me de distribution de flux sans contact<\/li>\n<li>Courroie de transport entra\u00een\u00e9e par servo-moteur<\/li>\n<li>Syst\u00e8me \u00ab\u00a0anti-camber\u00a0\u00bb pour am\u00e9liorer la lin\u00e9arit\u00e9 des tabs<\/li>\n<li>Multiples proc\u00e9d\u00e9s possibles<\/li>\n<li>Contr\u00f4le des strings et du positionnement des cellules par vision artificielle<\/li>\n<li>Soudure et contr\u00f4le de la temp\u00e9rature des cellules en plusieurs \u00e9tapes<\/li>\n<\/ul>\n<p>[\/vc_column_text][\/vc_column][vc_column width=\u00a0\u00bb2\/5&Prime;][vc_column_text]<\/p>\n<h3><span style=\"color: #e20026;\"><img decoding=\"async\" class=\"alignnone wp-image-25046 size-full\" src=\"https:\/\/www.mondragon-assembly.com\/wp-content\/uploads\/2020\/10\/icon-module-technology.jpg\" alt=\"\" width=\"41\" height=\"41\" \/> Technologies de module<\/span><\/h3>\n<p>[\/vc_column_text][vc_column_text el_class=\u00a0\u00bbicon_list\u00a0\u00bb]<\/p>\n<ul>\n<li>Taille des cellules\u00a0: jusqu&rsquo;\u00e0 M12 (210\u00a0mm)<\/li>\n<li>Jusqu&rsquo;\u00e0 16 BB<\/li>\n<li>Convient pour les modules BIPV<\/li>\n<li>Types de cellules\u00a0: poly, mono, mono PERC et TOPCON<\/li>\n<li>Cellules enti\u00e8res, d\u00e9coup\u00e9es et\/ou bifaciales<\/li>\n<\/ul>\n<p>[\/vc_column_text][\/vc_column][\/vc_row][vc_row][vc_column][vc_separator][\/vc_column][\/vc_row][vc_row][vc_column width=\u00a0\u00bb1\/2&Prime;][vc_single_image image=\u00a0\u00bb52793&Prime; img_size=\u00a0\u00bbfull\u00a0\u00bb onclick=\u00a0\u00bbcustom_link\u00a0\u00bb css_animation=\u00a0\u00bbfadeIn\u00a0\u00bb css=\u00a0\u00bb.vc_custom_1705665973459{border-top-width: 3px !important;border-right-width: 3px !important;border-bottom-width: 3px !important;border-left-width: 3px !important;border-left-color: #fce3e9 !important;border-left-style: solid !important;border-right-color: #fce3e9 !important;border-right-style: solid !important;border-top-color: #fce3e9 !important;border-top-style: solid !important;border-bottom-color: #fce3e9 !important;border-bottom-style: solid !important;}\u00a0\u00bb link=\u00a0\u00bbhttps:\/\/www.mondragon-assembly.com\/fr\/solar-automation-solutions\/equipement-individuel\/tabber-and-stringer-2\/mts-eca-la-meilleure-solution-pour-les-connexions-de-cellules-hjt\/\u00a0\u00bb][vc_column_text css=\u00a0\u00bb.vc_custom_1705665926979{margin-top: -10px !important;}\u00a0\u00bb el_class=\u00a0\u00bbicon_list_subt\u00a0\u00bb]<\/p>\n<h4>MTS ECA: La meilleure solution pour les connexions de cellules HJT<\/h4>\n<p>[\/vc_column_text][vc_column_text css=\u00a0\u00bb.vc_custom_1705665951096{margin-top: -19px !important;}\u00a0\u00bb]Tabber &amp; Stringer \u00e0 grande vitesse avec une capacit\u00e9 de 1600 cellules\/heure.[\/vc_column_text][\/vc_column][vc_column width=\u00a0\u00bb1\/2&Prime;][vc_single_image image=\u00a0\u00bb22579&Prime; img_size=\u00a0\u00bbfull\u00a0\u00bb onclick=\u00a0\u00bbcustom_link\u00a0\u00bb css_animation=\u00a0\u00bbfadeIn\u00a0\u00bb css=\u00a0\u00bb.vc_custom_1745922098437{border-top-width: 3px !important;border-right-width: 3px !important;border-bottom-width: 3px !important;border-left-width: 3px !important;border-left-style: solid !important;border-right-style: solid !important;border-top-style: solid !important;border-bottom-style: solid !important;border-color: #fce3e9 !important;}\u00a0\u00bb link=\u00a0\u00bbhttps:\/\/www.mondragon-assembly.com\/fr\/solar-automation-solutions\/equipement-individuel-2\/tabber-and-stringer\/mts-3000\/\u00a0\u00bb][vc_column_text css=\u00a0\u00bb.vc_custom_1614853293198{margin-top: -10px !important;}\u00a0\u00bb el_class=\u00a0\u00bbicon_list_subt\u00a0\u00bb]<\/p>\n<h4>MTS 3000: Tabber &amp; Stringer le plus rapide au monde sur un seul tapis<\/h4>\n<p>[\/vc_column_text][vc_column_text css=\u00a0\u00bb.vc_custom_1616957634169{margin-top: -19px !important;}\u00a0\u00bb]Tabber &amp; Stringer \u00e0 grande vitesse avec une capacit\u00e9 allant jusqu&rsquo;\u00e0 3000 cellules\/heure.[\/vc_column_text][\/vc_column][\/vc_row][vc_row][vc_column width=\u00a0\u00bb1\/2&Prime;][vc_single_image image=\u00a0\u00bb25060&Prime; img_size=\u00a0\u00bbfull\u00a0\u00bb onclick=\u00a0\u00bbcustom_link\u00a0\u00bb css_animation=\u00a0\u00bbfadeIn\u00a0\u00bb css=\u00a0\u00bb.vc_custom_1612128094148{border-top-width: 3px !important;border-right-width: 3px !important;border-bottom-width: 3px !important;border-left-width: 3px !important;border-left-color: #fce3e9 !important;border-left-style: solid !important;border-right-color: #fce3e9 !important;border-right-style: solid !important;border-top-color: #fce3e9 !important;border-top-style: solid !important;border-bottom-color: #fce3e9 !important;border-bottom-style: solid !important;}\u00a0\u00bb link=\u00a0\u00bbhttps:\/\/www.mondragon-assembly.com\/fr\/solar-automation-solutions\/equipement-individuel\/tabber-and-stringer-2\/mts-5000\/\u00a0\u00bb][vc_column_text css=\u00a0\u00bb.vc_custom_1739904184448{margin-top: -10px !important;}\u00a0\u00bb el_class=\u00a0\u00bbicon_list_subt\u00a0\u00bb]<\/p>\n<h4>MTS 6000: Tabber &amp; Stringer \u00e0 haut rendement avec une empreinte minimale<\/h4>\n<p>[\/vc_column_text][vc_column_text css=\u00a0\u00bb.vc_custom_1739904191708{margin-top: -19px !important;}\u00a0\u00bb]<\/p>\n<div class=\"vc_row wpb_row vc_row-fluid\">\n<div class=\"wpb_column vc_column_container vc_col-sm-12\">\n<div class=\"vc_column-inner\">\n<div class=\"wpb_wrapper\">\n<div class=\"wpb_text_column wpb_content_element \">\n<div class=\"wpb_wrapper\">\n<p>Tabber &amp; Stringer \u00e0 grande vitesse avec une capacit\u00e9 allant jusqu&rsquo;\u00e0 6000 cellules\/heure.<\/p>\n<\/div>\n<\/div>\n<\/div>\n<\/div>\n<\/div>\n<\/div>\n<p>[\/vc_column_text][\/vc_column][vc_column width=\u00a0\u00bb1\/2&Prime;][\/vc_column][\/vc_row]<\/p>\n<\/div>","protected":false},"excerpt":{"rendered":"<p>[vc_row][vc_column][vc_column_text]Nos machines combin\u00e9es Tabber &amp; Stringer sont pr\u00e9cises, fiables et faciles \u00e0 utiliser. Notre technologie \u00e9prouv\u00e9e, combin\u00e9e \u00e0 une conception modulaire et des fonctionnalit\u00e9s avanc\u00e9es sont autant de facteurs cl\u00e9s pour un co\u00fbt total de possession tr\u00e8s bas et une productivit\u00e9 \u00e9lev\u00e9e. Nous proposons une grande vari\u00e9t\u00e9 de tabber &amp; stringers pour r\u00e9pondre \u00e0 tous [&hellip;]<\/p>\n","protected":false},"author":4,"featured_media":0,"parent":28396,"menu_order":0,"comment_status":"closed","ping_status":"closed","template":"sectors.php","meta":{"_lmt_disableupdate":"","_lmt_disable":"","footnotes":""},"yst_prominent_words":[756],"class_list":["post-27020","page","type-page","status-publish","hentry"],"acf":[],"_links":{"self":[{"href":"https:\/\/www.mondragon-assembly.com\/fr\/wp-json\/wp\/v2\/pages\/27020","targetHints":{"allow":["GET"]}}],"collection":[{"href":"https:\/\/www.mondragon-assembly.com\/fr\/wp-json\/wp\/v2\/pages"}],"about":[{"href":"https:\/\/www.mondragon-assembly.com\/fr\/wp-json\/wp\/v2\/types\/page"}],"author":[{"embeddable":true,"href":"https:\/\/www.mondragon-assembly.com\/fr\/wp-json\/wp\/v2\/users\/4"}],"replies":[{"embeddable":true,"href":"https:\/\/www.mondragon-assembly.com\/fr\/wp-json\/wp\/v2\/comments?post=27020"}],"version-history":[{"count":28,"href":"https:\/\/www.mondragon-assembly.com\/fr\/wp-json\/wp\/v2\/pages\/27020\/revisions"}],"predecessor-version":[{"id":76759,"href":"https:\/\/www.mondragon-assembly.com\/fr\/wp-json\/wp\/v2\/pages\/27020\/revisions\/76759"}],"up":[{"embeddable":true,"href":"https:\/\/www.mondragon-assembly.com\/fr\/wp-json\/wp\/v2\/pages\/28396"}],"wp:attachment":[{"href":"https:\/\/www.mondragon-assembly.com\/fr\/wp-json\/wp\/v2\/media?parent=27020"}],"wp:term":[{"taxonomy":"yst_prominent_words","embeddable":true,"href":"https:\/\/www.mondragon-assembly.com\/fr\/wp-json\/wp\/v2\/yst_prominent_words?post=27020"}],"curies":[{"name":"wp","href":"https:\/\/api.w.org\/{rel}","templated":true}]}}