{"id":27116,"date":"2016-04-15T08:58:06","date_gmt":"2016-04-15T06:58:06","guid":{"rendered":"https:\/\/www.mondragon-assembly.com\/interconnection-machine\/"},"modified":"2024-10-16T21:55:48","modified_gmt":"2024-10-16T19:55:48","slug":"machine-d-interconnexion","status":"publish","type":"page","link":"https:\/\/www.mondragon-assembly.com\/fr\/solar-automation-solutions\/equipement-individuel-2\/machine-d-interconnexion\/","title":{"rendered":"Machine d&rsquo;interconnexion"},"content":{"rendered":"<div class=\"wpb-content-wrapper\"><p>[vc_row][vc_column][vc_column_text]Machine d\u2019InterConnexion automatique (bussing) \u00e0 grande vitesse capable de traiter jusqu&rsquo;\u00e0 120 modules\/heure.<br \/>\n\u200b[\/vc_column_text][\/vc_column][\/vc_row][vc_row][vc_column][vc_single_image image=\u00a0\u00bb46410&Prime; img_size=\u00a0\u00bbfull\u00a0\u00bb alignment=\u00a0\u00bbcenter\u00a0\u00bb style=\u00a0\u00bbvc_box_outline\u00a0\u00bb css_animation=\u00a0\u00bbfadeIn\u00a0\u00bb][\/vc_column][\/vc_row][vc_row][vc_column width=\u00a0\u00bb1\/5&Prime;][vc_row_inner][vc_column_inner width=\u00a0\u00bb1\/4&Prime; css=\u00a0\u00bb.vc_custom_1619414773728{padding-right: 0px !important;}\u00a0\u00bb offset=\u00a0\u00bbvc_col-xs-3&Prime;][vc_single_image image=\u00a0\u00bb22016&Prime; img_size=\u00a0\u00bbfull\u00a0\u00bb][\/vc_column_inner][vc_column_inner width=\u00a0\u00bb3\/4&Prime; css=\u00a0\u00bb.vc_custom_1619414782465{padding-left: 3px !important;}\u00a0\u00bb offset=\u00a0\u00bbvc_col-xs-9&Prime;][vc_column_text]<\/p>\n<h4><strong>120<\/strong>\u00a0modules\/heure<\/h4>\n<p>[\/vc_column_text][\/vc_column_inner][\/vc_row_inner][\/vc_column][vc_column width=\u00a0\u00bb1\/5&Prime;][vc_row_inner][vc_column_inner width=\u00a0\u00bb1\/4&Prime; css=\u00a0\u00bb.vc_custom_1619414817940{padding-right: 0px !important;}\u00a0\u00bb offset=\u00a0\u00bbvc_col-xs-3&Prime;][vc_single_image image=\u00a0\u00bb22276&Prime; img_size=\u00a0\u00bbfull\u00a0\u00bb][\/vc_column_inner][vc_column_inner width=\u00a0\u00bb3\/4&Prime; css=\u00a0\u00bb.vc_custom_1619414825937{padding-left: 3px !important;}\u00a0\u00bb offset=\u00a0\u00bbvc_col-xs-9&Prime;][vc_column_text]<\/p>\n<h4>Nombre quelconque du ribbon ou du fils<\/h4>\n<p>[\/vc_column_text][\/vc_column_inner][\/vc_row_inner][\/vc_column][vc_column width=\u00a0\u00bb1\/5&Prime;][vc_row_inner css=\u00a0\u00bb.vc_custom_1561537027700{padding-left: 0px !important;}\u00a0\u00bb][vc_column_inner width=\u00a0\u00bb1\/4&Prime; css=\u00a0\u00bb.vc_custom_1619414832767{padding-right: 0px !important;}\u00a0\u00bb offset=\u00a0\u00bbvc_col-xs-3&Prime;][vc_single_image image=\u00a0\u00bb22267&Prime; img_size=\u00a0\u00bbfull\u00a0\u00bb][\/vc_column_inner][vc_column_inner width=\u00a0\u00bb3\/4&Prime; css=\u00a0\u00bb.vc_custom_1620117252978{padding-left: 3px !important;}\u00a0\u00bb offset=\u00a0\u00bbvc_col-xs-9&Prime;][vc_column_text]<\/p>\n<h4>Vision int\u00e9gr\u00e9e<\/h4>\n<p>[\/vc_column_text][\/vc_column_inner][\/vc_row_inner][\/vc_column][vc_column width=\u00a0\u00bb1\/5&Prime;][vc_row_inner][vc_column_inner width=\u00a0\u00bb1\/4&Prime; css=\u00a0\u00bb.vc_custom_1619414773728{padding-right: 0px !important;}\u00a0\u00bb offset=\u00a0\u00bbvc_col-xs-3&Prime;][vc_single_image image=\u00a0\u00bb22258&Prime; img_size=\u00a0\u00bbfull\u00a0\u00bb][\/vc_column_inner][vc_column_inner width=\u00a0\u00bb3\/4&Prime; css=\u00a0\u00bb.vc_custom_1619414782465{padding-left: 3px !important;}\u00a0\u00bb offset=\u00a0\u00bbvc_col-xs-9&Prime;][vc_column_text]<\/p>\n<h4>Convient pour les\u00a0<strong>cellules coup\u00e9es<\/strong><\/h4>\n<p>[\/vc_column_text][\/vc_column_inner][\/vc_row_inner][\/vc_column][vc_column width=\u00a0\u00bb1\/5&Prime;][vc_row_inner][vc_column_inner width=\u00a0\u00bb1\/4&Prime; css=\u00a0\u00bb.vc_custom_1619414773728{padding-right: 0px !important;}\u00a0\u00bb offset=\u00a0\u00bbvc_col-xs-3&Prime;][vc_single_image image=\u00a0\u00bb22595&Prime; img_size=\u00a0\u00bbfull\u00a0\u00bb css=\u00a0\u00bb\u00a0\u00bb][\/vc_column_inner][vc_column_inner width=\u00a0\u00bb3\/4&Prime; css=\u00a0\u00bb.vc_custom_1619414782465{padding-left: 3px !important;}\u00a0\u00bb offset=\u00a0\u00bbvc_col-xs-9&Prime;][vc_column_text css=\u00a0\u00bb\u00a0\u00bb]<\/p>\n<h4>Disponibilit\u00e9 &gt; 99,5%<\/h4>\n<p>[\/vc_column_text][\/vc_column_inner][\/vc_row_inner][\/vc_column][\/vc_row][vc_row full_width=\u00a0\u00bbstretch_row_content\u00a0\u00bb][vc_column width=\u00a0\u00bb1\/5&Prime;][\/vc_column][vc_column width=\u00a0\u00bb2\/5&Prime;][vc_column_text]<\/p>\n<h3><span style=\"color: #e20026;\"><img decoding=\"async\" class=\"alignnone size-full wp-image-22215\" src=\"https:\/\/www.mondragon-assembly.com\/wp-content\/uploads\/2019\/06\/icon-description.jpg\" alt=\"\" width=\"41\" height=\"41\" \/> Description<\/span><\/h3>\n<p>[\/vc_column_text][vc_column_text el_class=\u00a0\u00bbicon_list\u00a0\u00bb]<\/p>\n<ul>\n<li>Cet \u00e9quipement interconnecte les strings et pr\u00e9pare la<br \/>\nconnexion \u00e0 la bo\u00eete de jonction.<\/li>\n<li>La machine d\u00e9coupe et positionne \u00e9galement<br \/>\nautomatiquement les ribbons d&rsquo;interconnexion sous les<br \/>\nribbons ou fils des srings de cellules.<\/li>\n<\/ul>\n<p>[\/vc_column_text][\/vc_column][vc_column width=\u00a0\u00bb2\/5&Prime;][vc_column_text]<\/p>\n<h3><span style=\"color: #e20026;\"><img decoding=\"async\" class=\"alignnone wp-image-22325 size-full\" src=\"https:\/\/www.mondragon-assembly.com\/wp-content\/uploads\/2019\/06\/icon-advantages.jpg\" alt=\"\" width=\"41\" height=\"41\" \/> Avantages<\/span><\/h3>\n<p>[\/vc_column_text][vc_column_text el_class=\u00a0\u00bbicon_list\u00a0\u00bb]<\/p>\n<ul>\n<li>Soudure pr\u00e9cise et taux de casse nul<\/li>\n<li>Inde\u00b4pendant du nombre de BusBar ou de fils du string<\/li>\n<li>Disponibilit\u00e9 &gt; 99,5\u00a0%<\/li>\n<li>8 heures d&rsquo;autonomie<\/li>\n<li>Soudure de haute qualit\u00e9<\/li>\n<li>Empreinte minimale dans l&rsquo;usine<\/li>\n<li>Aucune op\u00e9ration manuelle<\/li>\n<li>Int\u00e9gration ais\u00e9e avec le syst\u00e8me MES<\/li>\n<\/ul>\n<p>[\/vc_column_text][\/vc_column][\/vc_row][vc_row full_width=\u00a0\u00bbstretch_row_content\u00a0\u00bb][vc_column width=\u00a0\u00bb1\/5&Prime;][\/vc_column][vc_column width=\u00a0\u00bb2\/5&Prime;][vc_column_text]<\/p>\n<h3><span style=\"color: #e20026;\"><img decoding=\"async\" class=\"alignnone wp-image-22233 size-full\" src=\"https:\/\/www.mondragon-assembly.com\/wp-content\/uploads\/2019\/06\/icon-main-features.jpg\" alt=\"\" width=\"41\" height=\"41\" \/> Caract\u00e9ristiques principales<\/span><\/h3>\n<p>[\/vc_column_text][vc_column_text el_class=\u00a0\u00bbicon_list\u00a0\u00bb]<\/p>\n<ul>\n<li>Chargement et pliage automatique du ribbon<\/li>\n<li>Syst\u00e8me de soudage par induction<\/li>\n<li>Syst\u00e8me de vision artificielle<\/li>\n<li>Feedback de qualit\u00e9 en temps r\u00e9el<\/li>\n<li>Pas besoin d&rsquo;isolation thermique<\/li>\n<li>Aucun mod\u00e8le n\u00e9cessaire<\/li>\n<li>Conception de chevauchement de ribbon en option<\/li>\n<li>Deux ou trois t\u00eates de soudage<\/li>\n<\/ul>\n<p>[\/vc_column_text][\/vc_column][vc_column width=\u00a0\u00bb2\/5&Prime;][vc_column_text]<\/p>\n<h3><span style=\"color: #e20026;\"><img decoding=\"async\" class=\"alignnone wp-image-25046 size-full\" src=\"https:\/\/www.mondragon-assembly.com\/wp-content\/uploads\/2020\/10\/icon-module-technology.jpg\" alt=\"\" width=\"41\" height=\"41\" \/> Technologies de module<\/span><\/h3>\n<p>[\/vc_column_text][vc_column_text css=\u00a0\u00bb\u00a0\u00bb el_class=\u00a0\u00bbicon_list\u00a0\u00bb]<\/p>\n<ul>\n<li>Taille des cellules : jusqu&rsquo;\u00e0 M12+<\/li>\n<li>Nombre quelconque du ribbon ou du fils<\/li>\n<li>Convient pour les modules BIPV<\/li>\n<li>Cellules enti\u00e8res, d\u00e9coup\u00e9es et\/ou bifaciales<\/li>\n<li>Convient pour toutes les technologies de cellules<\/li>\n<\/ul>\n<p>[\/vc_column_text][\/vc_column][\/vc_row]<\/p>\n<\/div>","protected":false},"excerpt":{"rendered":"<p>[vc_row][vc_column][vc_column_text]Machine d\u2019InterConnexion automatique (bussing) \u00e0 grande vitesse capable de traiter jusqu&rsquo;\u00e0 120 modules\/heure. \u200b[\/vc_column_text][\/vc_column][\/vc_row][vc_row][vc_column][vc_single_image image=\u00a0\u00bb46410&Prime; img_size=\u00a0\u00bbfull\u00a0\u00bb alignment=\u00a0\u00bbcenter\u00a0\u00bb style=\u00a0\u00bbvc_box_outline\u00a0\u00bb css_animation=\u00a0\u00bbfadeIn\u00a0\u00bb][\/vc_column][\/vc_row][vc_row][vc_column width=\u00a0\u00bb1\/5&Prime;][vc_row_inner][vc_column_inner width=\u00a0\u00bb1\/4&Prime; css=\u00a0\u00bb.vc_custom_1619414773728{padding-right: 0px !important;}\u00a0\u00bb offset=\u00a0\u00bbvc_col-xs-3&Prime;][vc_single_image image=\u00a0\u00bb22016&Prime; img_size=\u00a0\u00bbfull\u00a0\u00bb][\/vc_column_inner][vc_column_inner width=\u00a0\u00bb3\/4&Prime; css=\u00a0\u00bb.vc_custom_1619414782465{padding-left: 3px !important;}\u00a0\u00bb offset=\u00a0\u00bbvc_col-xs-9&Prime;][vc_column_text] 120\u00a0modules\/heure [\/vc_column_text][\/vc_column_inner][\/vc_row_inner][\/vc_column][vc_column width=\u00a0\u00bb1\/5&Prime;][vc_row_inner][vc_column_inner width=\u00a0\u00bb1\/4&Prime; css=\u00a0\u00bb.vc_custom_1619414817940{padding-right: 0px !important;}\u00a0\u00bb offset=\u00a0\u00bbvc_col-xs-3&Prime;][vc_single_image image=\u00a0\u00bb22276&Prime; img_size=\u00a0\u00bbfull\u00a0\u00bb][\/vc_column_inner][vc_column_inner width=\u00a0\u00bb3\/4&Prime; css=\u00a0\u00bb.vc_custom_1619414825937{padding-left: 3px !important;}\u00a0\u00bb offset=\u00a0\u00bbvc_col-xs-9&Prime;][vc_column_text] Nombre quelconque du ribbon ou du fils [\/vc_column_text][\/vc_column_inner][\/vc_row_inner][\/vc_column][vc_column [&hellip;]<\/p>\n","protected":false},"author":4,"featured_media":0,"parent":28396,"menu_order":0,"comment_status":"closed","ping_status":"closed","template":"sectors.php","meta":{"_lmt_disableupdate":"","_lmt_disable":"","footnotes":""},"yst_prominent_words":[2120],"class_list":["post-27116","page","type-page","status-publish","hentry"],"acf":[],"_links":{"self":[{"href":"https:\/\/www.mondragon-assembly.com\/fr\/wp-json\/wp\/v2\/pages\/27116","targetHints":{"allow":["GET"]}}],"collection":[{"href":"https:\/\/www.mondragon-assembly.com\/fr\/wp-json\/wp\/v2\/pages"}],"about":[{"href":"https:\/\/www.mondragon-assembly.com\/fr\/wp-json\/wp\/v2\/types\/page"}],"author":[{"embeddable":true,"href":"https:\/\/www.mondragon-assembly.com\/fr\/wp-json\/wp\/v2\/users\/4"}],"replies":[{"embeddable":true,"href":"https:\/\/www.mondragon-assembly.com\/fr\/wp-json\/wp\/v2\/comments?post=27116"}],"version-history":[{"count":30,"href":"https:\/\/www.mondragon-assembly.com\/fr\/wp-json\/wp\/v2\/pages\/27116\/revisions"}],"predecessor-version":[{"id":72020,"href":"https:\/\/www.mondragon-assembly.com\/fr\/wp-json\/wp\/v2\/pages\/27116\/revisions\/72020"}],"up":[{"embeddable":true,"href":"https:\/\/www.mondragon-assembly.com\/fr\/wp-json\/wp\/v2\/pages\/28396"}],"wp:attachment":[{"href":"https:\/\/www.mondragon-assembly.com\/fr\/wp-json\/wp\/v2\/media?parent=27116"}],"wp:term":[{"taxonomy":"yst_prominent_words","embeddable":true,"href":"https:\/\/www.mondragon-assembly.com\/fr\/wp-json\/wp\/v2\/yst_prominent_words?post=27116"}],"curies":[{"name":"wp","href":"https:\/\/api.w.org\/{rel}","templated":true}]}}