{"id":27132,"date":"2016-04-15T09:01:06","date_gmt":"2016-04-15T08:01:06","guid":{"rendered":"https:\/\/www.mondragon-assembly.com\/laminators\/"},"modified":"2025-05-14T10:49:07","modified_gmt":"2025-05-14T09:49:07","slug":"laminoirs","status":"publish","type":"page","link":"https:\/\/www.mondragon-assembly.com\/fr\/solar-automation-solutions\/equipement-individuel-2\/laminoirs\/","title":{"rendered":"Laminators"},"content":{"rendered":"<div class=\"wpb-content-wrapper\"><p>[vc_row][vc_column][vc_column_text el_class=\u00a0\u00bbicon_list\u00a0\u00bb]La lamination est l\u2019un des proc\u00e9d\u00e9s les plus critiques de la ligne de fabrication de panneaux solaires. Il permet d\u2019assurer la qualit\u00e9 et la durabilit\u00e9 du module photovolta\u00efque. Nous proposons des laminateurs personnalis\u00e9s pour r\u00e9pondre \u00e0 tous vos besoins de production.[\/vc_column_text][\/vc_column][\/vc_row][vc_row][vc_column][vc_single_image image=\u00a0\u00bb22533&Prime; img_size=\u00a0\u00bbfull\u00a0\u00bb alignment=\u00a0\u00bbcenter\u00a0\u00bb style=\u00a0\u00bbvc_box_outline\u00a0\u00bb css_animation=\u00a0\u00bbfadeIn\u00a0\u00bb][\/vc_column][\/vc_row][vc_row][vc_column][vc_empty_space][\/vc_column][\/vc_row][vc_row full_width=\u00a0\u00bbstretch_row_content\u00a0\u00bb][vc_column width=\u00a0\u00bb1\/6&Prime;][\/vc_column][vc_column width=\u00a0\u00bb2\/6&Prime;][vc_column_text]<\/p>\n<h3><span style=\"color: #e20026;\"><img decoding=\"async\" class=\"alignnone size-full wp-image-22215\" src=\"https:\/\/www.mondragon-assembly.com\/wp-content\/uploads\/2019\/06\/icon-description.jpg\" alt=\"\" width=\"41\" height=\"41\" \/> Description<\/span><\/h3>\n<p>[\/vc_column_text][vc_column_text]Lamination des composants du module par application sous d\u00e9pression, de la temp\u00e9rature appropri\u00e9e.[\/vc_column_text][\/vc_column][vc_column width=\u00a0\u00bb2\/6&Prime;][vc_column_text]<\/p>\n<h3><span style=\"color: #e20026;\"><img decoding=\"async\" class=\"alignnone wp-image-22325 size-full\" src=\"https:\/\/www.mondragon-assembly.com\/wp-content\/uploads\/2019\/06\/icon-advantages.jpg\" alt=\"\" width=\"41\" height=\"41\" \/> Avantages<\/span><\/h3>\n<p>[\/vc_column_text][vc_column_text]Solutions personnalis\u00e9es pour toutes les technologies de modules photovolta\u00efques.[\/vc_column_text][\/vc_column][vc_column width=\u00a0\u00bb1\/6&Prime;][\/vc_column][\/vc_row][vc_row full_width=\u00a0\u00bbstretch_row_content\u00a0\u00bb][vc_column width=\u00a0\u00bb1\/6&Prime;][\/vc_column][vc_column width=\u00a0\u00bb2\/6&Prime;][vc_column_text]<\/p>\n<h3><span style=\"color: #e20026;\"><img decoding=\"async\" class=\"alignnone wp-image-22233 size-full\" src=\"https:\/\/www.mondragon-assembly.com\/wp-content\/uploads\/2019\/06\/icon-main-features.jpg\" alt=\"\" width=\"41\" height=\"41\" \/> Caract\u00e9ristiques principales<\/span><\/h3>\n<p>[\/vc_column_text][vc_column_text el_class=\u00a0\u00bbicon_list\u00a0\u00bb]<\/p>\n<ul>\n<li>Technologie \u00e0 membrane et plateau de presse.<\/li>\n<li>Syst\u00e8me de chauffage hybride \u00e9lectrique et \u00e0 bain d&rsquo;huile.<\/li>\n<\/ul>\n<p>[\/vc_column_text][\/vc_column][vc_column width=\u00a0\u00bb2\/6&Prime;][\/vc_column][vc_column width=\u00a0\u00bb1\/6&Prime;][\/vc_column][\/vc_row][vc_row][vc_column width=\u00a0\u00bb1\/2&Prime;][vc_single_image image=\u00a0\u00bb49962&Prime; img_size=\u00a0\u00bbfull\u00a0\u00bb alignment=\u00a0\u00bbcenter\u00a0\u00bb onclick=\u00a0\u00bbcustom_link\u00a0\u00bb css_animation=\u00a0\u00bbfadeIn\u00a0\u00bb css=\u00a0\u00bb.vc_custom_1747215993291{border-top-width: 3px !important;border-right-width: 3px !important;border-bottom-width: 3px !important;border-left-width: 3px !important;border-left-style: solid !important;border-right-style: solid !important;border-top-style: solid !important;border-bottom-style: solid !important;border-color: #fce3e9 !important;}\u00a0\u00bb link=\u00a0\u00bbhttps:\/\/www.mondragon-assembly.com\/fr\/solar-automation-solutions\/equipement-individuel-2\/laminoirs\/ml-membrane-laminoir-au-meilleur-rapport-qualite-prix\/\u00a0\u00bb][vc_column_text css=\u00a0\u00bb.vc_custom_1615982007753{margin-top: -25px !important;}\u00a0\u00bb el_class=\u00a0\u00bbicon_list_subt\u00a0\u00bb]<\/p>\n<h4>ML MEMBRANE: Laminator meilleur rapport qualit\u00e9-prix<\/h4>\n<p>[\/vc_column_text][\/vc_column][vc_column width=\u00a0\u00bb1\/2&Prime;][vc_single_image image=\u00a0\u00bb45347&Prime; img_size=\u00a0\u00bbfull\u00a0\u00bb alignment=\u00a0\u00bbcenter\u00a0\u00bb onclick=\u00a0\u00bbcustom_link\u00a0\u00bb css_animation=\u00a0\u00bbfadeIn\u00a0\u00bb css=\u00a0\u00bb.vc_custom_1747216147367{border-top-width: 3px !important;border-right-width: 3px !important;border-bottom-width: 3px !important;border-left-width: 3px !important;border-left-style: solid !important;border-right-style: solid !important;border-top-style: solid !important;border-bottom-style: solid !important;border-color: #fce3e9 !important;}\u00a0\u00bb link=\u00a0\u00bbhttps:\/\/www.mondragon-assembly.com\/fr\/solar-automation-solutions\/equipement-individuel-2\/laminoirs\/jt-inside-laminoir-le-plus-performant-du-marche\/\u00a0\u00bb][vc_column_text css=\u00a0\u00bb.vc_custom_1615982016921{margin-top: -25px !important;}\u00a0\u00bb el_class=\u00a0\u00bbicon_list_subt\u00a0\u00bb]<\/p>\n<h4>JT INSIDE: Laminator le plus performant du march\u00e9<\/h4>\n<p>[\/vc_column_text][\/vc_column][\/vc_row][vc_row][vc_column width=\u00a0\u00bb1\/4&Prime;][\/vc_column][vc_column width=\u00a0\u00bb1\/2&Prime;][\/vc_column][vc_column width=\u00a0\u00bb1\/4&Prime;][\/vc_column][\/vc_row]<\/p>\n<\/div>","protected":false},"excerpt":{"rendered":"<p>[vc_row][vc_column][vc_column_text el_class=\u00a0\u00bbicon_list\u00a0\u00bb]La lamination est l\u2019un des proc\u00e9d\u00e9s les plus critiques de la ligne de fabrication de panneaux solaires. Il permet d\u2019assurer la qualit\u00e9 et la durabilit\u00e9 du module photovolta\u00efque. Nous proposons des laminateurs personnalis\u00e9s pour r\u00e9pondre \u00e0 tous vos besoins de production.[\/vc_column_text][\/vc_column][\/vc_row][vc_row][vc_column][vc_single_image image=\u00a0\u00bb22533&Prime; img_size=\u00a0\u00bbfull\u00a0\u00bb alignment=\u00a0\u00bbcenter\u00a0\u00bb style=\u00a0\u00bbvc_box_outline\u00a0\u00bb css_animation=\u00a0\u00bbfadeIn\u00a0\u00bb][\/vc_column][\/vc_row][vc_row][vc_column][vc_empty_space][\/vc_column][\/vc_row][vc_row full_width=\u00a0\u00bbstretch_row_content\u00a0\u00bb][vc_column width=\u00a0\u00bb1\/6&Prime;][\/vc_column][vc_column width=\u00a0\u00bb2\/6&Prime;][vc_column_text] Description [\/vc_column_text][vc_column_text]Lamination des composants du [&hellip;]<\/p>\n","protected":false},"author":4,"featured_media":0,"parent":28396,"menu_order":0,"comment_status":"closed","ping_status":"closed","template":"sectors.php","meta":{"_lmt_disableupdate":"no","_lmt_disable":"","footnotes":""},"yst_prominent_words":[2276,4790,1079,1284,1348,2120,2121,2125,2230,2238,2275],"class_list":["post-27132","page","type-page","status-publish","hentry"],"acf":[],"_links":{"self":[{"href":"https:\/\/www.mondragon-assembly.com\/fr\/wp-json\/wp\/v2\/pages\/27132","targetHints":{"allow":["GET"]}}],"collection":[{"href":"https:\/\/www.mondragon-assembly.com\/fr\/wp-json\/wp\/v2\/pages"}],"about":[{"href":"https:\/\/www.mondragon-assembly.com\/fr\/wp-json\/wp\/v2\/types\/page"}],"author":[{"embeddable":true,"href":"https:\/\/www.mondragon-assembly.com\/fr\/wp-json\/wp\/v2\/users\/4"}],"replies":[{"embeddable":true,"href":"https:\/\/www.mondragon-assembly.com\/fr\/wp-json\/wp\/v2\/comments?post=27132"}],"version-history":[{"count":31,"href":"https:\/\/www.mondragon-assembly.com\/fr\/wp-json\/wp\/v2\/pages\/27132\/revisions"}],"predecessor-version":[{"id":77733,"href":"https:\/\/www.mondragon-assembly.com\/fr\/wp-json\/wp\/v2\/pages\/27132\/revisions\/77733"}],"up":[{"embeddable":true,"href":"https:\/\/www.mondragon-assembly.com\/fr\/wp-json\/wp\/v2\/pages\/28396"}],"wp:attachment":[{"href":"https:\/\/www.mondragon-assembly.com\/fr\/wp-json\/wp\/v2\/media?parent=27132"}],"wp:term":[{"taxonomy":"yst_prominent_words","embeddable":true,"href":"https:\/\/www.mondragon-assembly.com\/fr\/wp-json\/wp\/v2\/yst_prominent_words?post=27132"}],"curies":[{"name":"wp","href":"https:\/\/api.w.org\/{rel}","templated":true}]}}