{"id":27148,"date":"2020-10-25T18:24:57","date_gmt":"2020-10-25T16:24:57","guid":{"rendered":"https:\/\/www.mondragon-assembly.com\/laminators\/jt-inside-best-performance-laminator-on-the-market\/"},"modified":"2021-05-05T10:55:34","modified_gmt":"2021-05-05T08:55:34","slug":"jt-inside-laminoir-le-plus-performant-du-marche","status":"publish","type":"page","link":"https:\/\/www.mondragon-assembly.com\/fr\/solar-automation-solutions\/equipement-individuel-2\/laminoirs\/jt-inside-laminoir-le-plus-performant-du-marche\/","title":{"rendered":"JT INSIDE: Laminator le plus performant du march\u00e9"},"content":{"rendered":"<div class=\"wpb-content-wrapper\"><p>[vc_row][vc_column][vc_column_text]Laminateur \u00e0 haut rendement s\u2019appuyant sur une technologie \u00e9prouv\u00e9e.[\/vc_column_text][\/vc_column][\/vc_row][vc_row][vc_column][vc_single_image image=\u00a0\u00bb32080&Prime; img_size=\u00a0\u00bbfull\u00a0\u00bb alignment=\u00a0\u00bbcenter\u00a0\u00bb style=\u00a0\u00bbvc_box_outline\u00a0\u00bb][\/vc_column][\/vc_row][vc_row][vc_column width=\u00a0\u00bb1\/6&Prime;][\/vc_column][vc_column width=\u00a0\u00bb2\/6&Prime;][vc_row_inner][vc_column_inner width=\u00a0\u00bb1\/4&Prime; css=\u00a0\u00bb.vc_custom_1619778535631{padding-right: 0px !important;}\u00a0\u00bb offset=\u00a0\u00bbvc_col-xs-3&Prime;][vc_single_image image=\u00a0\u00bb22016&Prime; img_size=\u00a0\u00bbfull\u00a0\u00bb alignment=\u00a0\u00bbcenter\u00a0\u00bb][\/vc_column_inner][vc_column_inner width=\u00a0\u00bb3\/4&Prime; css=\u00a0\u00bb.vc_custom_1620201548132{padding-left: 0px !important;}\u00a0\u00bb offset=\u00a0\u00bbvc_col-xs-9&Prime;][vc_column_text]<\/p>\n<h4>Dur\u00e9e de cycle type &lt; 6\u00a0min<\/h4>\n<p>[\/vc_column_text][\/vc_column_inner][\/vc_row_inner][\/vc_column][vc_column width=\u00a0\u00bb2\/6&Prime;][vc_row_inner css=\u00a0\u00bb.vc_custom_1561537027700{padding-left: 0px !important;}\u00a0\u00bb][vc_column_inner width=\u00a0\u00bb1\/4&Prime; css=\u00a0\u00bb.vc_custom_1619777961928{padding-right: 0px !important;}\u00a0\u00bb offset=\u00a0\u00bbvc_col-xs-3&Prime;][vc_single_image image=\u00a0\u00bb22258&Prime; img_size=\u00a0\u00bbfull\u00a0\u00bb alignment=\u00a0\u00bbcenter\u00a0\u00bb][\/vc_column_inner][vc_column_inner width=\u00a0\u00bb3\/4&Prime; offset=\u00a0\u00bbvc_col-xs-9&Prime; css=\u00a0\u00bb.vc_custom_1620201559596{padding-left: 0px !important;}\u00a0\u00bb][vc_column_text]<\/p>\n<h4>Convient pour les modules Verre-Film, Verre-Verre et BIPV<\/h4>\n<p>[\/vc_column_text][\/vc_column_inner][\/vc_row_inner][\/vc_column][vc_column width=\u00a0\u00bb1\/6&Prime;][\/vc_column][\/vc_row][vc_row full_width=\u00a0\u00bbstretch_row_content\u00a0\u00bb][vc_column width=\u00a0\u00bb1\/6&Prime;][\/vc_column][vc_column width=\u00a0\u00bb2\/6&Prime;][vc_column_text]<\/p>\n<h3><span style=\"color: #e20026;\"><img decoding=\"async\" class=\"alignnone size-full wp-image-22215\" src=\"https:\/\/www.mondragon-assembly.com\/wp-content\/uploads\/2019\/06\/icon-description.jpg\" alt=\"\" width=\"41\" height=\"41\" \/> Description<\/span><\/h3>\n<p>[\/vc_column_text][vc_column_text]La lamination est l\u2019un des proc\u00e9d\u00e9s les plus critiques de la ligne de production de panneaux solaires.<br \/>\nIl permet d\u2019assurer la qualit\u00e9 et la durabilit\u00e9 du module photovolta\u00efque.[\/vc_column_text][\/vc_column][vc_column width=\u00a0\u00bb2\/6&Prime;][vc_column_text]<\/p>\n<h3><span style=\"color: #e20026;\"><img decoding=\"async\" class=\"alignnone wp-image-22325 size-full\" src=\"https:\/\/www.mondragon-assembly.com\/wp-content\/uploads\/2019\/06\/icon-advantages.jpg\" alt=\"\" width=\"41\" height=\"41\" \/> Avantages<\/span><\/h3>\n<p>[\/vc_column_text][vc_column_text el_class=\u00a0\u00bbicon_list\u00a0\u00bb]<\/p>\n<ul>\n<li>Taille de plaque chauffante personnalisable<\/li>\n<li>Pr\u00e9cision et homog\u00e9n\u00e9it\u00e9 &lt; \u00b1 1 \u00b0C<\/li>\n<li>Disponibilit\u00e9 &gt; 95\u00a0%<\/li>\n<li>Pompes \u00e0 vide de grande marque<\/li>\n<li>Solution de lamination la plus utilis\u00e9e dans le secteur du photovolta\u00efque<\/li>\n<li>Optimisation des processus par le service d&rsquo;ing\u00e9nierie des processus de Mondragon Assembly<\/li>\n<\/ul>\n<p>[\/vc_column_text][\/vc_column][vc_column width=\u00a0\u00bb1\/6&Prime;][\/vc_column][\/vc_row][vc_row full_width=\u00a0\u00bbstretch_row_content\u00a0\u00bb][vc_column width=\u00a0\u00bb1\/6&Prime;][\/vc_column][vc_column width=\u00a0\u00bb2\/6&Prime;][vc_column_text]<\/p>\n<h3><span style=\"color: #e20026;\"><img decoding=\"async\" class=\"alignnone wp-image-22233 size-full\" src=\"https:\/\/www.mondragon-assembly.com\/wp-content\/uploads\/2019\/06\/icon-main-features.jpg\" alt=\"\" width=\"41\" height=\"41\" \/> Caract\u00e9ristiques principales<\/span><\/h3>\n<p>[\/vc_column_text][vc_column_text el_class=\u00a0\u00bbicon_list\u00a0\u00bb]<\/p>\n<ul>\n<li>Laminateur \u00e0 membrane<\/li>\n<li>Plaque chauffante hybride brevet\u00e9e<\/li>\n<li>Syst\u00e8me de levage \u00ab\u00a0pin-lift\u00a0\u00bb en option<\/li>\n<li>Configuration en une ou deux \u00e9tapes<\/li>\n<li>Presse de refroidissement optionnelle<\/li>\n<\/ul>\n<p>[\/vc_column_text][\/vc_column][vc_column width=\u00a0\u00bb2\/6&Prime;][vc_column_text]<\/p>\n<h3><span style=\"color: #e20026;\"><img decoding=\"async\" class=\"alignnone wp-image-25046 size-full\" src=\"https:\/\/www.mondragon-assembly.com\/wp-content\/uploads\/2020\/10\/icon-module-technology.jpg\" alt=\"\" width=\"41\" height=\"41\" \/> Technologies de module<\/span><\/h3>\n<p>[\/vc_column_text][vc_column_text el_class=\u00a0\u00bbicon_list\u00a0\u00bb]<\/p>\n<ul>\n<li>Convient pour les modules BIPV<\/li>\n<li>Dispositif sp\u00e9cialement con\u00e7u pour les modules Verre-Film<\/li>\n<li>Convient pour les modules Verre-Verre<\/li>\n<li>Adapt\u00e9 \u00e0 tout type d&rsquo;encapsulant<\/li>\n<\/ul>\n<p>[\/vc_column_text][\/vc_column][vc_column width=\u00a0\u00bb1\/6&Prime;][\/vc_column][\/vc_row]<\/p>\n<\/div>","protected":false},"excerpt":{"rendered":"<p>[vc_row][vc_column][vc_column_text]Laminateur \u00e0 haut rendement s\u2019appuyant sur une technologie \u00e9prouv\u00e9e.[\/vc_column_text][\/vc_column][\/vc_row][vc_row][vc_column][vc_single_image image=\u00a0\u00bb32080&Prime; img_size=\u00a0\u00bbfull\u00a0\u00bb alignment=\u00a0\u00bbcenter\u00a0\u00bb style=\u00a0\u00bbvc_box_outline\u00a0\u00bb][\/vc_column][\/vc_row][vc_row][vc_column width=\u00a0\u00bb1\/6&Prime;][\/vc_column][vc_column width=\u00a0\u00bb2\/6&Prime;][vc_row_inner][vc_column_inner width=\u00a0\u00bb1\/4&Prime; css=\u00a0\u00bb.vc_custom_1619778535631{padding-right: 0px !important;}\u00a0\u00bb offset=\u00a0\u00bbvc_col-xs-3&Prime;][vc_single_image image=\u00a0\u00bb22016&Prime; img_size=\u00a0\u00bbfull\u00a0\u00bb alignment=\u00a0\u00bbcenter\u00a0\u00bb][\/vc_column_inner][vc_column_inner width=\u00a0\u00bb3\/4&Prime; css=\u00a0\u00bb.vc_custom_1620201548132{padding-left: 0px !important;}\u00a0\u00bb offset=\u00a0\u00bbvc_col-xs-9&Prime;][vc_column_text] Dur\u00e9e de cycle type &lt; 6\u00a0min [\/vc_column_text][\/vc_column_inner][\/vc_row_inner][\/vc_column][vc_column width=\u00a0\u00bb2\/6&Prime;][vc_row_inner css=\u00a0\u00bb.vc_custom_1561537027700{padding-left: 0px !important;}\u00a0\u00bb][vc_column_inner width=\u00a0\u00bb1\/4&Prime; css=\u00a0\u00bb.vc_custom_1619777961928{padding-right: 0px !important;}\u00a0\u00bb offset=\u00a0\u00bbvc_col-xs-3&Prime;][vc_single_image image=\u00a0\u00bb22258&Prime; img_size=\u00a0\u00bbfull\u00a0\u00bb alignment=\u00a0\u00bbcenter\u00a0\u00bb][\/vc_column_inner][vc_column_inner width=\u00a0\u00bb3\/4&Prime; offset=\u00a0\u00bbvc_col-xs-9&Prime; css=\u00a0\u00bb.vc_custom_1620201559596{padding-left: 0px !important;}\u00a0\u00bb][vc_column_text] Convient pour les [&hellip;]<\/p>\n","protected":false},"author":4,"featured_media":0,"parent":27132,"menu_order":0,"comment_status":"closed","ping_status":"closed","template":"sectors.php","meta":{"_lmt_disableupdate":"","_lmt_disable":"","footnotes":""},"yst_prominent_words":[1079,1214,2181,4467,4482,4674,4759,4790,5095,5096,5097,232,305],"class_list":["post-27148","page","type-page","status-publish","hentry"],"acf":[],"_links":{"self":[{"href":"https:\/\/www.mondragon-assembly.com\/fr\/wp-json\/wp\/v2\/pages\/27148","targetHints":{"allow":["GET"]}}],"collection":[{"href":"https:\/\/www.mondragon-assembly.com\/fr\/wp-json\/wp\/v2\/pages"}],"about":[{"href":"https:\/\/www.mondragon-assembly.com\/fr\/wp-json\/wp\/v2\/types\/page"}],"author":[{"embeddable":true,"href":"https:\/\/www.mondragon-assembly.com\/fr\/wp-json\/wp\/v2\/users\/4"}],"replies":[{"embeddable":true,"href":"https:\/\/www.mondragon-assembly.com\/fr\/wp-json\/wp\/v2\/comments?post=27148"}],"version-history":[{"count":24,"href":"https:\/\/www.mondragon-assembly.com\/fr\/wp-json\/wp\/v2\/pages\/27148\/revisions"}],"predecessor-version":[{"id":40304,"href":"https:\/\/www.mondragon-assembly.com\/fr\/wp-json\/wp\/v2\/pages\/27148\/revisions\/40304"}],"up":[{"embeddable":true,"href":"https:\/\/www.mondragon-assembly.com\/fr\/wp-json\/wp\/v2\/pages\/27132"}],"wp:attachment":[{"href":"https:\/\/www.mondragon-assembly.com\/fr\/wp-json\/wp\/v2\/media?parent=27148"}],"wp:term":[{"taxonomy":"yst_prominent_words","embeddable":true,"href":"https:\/\/www.mondragon-assembly.com\/fr\/wp-json\/wp\/v2\/yst_prominent_words?post=27148"}],"curies":[{"name":"wp","href":"https:\/\/api.w.org\/{rel}","templated":true}]}}