{"id":27164,"date":"2020-10-25T18:14:38","date_gmt":"2020-10-25T16:14:38","guid":{"rendered":"https:\/\/www.mondragon-assembly.com\/laminators\/mal-flat-press-the-best-solution-for-glass-glass-modules\/"},"modified":"2021-03-24T12:32:28","modified_gmt":"2021-03-24T10:32:28","slug":"mal-flat-press-la-meilleure-solution-pour-les-modules-verre-verre","status":"publish","type":"page","link":"https:\/\/www.mondragon-assembly.com\/fr\/solar-automation-solutions\/equipement-individuel-2\/laminoirs\/mal-flat-press-la-meilleure-solution-pour-les-modules-verre-verre\/","title":{"rendered":"ML FLAT PRESS: La meilleure solution pour les modules Verre-Verre"},"content":{"rendered":"<div class=\"wpb-content-wrapper\"><p>[vc_row][vc_column][vc_column_text el_class=\u00a0\u00bbicon_list\u00a0\u00bb]Laminateur \u00e0 haut rendement avec une empreinte minimale[\/vc_column_text][vc_row_inner][vc_column_inner][vc_single_image image=\u00a0\u00bb31161&Prime; img_size=\u00a0\u00bbfull\u00a0\u00bb alignment=\u00a0\u00bbcenter\u00a0\u00bb css_animation=\u00a0\u00bbfadeIn\u00a0\u00bb][\/vc_column_inner][\/vc_row_inner][\/vc_column][\/vc_row][vc_row][vc_column][vc_empty_space][\/vc_column][\/vc_row][vc_row][vc_column width=\u00a0\u00bb1\/3&Prime;][vc_column_text el_class=\u00a0\u00bbicon-img-laminator\u00a0\u00bb]<\/p>\n<h4 style=\"text-align: center;\"><img decoding=\"async\" class=\"size-full wp-image-22018 alignleft\" style=\"float: left;\" src=\"https:\/\/www.mondragon-assembly.com\/wp-content\/uploads\/2019\/06\/icon-throughput.jpg\" alt=\"\" width=\"40\" height=\"40\" \/> Dur\u00e9e de cycle type &lt; 7 min pour les modules Verre-Film et &lt; 8 min pour les modules Verre-Verre<\/h4>\n<p>[\/vc_column_text][\/vc_column][vc_column width=\u00a0\u00bb1\/3&Prime;][vc_column_text el_class=\u00a0\u00bbicon-img-laminator\u00a0\u00bb]<\/p>\n<h4 style=\"text-align: center;\"><img decoding=\"async\" class=\"size-full wp-image-22018 alignnone\" style=\"float: left;\" src=\"https:\/\/www.mondragon-assembly.com\/wp-content\/uploads\/2019\/06\/icon-tools.jpg\" alt=\"\" width=\"40\" height=\"40\" \/> <span style=\"margin-left: 10px; line-height: 20px;\">Taille de plaque chauffante<br \/>\npersonnalisable<\/span><\/h4>\n<p>[\/vc_column_text][\/vc_column][vc_column width=\u00a0\u00bb1\/3&Prime;][vc_column_text el_class=\u00a0\u00bbicon-img-laminator\u00a0\u00bb]<\/p>\n<h4 style=\"text-align: center;\"><img decoding=\"async\" class=\"size-full wp-image-22018 alignleft\" style=\"float: left;\" src=\"https:\/\/www.mondragon-assembly.com\/wp-content\/uploads\/2019\/06\/icon-check-grey.jpg\" alt=\"\" width=\"40\" height=\"40\" \/> Convient pour les modules Verre-Film, Verre-Verre et BIPV<\/h4>\n<p>[\/vc_column_text][\/vc_column][\/vc_row][vc_row full_width=\u00a0\u00bbstretch_row_content\u00a0\u00bb][vc_column width=\u00a0\u00bb1\/6&Prime;][\/vc_column][vc_column width=\u00a0\u00bb2\/6&Prime;][vc_column_text]<\/p>\n<h3><span style=\"color: #e20026;\"><img decoding=\"async\" class=\"alignnone size-full wp-image-22215\" src=\"https:\/\/www.mondragon-assembly.com\/wp-content\/uploads\/2019\/06\/icon-description.jpg\" alt=\"\" width=\"41\" height=\"41\" \/> Description<\/span><\/h3>\n<p>[\/vc_column_text][vc_column_text]La lamination est l\u2019un des proc\u00e9d\u00e9s les plus critiques de la ligne de production de panneaux solaires.<br \/>\nIl permet d\u2019assurer la qualit\u00e9 et la durabilit\u00e9 du module photovolta\u00efque.[\/vc_column_text][\/vc_column][vc_column width=\u00a0\u00bb2\/6&Prime;][vc_column_text]<\/p>\n<h3><span style=\"color: #e20026;\"><img decoding=\"async\" class=\"alignnone wp-image-22325 size-full\" src=\"https:\/\/www.mondragon-assembly.com\/wp-content\/uploads\/2019\/06\/icon-advantages.jpg\" alt=\"\" width=\"41\" height=\"41\" \/> Avantages<\/span><\/h3>\n<p>[\/vc_column_text][vc_column_text el_class=\u00a0\u00bbicon_list\u00a0\u00bb]<\/p>\n<ul>\n<li>Taille de plaque chauffante personnalisable<\/li>\n<li>Pr\u00e9cision et homog\u00e9n\u00e9it\u00e9 &lt; \u00b1 2 \u00b0C<\/li>\n<li>Disponibilit\u00e9 &gt; 95\u00a0%<\/li>\n<li>Pompes \u00e0 vide de grande marque<\/li>\n<li>Optimisation des processus par le service d&rsquo;ing\u00e9nierie des processus de Mondragon Assembly<\/li>\n<\/ul>\n<p>[\/vc_column_text][\/vc_column][vc_column width=\u00a0\u00bb1\/6&Prime;][\/vc_column][\/vc_row][vc_row full_width=\u00a0\u00bbstretch_row_content\u00a0\u00bb][vc_column width=\u00a0\u00bb1\/6&Prime;][\/vc_column][vc_column width=\u00a0\u00bb2\/6&Prime;][vc_column_text]<\/p>\n<h3><span style=\"color: #e20026;\"><img decoding=\"async\" class=\"alignnone wp-image-22233 size-full\" src=\"https:\/\/www.mondragon-assembly.com\/wp-content\/uploads\/2019\/06\/icon-main-features.jpg\" alt=\"\" width=\"41\" height=\"41\" \/> Caract\u00e9ristiques principales<\/span><\/h3>\n<p>[\/vc_column_text][vc_column_text el_class=\u00a0\u00bbicon_list\u00a0\u00bb]<\/p>\n<ul>\n<li>Syst\u00e8me de presse plate<\/li>\n<li>Chauffage des deux c\u00f4t\u00e9s du module<\/li>\n<li>Syst\u00e8me de chauffage \u00e0 bain d&rsquo;huile et r\u00e9sistances \u00e9lectriques<\/li>\n<li>Syst\u00e8me de levage \u00ab\u00a0pin-lift\u00a0\u00bb en option<\/li>\n<li>Configuration en une ou deux \u00e9tapes<\/li>\n<li>Concept \u00e0 plusieurs \u00e9tages. Nombre d&rsquo;\u00e9tages personnalisable<\/li>\n<li>Presse de refroidissement optionnelle<\/li>\n<\/ul>\n<p>[\/vc_column_text][\/vc_column][vc_column width=\u00a0\u00bb2\/6&Prime;][vc_column_text]<\/p>\n<h3><span style=\"color: #e20026;\"><img decoding=\"async\" class=\"alignnone wp-image-25046 size-full\" src=\"https:\/\/www.mondragon-assembly.com\/wp-content\/uploads\/2020\/10\/icon-module-technology.jpg\" alt=\"\" width=\"41\" height=\"41\" \/> Technologies de module<\/span><\/h3>\n<p>[\/vc_column_text][vc_column_text el_class=\u00a0\u00bbicon_list\u00a0\u00bb]<\/p>\n<ul>\n<li>Convient pour les modules BIPV<\/li>\n<li>Dispositif sp\u00e9cialement con\u00e7u pour les modules Verre-Verre<\/li>\n<li>Convient pour les modules Verre-Film<\/li>\n<li>Adapt\u00e9 \u00e0 tout type d&rsquo;encapsulant<\/li>\n<\/ul>\n<p>[\/vc_column_text][\/vc_column][vc_column width=\u00a0\u00bb1\/6&Prime;][\/vc_column][\/vc_row]<\/p>\n<\/div>","protected":false},"excerpt":{"rendered":"<p>[vc_row][vc_column][vc_column_text el_class=\u00a0\u00bbicon_list\u00a0\u00bb]Laminateur \u00e0 haut rendement avec une empreinte minimale[\/vc_column_text][vc_row_inner][vc_column_inner][vc_single_image image=\u00a0\u00bb31161&Prime; img_size=\u00a0\u00bbfull\u00a0\u00bb alignment=\u00a0\u00bbcenter\u00a0\u00bb css_animation=\u00a0\u00bbfadeIn\u00a0\u00bb][\/vc_column_inner][\/vc_row_inner][\/vc_column][\/vc_row][vc_row][vc_column][vc_empty_space][\/vc_column][\/vc_row][vc_row][vc_column width=\u00a0\u00bb1\/3&Prime;][vc_column_text el_class=\u00a0\u00bbicon-img-laminator\u00a0\u00bb] Dur\u00e9e de cycle type &lt; 7 min pour les modules Verre-Film et &lt; 8 min pour les modules Verre-Verre [\/vc_column_text][\/vc_column][vc_column width=\u00a0\u00bb1\/3&Prime;][vc_column_text el_class=\u00a0\u00bbicon-img-laminator\u00a0\u00bb] Taille de plaque chauffante personnalisable [\/vc_column_text][\/vc_column][vc_column width=\u00a0\u00bb1\/3&Prime;][vc_column_text el_class=\u00a0\u00bbicon-img-laminator\u00a0\u00bb] Convient pour les modules Verre-Film, Verre-Verre et BIPV [\/vc_column_text][\/vc_column][\/vc_row][vc_row full_width=\u00a0\u00bbstretch_row_content\u00a0\u00bb][vc_column [&hellip;]<\/p>\n","protected":false},"author":4,"featured_media":0,"parent":27132,"menu_order":0,"comment_status":"closed","ping_status":"closed","template":"sectors.php","meta":{"_lmt_disableupdate":"","_lmt_disable":"","footnotes":""},"yst_prominent_words":[1214,2181,4467,4482,4674,4759,4790,5095,5096,5097,232,305,1079],"class_list":["post-27164","page","type-page","status-publish","hentry"],"acf":[],"_links":{"self":[{"href":"https:\/\/www.mondragon-assembly.com\/fr\/wp-json\/wp\/v2\/pages\/27164","targetHints":{"allow":["GET"]}}],"collection":[{"href":"https:\/\/www.mondragon-assembly.com\/fr\/wp-json\/wp\/v2\/pages"}],"about":[{"href":"https:\/\/www.mondragon-assembly.com\/fr\/wp-json\/wp\/v2\/types\/page"}],"author":[{"embeddable":true,"href":"https:\/\/www.mondragon-assembly.com\/fr\/wp-json\/wp\/v2\/users\/4"}],"replies":[{"embeddable":true,"href":"https:\/\/www.mondragon-assembly.com\/fr\/wp-json\/wp\/v2\/comments?post=27164"}],"version-history":[{"count":21,"href":"https:\/\/www.mondragon-assembly.com\/fr\/wp-json\/wp\/v2\/pages\/27164\/revisions"}],"predecessor-version":[{"id":37027,"href":"https:\/\/www.mondragon-assembly.com\/fr\/wp-json\/wp\/v2\/pages\/27164\/revisions\/37027"}],"up":[{"embeddable":true,"href":"https:\/\/www.mondragon-assembly.com\/fr\/wp-json\/wp\/v2\/pages\/27132"}],"wp:attachment":[{"href":"https:\/\/www.mondragon-assembly.com\/fr\/wp-json\/wp\/v2\/media?parent=27164"}],"wp:term":[{"taxonomy":"yst_prominent_words","embeddable":true,"href":"https:\/\/www.mondragon-assembly.com\/fr\/wp-json\/wp\/v2\/yst_prominent_words?post=27164"}],"curies":[{"name":"wp","href":"https:\/\/api.w.org\/{rel}","templated":true}]}}