{"id":27196,"date":"2016-04-15T09:08:31","date_gmt":"2016-04-15T07:08:31","guid":{"rendered":"https:\/\/www.mondragon-assembly.com\/pv-module-testing\/"},"modified":"2021-03-24T08:29:30","modified_gmt":"2021-03-24T06:29:30","slug":"test-de-module-pv","status":"publish","type":"page","link":"https:\/\/www.mondragon-assembly.com\/fr\/solar-automation-solutions\/equipement-individuel-2\/test-de-module-pv\/","title":{"rendered":"Test de module PV"},"content":{"rendered":"<div class=\"wpb-content-wrapper\"><p>[vc_row][vc_column][vc_column_text css=\u00a0\u00bb.vc_custom_1604998544842{margin-top: -15px !important;}\u00a0\u00bb]Nos solutions utilisent les technologies les plus avanc\u00e9es pour garantir des performances optimales des modules PV.[\/vc_column_text][\/vc_column][\/vc_row][vc_row][vc_column][vc_column_text el_class=\u00a0\u00bbicon_list_subt_gr\u00a0\u00bb css=\u00a0\u00bb.vc_custom_1610112159039{margin-top: -10px !important;}\u00a0\u00bb]<\/p>\n<h3 style=\"font-weight: bold;\"><span style=\"color: #3d3d3d;\">Simulateur solaire<\/span><\/h3>\n<p>[\/vc_column_text][vc_row_inner][vc_column_inner width=\u00a0\u00bb1\/2&Prime;][vc_column_text css=\u00a0\u00bb.vc_custom_1603968427427{margin-top: -10px !important;}\u00a0\u00bb]<\/p>\n<h3><span style=\"color: #e20026;\"><img decoding=\"async\" class=\"alignnone size-full wp-image-22215\" src=\"https:\/\/www.mondragon-assembly.com\/wp-content\/uploads\/2019\/06\/icon-description.jpg\" alt=\"\" width=\"41\" height=\"41\" \/> Description<\/span><\/h3>\n<p>[\/vc_column_text][vc_column_text]Cet \u00e9quipement mesure la puissance du module et \u00e9value \u00e9galement la r\u00e9sistance s\u00e9rie du panneau. Il enregistre les mesures sur le PC de la machine et imprime l&rsquo;\u00e9tiquette d&rsquo;identification du module contenant toutes les informations ainsi que son code-barre.[\/vc_column_text][\/vc_column_inner][vc_column_inner width=\u00a0\u00bb1\/2&Prime;][vc_single_image image=\u00a0\u00bb22948&Prime; img_size=\u00a0\u00bbfull\u00a0\u00bb style=\u00a0\u00bbvc_box_outline\u00a0\u00bb css_animation=\u00a0\u00bbfadeIn\u00a0\u00bb][\/vc_column_inner][\/vc_row_inner][vc_row_inner][vc_column_inner width=\u00a0\u00bb1\/2&Prime;][vc_column_text css=\u00a0\u00bb.vc_custom_1603968431888{margin-top: -10px !important;}\u00a0\u00bb]<\/p>\n<h3><span style=\"color: #e20026;\"><img decoding=\"async\" class=\"alignnone wp-image-22233 size-full\" src=\"https:\/\/www.mondragon-assembly.com\/wp-content\/uploads\/2019\/06\/icon-main-features.jpg\" alt=\"\" width=\"41\" height=\"41\" \/> Caract\u00e9ristiques principales<\/span><\/h3>\n<p>[\/vc_column_text][vc_column_text el_class=\u00a0\u00bbicon_list\u00a0\u00bb]<\/p>\n<ul>\n<li>Simulateurs A+A+A+<\/li>\n<li>Plage du spectre maximal 300-1200 nm<\/li>\n<li>Technologie LED ou Xenon<\/li>\n<li>Plage d&rsquo;irradiance totale 200-1200\u00a0W\/m2<\/li>\n<li>Norme CEI<\/li>\n<li>Dur\u00e9e du cycle &lt; 20 secondes<\/li>\n<li>Int\u00e9gration ais\u00e9e avec le syst\u00e8me MES<\/li>\n<\/ul>\n<p>[\/vc_column_text][\/vc_column_inner][vc_column_inner width=\u00a0\u00bb1\/2&Prime;][vc_column_text css=\u00a0\u00bb.vc_custom_1603968435809{margin-top: -10px !important;}\u00a0\u00bb]<\/p>\n<h3><span style=\"color: #e20026;\"><img decoding=\"async\" class=\"alignnone wp-image-25046 size-full\" src=\"https:\/\/www.mondragon-assembly.com\/wp-content\/uploads\/2020\/10\/icon-module-technology.jpg\" alt=\"\" width=\"41\" height=\"41\" \/> Technologies de module<\/span><\/h3>\n<p>[\/vc_column_text][vc_column_text el_class=\u00a0\u00bbicon_list\u00a0\u00bb]<\/p>\n<ul>\n<li>Types de cellules\u00a0: HJT, TopCon, Mono-PERC et POLY<\/li>\n<li>Modules avec cadre et sans cadre<\/li>\n<li>Cellules enti\u00e8res ou d\u00e9coup\u00e9es<\/li>\n<li>Modules monofaciaux et bifaciaux<\/li>\n<\/ul>\n<p>[\/vc_column_text][\/vc_column_inner][\/vc_row_inner][\/vc_column][\/vc_row][vc_row][vc_column][vc_separator][\/vc_column][\/vc_row][vc_row][vc_column][vc_column_text el_class=\u00a0\u00bbicon_list_subt_gr\u00a0\u00bb css=\u00a0\u00bb.vc_custom_1610112191280{margin-top: -10px !important;}\u00a0\u00bb]<\/p>\n<h3 style=\"font-weight: bold;\"><span style=\"color: #3d3d3d;\">Machine EL<\/span><\/h3>\n<p>[\/vc_column_text][vc_row_inner][vc_column_inner width=\u00a0\u00bb1\/2&Prime;][vc_column_text css=\u00a0\u00bb.vc_custom_1603968427427{margin-top: -10px !important;}\u00a0\u00bb]<\/p>\n<h3><span style=\"color: #e20026;\"><img decoding=\"async\" class=\"alignnone size-full wp-image-22215\" src=\"https:\/\/www.mondragon-assembly.com\/wp-content\/uploads\/2019\/06\/icon-description.jpg\" alt=\"\" width=\"41\" height=\"41\" \/> Description<\/span><\/h3>\n<p>[\/vc_column_text][vc_column_text]Le syst\u00e8me d&rsquo;inspection EL est \u00e9quip\u00e9 de cam\u00e9ras nIR haute d\u00e9finition, permettant d\u2019identifier de fa\u00e7on simple et automatique des d\u00e9fauts invisibles \u00e0 l&rsquo;oeil nu, tels que les micro-fissures, les zones sombres, les finger-breaks ou les courts-circuits.[\/vc_column_text][\/vc_column_inner][vc_column_inner width=\u00a0\u00bb1\/2&Prime;][vc_single_image image=\u00a0\u00bb26762&Prime; img_size=\u00a0\u00bbfull\u00a0\u00bb style=\u00a0\u00bbvc_box_outline\u00a0\u00bb css_animation=\u00a0\u00bbfadeIn\u00a0\u00bb][\/vc_column_inner][\/vc_row_inner][vc_row_inner][vc_column_inner width=\u00a0\u00bb1\/2&Prime;][vc_column_text css=\u00a0\u00bb.vc_custom_1603968431888{margin-top: -10px !important;}\u00a0\u00bb]<\/p>\n<h3><span style=\"color: #e20026;\"><img decoding=\"async\" class=\"alignnone wp-image-22233 size-full\" src=\"https:\/\/www.mondragon-assembly.com\/wp-content\/uploads\/2019\/06\/icon-main-features.jpg\" alt=\"\" width=\"41\" height=\"41\" \/> Caract\u00e9ristiques principales<\/span><\/h3>\n<p>[\/vc_column_text][vc_column_text el_class=\u00a0\u00bbicon_list\u00a0\u00bb]<\/p>\n<ul>\n<li>Acquisition d&rsquo;images simple et rapide<\/li>\n<li>Logiciel de reconnaissance de d\u00e9fauts automatique<\/li>\n<li>Dur\u00e9e du cycle &lt; 20 secondes<\/li>\n<li>Pr\u00e9cision\u00a0: 1\u00a0px = 0,17\u00a0mm<\/li>\n<li>Int\u00e9gration ais\u00e9e avec le syst\u00e8me MES<\/li>\n<\/ul>\n<p>[\/vc_column_text][\/vc_column_inner][vc_column_inner width=\u00a0\u00bb1\/2&Prime;][vc_column_text css=\u00a0\u00bb.vc_custom_1603968435809{margin-top: -10px !important;}\u00a0\u00bb]<\/p>\n<h3><span style=\"color: #e20026;\"><img decoding=\"async\" class=\"alignnone wp-image-25046 size-full\" src=\"https:\/\/www.mondragon-assembly.com\/wp-content\/uploads\/2020\/10\/icon-module-technology.jpg\" alt=\"\" width=\"41\" height=\"41\" \/> Technologies de module<\/span><\/h3>\n<p>[\/vc_column_text][vc_column_text el_class=\u00a0\u00bbicon_list\u00a0\u00bb]<\/p>\n<ul>\n<li>Types de cellules\u00a0: HJT, TopCon, Mono-PERC et POLY<\/li>\n<li>Modules avec cadre et sans cadre<\/li>\n<li>Cellules enti\u00e8res ou d\u00e9coup\u00e9es<\/li>\n<li>Modules monofaciaux et bifaciaux<\/li>\n<\/ul>\n<p>[\/vc_column_text][\/vc_column_inner][\/vc_row_inner][\/vc_column][\/vc_row][vc_row][vc_column][vc_separator][\/vc_column][\/vc_row][vc_row][vc_column][vc_column_text el_class=\u00a0\u00bbicon_list_subt_gr\u00a0\u00bb css=\u00a0\u00bb.vc_custom_1616567365274{margin-top: -10px !important;}\u00a0\u00bb]<\/p>\n<h3 style=\"font-weight: bold;\"><span style=\"color: #3d3d3d;\">Inspection Hi-pot<\/span><\/h3>\n<p>[\/vc_column_text][vc_row_inner][vc_column_inner width=\u00a0\u00bb1\/2&Prime;][vc_column_text css=\u00a0\u00bb.vc_custom_1603968427427{margin-top: -10px !important;}\u00a0\u00bb]<\/p>\n<h3><span style=\"color: #e20026;\"><img decoding=\"async\" class=\"alignnone size-full wp-image-22215\" src=\"https:\/\/www.mondragon-assembly.com\/wp-content\/uploads\/2019\/06\/icon-description.jpg\" alt=\"\" width=\"41\" height=\"41\" \/> Description<\/span><\/h3>\n<p>[\/vc_column_text][vc_column_text]Cet \u00e9quipement effectue des tests d&rsquo;isolement \u00e9lectrique sur le panneau.[\/vc_column_text][\/vc_column_inner][vc_column_inner width=\u00a0\u00bb1\/2&Prime;][vc_single_image image=\u00a0\u00bb25839&Prime; img_size=\u00a0\u00bbfull\u00a0\u00bb style=\u00a0\u00bbvc_box_outline\u00a0\u00bb css_animation=\u00a0\u00bbfadeIn\u00a0\u00bb][\/vc_column_inner][\/vc_row_inner][vc_row_inner][vc_column_inner width=\u00a0\u00bb1\/2&Prime;][vc_column_text css=\u00a0\u00bb.vc_custom_1603968431888{margin-top: -10px !important;}\u00a0\u00bb]<\/p>\n<h3><span style=\"color: #e20026;\"><img decoding=\"async\" class=\"alignnone wp-image-22233 size-full\" src=\"https:\/\/www.mondragon-assembly.com\/wp-content\/uploads\/2019\/06\/icon-main-features.jpg\" alt=\"\" width=\"41\" height=\"41\" \/> Caract\u00e9ristiques principales<\/span><\/h3>\n<p>[\/vc_column_text][vc_column_text el_class=\u00a0\u00bbicon_list\u00a0\u00bb]<\/p>\n<ul>\n<li>Norme CEI<\/li>\n<li>Les types de tests suivants peuvent \u00eatre r\u00e9alis\u00e9s\u00a0:\n<ul>\n<li>R\u00e9sistance di\u00e9lectrique<\/li>\n<li>Tests de continuit\u00e9 et d&rsquo;efficacit\u00e9<\/li>\n<li>R\u00e9sistance d&rsquo;isolement<\/li>\n<\/ul>\n<\/li>\n<li>Int\u00e9gration ais\u00e9e avec le syst\u00e8me MES<\/li>\n<\/ul>\n<p>[\/vc_column_text][\/vc_column_inner][vc_column_inner width=\u00a0\u00bb1\/2&Prime;][vc_column_text css=\u00a0\u00bb.vc_custom_1603968435809{margin-top: -10px !important;}\u00a0\u00bb]<\/p>\n<h3><span style=\"color: #e20026;\"><img decoding=\"async\" class=\"alignnone wp-image-25046 size-full\" src=\"https:\/\/www.mondragon-assembly.com\/wp-content\/uploads\/2020\/10\/icon-module-technology.jpg\" alt=\"\" width=\"41\" height=\"41\" \/> Technologies de module<\/span><\/h3>\n<p>[\/vc_column_text][vc_column_text el_class=\u00a0\u00bbicon_list\u00a0\u00bb]<\/p>\n<ul>\n<li>Modules avec cadre et sans cadre<\/li>\n<\/ul>\n<p>[\/vc_column_text][\/vc_column_inner][\/vc_row_inner][\/vc_column][\/vc_row][vc_row][vc_column][vc_separator][\/vc_column][\/vc_row][vc_row][vc_column][vc_column_text el_class=\u00a0\u00bbicon_list_subt_gr\u00a0\u00bb css=\u00a0\u00bb.vc_custom_1610112349276{margin-top: -10px !important;}\u00a0\u00bb]<\/p>\n<h3 style=\"font-weight: bold;\"><span style=\"color: #3d3d3d;\">Inspection visuelle<\/span><\/h3>\n<p>[\/vc_column_text][vc_row_inner][vc_column_inner width=\u00a0\u00bb1\/2&Prime;][vc_column_text css=\u00a0\u00bb.vc_custom_1603968427427{margin-top: -10px !important;}\u00a0\u00bb]<\/p>\n<h3><span style=\"color: #e20026;\"><img decoding=\"async\" class=\"alignnone size-full wp-image-22215\" src=\"https:\/\/www.mondragon-assembly.com\/wp-content\/uploads\/2019\/06\/icon-description.jpg\" alt=\"\" width=\"41\" height=\"41\" \/> Description<\/span><\/h3>\n<p>[\/vc_column_text][vc_column_text]Inspection automatique ou manuelle du module pour garantir la qualit\u00e9 avant le test EOL.[\/vc_column_text][vc_empty_space height=\u00a0\u00bb15px\u00a0\u00bb][vc_column_text css=\u00a0\u00bb.vc_custom_1603968431888{margin-top: -10px !important;}\u00a0\u00bb]<\/p>\n<h3><span style=\"color: #e20026;\"><img decoding=\"async\" class=\"alignnone wp-image-22233 size-full\" src=\"https:\/\/www.mondragon-assembly.com\/wp-content\/uploads\/2019\/06\/icon-main-features.jpg\" alt=\"\" width=\"41\" height=\"41\" \/> Caract\u00e9ristiques principales<\/span><\/h3>\n<p>[\/vc_column_text][vc_column_text el_class=\u00a0\u00bbicon_list\u00a0\u00bb]<\/p>\n<ul>\n<li>Option manuelle ou automatique<\/li>\n<li>Contr\u00f4le de matri\u00e7age de cellules et de strings<\/li>\n<li>Cellules cass\u00e9es ou parties manquantes<\/li>\n<li>D\u00e9fauts d&rsquo;alignement de ribbons ou fils<\/li>\n<li>Bulles ou autres d\u00e9fauts de lamination<\/li>\n<li>Dimensions du module externe et rectitude du cadre<\/li>\n<li>Autres fonctionnalit\u00e9s sur demande<\/li>\n<li>Int\u00e9gration ais\u00e9e avec le syst\u00e8me MES<\/li>\n<\/ul>\n<p>[\/vc_column_text][\/vc_column_inner][vc_column_inner width=\u00a0\u00bb1\/2&Prime;][vc_single_image image=\u00a0\u00bb25410&Prime; img_size=\u00a0\u00bbfull\u00a0\u00bb style=\u00a0\u00bbvc_box_outline\u00a0\u00bb css_animation=\u00a0\u00bbfadeIn\u00a0\u00bb][\/vc_column_inner][\/vc_row_inner][vc_row_inner][vc_column_inner][\/vc_column_inner][\/vc_row_inner][\/vc_column][\/vc_row][vc_row][vc_column][vc_empty_space][\/vc_column][\/vc_row]<\/p>\n<\/div>","protected":false},"excerpt":{"rendered":"<p>[vc_row][vc_column][vc_column_text css=\u00a0\u00bb.vc_custom_1604998544842{margin-top: -15px !important;}\u00a0\u00bb]Nos solutions utilisent les technologies les plus avanc\u00e9es pour garantir des performances optimales des modules PV.[\/vc_column_text][\/vc_column][\/vc_row][vc_row][vc_column][vc_column_text el_class=\u00a0\u00bbicon_list_subt_gr\u00a0\u00bb css=\u00a0\u00bb.vc_custom_1610112159039{margin-top: -10px !important;}\u00a0\u00bb] Simulateur solaire [\/vc_column_text][vc_row_inner][vc_column_inner width=\u00a0\u00bb1\/2&Prime;][vc_column_text css=\u00a0\u00bb.vc_custom_1603968427427{margin-top: -10px !important;}\u00a0\u00bb] Description [\/vc_column_text][vc_column_text]Cet \u00e9quipement mesure la puissance du module et \u00e9value \u00e9galement la r\u00e9sistance s\u00e9rie du panneau. Il enregistre les mesures sur le PC de la [&hellip;]<\/p>\n","protected":false},"author":4,"featured_media":0,"parent":28396,"menu_order":0,"comment_status":"closed","ping_status":"closed","template":"sectors.php","meta":{"_lmt_disableupdate":"","_lmt_disable":"","footnotes":""},"yst_prominent_words":[],"class_list":["post-27196","page","type-page","status-publish","hentry"],"acf":[],"_links":{"self":[{"href":"https:\/\/www.mondragon-assembly.com\/fr\/wp-json\/wp\/v2\/pages\/27196","targetHints":{"allow":["GET"]}}],"collection":[{"href":"https:\/\/www.mondragon-assembly.com\/fr\/wp-json\/wp\/v2\/pages"}],"about":[{"href":"https:\/\/www.mondragon-assembly.com\/fr\/wp-json\/wp\/v2\/types\/page"}],"author":[{"embeddable":true,"href":"https:\/\/www.mondragon-assembly.com\/fr\/wp-json\/wp\/v2\/users\/4"}],"replies":[{"embeddable":true,"href":"https:\/\/www.mondragon-assembly.com\/fr\/wp-json\/wp\/v2\/comments?post=27196"}],"version-history":[{"count":11,"href":"https:\/\/www.mondragon-assembly.com\/fr\/wp-json\/wp\/v2\/pages\/27196\/revisions"}],"predecessor-version":[{"id":36932,"href":"https:\/\/www.mondragon-assembly.com\/fr\/wp-json\/wp\/v2\/pages\/27196\/revisions\/36932"}],"up":[{"embeddable":true,"href":"https:\/\/www.mondragon-assembly.com\/fr\/wp-json\/wp\/v2\/pages\/28396"}],"wp:attachment":[{"href":"https:\/\/www.mondragon-assembly.com\/fr\/wp-json\/wp\/v2\/media?parent=27196"}],"wp:term":[{"taxonomy":"yst_prominent_words","embeddable":true,"href":"https:\/\/www.mondragon-assembly.com\/fr\/wp-json\/wp\/v2\/yst_prominent_words?post=27196"}],"curies":[{"name":"wp","href":"https:\/\/api.w.org\/{rel}","templated":true}]}}