{"id":27276,"date":"2020-11-01T20:51:09","date_gmt":"2020-11-01T18:51:09","guid":{"rendered":"https:\/\/www.mondragon-assembly.com\/other-equipment\/second-glass-loading\/"},"modified":"2021-03-28T21:18:36","modified_gmt":"2021-03-28T19:18:36","slug":"second-chargement-de-verre","status":"publish","type":"page","link":"https:\/\/www.mondragon-assembly.com\/fr\/solar-automation-solutions\/equipement-individuel-2\/autres-equipements\/second-chargement-de-verre\/","title":{"rendered":"Second chargement de verre"},"content":{"rendered":"<div class=\"wpb-content-wrapper\"><p>[vc_row][vc_column][vc_single_image image=\u00a0\u00bb36897&Prime; img_size=\u00a0\u00bbfull\u00a0\u00bb alignment=\u00a0\u00bbcenter\u00a0\u00bb style=\u00a0\u00bbvc_box_shadow_border\u00a0\u00bb css_animation=\u00a0\u00bbfadeIn\u00a0\u00bb][\/vc_column][\/vc_row][vc_row full_width=\u00a0\u00bbstretch_row_content\u00a0\u00bb][vc_column width=\u00a0\u00bb1\/5&Prime;][\/vc_column][vc_column width=\u00a0\u00bb2\/5&Prime;][vc_column_text]<\/p>\n<h3><span style=\"color: #e20026;\"><img decoding=\"async\" class=\"alignnone size-full wp-image-22215\" src=\"https:\/\/www.mondragon-assembly.com\/wp-content\/uploads\/2019\/06\/icon-description.jpg\" alt=\"\" width=\"41\" height=\"41\" \/> Description<\/span><\/h3>\n<p>[\/vc_column_text][vc_column_text]Le second m\u00e9canisme de chargement de verre<br \/>\nplace le deuxi\u00e8me verre une fois que la matrice<br \/>\nde cellules est connect\u00e9e et v\u00e9rifi\u00e9e.[\/vc_column_text][\/vc_column][vc_column width=\u00a0\u00bb2\/5&Prime;][vc_column_text]<\/p>\n<h3><span style=\"color: #e20026;\"><img decoding=\"async\" class=\"alignnone wp-image-22325 size-full\" src=\"https:\/\/www.mondragon-assembly.com\/wp-content\/uploads\/2019\/06\/icon-advantages.jpg\" alt=\"\" width=\"41\" height=\"41\" \/> Avantages<\/span><\/h3>\n<p>[\/vc_column_text][vc_column_text el_class=\u00a0\u00bbicon_list\u00a0\u00bb]<\/p>\n<ul>\n<li>Haut rendement<\/li>\n<li>Disponibilit\u00e9 &gt; 95\u00a0%<\/li>\n<li>Pr\u00e9cision \u00b1 0,5\u00a0mm sur les bords de r\u00e9f\u00e9rence<\/li>\n<li>Aucune surveillance continue de l&rsquo;op\u00e9rateur requise<\/li>\n<\/ul>\n<p>[\/vc_column_text][\/vc_column][\/vc_row][vc_row full_width=\u00a0\u00bbstretch_row_content\u00a0\u00bb][vc_column width=\u00a0\u00bb1\/5&Prime;][\/vc_column][vc_column width=\u00a0\u00bb2\/5&Prime;][vc_column_text]<\/p>\n<h3><span style=\"color: #e20026;\"><img decoding=\"async\" class=\"alignnone wp-image-22233 size-full\" src=\"https:\/\/www.mondragon-assembly.com\/wp-content\/uploads\/2019\/06\/icon-main-features.jpg\" alt=\"\" width=\"41\" height=\"41\" \/> Caract\u00e9ristiques principales<\/span><\/h3>\n<p>[\/vc_column_text][vc_column_text el_class=\u00a0\u00bbicon_list\u00a0\u00bb]<\/p>\n<ul>\n<li>Syst\u00e8me Gantry<\/li>\n<li>Dur\u00e9e du cycle &lt; 22 secondes<\/li>\n<li>Syst\u00e8me de centrage m\u00e9canique<\/li>\n<\/ul>\n<p>[\/vc_column_text][\/vc_column][vc_column width=\u00a0\u00bb2\/5&Prime;][\/vc_column][\/vc_row]<\/p>\n<\/div>","protected":false},"excerpt":{"rendered":"<p>[vc_row][vc_column][vc_single_image image=\u00a0\u00bb36897&Prime; img_size=\u00a0\u00bbfull\u00a0\u00bb alignment=\u00a0\u00bbcenter\u00a0\u00bb style=\u00a0\u00bbvc_box_shadow_border\u00a0\u00bb css_animation=\u00a0\u00bbfadeIn\u00a0\u00bb][\/vc_column][\/vc_row][vc_row full_width=\u00a0\u00bbstretch_row_content\u00a0\u00bb][vc_column width=\u00a0\u00bb1\/5&Prime;][\/vc_column][vc_column width=\u00a0\u00bb2\/5&Prime;][vc_column_text] Description [\/vc_column_text][vc_column_text]Le second m\u00e9canisme de chargement de verre place le deuxi\u00e8me verre une fois que la matrice de cellules est connect\u00e9e et v\u00e9rifi\u00e9e.[\/vc_column_text][\/vc_column][vc_column width=\u00a0\u00bb2\/5&Prime;][vc_column_text] Avantages [\/vc_column_text][vc_column_text el_class=\u00a0\u00bbicon_list\u00a0\u00bb] Haut rendement Disponibilit\u00e9 &gt; 95\u00a0% Pr\u00e9cision \u00b1 0,5\u00a0mm sur les bords de r\u00e9f\u00e9rence Aucune surveillance continue de l&rsquo;op\u00e9rateur requise [&hellip;]<\/p>\n","protected":false},"author":4,"featured_media":0,"parent":27212,"menu_order":0,"comment_status":"closed","ping_status":"closed","template":"sectors.php","meta":{"_lmt_disableupdate":"","_lmt_disable":"","footnotes":""},"yst_prominent_words":[],"class_list":["post-27276","page","type-page","status-publish","hentry"],"acf":[],"_links":{"self":[{"href":"https:\/\/www.mondragon-assembly.com\/fr\/wp-json\/wp\/v2\/pages\/27276","targetHints":{"allow":["GET"]}}],"collection":[{"href":"https:\/\/www.mondragon-assembly.com\/fr\/wp-json\/wp\/v2\/pages"}],"about":[{"href":"https:\/\/www.mondragon-assembly.com\/fr\/wp-json\/wp\/v2\/types\/page"}],"author":[{"embeddable":true,"href":"https:\/\/www.mondragon-assembly.com\/fr\/wp-json\/wp\/v2\/users\/4"}],"replies":[{"embeddable":true,"href":"https:\/\/www.mondragon-assembly.com\/fr\/wp-json\/wp\/v2\/comments?post=27276"}],"version-history":[{"count":6,"href":"https:\/\/www.mondragon-assembly.com\/fr\/wp-json\/wp\/v2\/pages\/27276\/revisions"}],"predecessor-version":[{"id":37521,"href":"https:\/\/www.mondragon-assembly.com\/fr\/wp-json\/wp\/v2\/pages\/27276\/revisions\/37521"}],"up":[{"embeddable":true,"href":"https:\/\/www.mondragon-assembly.com\/fr\/wp-json\/wp\/v2\/pages\/27212"}],"wp:attachment":[{"href":"https:\/\/www.mondragon-assembly.com\/fr\/wp-json\/wp\/v2\/media?parent=27276"}],"wp:term":[{"taxonomy":"yst_prominent_words","embeddable":true,"href":"https:\/\/www.mondragon-assembly.com\/fr\/wp-json\/wp\/v2\/yst_prominent_words?post=27276"}],"curies":[{"name":"wp","href":"https:\/\/api.w.org\/{rel}","templated":true}]}}