{"id":27308,"date":"2020-11-01T20:54:56","date_gmt":"2020-11-01T18:54:56","guid":{"rendered":"https:\/\/www.mondragon-assembly.com\/other-equipment\/edge-trimming\/"},"modified":"2021-03-28T21:21:03","modified_gmt":"2021-03-28T19:21:03","slug":"decoupe-des-bords","status":"publish","type":"page","link":"https:\/\/www.mondragon-assembly.com\/fr\/solar-automation-solutions\/equipement-individuel-2\/autres-equipements\/decoupe-des-bords\/","title":{"rendered":"D\u00e9coupe des bords"},"content":{"rendered":"<div class=\"wpb-content-wrapper\"><p>[vc_row][vc_column][vc_single_image image=\u00a0\u00bb25765&Prime; img_size=\u00a0\u00bbfull\u00a0\u00bb alignment=\u00a0\u00bbcenter\u00a0\u00bb style=\u00a0\u00bbvc_box_shadow_border\u00a0\u00bb css_animation=\u00a0\u00bbfadeIn\u00a0\u00bb][\/vc_column][\/vc_row][vc_row full_width=\u00a0\u00bbstretch_row_content\u00a0\u00bb][vc_column width=\u00a0\u00bb1\/5&Prime;][\/vc_column][vc_column width=\u00a0\u00bb2\/5&Prime;][vc_column_text]<\/p>\n<h3><span style=\"color: #e20026;\"><img decoding=\"async\" class=\"alignnone size-full wp-image-22215\" src=\"https:\/\/www.mondragon-assembly.com\/wp-content\/uploads\/2019\/06\/icon-description.jpg\" alt=\"\" width=\"41\" height=\"41\" \/> Description<\/span><\/h3>\n<p>[\/vc_column_text][vc_column_text]La machine de d\u00e9coupe de bords taille automatiquement<br \/>\nles surplus apr\u00e8s lamination sur le pourtour du module.[\/vc_column_text][\/vc_column][vc_column width=\u00a0\u00bb2\/5&Prime;][vc_column_text]<\/p>\n<h3><span style=\"color: #e20026;\"><img decoding=\"async\" class=\"alignnone wp-image-22325 size-full\" src=\"https:\/\/www.mondragon-assembly.com\/wp-content\/uploads\/2019\/06\/icon-advantages.jpg\" alt=\"\" width=\"41\" height=\"41\" \/> Avantages<\/span><\/h3>\n<p>[\/vc_column_text][vc_column_text el_class=\u00a0\u00bbicon_list\u00a0\u00bb]<\/p>\n<ul>\n<li>Elle assure une d\u00e9coupe de qualit\u00e9 contre le verre<\/li>\n<li>Surveillance continue par l&rsquo;op\u00e9rateur non requise<\/li>\n<li>Production pr\u00e9cise et uniforme<\/li>\n<\/ul>\n<p>[\/vc_column_text][\/vc_column][\/vc_row][vc_row full_width=\u00a0\u00bbstretch_row_content\u00a0\u00bb][vc_column width=\u00a0\u00bb1\/5&Prime;][\/vc_column][vc_column width=\u00a0\u00bb2\/5&Prime;][vc_column_text]<\/p>\n<h3><span style=\"color: #e20026;\"><img decoding=\"async\" class=\"alignnone wp-image-22233 size-full\" src=\"https:\/\/www.mondragon-assembly.com\/wp-content\/uploads\/2019\/06\/icon-main-features.jpg\" alt=\"\" width=\"41\" height=\"41\" \/> Caract\u00e9ristiques principales<\/span><\/h3>\n<p>[\/vc_column_text][vc_column_text el_class=\u00a0\u00bbicon_list\u00a0\u00bb]<\/p>\n<ul>\n<li>R\u00e9cup\u00e9ration automatique de d\u00e9chets de d\u00e9coupe.<\/li>\n<li>Dur\u00e9e du cycle &lt; 25 secondes<\/li>\n<\/ul>\n<p>[\/vc_column_text][\/vc_column][vc_column width=\u00a0\u00bb2\/5&Prime;][\/vc_column][\/vc_row]<\/p>\n<\/div>","protected":false},"excerpt":{"rendered":"<p>[vc_row][vc_column][vc_single_image image=\u00a0\u00bb25765&Prime; img_size=\u00a0\u00bbfull\u00a0\u00bb alignment=\u00a0\u00bbcenter\u00a0\u00bb style=\u00a0\u00bbvc_box_shadow_border\u00a0\u00bb css_animation=\u00a0\u00bbfadeIn\u00a0\u00bb][\/vc_column][\/vc_row][vc_row full_width=\u00a0\u00bbstretch_row_content\u00a0\u00bb][vc_column width=\u00a0\u00bb1\/5&Prime;][\/vc_column][vc_column width=\u00a0\u00bb2\/5&Prime;][vc_column_text] Description [\/vc_column_text][vc_column_text]La machine de d\u00e9coupe de bords taille automatiquement les surplus apr\u00e8s lamination sur le pourtour du module.[\/vc_column_text][\/vc_column][vc_column width=\u00a0\u00bb2\/5&Prime;][vc_column_text] Avantages [\/vc_column_text][vc_column_text el_class=\u00a0\u00bbicon_list\u00a0\u00bb] Elle assure une d\u00e9coupe de qualit\u00e9 contre le verre Surveillance continue par l&rsquo;op\u00e9rateur non requise Production pr\u00e9cise et uniforme [\/vc_column_text][\/vc_column][\/vc_row][vc_row full_width=\u00a0\u00bbstretch_row_content\u00a0\u00bb][vc_column width=\u00a0\u00bb1\/5&Prime;][\/vc_column][vc_column width=\u00a0\u00bb2\/5&Prime;][vc_column_text] Caract\u00e9ristiques [&hellip;]<\/p>\n","protected":false},"author":4,"featured_media":0,"parent":27212,"menu_order":0,"comment_status":"closed","ping_status":"closed","template":"sectors.php","meta":{"_lmt_disableupdate":"","_lmt_disable":"","footnotes":""},"yst_prominent_words":[],"class_list":["post-27308","page","type-page","status-publish","hentry"],"acf":[],"_links":{"self":[{"href":"https:\/\/www.mondragon-assembly.com\/fr\/wp-json\/wp\/v2\/pages\/27308","targetHints":{"allow":["GET"]}}],"collection":[{"href":"https:\/\/www.mondragon-assembly.com\/fr\/wp-json\/wp\/v2\/pages"}],"about":[{"href":"https:\/\/www.mondragon-assembly.com\/fr\/wp-json\/wp\/v2\/types\/page"}],"author":[{"embeddable":true,"href":"https:\/\/www.mondragon-assembly.com\/fr\/wp-json\/wp\/v2\/users\/4"}],"replies":[{"embeddable":true,"href":"https:\/\/www.mondragon-assembly.com\/fr\/wp-json\/wp\/v2\/comments?post=27308"}],"version-history":[{"count":16,"href":"https:\/\/www.mondragon-assembly.com\/fr\/wp-json\/wp\/v2\/pages\/27308\/revisions"}],"predecessor-version":[{"id":37524,"href":"https:\/\/www.mondragon-assembly.com\/fr\/wp-json\/wp\/v2\/pages\/27308\/revisions\/37524"}],"up":[{"embeddable":true,"href":"https:\/\/www.mondragon-assembly.com\/fr\/wp-json\/wp\/v2\/pages\/27212"}],"wp:attachment":[{"href":"https:\/\/www.mondragon-assembly.com\/fr\/wp-json\/wp\/v2\/media?parent=27308"}],"wp:term":[{"taxonomy":"yst_prominent_words","embeddable":true,"href":"https:\/\/www.mondragon-assembly.com\/fr\/wp-json\/wp\/v2\/yst_prominent_words?post=27308"}],"curies":[{"name":"wp","href":"https:\/\/api.w.org\/{rel}","templated":true}]}}