{"id":28396,"date":"2016-04-15T08:54:25","date_gmt":"2016-04-15T07:54:25","guid":{"rendered":"https:\/\/www.mondragon-assembly.com\/?page_id=28396"},"modified":"2025-01-22T12:51:54","modified_gmt":"2025-01-22T11:51:54","slug":"equipement-individuel-2","status":"publish","type":"page","link":"https:\/\/www.mondragon-assembly.com\/fr\/solar-automation-solutions\/equipement-individuel-2\/","title":{"rendered":"\u00c9quipement individuel"},"content":{"rendered":"<div class=\"wpb-content-wrapper\"><p>[vc_row][vc_column][vc_column_text]Mondragon Assembly propose des solutions flexibles, de haute technologie et avec une efficacit\u00e9 maximale, regroup\u00e9es au sein d\u2019un unique \u00e9quipement. Nos machines sont con\u00e7ues selon les normes europ\u00e9ennes les plus strictes, garantissant la robustesse, la s\u00e9curit\u00e9 et la durabilit\u00e9 des solutions d\u00e9velopp\u00e9es.[\/vc_column_text][\/vc_column][\/vc_row][vc_row gap=\u00a0\u00bb35&Prime;][vc_column width=\u00a0\u00bb1\/2&Prime; css=\u00a0\u00bb.vc_custom_1731062278114{padding-top: 150px !important;background-image: url(https:\/\/www.mondragon-assembly.com\/wp-content\/uploads\/2024\/11\/tabber-and-stringers-v2.webp?id=72540) !important;background-position: 0 0 !important;background-repeat: no-repeat !important;}\u00a0\u00bb el_class=\u00a0\u00bbcolumna_margen_izq\u00a0\u00bb][vc_column_text css=\u00a0\u00bb.vc_custom_1737544835148{margin-bottom: 15px !important;}\u00a0\u00bb]<\/p>\n<h2 style=\"font-weight: bold;\"><span style=\"color: #ffffff;\">Tabber &amp; Stringers<\/span><\/h2>\n<p><span style=\"color: #ffffff;\">Une grande vari\u00e9t\u00e9 pour r\u00e9pondre \u00e0 tous les besoins de production\u00a0<\/span>[\/vc_column_text][vc_btn title=\u00a0\u00bb&gt; Trouvez votre Stringer\u00a0\u00bb style=\u00a0\u00bbcustom\u00a0\u00bb custom_background=\u00a0\u00bb#E20026&Prime; custom_text=\u00a0\u00bb#FFFFFF\u00a0\u00bb size=\u00a0\u00bbsm\u00a0\u00bb css=\u00a0\u00bb\u00a0\u00bb link=\u00a0\u00bburl:https%3A%2F%2Fwww.mondragon-assembly.com%2Ffr%2Fsolar-automation-solutions%2Fequipement-individuel%2Ftabber-and-stringer%2F\u00a0\u00bb el_class=\u00a0\u00bbresaltar_texto_btn\u00a0\u00bb][\/vc_column][vc_column width=\u00a0\u00bb1\/2&Prime; css=\u00a0\u00bb.vc_custom_1731062294245{padding-top: 150px !important;background-image: url(https:\/\/www.mondragon-assembly.com\/wp-content\/uploads\/2024\/11\/automatic-lay-up-v2.webp?id=72548) !important;background-position: 0 0 !important;background-repeat: no-repeat !important;}\u00a0\u00bb][vc_column_text css=\u00a0\u00bb.vc_custom_1737545165882{margin-bottom: 15px !important;}\u00a0\u00bb]<\/p>\n<h2 style=\"font-weight: bold;\"><span style=\"color: #ffffff;\">Lay-up Automatique<\/span><\/h2>\n<p><span style=\"color: #ffffff;\">Vitesse et pr\u00e9cision \u00e9lev\u00e9es\u00a0<\/span>[\/vc_column_text][vc_btn title=\u00a0\u00bb&gt; Trouvez votre Lay-up\u00a0\u00bb style=\u00a0\u00bbcustom\u00a0\u00bb custom_background=\u00a0\u00bb#E20026&Prime; custom_text=\u00a0\u00bb#FFFFFF\u00a0\u00bb size=\u00a0\u00bbsm\u00a0\u00bb css=\u00a0\u00bb\u00a0\u00bb link=\u00a0\u00bburl:https%3A%2F%2Fwww.mondragon-assembly.com%2Ffr%2Fsolar-automation-solutions%2Fequipement-individuel%2Flay-up-automatique%2F\u00a0\u00bb el_class=\u00a0\u00bbresaltar_texto_btn\u00a0\u00bb][\/vc_column][\/vc_row][vc_row gap=\u00a0\u00bb35&Prime;][vc_column width=\u00a0\u00bb1\/2&Prime; css=\u00a0\u00bb.vc_custom_1731062307986{padding-top: 150px !important;background-image: url(https:\/\/www.mondragon-assembly.com\/wp-content\/uploads\/2024\/11\/interconnection-machine-v2.webp?id=72575) !important;background-position: 0 0 !important;background-repeat: no-repeat !important;}\u00a0\u00bb el_class=\u00a0\u00bbcolumna_margen_izq\u00a0\u00bb][vc_column_text css=\u00a0\u00bb.vc_custom_1737545419011{margin-bottom: 15px !important;}\u00a0\u00bb el_class=\u00a0\u00bbtxt_interconnection\u00a0\u00bb]<\/p>\n<h2 style=\"font-weight: bold;\"><span style=\"color: #ffffff;\">Machine d&rsquo;interconnexion<\/span><\/h2>\n<p><span style=\"color: #ffffff;\">La machine qui charge, coupe et plie automatiquement le ribbon<\/span>[\/vc_column_text][vc_btn title=\u00a0\u00bb&gt; D\u00e9couvrez votre IC-120&Prime; style=\u00a0\u00bbcustom\u00a0\u00bb custom_background=\u00a0\u00bb#E20026&Prime; custom_text=\u00a0\u00bb#FFFFFF\u00a0\u00bb size=\u00a0\u00bbsm\u00a0\u00bb css=\u00a0\u00bb\u00a0\u00bb link=\u00a0\u00bburl:https%3A%2F%2Fwww.mondragon-assembly.com%2Ffr%2Fsolar-automation-solutions%2Fequipement-individuel%2Fmachine-d-interconnexion%2F\u00a0\u00bb el_class=\u00a0\u00bbresaltar_texto_btn\u00a0\u00bb][\/vc_column][vc_column width=\u00a0\u00bb1\/2&Prime; css=\u00a0\u00bb.vc_custom_1731062320794{padding-top: 150px !important;background-image: url(https:\/\/www.mondragon-assembly.com\/wp-content\/uploads\/2024\/11\/laminators-v2.webp?id=72583) !important;background-position: 0 0 !important;background-repeat: no-repeat !important;}\u00a0\u00bb][vc_column_text css=\u00a0\u00bb.vc_custom_1737545786691{margin-bottom: 15px !important;}\u00a0\u00bb]<\/p>\n<h2 style=\"font-weight: bold;\"><span style=\"color: #ffffff;\">Laminators<\/span><\/h2>\n<p><span style=\"color: #ffffff;\">Laminators personnalis\u00e9s pour r\u00e9pondre \u00e0 tous les besoins de production<\/span>[\/vc_column_text][vc_btn title=\u00a0\u00bb&gt; D\u00e9couvrez votre Laminator\u00a0\u00bb style=\u00a0\u00bbcustom\u00a0\u00bb custom_background=\u00a0\u00bb#E20026&Prime; custom_text=\u00a0\u00bb#FFFFFF\u00a0\u00bb size=\u00a0\u00bbsm\u00a0\u00bb css=\u00a0\u00bb\u00a0\u00bb link=\u00a0\u00bburl:https%3A%2F%2Fwww.mondragon-assembly.com%2Ffr%2Fsolar-automation-solutions%2Fequipement-individuel%2Flaminoirs%2F\u00a0\u00bb el_class=\u00a0\u00bbresaltar_texto_btn\u00a0\u00bb][\/vc_column][\/vc_row][vc_row gap=\u00a0\u00bb35&Prime;][vc_column width=\u00a0\u00bb1\/2&Prime; css=\u00a0\u00bb.vc_custom_1731062367966{padding-top: 150px !important;background-image: url(https:\/\/www.mondragon-assembly.com\/wp-content\/uploads\/2024\/11\/pv-module-testing-v2.webp?id=72591) !important;background-position: 0 0 !important;background-repeat: no-repeat !important;}\u00a0\u00bb el_class=\u00a0\u00bbcolumna_margen_izq\u00a0\u00bb][vc_column_text css=\u00a0\u00bb.vc_custom_1737546626542{margin-bottom: 15px !important;}\u00a0\u00bb]<\/p>\n<h2 style=\"font-weight: bold;\"><span style=\"color: #ffffff;\">Test de module PV<\/span><\/h2>\n<p><span style=\"color: #ffffff;\">Pour assurer un rendement optimal des modules photovolta\u00efques<\/span>[\/vc_column_text][vc_btn title=\u00a0\u00bb&gt; Recherchez votre technologie\u00a0\u00bb style=\u00a0\u00bbcustom\u00a0\u00bb custom_background=\u00a0\u00bb#E20026&Prime; custom_text=\u00a0\u00bb#FFFFFF\u00a0\u00bb size=\u00a0\u00bbsm\u00a0\u00bb css=\u00a0\u00bb\u00a0\u00bb link=\u00a0\u00bburl:https%3A%2F%2Fwww.mondragon-assembly.com%2Ffr%2Fsolar-automation-solutions%2Fequipement-individuel%2Ftest-de-module-pv%2F\u00a0\u00bb el_class=\u00a0\u00bbresaltar_texto_btn\u00a0\u00bb][\/vc_column][vc_column width=\u00a0\u00bb1\/2&Prime; css=\u00a0\u00bb.vc_custom_1731062377285{padding-top: 150px !important;background-image: url(https:\/\/www.mondragon-assembly.com\/wp-content\/uploads\/2024\/11\/second-glass-loading-v2.webp?id=72599) !important;background-position: 0 0 !important;background-repeat: no-repeat !important;}\u00a0\u00bb][vc_column_text css=\u00a0\u00bb.vc_custom_1737546697965{margin-bottom: 15px !important;}\u00a0\u00bb]<\/p>\n<h2 style=\"font-weight: bold;\"><span style=\"color: #ffffff;\">Autres \u00e9quipements<\/span><\/h2>\n<p><span style=\"color: #ffffff;\">Tout ce dont vous avez besoin pour automatiser votre production<\/span>[\/vc_column_text][vc_btn title=\u00a0\u00bb&gt; Trouvez votre \u00e9quipe\u00a0\u00bb style=\u00a0\u00bbcustom\u00a0\u00bb custom_background=\u00a0\u00bb#E20026&Prime; custom_text=\u00a0\u00bb#FFFFFF\u00a0\u00bb size=\u00a0\u00bbsm\u00a0\u00bb css=\u00a0\u00bb\u00a0\u00bb link=\u00a0\u00bburl:https%3A%2F%2Fwww.mondragon-assembly.com%2Ffr%2Fsolar-automation-solutions%2Fequipement-individuel%2Fautres-equipements%2F\u00a0\u00bb el_class=\u00a0\u00bbresaltar_texto_btn\u00a0\u00bb][\/vc_column][\/vc_row]<\/p>\n<\/div>","protected":false},"excerpt":{"rendered":"<p>[vc_row][vc_column][vc_column_text]Mondragon Assembly propose des solutions flexibles, de haute technologie et avec une efficacit\u00e9 maximale, regroup\u00e9es au sein d\u2019un unique \u00e9quipement. Nos machines sont con\u00e7ues selon les normes europ\u00e9ennes les plus strictes, garantissant la robustesse, la s\u00e9curit\u00e9 et la durabilit\u00e9 des solutions d\u00e9velopp\u00e9es.[\/vc_column_text][\/vc_column][\/vc_row][vc_row gap=\u00a0\u00bb35&Prime;][vc_column width=\u00a0\u00bb1\/2&Prime; css=\u00a0\u00bb.vc_custom_1731062278114{padding-top: 150px !important;background-image: url(https:\/\/www.mondragon-assembly.com\/wp-content\/uploads\/2024\/11\/tabber-and-stringers-v2.webp?id=72540) !important;background-position: 0 0 !important;background-repeat: no-repeat !important;}\u00a0\u00bb el_class=\u00a0\u00bbcolumna_margen_izq\u00a0\u00bb][vc_column_text [&hellip;]<\/p>\n","protected":false},"author":4,"featured_media":0,"parent":31256,"menu_order":0,"comment_status":"closed","ping_status":"closed","template":"sectors.php","meta":{"_lmt_disableupdate":"","_lmt_disable":"","footnotes":""},"yst_prominent_words":[1280],"class_list":["post-28396","page","type-page","status-publish","hentry"],"acf":[],"_links":{"self":[{"href":"https:\/\/www.mondragon-assembly.com\/fr\/wp-json\/wp\/v2\/pages\/28396","targetHints":{"allow":["GET"]}}],"collection":[{"href":"https:\/\/www.mondragon-assembly.com\/fr\/wp-json\/wp\/v2\/pages"}],"about":[{"href":"https:\/\/www.mondragon-assembly.com\/fr\/wp-json\/wp\/v2\/types\/page"}],"author":[{"embeddable":true,"href":"https:\/\/www.mondragon-assembly.com\/fr\/wp-json\/wp\/v2\/users\/4"}],"replies":[{"embeddable":true,"href":"https:\/\/www.mondragon-assembly.com\/fr\/wp-json\/wp\/v2\/comments?post=28396"}],"version-history":[{"count":30,"href":"https:\/\/www.mondragon-assembly.com\/fr\/wp-json\/wp\/v2\/pages\/28396\/revisions"}],"predecessor-version":[{"id":73988,"href":"https:\/\/www.mondragon-assembly.com\/fr\/wp-json\/wp\/v2\/pages\/28396\/revisions\/73988"}],"up":[{"embeddable":true,"href":"https:\/\/www.mondragon-assembly.com\/fr\/wp-json\/wp\/v2\/pages\/31256"}],"wp:attachment":[{"href":"https:\/\/www.mondragon-assembly.com\/fr\/wp-json\/wp\/v2\/media?parent=28396"}],"wp:term":[{"taxonomy":"yst_prominent_words","embeddable":true,"href":"https:\/\/www.mondragon-assembly.com\/fr\/wp-json\/wp\/v2\/yst_prominent_words?post=28396"}],"curies":[{"name":"wp","href":"https:\/\/api.w.org\/{rel}","templated":true}]}}