{"id":28410,"date":"2021-01-21T15:07:25","date_gmt":"2021-01-21T13:07:25","guid":{"rendered":"https:\/\/www.mondragon-assembly.com\/?page_id=28410"},"modified":"2021-07-07T10:50:27","modified_gmt":"2021-07-07T08:50:27","slug":"a-propos-de-nous","status":"publish","type":"page","link":"https:\/\/www.mondragon-assembly.com\/fr\/a-propos-de-nous\/","title":{"rendered":"\u00c0 propos de nous"},"content":{"rendered":"<div class=\"wpb-content-wrapper\"><p>[vc_row][vc_column][vc_column_text]Mondragon Assembly est un groupe international sp\u00e9cialis\u00e9 dans le d\u00e9veloppement de solutions d\u2019automatisation et d\u2019assemblage. La soci\u00e9t\u00e9 m\u00e8re en Espagne, qui est une coop\u00e9rative, l\u2019une des pionni\u00e8res dans le d\u00e9veloppement de technologies de production et de montage, a \u00e9t\u00e9 cr\u00e9\u00e9e en 1977.<\/p>\n<p>Notre entreprise est divis\u00e9e en trois secteurs d\u2019activit\u00e9\u00a0: Solaire, E-mobilit\u00e9 &amp; stockage d\u2019\u00e9nergie et technologies d\u2019automatisation. Nos principales activit\u00e9s dans chacun de ces secteurs comprennent le d\u00e9veloppement de lignes et de machines cl\u00e9s en main et la fabrication en sous-traitance, gr\u00e2ce \u00e0 notre capacit\u00e9 \u00e0 proposer des solutions partout dans le monde avec nos six usines de production et nos trois bureaux techniques et commerciaux.[\/vc_column_text][\/vc_column][\/vc_row][vc_row][vc_column][vc_single_image image=\u00a0\u00bb40626&Prime; img_size=\u00a0\u00bb500&#215;500&Prime; alignment=\u00a0\u00bbcenter\u00a0\u00bb][\/vc_column][\/vc_row][vc_row][vc_column][vc_column_text]Si quelque chose nous unit en tant qu\u2019\u00e9quipe, il s\u2019agit bien de notre passion pour l\u2019automatisation. Chez Mondragon Assembly, nous vivons chaque projet au maximum, l\u2019automatisation est notre coeur de m\u00e9tier. Nous mettons toute notre exp\u00e9rience au service de chaque client. En d\u2019autres termes, nous exploitons notre potentiel pour pouvoir offrir les meilleures solutions, les plus innovantes dans chaque projet.[\/vc_column_text][\/vc_column][\/vc_row][vc_row full_width=\u00a0\u00bbstretch_row\u00a0\u00bb css=\u00a0\u00bb.vc_custom_1609836261542{background-color: #f7f7f7 !important;}\u00a0\u00bb][vc_column width=\u00a0\u00bb1\/2&Prime;][vc_custom_heading text=\u00a0\u00bbVID\u00c9O D\u2019ENTREPRISE\u00a0\u00bb font_container=\u00a0\u00bbtag:h3|text_align:left\u00a0\u00bb google_fonts=\u00a0\u00bbfont_family:Roboto%3A100%2C100italic%2C300%2C300italic%2Cregular%2Citalic%2C500%2C500italic%2C700%2C700italic%2C900%2C900italic|font_style:700%20bold%20regular%3A700%3Anormal\u00a0\u00bb el_class=\u00a0\u00bblinea_inferior_title\u00a0\u00bb][vc_column_text]En savoir plus sur nous gr\u00e2ce \u00e0 notre vid\u00e9o d\u2019entreprise.[\/vc_column_text][\/vc_column][vc_column width=\u00a0\u00bb1\/2&Prime;][vc_row_inner][vc_column_inner][vc_video link=\u00a0\u00bbhttps:\/\/www.youtube.com\/watch?v=Wufh7QnY9PA\u00a0\u00bb][\/vc_column_inner][\/vc_row_inner][\/vc_column][\/vc_row][vc_row][vc_column][vc_empty_space][\/vc_column][\/vc_row][vc_row css=\u00a0\u00bb.vc_custom_1610364024464{background-color: #f7f7f7 !important;}\u00a0\u00bb][vc_column width=\u00a0\u00bb2\/5&Prime;][vc_single_image image=\u00a0\u00bb28422&Prime; img_size=\u00a0\u00bbfull\u00a0\u00bb][\/vc_column][vc_column width=\u00a0\u00bb3\/5&Prime; css=\u00a0\u00bb.vc_custom_1610363925452{background-color: #f7f7f7 !important;}\u00a0\u00bb][vc_column_text]<\/p>\n<h4 style=\"text-align: center; font-weight: bold; padding: 50px 0;\"><b>NOUS FAISONS PARTIE DU PLUS GRAND GROUPE COOP\u00c9RATIF AU MONDE<\/b><\/h4>\n<p style=\"text-align: center;\">Nous faisons partie de Mondragon Corporation, l\u2019un des groupes coop\u00e9ratifs les plus importants d\u2019Europe. Cr\u00e9\u00e9 en 1954, ce groupe en constante expansion comprend plus de 280 entreprises employant 81 000 personnes.<\/p>\n<p>[\/vc_column_text][\/vc_column][\/vc_row][vc_row][vc_column][vc_empty_space][\/vc_column][\/vc_row][vc_row css=\u00a0\u00bb.vc_custom_1610364024464{background-color: #f7f7f7 !important;}\u00a0\u00bb][vc_column width=\u00a0\u00bb3\/5&Prime;][vc_column_text]<\/p>\n<h4 style=\"text-align: center; font-weight: bold; padding: 20px 0;\"><b>CHEZ MONDRAGON ASSEMBLY, LA QUALIT\u00c9 EST UNE PRIORIT\u00c9<br \/>\n<\/b><\/h4>\n<p style=\"text-align: center;\">Nous d\u00e9veloppons des lignes de production automatis\u00e9es pour lesquelles la qualit\u00e9 est un facteur cl\u00e9. Tous nos produits sont fabriqu\u00e9s selon les normes de qualit\u00e9 les plus \u00e9lev\u00e9es et sont soumis \u00e0 des contr\u00f4les de qualit\u00e9 rigoureux, garantissant la s\u00e9curit\u00e9 des personnes qui interagissent avec nos lignes et la qualit\u00e9 de tous nos processus, gr\u00e2ce \u00e0 la collaboration avec des entreprises et des institutions qui certifient la qualit\u00e9 de nos produits.<\/p>\n<p style=\"text-align: center;\">Nous mettons en \u0153uvre des processus de qualit\u00e9 clairs au sein de notre organisation depuis des ann\u00e9es et cela se refl\u00e8te dans la satisfaction de nos employ\u00e9s et clients.<\/p>\n<p>[\/vc_column_text][\/vc_column][vc_column width=\u00a0\u00bb2\/5&Prime; css=\u00a0\u00bb.vc_custom_1610363925452{background-color: #f7f7f7 !important;}\u00a0\u00bb][vc_single_image image=\u00a0\u00bb31277&Prime; img_size=\u00a0\u00bbfull\u00a0\u00bb][\/vc_column][\/vc_row][vc_row][vc_column][vc_empty_space][\/vc_column][\/vc_row][vc_row css=\u00a0\u00bb.vc_custom_1610364024464{background-color: #f7f7f7 !important;}\u00a0\u00bb][vc_column width=\u00a0\u00bb2\/5&Prime;][vc_single_image image=\u00a0\u00bb31278&Prime; img_size=\u00a0\u00bbfull\u00a0\u00bb][\/vc_column][vc_column width=\u00a0\u00bb3\/5&Prime; css=\u00a0\u00bb.vc_custom_1610363925452{background-color: #f7f7f7 !important;}\u00a0\u00bb][vc_column_text css=\u00a0\u00bb.vc_custom_1613378153655{margin-top: 25px !important;}\u00a0\u00bb]<\/p>\n<h4 style=\"text-align: center; font-weight: bold; padding: 20px 0;\"><b>NOS CLIENTS<br \/>\n<\/b><\/h4>\n<p style=\"text-align: center;\">Gr\u00e2ce \u00e0 notre excellente gestion ainsi que notre approche orient\u00e9e vers le client et bas\u00e9e sur l\u2019innovation, l\u2019honn\u00eatet\u00e9 et la transparence, nous avons gagn\u00e9 la confiance de nos clients, ce qui nous a permis de devenir un groupe de r\u00e9f\u00e9rence partout dans le monde. Nous proposons des solutions dans lesquelles nous fournissons un haut niveau de connaissances technologiques, cr\u00e9ant des relations \u00e0 long terme avec nos clients et utilisant nos id\u00e9es innovantes pour r\u00e9pondre \u00e0 leurs attentes.<\/p>\n<p>[\/vc_column_text][\/vc_column][\/vc_row]<\/p>\n<\/div>","protected":false},"excerpt":{"rendered":"<p>[vc_row][vc_column][vc_column_text]Mondragon Assembly est un groupe international sp\u00e9cialis\u00e9 dans le d\u00e9veloppement de solutions d\u2019automatisation et d\u2019assemblage. La soci\u00e9t\u00e9 m\u00e8re en Espagne, qui est une coop\u00e9rative, l\u2019une des pionni\u00e8res dans le d\u00e9veloppement de technologies de production et de montage, a \u00e9t\u00e9 cr\u00e9\u00e9e en 1977. Notre entreprise est divis\u00e9e en trois secteurs d\u2019activit\u00e9\u00a0: Solaire, E-mobilit\u00e9 &amp; stockage d\u2019\u00e9nergie [&hellip;]<\/p>\n","protected":false},"author":4,"featured_media":0,"parent":0,"menu_order":0,"comment_status":"closed","ping_status":"closed","template":"sectors.php","meta":{"_lmt_disableupdate":"","_lmt_disable":"","footnotes":""},"yst_prominent_words":[230,454,1306,2123,2161,2166,2173,2917],"class_list":["post-28410","page","type-page","status-publish","hentry"],"acf":[],"_links":{"self":[{"href":"https:\/\/www.mondragon-assembly.com\/fr\/wp-json\/wp\/v2\/pages\/28410","targetHints":{"allow":["GET"]}}],"collection":[{"href":"https:\/\/www.mondragon-assembly.com\/fr\/wp-json\/wp\/v2\/pages"}],"about":[{"href":"https:\/\/www.mondragon-assembly.com\/fr\/wp-json\/wp\/v2\/types\/page"}],"author":[{"embeddable":true,"href":"https:\/\/www.mondragon-assembly.com\/fr\/wp-json\/wp\/v2\/users\/4"}],"replies":[{"embeddable":true,"href":"https:\/\/www.mondragon-assembly.com\/fr\/wp-json\/wp\/v2\/comments?post=28410"}],"version-history":[{"count":12,"href":"https:\/\/www.mondragon-assembly.com\/fr\/wp-json\/wp\/v2\/pages\/28410\/revisions"}],"predecessor-version":[{"id":40627,"href":"https:\/\/www.mondragon-assembly.com\/fr\/wp-json\/wp\/v2\/pages\/28410\/revisions\/40627"}],"wp:attachment":[{"href":"https:\/\/www.mondragon-assembly.com\/fr\/wp-json\/wp\/v2\/media?parent=28410"}],"wp:term":[{"taxonomy":"yst_prominent_words","embeddable":true,"href":"https:\/\/www.mondragon-assembly.com\/fr\/wp-json\/wp\/v2\/yst_prominent_words?post=28410"}],"curies":[{"name":"wp","href":"https:\/\/api.w.org\/{rel}","templated":true}]}}