{"id":30034,"date":"2020-11-19T11:49:26","date_gmt":"2020-11-19T09:49:26","guid":{"rendered":"https:\/\/www.mondragon-assembly.com\/energy-storage\/"},"modified":"2021-03-28T21:37:05","modified_gmt":"2021-03-28T19:37:05","slug":"e-mobilite-et-stockage-denergie","status":"publish","type":"page","link":"https:\/\/www.mondragon-assembly.com\/fr\/e-mobilite-et-stockage-denergie\/","title":{"rendered":"E-mobilit\u00e9 et stockage d\u2019\u00e9nergie"},"content":{"rendered":"<div class=\"wpb-content-wrapper\"><p>[vc_row css=\u00a0\u00bb.vc_custom_1604064744834{margin-top: -25px !important;}\u00a0\u00bb][vc_column][vc_empty_space height=\u00a0\u00bb20&Prime;][\/vc_column][\/vc_row][vc_row][vc_column][vc_empty_space][\/vc_column][\/vc_row][vc_row css=\u00a0\u00bb.vc_custom_1604064744834{margin-top: -25px !important;}\u00a0\u00bb][vc_column][vc_column_text css_animation=\u00a0\u00bbappear\u00a0\u00bb css=\u00a0\u00bb.vc_custom_1609154212919{padding-top: 7px !important;padding-right: 20px !important;padding-bottom: 20px !important;padding-left: 20px !important;background-color: #f7f7f7 !important;}\u00a0\u00bb]<\/p>\n<h3 style=\"text-align: center;\"><span style=\"color: #2b3c46;\">La demande de syst\u00e8mes de stockage de l\u2019\u00e9nergie bas\u00e9s sur des batteries Li-ion est en pleine expansion, \u00e0 la fois dans l\u2019industrie automobile et les applications stationnaires.<\/span><\/h3>\n<p>[\/vc_column_text][\/vc_column][\/vc_row][vc_row][vc_column][vc_column_text]Nous combinons nos plus de 40\u00a0ans d\u2019exp\u00e9rience dans des secteurs tels que l\u2019automobile et le photovolta\u00efque pour proposer des solutions automatis\u00e9es de stockage de l\u2019\u00e9nergie. Nous proposons des solutions de syst\u00e8me innovantes et flexibles pour la fabrication de modules et de blocs de batteries et de piles \u00e0 hydrog\u00e8ne, destin\u00e9s \u00e0 diff\u00e9rents secteurs, tels que l\u2019automobile et les applications stationnaires, en nous adaptant toujours aux besoins de nos clients.[\/vc_column_text][\/vc_column][\/vc_row][vc_row][vc_column][vc_column_text el_class=\u00a0\u00bbicon_list\u00a0\u00bb]Nous offrons un large \u00e9ventail de solutions pour diff\u00e9rentes technologies de stockage de l\u2019\u00e9nergie\u00a0:<\/p>\n<ul>\n<li>Modules et packs de batteries\n<ul>\n<li>Technologie au lithium<\/li>\n<li>Autres technologies chimiques<\/li>\n<\/ul>\n<\/li>\n<li>Technologies de l\u2019hydrog\u00e8ne\n<ul>\n<li>Proc\u00e9d\u00e9 d\u2019\u00e9lectrolyse<\/li>\n<li>Proc\u00e9d\u00e9s de fabrication de pile<\/li>\n<\/ul>\n<\/li>\n<\/ul>\n<p>[\/vc_column_text][\/vc_column][\/vc_row][vc_row][vc_column][vc_empty_space height=\u00a0\u00bb10px\u00a0\u00bb][\/vc_column][\/vc_row][vc_row][vc_column][vc_column_text el_class=\u00a0\u00bbicon_list_subt\u00a0\u00bb]<\/p>\n<h4 style=\"color: #3d3d3d; font-weight: bold;\">Solutions pour les technologies de blocs de batteries<\/h4>\n<p>[\/vc_column_text][\/vc_column][\/vc_row][vc_row][vc_column width=\u00a0\u00bb1\/2&Prime;][vc_single_image image=\u00a0\u00bb26029&Prime; img_size=\u00a0\u00bbfull\u00a0\u00bb alignment=\u00a0\u00bbcenter\u00a0\u00bb onclick=\u00a0\u00bbcustom_link\u00a0\u00bb css_animation=\u00a0\u00bbzoomInUp\u00a0\u00bb css=\u00a0\u00bb.vc_custom_1613551919082{border-top-width: 3px !important;border-right-width: 3px !important;border-bottom-width: 3px !important;border-left-width: 3px !important;border-left-color: #fce3e9 !important;border-left-style: solid !important;border-right-color: #fce3e9 !important;border-right-style: solid !important;border-top-color: #fce3e9 !important;border-top-style: solid !important;border-bottom-color: #fce3e9 !important;border-bottom-style: solid !important;}\u00a0\u00bb link=\u00a0\u00bbhttps:\/\/www.mondragon-assembly.com\/fr\/e-mobilite-et-stockage-denergie\/turnkey-lines-for-batteries-modules-packs-assembly\/\u00a0\u00bb][vc_column_text el_class=\u00a0\u00bbicon_list_subt\u00a0\u00bb]<\/p>\n<h4><strong>Lignes cl\u00e9s en main pour les technologies de packs de batteries<br \/>\n<\/strong><\/h4>\n<p>[\/vc_column_text][\/vc_column][vc_column width=\u00a0\u00bb1\/2&Prime;][vc_single_image image=\u00a0\u00bb35925&Prime; img_size=\u00a0\u00bbfull\u00a0\u00bb alignment=\u00a0\u00bbcenter\u00a0\u00bb onclick=\u00a0\u00bbcustom_link\u00a0\u00bb css_animation=\u00a0\u00bbzoomInUp\u00a0\u00bb css=\u00a0\u00bb.vc_custom_1615893357801{border-top-width: 3px !important;border-right-width: 3px !important;border-bottom-width: 3px !important;border-left-width: 3px !important;border-left-color: #fce3e9 !important;border-left-style: solid !important;border-right-color: #fce3e9 !important;border-right-style: solid !important;border-top-color: #fce3e9 !important;border-top-style: solid !important;border-bottom-color: #fce3e9 !important;border-bottom-style: solid !important;}\u00a0\u00bb link=\u00a0\u00bbhttps:\/\/www.mondragon-assembly.com\/fr\/e-mobilite-et-stockage-denergie\/energy-estorage-individual-equipment\/\u00a0\u00bb][vc_toggle title=\u00a0\u00bb\u00c9quipement individuel\u00a0\u00bb style=\u00a0\u00bbsimple\u00a0\u00bb]<\/p>\n<ul>\n<li class=\"icon_list_desplegable\"><a href=\"https:\/\/www.mondragon-assembly.com\/fr\/energy-storage\/energy-estorage-individual-equipment\/\">\u00c9quipement de tri et de soudage des blocs de batteries cylindriques<\/a><\/li>\n<li><a href=\"https:\/\/www.mondragon-assembly.com\/fr\/energy-storage\/energy-estorage-individual-equipment\/#ancla_prismatic\">Soudeuse-de-piles-prismatiques<\/a><\/li>\n<\/ul>\n<p>[\/vc_toggle][\/vc_column][\/vc_row][vc_row][vc_column][vc_separator][\/vc_column][\/vc_row][vc_row][vc_column][vc_column_text el_class=\u00a0\u00bbicon_list_subt\u00a0\u00bb]<\/p>\n<h4 style=\"color: #3d3d3d; font-weight: bold;\">Solutions pour les technologies de l\u2019hydrog\u00e8ne automatiques<\/h4>\n<p>[\/vc_column_text][\/vc_column][\/vc_row][vc_row][vc_column width=\u00a0\u00bb1\/2&Prime;][vc_single_image image=\u00a0\u00bb27632&Prime; img_size=\u00a0\u00bbfull\u00a0\u00bb alignment=\u00a0\u00bbcenter\u00a0\u00bb onclick=\u00a0\u00bbcustom_link\u00a0\u00bb css_animation=\u00a0\u00bbzoomInUp\u00a0\u00bb css=\u00a0\u00bb.vc_custom_1614156875653{border-top-width: 3px !important;border-right-width: 3px !important;border-bottom-width: 3px !important;border-left-width: 3px !important;border-left-color: #fce3e9 !important;border-left-style: solid !important;border-right-color: #fce3e9 !important;border-right-style: solid !important;border-top-color: #fce3e9 !important;border-top-style: solid !important;border-bottom-color: #fce3e9 !important;border-bottom-style: solid !important;}\u00a0\u00bb link=\u00a0\u00bbhttps:\/\/www.mondragon-assembly.com\/fr\/turnkey-lines-for-bipolar-plate-fuell-cells\/\u00a0\u00bb][vc_column_text el_class=\u00a0\u00bbicon_list_subt\u00a0\u00bb]<\/p>\n<h4><strong>Lignes cl\u00e9s en main pour les piles \u00e0 combustible \u00e0 plaque bipolaire<br \/>\n<\/strong><\/h4>\n<p>[\/vc_column_text][\/vc_column][vc_column width=\u00a0\u00bb1\/2&Prime;][\/vc_column][\/vc_row]<\/p>\n<\/div>","protected":false},"excerpt":{"rendered":"<p>[vc_row css=\u00a0\u00bb.vc_custom_1604064744834{margin-top: -25px !important;}\u00a0\u00bb][vc_column][vc_empty_space height=\u00a0\u00bb20&Prime;][\/vc_column][\/vc_row][vc_row][vc_column][vc_empty_space][\/vc_column][\/vc_row][vc_row css=\u00a0\u00bb.vc_custom_1604064744834{margin-top: -25px !important;}\u00a0\u00bb][vc_column][vc_column_text css_animation=\u00a0\u00bbappear\u00a0\u00bb css=\u00a0\u00bb.vc_custom_1609154212919{padding-top: 7px !important;padding-right: 20px !important;padding-bottom: 20px !important;padding-left: 20px !important;background-color: #f7f7f7 !important;}\u00a0\u00bb] La demande de syst\u00e8mes de stockage de l\u2019\u00e9nergie bas\u00e9s sur des batteries Li-ion est en pleine expansion, \u00e0 la fois dans l\u2019industrie automobile et les applications stationnaires. [\/vc_column_text][\/vc_column][\/vc_row][vc_row][vc_column][vc_column_text]Nous combinons nos plus de 40\u00a0ans d\u2019exp\u00e9rience dans [&hellip;]<\/p>\n","protected":false},"author":4,"featured_media":0,"parent":0,"menu_order":0,"comment_status":"closed","ping_status":"closed","template":"sectors.php","meta":{"_lmt_disableupdate":"","_lmt_disable":"","footnotes":""},"yst_prominent_words":[2120],"class_list":["post-30034","page","type-page","status-publish","hentry"],"acf":[],"_links":{"self":[{"href":"https:\/\/www.mondragon-assembly.com\/fr\/wp-json\/wp\/v2\/pages\/30034","targetHints":{"allow":["GET"]}}],"collection":[{"href":"https:\/\/www.mondragon-assembly.com\/fr\/wp-json\/wp\/v2\/pages"}],"about":[{"href":"https:\/\/www.mondragon-assembly.com\/fr\/wp-json\/wp\/v2\/types\/page"}],"author":[{"embeddable":true,"href":"https:\/\/www.mondragon-assembly.com\/fr\/wp-json\/wp\/v2\/users\/4"}],"replies":[{"embeddable":true,"href":"https:\/\/www.mondragon-assembly.com\/fr\/wp-json\/wp\/v2\/comments?post=30034"}],"version-history":[{"count":24,"href":"https:\/\/www.mondragon-assembly.com\/fr\/wp-json\/wp\/v2\/pages\/30034\/revisions"}],"predecessor-version":[{"id":37531,"href":"https:\/\/www.mondragon-assembly.com\/fr\/wp-json\/wp\/v2\/pages\/30034\/revisions\/37531"}],"wp:attachment":[{"href":"https:\/\/www.mondragon-assembly.com\/fr\/wp-json\/wp\/v2\/media?parent=30034"}],"wp:term":[{"taxonomy":"yst_prominent_words","embeddable":true,"href":"https:\/\/www.mondragon-assembly.com\/fr\/wp-json\/wp\/v2\/yst_prominent_words?post=30034"}],"curies":[{"name":"wp","href":"https:\/\/api.w.org\/{rel}","templated":true}]}}