{"id":30050,"date":"2020-12-30T13:08:35","date_gmt":"2020-12-30T11:08:35","guid":{"rendered":"https:\/\/www.mondragon-assembly.com\/automation-technologies\/"},"modified":"2021-03-28T11:55:32","modified_gmt":"2021-03-28T09:55:32","slug":"automation","status":"publish","type":"page","link":"https:\/\/www.mondragon-assembly.com\/fr\/automation\/","title":{"rendered":"Automatisation"},"content":{"rendered":"<div class=\"wpb-content-wrapper\"><p>[vc_row][vc_column][vc_column_text css_animation=\u00a0\u00bbleft-to-right\u00a0\u00bb]L\u2019automatisation industrielle reste une tendance dans le secteur industriel. Chaque ann\u00e9e, les solutions gagnent en sophistication et en pr\u00e9cision. Mondragon Assembly, avec plus de 40 ans d\u2019exp\u00e9rience et plus de 1\u00a0000 projets d\u00e9velopp\u00e9s pour 80 clients, est devenu une r\u00e9f\u00e9rence mondiale dans ce domaine.<!-- wpml:html_fragment\n\n--><\/p>\n<p>Nous sommes en mesure de comprendre les besoins de nos clients et d\u2019offrir des solutions modulaires pour diff\u00e9rents types de processus d\u2019assemblage intervenant dans la fabrication de divers composants industriels pour de nombreux march\u00e9s.[\/vc_column_text][\/vc_column][\/vc_row][vc_row full_width=\u00a0\u00bbstretch_row_content_no_spaces\u00a0\u00bb][vc_column][vc_column_text]<div id=\"home-slider-2019\"><div id=\"home-slider-2019-icons\"><ul><li class=\"automotive\" data-target=\"automotive\"><a href=\"https:\/\/www.mondragon-assembly.com\/automotive\/\" title=\"Automated solutions, assembly lines and end of line testers for automotive components.\"><div class=\"imagen\"><\/div><h2>Automotive<\/h2><\/a><\/li><li class=\"electricalcomponents\" data-target=\"electricalcomponents\"><a href=\"https:\/\/www.mondragon-assembly.com\/electrical-components\/\" title=\"Automated turnkey solutions for the manufacturing of electronic components.\"><div class=\"imagen\"><\/div><h2>Electrical Components<\/h2><\/a><\/li><li class=\"medical\" data-target=\"medical\"><a href=\"https:\/\/www.mondragon-assembly.com\/medical\/\" title=\"Automated turnkey solutions for the production of medical devices.\"><div class=\"imagen\"><\/div><h2>Medical<\/h2><\/a><\/li><li class=\"whitegoods\" data-target=\"whitegoods\"><a href=\"https:\/\/www.mondragon-assembly.com\/white-goods\/\" title=\"Assembly lines and automated solutions for manufacturing white goods components.\"><div class=\"imagen\"><\/div><h2>White Goods<\/h2><\/a><\/li><li class=\"cosmetic\" data-target=\"cosmetic\"><a href=\"https:\/\/www.mondragon-assembly.com\/cosmetic\/\" title=\"Automated turnkey solutions for the production of cosmetic products.\"><div class=\"imagen\"><\/div><h2>Cosmetic<\/h2><\/a><\/li><\/ul><\/div><div id=\"home-slider-2019-description\"><h2 class=\"automotive\">Automated solutions, assembly lines and end of line testers for automotive components.<\/h2><h2 class=\"electricalcomponents\">Automated turnkey solutions for the manufacturing of electronic components.<\/h2><h2 class=\"medical\">Automated turnkey solutions for the production of medical devices.<\/h2><h2 class=\"whitegoods\">Assembly lines and automated solutions for manufacturing white goods components.<\/h2><h2 class=\"cosmetic\">Automated turnkey solutions for the production of cosmetic products.<\/h2><\/div><\/div>[\/vc_column_text][\/vc_column][\/vc_row]<!-- wpml:html_fragment\n\n--><\/p>\n<\/div>","protected":false},"excerpt":{"rendered":"<p>[vc_row][vc_column][vc_column_text css_animation=\u00a0\u00bbleft-to-right\u00a0\u00bb]L\u2019automatisation industrielle reste une tendance dans le secteur industriel. Chaque ann\u00e9e, les solutions gagnent en sophistication et en pr\u00e9cision. Mondragon Assembly, avec plus de 40 ans d\u2019exp\u00e9rience et plus de 1\u00a0000 projets d\u00e9velopp\u00e9s pour 80 clients, est devenu une r\u00e9f\u00e9rence mondiale dans ce domaine. Nous sommes en mesure de comprendre les besoins de nos [&hellip;]<\/p>\n","protected":false},"author":4,"featured_media":0,"parent":0,"menu_order":0,"comment_status":"closed","ping_status":"closed","template":"sectors.php","meta":{"_lmt_disableupdate":"","_lmt_disable":"","footnotes":""},"yst_prominent_words":[1267,1271,1272,1274,1278,1279,1239,1280,1242,2467,1245,1251,1252,1254,1257,1260,1263,1266],"class_list":["post-30050","page","type-page","status-publish","hentry"],"acf":[],"_links":{"self":[{"href":"https:\/\/www.mondragon-assembly.com\/fr\/wp-json\/wp\/v2\/pages\/30050","targetHints":{"allow":["GET"]}}],"collection":[{"href":"https:\/\/www.mondragon-assembly.com\/fr\/wp-json\/wp\/v2\/pages"}],"about":[{"href":"https:\/\/www.mondragon-assembly.com\/fr\/wp-json\/wp\/v2\/types\/page"}],"author":[{"embeddable":true,"href":"https:\/\/www.mondragon-assembly.com\/fr\/wp-json\/wp\/v2\/users\/4"}],"replies":[{"embeddable":true,"href":"https:\/\/www.mondragon-assembly.com\/fr\/wp-json\/wp\/v2\/comments?post=30050"}],"version-history":[{"count":5,"href":"https:\/\/www.mondragon-assembly.com\/fr\/wp-json\/wp\/v2\/pages\/30050\/revisions"}],"predecessor-version":[{"id":37488,"href":"https:\/\/www.mondragon-assembly.com\/fr\/wp-json\/wp\/v2\/pages\/30050\/revisions\/37488"}],"wp:attachment":[{"href":"https:\/\/www.mondragon-assembly.com\/fr\/wp-json\/wp\/v2\/media?parent=30050"}],"wp:term":[{"taxonomy":"yst_prominent_words","embeddable":true,"href":"https:\/\/www.mondragon-assembly.com\/fr\/wp-json\/wp\/v2\/yst_prominent_words?post=30050"}],"curies":[{"name":"wp","href":"https:\/\/api.w.org\/{rel}","templated":true}]}}