{"id":30066,"date":"2020-12-29T21:15:54","date_gmt":"2020-12-29T20:15:54","guid":{"rendered":"https:\/\/www.mondragon-assembly.com\/our-locations\/"},"modified":"2025-02-13T09:44:31","modified_gmt":"2025-02-13T08:44:31","slug":"our-locations-2","status":"publish","type":"page","link":"https:\/\/www.mondragon-assembly.com\/fr\/our-locations-2\/","title":{"rendered":"Nos sites"},"content":{"rendered":"<div class=\"wpb-content-wrapper\"><p>[vc_row][vc_column][vc_column_text css_animation=\u00a0\u00bbleft-to-right\u00a0\u00bb]<!-- wpml:html_fragment --><\/p>\n<p style=\"text-align: justify;\">Cela fait plus de 30 ans que nous avons entam\u00e9 notre voyage international. D\u00e8s le d\u00e9but, nous avons su nous d\u00e9velopper de mani\u00e8re durable au fil du temps et nous rapprocher de nos clients. Aujourd\u2019hui, nous avons 6 usines de production o\u00f9 nous d\u00e9veloppons toute la cha\u00eene de valeur de projets dans diff\u00e9rents pays, ainsi que 2 bureaux d\u2019ing\u00e9nierie et de vente o\u00f9 nous proposons une assistance technique et commerciale.<\/p>\n<p>Notre strat\u00e9gie, bas\u00e9e sur la proximit\u00e9 avec nos clients, nous a permis de consolider notre position de leader mondial des nouveaux d\u00e9veloppements, offrant \u00e0 la fois une assistance technique et \u00e0 l\u2019industrialisation. Nos \u00e9quipes commerciales et d\u2019ing\u00e9nieurs travaillent en \u00e9troite collaboration avec nos clients, pour trouver des solutions d\u2019automatisation flexibles, uniques et de pointe.[\/vc_column_text][\/vc_column][\/vc_row][vc_row css=\u00a0\u00bb.vc_custom_1615195367046{padding-right: 20px !important;padding-bottom: 13px !important;padding-left: 20px !important;background-color: #f7f7f7 !important;}\u00a0\u00bb][vc_column][vc_column_text]<\/p>\n<h4 style=\"text-align: center;\">Nous proposons des solutions aux d\u00e9fis actuels et futurs partout dans le monde, ce qui fait de nous le partenaire technologique de r\u00e9f\u00e9rence pour nos clients.<\/h4>\n<p>[\/vc_column_text][\/vc_column][\/vc_row][vc_row][vc_column][vc_empty_space][\/vc_column][\/vc_row][vc_row][vc_column][vc_text_separator title=\u00a0\u00bbNOTRE GROUPE DANS LE MONDE\u00a0\u00bb el_class=\u00a0\u00bbtitle_gr\u00a0\u00bb][\/vc_column][\/vc_row][vc_row][vc_column][vc_column_text]\t<!-- CSS Part Start From Here-->\r\n\t<style>\r\n\t\t\r\n\t\t.portfolio-wraper {\r\n\t\t\t\t\t\tmargin-bottom:20px;\r\n\t\t}\r\n\t\t.pfg-bootstrap .img-fluid {\r\n\t\t  max-width: 100%;\r\n\t\t  height: auto;\r\n\t\t}\r\n\r\n\t\t.pfg-bootstrap .img-thumbnail {\r\n\t\t  padding: 0.25rem;\r\n\t\t  background-color: #fff;\r\n\r\n\t\t  \t\t  border: 1px solid #dee2e6;\r\n\t\t  border-radius: 0.25rem;\r\n\t\t  \t\t  max-width: 100%;\r\n\t\t  height: auto;\r\n\t\t}\r\n\t\t.pfg-bootstrap .img-circle {\r\n\t\t  border-radius: 50%;\r\n\t\t}\r\n\t\t.pfg-bootstrap img {\r\n\t\t -moz-transition: all .2s ease-in-out;\r\n\t\t  -webkit-transition: all .2s ease-in-out;\r\n\t\t  -ms-transition: all .2s ease-in-out;\r\n\t\t  -o-transition: all .2s ease-in-out;\r\n\t\t  transition: all .2s ease-in-out;\r\n\t\t}\r\n\t\t.pfg-bootstrap .thumbnail {\r\n\t\t  display: block;\r\n\t\t  padding: 4px;\r\n\t\t  \/*margin-bottom: 20px;*\/\r\n\t\t  line-height: 1.42857143;\r\n\t\t  background-color: #fff;\r\n\t\t  border: 1px solid #ddd;\r\n\t\t  border-radius: 4px;\r\n\t\t  -webkit-transition: border .2s ease-in-out;\r\n\t\t\t   -o-transition: border .2s ease-in-out;\r\n\t\t\t\t  transition: border .2s ease-in-out;\r\n\t\t}\r\n\t\t.pfg-bootstrap .thumbnail > img,\r\n\t\t.pfg-bootstrap .thumbnail a > img {\r\n\t\t  margin-right: auto;\r\n\t\t  margin-left: auto;\r\n\t\t}\r\n\t\t.pfg-bootstrap a.thumbnail:hover,\r\n\t\t.pfg-bootstrap a.thumbnail:focus,\r\n\t\t.pfg-bootstrap a.thumbnail.active {\r\n\t\t  border-color: #337ab7;\r\n\t\t}\r\n\t\t.pfg-bootstrap .thumbnail .caption {\r\n\t\t  padding: 9px;\r\n\t\t  color: #333;\r\n\t\t}\r\n\r\n\t\tfigure {\r\n\t\t  margin: 0;\r\n\t\t}\r\n\t\timg {\r\n\t\t  vertical-align: middle;\r\n\t\t}\r\n\t\t.pfg-bootstrap .img-responsive,\r\n\t\t.pfg-bootstrap .thumbnail > img,\r\n\t\t.pfg-bootstrap .thumbnail a > img,\r\n\t\t.pfg-bootstrap .carousel-inner > .item > img,\r\n\t\t.pfg-bootstrap .carousel-inner > .item > a > img {\r\n\t\t  display: block;\r\n\t\t  max-width: 100%;\r\n\t\t  height: auto;\r\n\t\t}\r\n\t\t.pfg-bootstrap .img-rounded {\r\n\t\t  border-radius: 6px;\r\n\t\t}\r\n\t\t\r\n\t\t\t\tli#all {\r\n\t\t\tmargin: 0;\r\n\t\t}\r\n\t\t\r\n\t\t.simplefilter li {\r\n\t\t\tmargin-top: 5px;\r\n\t\t}\r\n\t\t\r\n\t\t.filtr-search {\r\n\t\t\tmargin-top:10px !important;\r\n\t\t\twidth:200px !important;\r\n\t\t\tmargin-bottom: 20px;\r\n\t\t}\r\n\t\t#all-simplefilter {\r\n\t\t\tdisplay:inline;\r\n\t\t\tpadding-left: 0px !important;\r\n\t\t}\r\n\t\t#f-simplefilter-38779 {\r\n\t\t\tdisplay:inline;\r\n\t\t\tpadding-left: 0px !important;\r\n\t\t}\r\n\t\tbutton:hover {\r\n\t\t\tbackground-color: unset !important;\r\n\t\t}\r\n\t\t\r\n\t\t\t\t.simplefilter_38779 li:not(:first-child){\r\n\t\t\tmargin-left:4px;\r\n\t\t}\r\n\t\t\t\t\t\r\n\t\t@keyframes .YouTubePopUp-Content  {\r\n\t\t\tfrom {\r\n\t\t\t\ttransform: translate3d(0, 100%, 0);\r\n\t\t\t\tvisibility: visible;\r\n\t\t\t}\r\n\r\n\t\t\tto {\r\n\t\t\t\ttransform: translate3d(0, 0, 0);\r\n\t\t\t}\r\n\t\t}\r\n\r\n\t\t.YouTubePopUp-Content  {\r\n\t\t\tanimation-name: .YouTubePopUp-Content ;\r\n\t\t}\r\n\r\n\t\t.YouTubePopUp-Close { \r\n\t\t\tbackground:url(https:\/\/www.mondragon-assembly.com\/wp-content\/plugins\/portfolio-filter-gallery\/\/img\/close-icon-white.png) no-repeat;\r\n\t\t\tbackground-size:50px 50px;\r\n\t\t\t-webkit-background-size:70px 50px;\r\n\t\t\t-moz-background-size:70px 50px;\r\n\t\t\t-o-background-size:70px 50px;\r\n\t\t}\r\n\t\tul.simplefilter {\r\n\t\t\tmargin-left: 0 !important;\r\n\t\t}\r\n\t\t.pfg_img_38779 {\r\n\t\t\twidth: 100% !important;\r\n\t\t\theight: 100% !important;\r\n\t\t}\r\n\t\t.filter_gallery_38779 > a {\r\n\t\t\tposition: initial !important;\r\n\t\t}\r\n\t\t.thumbnail_38779 {\r\n\t\t\twidth:100% !important;\r\n\t\t\theight:auto;\r\n\t\t\tmargin-bottom: 0px !important;\r\n\t\t\t\r\n\t\t}\r\n\t\t.filtr-item {\r\n\t\t\tpadding-right:7px !important;\r\n\t\t\tpadding-left:7px !important;\r\n\t\t\tpadding-top:7px !important;\r\n\t\t\tpadding-bottom:7px !important;\r\n\t\t}\r\n\t\t.filtr-item img {\r\n\t\t\ttransition: all .2s !important\r\n\t\t}\r\n\t\t\t\t\t\t.simplefilter_38779 li {\r\n\t\t\tbackground-color: #ccc;\r\n\t\t\tcolor: #ffffff;\r\n\t\t}\r\n\t\t\r\n\t\t.simplefilter_38779 li:hover {\r\n\t\t\tbackground-color: #656565 !important;\r\n\t\t}\r\n\t\t\r\n\t\t.simplefilter_38779 li.active {\r\n\t\t\tbackground-color: #656565 !important;\r\n\t\t}\r\n\t\t\r\n\t\t.simplefilter li {\r\n    margin-bottom: 30px;\r\n    margin-right: 3px;\r\n}\r\n\r\n.pfg-bootstrap .img-responsive{\r\nmargin-bottom: 50px;\r\nmargin-left: 0px;\r\n}\r\n\r\n.item-desc.item_desc_38779{\r\nbackground-color: #ffffff;\r\ncolor: #2b3c46;\r\nfont-weight: 600;\r\ntext-align: left;\r\nleft: 0.5rem;\r\nwidth: 100%;\r\n}\t<\/style>\r\n\t\t<div class=\"portfolio-wraper pfg-bootstrap\" version=\"1.6.7\">\r\n\t\t\t\t\t<div class=\"col-lg-12 col-md-12 col-xs-12 text-center\">\r\n\t\t\t\t<ul id=\"all-simplefilter\" class=\"filtr-control-38779 simplefilter simplefilter_38779\">\r\n\t\t\t\t\t<li id=\"all\" class=\"active filtr-controls-38779\" data-filter=\"all\">TOUT<\/li>\r\n\t\t\t\t<\/ul>\r\n\t\t\t\t<ul id=\"f-simplefilter-38779\" class=\"filtr-control-38779 simplefilter simplefilter_38779\">\r\n\t\t\t\t\t\t\t\t\t\t\t\t\t<li data-filter=\"1\"\r\n\t\t\t\t\t\t\t\t\tclass=\"filtr-controls-38779\">EUROPE<\/li>\r\n\t\t\t\t\t\t\t\t\t\t\t\t\t\t\t\t<li data-filter=\"2\"\r\n\t\t\t\t\t\t\t\t\tclass=\"filtr-controls-38779\">ASIA<\/li>\r\n\t\t\t\t\t\t\t\t\t\t\t\t\t\t\t\t<li data-filter=\"3\"\r\n\t\t\t\t\t\t\t\t\tclass=\"filtr-controls-38779\">AMERICA<\/li>\r\n\t\t\t\t\t\t\t\t\t\t\t\t<\/ul>\r\n\r\n\t\t\t<\/div>\r\n\t\t\t\t<!-- Shuffle & Sort Controls -->\r\n\t\t\t\t\r\n\t\t<div class=\"row loading-wrapper text-center\">\r\n\t\t\t<img decoding=\"async\" src=\"https:\/\/www.mondragon-assembly.com\/wp-content\/plugins\/portfolio-filter-gallery\/\/img\/loading-icon.gif\" width=\"60\">\r\n\t\t<\/div>\r\n\t\t<div class=\"filter_gallery_38779 row filtr-container filters-div\" style=\"opacity:0; display:none;\">\r\n\t\t\t\t\t\t\t\t<a href=\"https:\/\/www.mondragon-assembly.com\/contact-us\/\" target=\"_blank\" title=\"ARETXABALETA (Espagne) I SI\u00c8GE SOCIAL | VENTE, ING\u00c9NIERIE, PRODUCTION ET SERVICE\" title=\"ARETXABALETA (Espagne) I SI\u00c8GE SOCIAL | VENTE, ING\u00c9NIERIE, PRODUCTION ET SERVICE\">\r\n\t\t\t\t\t\t<div data-category=\"1\" data-sort=\"ARETXABALETA (Espagne) I SI\u00c8GE SOCIAL | VENTE, ING\u00c9NIERIE, PRODUCTION ET SERVICE\" class=\"animateonload filtr-item filtr_item_38779 single_one col-lg-6 col-md-6 col-sm-12 col-12\">\r\n\t\t\t\t\t\t\t\t\t\t\t\t\t\t\t<img decoding=\"async\" class=\" thumbnail  thumbnail_38779 pfg-img pfg_img_38779 img-responsive none\" src=\"https:\/\/www.mondragon-assembly.com\/wp-content\/uploads\/2020\/12\/sede-aretxabaleta2.jpg\" alt=\"\">\r\n\t\t\t\t\t\t\t\t\t\t\t\t\t\t\t\t\t<span class=\"item-desc item_desc_38779\">ARETXABALETA (Espagne) I SI\u00c8GE SOCIAL | VENTE, ING\u00c9NIERIE, PRODUCTION ET SERVICE<\/span>\r\n\t\t\t\t\t\t\t\t\t\t\t\t\t\t<\/div>\r\n\t\t\t\t\t<\/a>\r\n\t\t\t\t\t\t\t\t\t\t<a href=\"https:\/\/www.mondragon-assembly.com\/fr\/contact-us\/\" target=\"_blank\" title=\"ORANGE (France) I VENTE, ING\u00c9NIERIE, PRODUCTION ET SERVICE\" title=\"ORANGE (France) I VENTE, ING\u00c9NIERIE, PRODUCTION ET SERVICE\">\r\n\t\t\t\t\t\t<div data-category=\"1\" data-sort=\"ORANGE (France) I VENTE, ING\u00c9NIERIE, PRODUCTION ET SERVICE\" class=\"animateonload filtr-item filtr_item_38779 single_one col-lg-6 col-md-6 col-sm-12 col-12\">\r\n\t\t\t\t\t\t\t\t\t\t\t\t\t\t\t<img decoding=\"async\" class=\" thumbnail  thumbnail_38779 pfg-img pfg_img_38779 img-responsive none\" src=\"https:\/\/www.mondragon-assembly.com\/wp-content\/uploads\/2020\/12\/orange-francia-sede-final.jpg\" alt=\"\">\r\n\t\t\t\t\t\t\t\t\t\t\t\t\t\t\t\t\t<span class=\"item-desc item_desc_38779\">ORANGE (France) I VENTE, ING\u00c9NIERIE, PRODUCTION ET SERVICE<\/span>\r\n\t\t\t\t\t\t\t\t\t\t\t\t\t\t<\/div>\r\n\t\t\t\t\t<\/a>\r\n\t\t\t\t\t\t\t\t\t\t<a href=\"https:\/\/www..mondragon-assembly.com\/de\/kontakt\/\" target=\"_blank\" title=\"STAHRINGEN (Allemagne) I VENTE, ING\u00c9NIERIE, PRODUCTION ET SERVICE\" title=\"STAHRINGEN (Allemagne) I VENTE, ING\u00c9NIERIE, PRODUCTION ET SERVICE\">\r\n\t\t\t\t\t\t<div data-category=\"1\" data-sort=\"STAHRINGEN (Allemagne) I VENTE, ING\u00c9NIERIE, PRODUCTION ET SERVICE\" class=\"animateonload filtr-item filtr_item_38779 single_one col-lg-6 col-md-6 col-sm-12 col-12\">\r\n\t\t\t\t\t\t\t\t\t\t\t\t\t\t\t<img decoding=\"async\" class=\" thumbnail  thumbnail_38779 pfg-img pfg_img_38779 img-responsive none\" src=\"https:\/\/www.mondragon-assembly.com\/wp-content\/uploads\/2020\/12\/stahringen-germany.jpg\" alt=\"\">\r\n\t\t\t\t\t\t\t\t\t\t\t\t\t\t\t\t\t<span class=\"item-desc item_desc_38779\">STAHRINGEN (Allemagne) I VENTE, ING\u00c9NIERIE, PRODUCTION ET SERVICE<\/span>\r\n\t\t\t\t\t\t\t\t\t\t\t\t\t\t<\/div>\r\n\t\t\t\t\t<\/a>\r\n\t\t\t\t\t\t\t\t\t\t<a href=\"https:\/\/www.mondragon-assembly.com\/zh-hans\/\u806f\u7e6b\u6211\u5011\" target=\"_blank\" title=\"KUNSHAN (Chine) I VENTE, ING\u00c9NIERIE, PRODUCTION ET SERVICE\" title=\"KUNSHAN (Chine) I VENTE, ING\u00c9NIERIE, PRODUCTION ET SERVICE\">\r\n\t\t\t\t\t\t<div data-category=\"2\" data-sort=\"KUNSHAN (Chine) I VENTE, ING\u00c9NIERIE, PRODUCTION ET SERVICE\" class=\"animateonload filtr-item filtr_item_38779 single_one col-lg-6 col-md-6 col-sm-12 col-12\">\r\n\t\t\t\t\t\t\t\t\t\t\t\t\t\t\t<img decoding=\"async\" class=\" thumbnail  thumbnail_38779 pfg-img pfg_img_38779 img-responsive none\" src=\"https:\/\/www.mondragon-assembly.com\/wp-content\/uploads\/2020\/12\/kushan-china-sede.jpg\" alt=\"\">\r\n\t\t\t\t\t\t\t\t\t\t\t\t\t\t\t\t\t<span class=\"item-desc item_desc_38779\">KUNSHAN (Chine) I VENTE, ING\u00c9NIERIE, PRODUCTION ET SERVICE<\/span>\r\n\t\t\t\t\t\t\t\t\t\t\t\t\t\t<\/div>\r\n\t\t\t\t\t<\/a>\r\n\t\t\t\t\t\t\t\t\t\t<a href=\"https:\/\/www.mondragon-assembly.com\/es-mx\/contacto\/\" target=\"_blank\" title=\"QUER\u00c9TARO (Mexique) I VENTE, ING\u00c9NIERIE, PRODUCTION ET SERVICE\" title=\"QUER\u00c9TARO (Mexique) I VENTE, ING\u00c9NIERIE, PRODUCTION ET SERVICE\">\r\n\t\t\t\t\t\t<div data-category=\"3\" data-sort=\"QUER\u00c9TARO (Mexique) I VENTE, ING\u00c9NIERIE, PRODUCTION ET SERVICE\" class=\"animateonload filtr-item filtr_item_38779 single_one col-lg-6 col-md-6 col-sm-12 col-12\">\r\n\t\t\t\t\t\t\t\t\t\t\t\t\t\t\t<img decoding=\"async\" class=\" thumbnail  thumbnail_38779 pfg-img pfg_img_38779 img-responsive none\" src=\"https:\/\/www.mondragon-assembly.com\/wp-content\/uploads\/2020\/12\/queretaro-mexico.jpg\" alt=\"\">\r\n\t\t\t\t\t\t\t\t\t\t\t\t\t\t\t\t\t<span class=\"item-desc item_desc_38779\">QUER\u00c9TARO (Mexique) I VENTE, ING\u00c9NIERIE, PRODUCTION ET SERVICE<\/span>\r\n\t\t\t\t\t\t\t\t\t\t\t\t\t\t<\/div>\r\n\t\t\t\t\t<\/a>\r\n\t\t\t\t\t\t\t\t\t\t<a href=\"https:\/\/www.mondragon-assembly.com\/pt-br\/contact-us-2\/\" target=\"_blank\" title=\"AMERICANA (Br\u00e9sil) I VENTE, ING\u00c9NIERIE, PRODUCTION ET SERVICE\" title=\"AMERICANA (Br\u00e9sil) I VENTE, ING\u00c9NIERIE, PRODUCTION ET SERVICE\">\r\n\t\t\t\t\t\t<div data-category=\"3\" data-sort=\"AMERICANA (Br\u00e9sil) I VENTE, ING\u00c9NIERIE, PRODUCTION ET SERVICE\" class=\"animateonload filtr-item filtr_item_38779 single_one col-lg-6 col-md-6 col-sm-12 col-12\">\r\n\t\t\t\t\t\t\t\t\t\t\t\t\t\t\t<img decoding=\"async\" class=\" thumbnail  thumbnail_38779 pfg-img pfg_img_38779 img-responsive none\" src=\"https:\/\/www.mondragon-assembly.com\/wp-content\/uploads\/2020\/12\/americana-brazil.jpg\" alt=\"\">\r\n\t\t\t\t\t\t\t\t\t\t\t\t\t\t\t\t\t<span class=\"item-desc item_desc_38779\">AMERICANA (Br\u00e9sil) I VENTE, ING\u00c9NIERIE, PRODUCTION ET SERVICE<\/span>\r\n\t\t\t\t\t\t\t\t\t\t\t\t\t\t<\/div>\r\n\t\t\t\t\t<\/a>\r\n\t\t\t\t\t\t\t\t\t\t<a href=\"https:\/\/www.mondragon-assembly.com\/contact-us-india\/\" target=\"_blank\" title=\"NEW DELHI (Inde) I VENTE, ING\u00c9NIERIE ET SERVICE\" title=\"NEW DELHI (Inde) I VENTE, ING\u00c9NIERIE ET SERVICE\">\r\n\t\t\t\t\t\t<div data-category=\"2\" data-sort=\"NEW DELHI (Inde) I VENTE, ING\u00c9NIERIE ET SERVICE\" class=\"animateonload filtr-item filtr_item_38779 single_one col-lg-6 col-md-6 col-sm-12 col-12\">\r\n\t\t\t\t\t\t\t\t\t\t\t\t\t\t\t<img decoding=\"async\" class=\" thumbnail  thumbnail_38779 pfg-img pfg_img_38779 img-responsive none\" src=\"https:\/\/www.mondragon-assembly.com\/wp-content\/uploads\/2020\/12\/india-sede.jpg\" alt=\"\">\r\n\t\t\t\t\t\t\t\t\t\t\t\t\t\t\t\t\t<span class=\"item-desc item_desc_38779\">NEW DELHI (Inde) I VENTE, ING\u00c9NIERIE ET SERVICE<\/span>\r\n\t\t\t\t\t\t\t\t\t\t\t\t\t\t<\/div>\r\n\t\t\t\t\t<\/a>\r\n\t\t\t\t\t\t\t\t\t\t<a href=\"https:\/\/www.mondragon-assembly.com\/contact-us-mena\/\" target=\"_blank\" title=\"ARIANA (Tunisie) I VENTE, ING\u00c9NIERIE ET SERVICE\" title=\"ARIANA (Tunisie) I VENTE, ING\u00c9NIERIE ET SERVICE\">\r\n\t\t\t\t\t\t<div data-category=\"3\" data-sort=\"ARIANA (Tunisie) I VENTE, ING\u00c9NIERIE ET SERVICE\" class=\"animateonload filtr-item filtr_item_38779 single_one col-lg-6 col-md-6 col-sm-12 col-12\">\r\n\t\t\t\t\t\t\t\t\t\t\t\t\t\t\t<img decoding=\"async\" class=\" thumbnail  thumbnail_38779 pfg-img pfg_img_38779 img-responsive none\" src=\"https:\/\/www.mondragon-assembly.com\/wp-content\/uploads\/2020\/12\/tunisia-mena.jpg\" alt=\"\">\r\n\t\t\t\t\t\t\t\t\t\t\t\t\t\t\t\t\t<span class=\"item-desc item_desc_38779\">ARIANA (Tunisie) I VENTE, ING\u00c9NIERIE ET SERVICE<\/span>\r\n\t\t\t\t\t\t\t\t\t\t\t\t\t\t<\/div>\r\n\t\t\t\t\t<\/a>\r\n\t\t\t\t\t\t\t\t\t\t<a href=\"https:\/\/www.mondragon-assembly.com\/contact-us-usa\/\" target=\"_blank\" title=\"CHICAGO (\u00c9tats Unis) I VENTE, ING\u00c9NIERIE ET SERVICE\" title=\"CHICAGO (\u00c9tats Unis) I VENTE, ING\u00c9NIERIE ET SERVICE\">\r\n\t\t\t\t\t\t<div data-category=\"3\" data-sort=\"CHICAGO (\u00c9tats Unis) I VENTE, ING\u00c9NIERIE ET SERVICE\" class=\"animateonload filtr-item filtr_item_38779 single_one col-lg-6 col-md-6 col-sm-12 col-12\">\r\n\t\t\t\t\t\t\t\t\t\t\t\t\t\t\t<img decoding=\"async\" class=\" thumbnail  thumbnail_38779 pfg-img pfg_img_38779 img-responsive none\" src=\"https:\/\/www.mondragon-assembly.com\/wp-content\/uploads\/2020\/12\/chicago.jpg\" alt=\"\">\r\n\t\t\t\t\t\t\t\t\t\t\t\t\t\t\t\t\t<span class=\"item-desc item_desc_38779\">CHICAGO (\u00c9tats Unis) I VENTE, ING\u00c9NIERIE ET SERVICE<\/span>\r\n\t\t\t\t\t\t\t\t\t\t\t\t\t\t<\/div>\r\n\t\t\t\t\t<\/a>\r\n\t\t\t\t\t\t\t<\/div>\r\n\t<\/div>\r\n<script>\r\n\r\nsetTimeout(function () {\r\n\tjQuery(\".thumbnail_38779\").each(function(){\r\n\t\t\/\/ console.log(jQuery(this).width() + \"x\" + jQuery(this).height())\r\n\t\tvar h = jQuery(this).height();\r\n\t\tvar w = jQuery(this).width();\r\n\t\tjQuery(this).height(h);\r\n\t\tjQuery(this).width(w);\r\n\t\tjQuery(this).resize();\r\n\t});\r\n}, 2500);\r\n\r\njQuery(document).ready(function (jQuery) {\r\n\tjQuery('.filtr-item').addClass('animateonload');\r\n\tjQuery('#filter_gallery_38779').show();\r\n\tjQuery('.loading-wrapper').hide();\r\n\tjQuery(\".loader_img\").hide();\r\n\tjQuery(\".lg_load_more\").show();\r\n\tjQuery(\".filtr-container\").css(\"opacity\", 1);\r\n\t\/\/Filterizd Default options\r\n\toptions = {\r\n\t\tanimationDuration: 0.5,\r\n\t\tcallbacks: {\r\n\t\t\tonFilteringStart: function() { },\r\n\t\t\tonFilteringEnd: function() { },\r\n\t\t\tonShufflingStart: function() { },\r\n\t\t\tonShufflingEnd: function() { },\r\n\t\t\tonSortingStart: function() { },\r\n\t\t\tonSortingEnd: function() { }\r\n\t\t},\r\n\t\tcontrolsSelector: '.filtr-controls-38779',\r\n\t\tfilter: 'all',\r\n\t\t filterOutCss: {\r\n\t\t  top:'0px',\r\n\t\t\tleft:'0px',\r\n\t\t\topacity: 0.001,\r\n\t\t\ttransform: ''\r\n\t\t  },\r\n\t\t  filterInCss: {\r\n\t\t\t  top:'0px',\r\n\t\t\tleft:'0px',\r\n\t\t\topacity: 1,\r\n\t\t\ttransform: ''\r\n\t\t  },\r\n\t\tlayout: 'sameWidth',\r\n\t\tselector: '.filtr-item',\r\n\t\tsetupControls: false\r\n\t}\r\n\tvar filterizd = jQuery('.filter_gallery_38779').filterizr(options);\r\n\t\/\/filterizd.filterizr('sort', 'domIndex', 'desc');\r\n\tjQuery('.filter_gallery_38779').imagesLoaded( function() {\r\n\t\t\/\/ images have already loaded, instantiate Filterizr\r\n\t\tjQuery('.filter_gallery_38779').filterizr(options);\r\n\t}); \r\n\t\t\t\t\/* Sort li to alphabetically: *\/\r\n\t\t\tfunction sortList(ul) {\r\n\t\t\t\tvar ul = document.getElementById(\"f-simplefilter-38779\");\r\n\t\t\t\tArray.from(ul.getElementsByTagName(\"LI\"))\r\n\t\t\t\t.sort((a, b) => a.textContent.localeCompare(b.textContent))\r\n\t\t\t\t.forEach(li => ul.appendChild(li));\r\n\t\t\t}\r\n\t\t\tsortList(\"f-simplefilter-38779\");\r\n\t\t\/* Sort li to alphabetically: *\/\r\n\t\t\t\r\n\t\t\/\/bootstrap-lightbox-js\r\n\t\t\/\/ delegate calls to data-toggle=\"lightbox\"\r\n\t\tdocument.addEventListener('DOMContentLoaded', (event) => {\r\n            document.querySelectorAll('.my-lightbox-toggle').forEach((el) => {\r\n                el.addEventListener('click', (e) => {\r\n                    e.preventDefault();\r\n\r\n                    const options = {\r\n                        keyboard: true,\r\n                        size: 'fullscreen'\r\n                    };\r\n\r\n                    \/\/ Assuming Lightbox is a constructor from the included library\r\n                    \/\/ Check if the Lightbox class or function exists\r\n                    if (typeof Lightbox !== 'undefined') {\r\n                        const lightbox = new Lightbox(el, options);\r\n                        lightbox.show();\r\n                    } else {\r\n                        console.error('Lightbox library is not loaded.');\r\n                    }\r\n                });\r\n            });\r\n        });\r\n\t\t\t\r\n\r\n\t\/\/ video player\r\n\tjQuery(function(){\r\n      jQuery(\"a.video-box-38779\").YouTubePopUp( { autoplay: 0 } ); \/\/ Disable autoplay\r\n\t});\r\n\t\r\n});   \r\n<\/script>[\/vc_column_text][\/vc_column][\/vc_row][vc_row][vc_column][vc_empty_space][\/vc_column][\/vc_row][vc_row][vc_column][vc_column_text]<!-- wpml:html_fragment -->[\/vc_column_text][\/vc_column][\/vc_row]<\/p>\n<\/div>","protected":false},"excerpt":{"rendered":"<p>[vc_row][vc_column][vc_column_text css_animation=\u00a0\u00bbleft-to-right\u00a0\u00bb] Cela fait plus de 30 ans que nous avons entam\u00e9 notre voyage international. D\u00e8s le d\u00e9but, nous avons su nous d\u00e9velopper de mani\u00e8re durable au fil du temps et nous rapprocher de nos clients. Aujourd\u2019hui, nous avons 6 usines de production o\u00f9 nous d\u00e9veloppons toute la cha\u00eene de valeur de projets dans diff\u00e9rents [&hellip;]<\/p>\n","protected":false},"author":4,"featured_media":0,"parent":0,"menu_order":0,"comment_status":"closed","ping_status":"closed","template":"sectors.php","meta":{"_lmt_disableupdate":"","_lmt_disable":"","footnotes":""},"yst_prominent_words":[2120,2125,2885,1280,2015],"class_list":["post-30066","page","type-page","status-publish","hentry"],"acf":[],"_links":{"self":[{"href":"https:\/\/www.mondragon-assembly.com\/fr\/wp-json\/wp\/v2\/pages\/30066","targetHints":{"allow":["GET"]}}],"collection":[{"href":"https:\/\/www.mondragon-assembly.com\/fr\/wp-json\/wp\/v2\/pages"}],"about":[{"href":"https:\/\/www.mondragon-assembly.com\/fr\/wp-json\/wp\/v2\/types\/page"}],"author":[{"embeddable":true,"href":"https:\/\/www.mondragon-assembly.com\/fr\/wp-json\/wp\/v2\/users\/4"}],"replies":[{"embeddable":true,"href":"https:\/\/www.mondragon-assembly.com\/fr\/wp-json\/wp\/v2\/comments?post=30066"}],"version-history":[{"count":14,"href":"https:\/\/www.mondragon-assembly.com\/fr\/wp-json\/wp\/v2\/pages\/30066\/revisions"}],"predecessor-version":[{"id":38805,"href":"https:\/\/www.mondragon-assembly.com\/fr\/wp-json\/wp\/v2\/pages\/30066\/revisions\/38805"}],"wp:attachment":[{"href":"https:\/\/www.mondragon-assembly.com\/fr\/wp-json\/wp\/v2\/media?parent=30066"}],"wp:term":[{"taxonomy":"yst_prominent_words","embeddable":true,"href":"https:\/\/www.mondragon-assembly.com\/fr\/wp-json\/wp\/v2\/yst_prominent_words?post=30066"}],"curies":[{"name":"wp","href":"https:\/\/api.w.org\/{rel}","templated":true}]}}