{"id":30082,"date":"2021-01-02T21:45:55","date_gmt":"2021-01-02T19:45:55","guid":{"rendered":"https:\/\/www.mondragon-assembly.com\/purchasing\/"},"modified":"2024-01-04T12:39:02","modified_gmt":"2024-01-04T10:39:02","slug":"achats","status":"publish","type":"page","link":"https:\/\/www.mondragon-assembly.com\/fr\/achats\/","title":{"rendered":"Achats"},"content":{"rendered":"<div class=\"wpb-content-wrapper\"><p>[vc_row css=\u00a0\u00bb.vc_custom_1604064744834{margin-top: -25px !important;}\u00a0\u00bb][vc_column][vc_empty_space height=\u00a0\u00bb40&Prime;][\/vc_column][\/vc_row][vc_row][vc_column][vc_column_text]Nous avons une pr\u00e9sence internationale, avec 6\u00a0usines de production comprenant toute la cha\u00eene de valeur. C\u2019est pourquoi nous devons et souhaitons conserver notre r\u00e9seau de fournisseurs \u00e0 m\u00eame de nous proposer des solutions quel que soit l\u2019endroit o\u00f9 nous nous trouvons. Des solutions qui r\u00e9pondent \u00e0 nos standards de qualit\u00e9.<\/p>\n<p>Notre travail quotidien est bas\u00e9 sur la collaboration avec nos fournisseurs, car nous comprenons qu\u2019ils sont nos plus grands alli\u00e9s pour offrir \u00e0 nos clients les meilleures solutions. Nous sommes toujours \u00e0 la recherche de nouveaux partenaires pour nous aider \u00e0 fournir \u00e0 nos clients des solutions de la plus haute qualit\u00e9 possible et dans les meilleures conditions.<\/p>\n<p>Chez nos partenaires, nous ne recherchons pas seulement des qualit\u00e9s telles que des solutions de haute qualit\u00e9, des prix comp\u00e9titifs, une logistique bien organis\u00e9e, la fiabilit\u00e9 et la flexibilit\u00e9, mais \u00e9galement des fournisseurs responsables \u00e0 la fois de leur personnel et de leur environnement. Cela est important car nous sommes un groupe socialement responsable, engag\u00e9 envers les personnes, leur environnement et la soci\u00e9t\u00e9 et nous sommes \u00e0 la recherche de la m\u00eame chose chez nos fournisseurs.<\/p>\n<p>Notre objectif est d\u2019\u00e9tendre les principes appliqu\u00e9s \u00e0 Mondragon Assembly \u00e0 nos fournisseurs. Nous souhaitons travailler avec des entreprises qui int\u00e8grent la sant\u00e9 et la s\u00e9curit\u00e9 au travail dans toutes leurs activit\u00e9s, qui soient respectueuses de l\u2019environnement, et qui soient \u00e9thiquement et socialement responsables.[\/vc_column_text][\/vc_column][\/vc_row][vc_row][vc_column][vc_text_separator title=\u00a0\u00bbCONDITIONS G\u00c9N\u00c9RALES D\u2019ACHAT\u00a0\u00bb el_class=\u00a0\u00bbtitle_gr\u00a0\u00bb][\/vc_column][\/vc_row][vc_row][vc_column][vc_column_text]Cette section comprend les conditions g\u00e9n\u00e9rales d\u2019achat dans les pays o\u00f9 le groupe Mondragon Assembly est pr\u00e9sent.[\/vc_column_text][\/vc_column][\/vc_row][vc_row][vc_column][vc_column_text]<\/p>\n<table width=\"100%\" cellspacing=\"3\" cellpadding=\"3\">\n<tbody>\n<tr style=\"border-bottom: 1px solid #f64747; height: 40px;\">\n<td style=\"text-align: center; border-right: 1px solid #f64747; font-size: 14px;\" bgcolor=\"#f7f7f7\" width=\"452\">Mondragon Assembly S.Coop Aretxabaleta (Espagne)<\/td>\n<td style=\"text-align: center; border-right: 1px solid #f64747;\" bgcolor=\"#f7f7f7\" width=\"452\">\n<p style=\"text-align: center; color: #666666; font-size: 14px;\">Conditions g\u00e9n\u00e9rales d\u2019achat en espagnol<\/p>\n<p style=\"text-align: center; color: #666666; font-size: 14px;\"><span style=\"color: #e40521;\"><a href=\"https:\/\/www.mondragon-assembly.com\/pdf\/condiciones_generales_compra_ES.pdf\" target=\"_blank\" rel=\"noopener noreferrer\"><img decoding=\"async\" class=\"aligncenter wp-image-27924\" style=\"margin-bottom: 5px;\" src=\"https:\/\/www.mondragon-assembly.com\/wp-content\/uploads\/2021\/01\/icon-pdf.png\" alt=\"\" width=\"30\" height=\"37\" \/><\/a><\/span><\/p>\n<p style=\"text-align: center; color: #666666; font-size: 14px;\">Conditions g\u00e9n\u00e9rales d\u2019achat en basque<\/p>\n<p style=\"text-align: center; color: #666666; font-size: 14px;\"><span style=\"color: #e40521;\"><a href=\"https:\/\/www.mondragon-assembly.com\/pdf\/eu\/Erosketa_Baldintza_Orokorrak_EU.pdf\" target=\"_blank\" rel=\"noopener noreferrer\"><img decoding=\"async\" class=\"aligncenter wp-image-27924\" style=\"margin-bottom: 5px;\" src=\"https:\/\/www.mondragon-assembly.com\/wp-content\/uploads\/2021\/01\/icon-pdf.png\" alt=\"\" width=\"30\" height=\"37\" \/><\/a><\/span><\/p>\n<\/td>\n<td style=\"text-align: center;\" bgcolor=\"#f7f7f7\" width=\"452\">\n<p style=\"color: #e40521;\"><span style=\"text-align: center; color: #666666; font-size: 14px;\">Conditions g\u00e9n\u00e9rales d\u2019achat en anglais<\/span><\/p>\n<p style=\"color: #e40521;\"><span style=\"color: #e40521;\"><a href=\"https:\/\/www.mondragon-assembly.com\/pdf\/en\/General_Purchasing_Conditions_EN.pdf\" target=\"_blank\" rel=\"noopener noreferrer\"><img decoding=\"async\" class=\"aligncenter wp-image-27924\" style=\"margin-bottom: 5px;\" src=\"https:\/\/www.mondragon-assembly.com\/wp-content\/uploads\/2021\/01\/icon-pdf.png\" alt=\"\" width=\"30\" height=\"37\" \/><\/a><\/span><\/p>\n<\/td>\n<\/tr>\n<tr style=\"border-bottom: 1px solid #f64747; height: 40px;\">\n<td style=\"text-align: center; border-right: 1px solid #f64747; font-size: 14px;\" bgcolor=\"#dddddd\">Mondragon Assembly France<\/td>\n<td style=\"text-align: center; border-right: 1px solid #f64747;\" bgcolor=\"#dddddd\">\n<p style=\"text-align: center; color: #666666; font-size: 14px;\">Conditions g\u00e9n\u00e9rales d\u2019achat en fran\u00e7ais<\/p>\n<p style=\"text-align: center; color: #666666; font-size: 14px;\"><span style=\"color: #e40521;\"><img decoding=\"async\" class=\"wp-image-27924 aligncenter\" style=\"margin-bottom: 5px;\" src=\"https:\/\/www.mondragon-assembly.com\/wp-content\/uploads\/2021\/01\/icon-pdf.png\" alt=\"\" width=\"30\" height=\"37\" \/><\/span><\/p>\n<\/td>\n<td style=\"text-align: center;\" bgcolor=\"#dddddd\">\n<p style=\"color: #e40521;\"><span style=\"text-align: center; color: #666666; font-size: 14px;\">Conditions g\u00e9n\u00e9rales d\u2019achat en anglais<\/span><\/p>\n<p style=\"color: #e40521;\"><span style=\"color: #e40521;\"><a href=\"https:\/\/www.mondragon-assembly.com\/pdf\/purchasing\/CondicionesGeneralesCompraMA_EN.pdf\" target=\"_blank\" rel=\"noopener noreferrer\"><img decoding=\"async\" class=\"aligncenter wp-image-27924\" style=\"margin-bottom: 5px;\" src=\"https:\/\/www.mondragon-assembly.com\/wp-content\/uploads\/2021\/01\/icon-pdf.png\" alt=\"\" width=\"30\" height=\"37\" \/><\/a><\/span><\/p>\n<\/td>\n<\/tr>\n<tr style=\"border-bottom: 1px solid #f64747; height: 40px;\">\n<td style=\"text-align: center; border-right: 1px solid #f64747;\" bgcolor=\"#f7f7f7\">Mondragon Assembly GmbH<\/td>\n<td style=\"text-align: center; border-right: 1px solid #f64747;\" bgcolor=\"#f7f7f7\">\n<p style=\"text-align: center; color: #666666; font-size: 14px;\">Conditions g\u00e9n\u00e9rales d\u2019achat en allemand<\/p>\n<p style=\"text-align: center; color: #666666; font-size: 14px;\"><span style=\"color: #e40521;\"><a href=\"https:\/\/www.mondragon-assembly.com\/pdf\/de\/Allgemeine_Einkaufsbedingungen_DE.pdf\" target=\"_blank\" rel=\"noopener noreferrer\"><img decoding=\"async\" class=\"aligncenter wp-image-27924\" style=\"margin-bottom: 5px;\" src=\"https:\/\/www.mondragon-assembly.com\/wp-content\/uploads\/2021\/01\/icon-pdf.png\" alt=\"\" width=\"30\" height=\"37\" \/><\/a><\/span><\/p>\n<\/td>\n<td style=\"text-align: center;\" bgcolor=\"#f7f7f7\">\n<p style=\"color: #e40521;\"><span style=\"text-align: center; color: #666666; font-size: 14px;\">Conditions g\u00e9n\u00e9rales d\u2019achat en anglais<\/span><\/p>\n<p style=\"color: #e40521;\"><span style=\"color: #e40521;\"><a href=\"https:\/\/www.mondragon-assembly.com\/pdf\/de\/General_purchasing_conditions_DE-EN.pdf\" target=\"_blank\" rel=\"noopener noreferrer\"><img decoding=\"async\" class=\"aligncenter wp-image-27924\" style=\"margin-bottom: 5px;\" src=\"https:\/\/www.mondragon-assembly.com\/wp-content\/uploads\/2021\/01\/icon-pdf.png\" alt=\"\" width=\"30\" height=\"37\" \/><\/a><\/span><\/p>\n<\/td>\n<\/tr>\n<tr style=\"border-bottom: 1px solid #f64747; height: 40px;\">\n<td style=\"text-align: center; border-right: 1px solid #f64747; font-size: 14px;\" bgcolor=\"#dddddd\">Mondragon Assembly Br\u00e9sil<\/td>\n<td style=\"text-align: center; border-right: 1px solid #f64747;\" bgcolor=\"#dddddd\">\n<p style=\"text-align: center; color: #666666; font-size: 14px;\">Conditions g\u00e9n\u00e9rales d\u2019achat en portugais<\/p>\n<p style=\"text-align: center; color: #666666; font-size: 14px;\"><span style=\"color: #e40521;\"><a href=\"https:\/\/www.mondragon-assembly.com\/pdf\/pt\/Condi\u00e7oes_Gerais_De_Compra_BR.pdf\" target=\"_blank\" rel=\"noopener noreferrer\"><img decoding=\"async\" class=\"aligncenter wp-image-27924\" style=\"margin-bottom: 5px;\" src=\"https:\/\/www.mondragon-assembly.com\/wp-content\/uploads\/2021\/01\/icon-pdf.png\" alt=\"\" width=\"30\" height=\"37\" \/><\/a><\/span><\/p>\n<\/td>\n<td style=\"text-align: center;\" bgcolor=\"#dddddd\">\n<p style=\"color: #e40521;\"><span style=\"text-align: center; color: #666666; font-size: 14px;\">Conditions g\u00e9n\u00e9rales d\u2019achat en anglais<\/span><\/p>\n<p style=\"color: #e40521;\"><span style=\"color: #e40521;\"><img decoding=\"async\" class=\"wp-image-27924 aligncenter\" style=\"margin-bottom: 5px;\" src=\"https:\/\/www.mondragon-assembly.com\/wp-content\/uploads\/2021\/01\/icon-pdf.png\" alt=\"\" width=\"30\" height=\"37\" \/><\/span><\/p>\n<\/td>\n<\/tr>\n<tr style=\"border-bottom: 1px solid #f64747; height: 40px;\">\n<td style=\"text-align: center; border-right: 1px solid #f64747; font-size: 14px;\" bgcolor=\"#f7f7f7\">Mondragon Assembly S.A. Mexique<\/td>\n<td style=\"text-align: center; border-right: 1px solid #f64747;\" bgcolor=\"#f7f7f7\">\n<p style=\"text-align: center; color: #666666; font-size: 14px;\">Conditions g\u00e9n\u00e9rales d\u2019achat en espagnol<\/p>\n<p style=\"text-align: center; color: #666666; font-size: 14px;\"><span style=\"color: #e40521;\"><a href=\"https:\/\/www.mondragon-assembly.com\/pdf\/mx\/Condiciones_Generales_De_Compra_ES-MX.pdf\" target=\"_blank\" rel=\"noopener noreferrer\"><img decoding=\"async\" class=\"aligncenter wp-image-27924\" style=\"margin-bottom: 5px;\" src=\"https:\/\/www.mondragon-assembly.com\/wp-content\/uploads\/2021\/01\/icon-pdf.png\" alt=\"\" width=\"30\" height=\"37\" \/><\/a><\/span><\/p>\n<\/td>\n<td style=\"text-align: center;\" bgcolor=\"#f7f7f7\">\n<p style=\"color: #e40521;\"><span style=\"text-align: center; color: #666666; font-size: 14px;\">Conditions g\u00e9n\u00e9rales d\u2019achat en anglais<\/span><\/p>\n<p style=\"color: #e40521;\"><span style=\"color: #e40521;\"><a href=\"https:\/\/www.mondragon-assembly.com\/pdf\/en\/General_Purchasing_Conditions_ES-MX.pdf\" target=\"_blank\" rel=\"noopener noreferrer\"><img decoding=\"async\" class=\"aligncenter wp-image-27924\" style=\"margin-bottom: 5px;\" src=\"https:\/\/www.mondragon-assembly.com\/wp-content\/uploads\/2021\/01\/icon-pdf.png\" alt=\"\" width=\"30\" height=\"37\" \/><\/a><\/span><\/p>\n<\/td>\n<\/tr>\n<tr style=\"border-bottom: 1px solid #f64747; height: 40px;\">\n<td style=\"text-align: center; border-right: 1px solid #f64747; font-size: 14px;\" bgcolor=\"#dddddd\">Mondragon Assembly China<\/td>\n<td style=\"text-align: center; border-right: 1px solid #f64747;\" bgcolor=\"#dddddd\">\n<p style=\"text-align: center; color: #666666; font-size: 14px;\">Conditions g\u00e9n\u00e9rales d\u2019achat en chinois<\/p>\n<p style=\"text-align: center; color: #666666; font-size: 14px;\"><span style=\"color: #e40521;\"><a href=\"https:\/\/www.mondragon-assembly.com\/pdf\/en\/Gral_Purchases_Conditions_customize_ZH_EN.pdf\" target=\"_blank\" rel=\"noopener noreferrer\"><img decoding=\"async\" class=\"aligncenter wp-image-27924\" style=\"margin-bottom: 5px;\" src=\"https:\/\/www.mondragon-assembly.com\/wp-content\/uploads\/2021\/01\/icon-pdf.png\" alt=\"\" width=\"30\" height=\"37\" \/><\/a><\/span><\/p>\n<\/td>\n<td style=\"text-align: center;\" bgcolor=\"#dddddd\">\n<p style=\"color: #e40521;\"><span style=\"text-align: center; color: #666666; font-size: 14px;\">Conditions g\u00e9n\u00e9rales d\u2019achat en anglais<\/span><\/p>\n<p style=\"color: #e40521;\"><span style=\"color: #e40521;\"><a href=\"https:\/\/www.mondragon-assembly.com\/pdf\/en\/General_Purchasing_Conditions_ZH-HANS-EN.pdf\" target=\"_blank\" rel=\"noopener noreferrer\"><img decoding=\"async\" class=\"aligncenter wp-image-27924\" style=\"margin-bottom: 5px;\" src=\"https:\/\/www.mondragon-assembly.com\/wp-content\/uploads\/2021\/01\/icon-pdf.png\" alt=\"\" width=\"30\" height=\"37\" \/><\/a><\/span><\/p>\n<\/td>\n<\/tr>\n<\/tbody>\n<\/table>\n<p>[\/vc_column_text][\/vc_column][\/vc_row][vc_row][vc_column][vc_text_separator title=\u00a0\u00bbCODE DE CONDUITE DU FOURNISSEUR\u00a0\u00bb el_class=\u00a0\u00bbtitle_gr\u00a0\u00bb][\/vc_column][\/vc_row][vc_row][vc_column][vc_column_text]<\/p>\n<p style=\"text-align: center;\">Dans cette section, vous trouverez le code de conduite du fournisseur.<\/p>\n<p>[\/vc_column_text][\/vc_column][\/vc_row][vc_row][vc_column][vc_column_text]<\/p>\n<table width=\"60%\" cellspacing=\"3\" cellpadding=\"3\" align=\"center\">\n<tbody>\n<tr style=\"border-top: 1px solid #f64747; border-bottom: 1px solid #f64747; height: 40px;\">\n<td style=\"text-align: center;\" bgcolor=\"#f7f7f7\" width=\"278\" height=\"55\">Code de conduite du fournisseur en espagnol<\/td>\n<td style=\"font-size: 14px; text-align: center;\" bgcolor=\"#f7f7f7\" width=\"162\"><a href=\"https:\/\/www.mondragon-assembly.com\/pdf\/Codigo_conducta.pdf\" target=\"_blank\" rel=\"noopener noreferrer\"><img decoding=\"async\" class=\"wp-image-27924 aligncenter\" src=\"https:\/\/www.mondragon-assembly.com\/wp-content\/uploads\/2021\/01\/icon-pdf.png\" alt=\"\" width=\"30\" height=\"37\" \/><\/a><\/td>\n<\/tr>\n<tr style=\"border-top: 1px solid #f64747; border-bottom: 1px solid #f64747; height: 40px;\">\n<td style=\"text-align: center;\" bgcolor=\"#f7f7f7\" width=\"278\" height=\"55\">Code de conduite du fournisseur en basque<\/td>\n<td style=\"font-size: 14px; text-align: center;\" bgcolor=\"#f7f7f7\" width=\"162\"><a href=\"https:\/\/www.mondragon-assembly.com\/pdf\/eu\/Hornitzaileen_Jokabide_Kodea_EU.pdf\" target=\"_blank\" rel=\"noopener noreferrer\"><img decoding=\"async\" class=\"aligncenter wp-image-27924\" src=\"https:\/\/www.mondragon-assembly.com\/wp-content\/uploads\/2021\/01\/icon-pdf.png\" alt=\"\" width=\"30\" height=\"37\" \/><\/a><\/td>\n<\/tr>\n<tr style=\"border-bottom: 1px solid #f64747; height: 40px;\">\n<td style=\"text-align: center;\" bgcolor=\"#dddddd\" height=\"55\">Code de conduite du fournisseur en anglais<\/td>\n<td style=\"text-align: center;\" bgcolor=\"#dddddd\"><a href=\"https:\/\/www.mondragon-assembly.com\/pdf\/en\/Supplier_Code_Of_Conduct_EN.pdf\" target=\"_blank\" rel=\"noopener noreferrer\"><img decoding=\"async\" class=\"aligncenter wp-image-27924\" src=\"https:\/\/www.mondragon-assembly.com\/wp-content\/uploads\/2021\/01\/icon-pdf.png\" alt=\"\" width=\"30\" height=\"37\" \/><\/a><\/td>\n<\/tr>\n<tr style=\"border-bottom: 1px solid #f64747; height: 40px;\">\n<td style=\"text-align: center;\" bgcolor=\"#f7f7f7\" height=\"55\">Code de conduite du fournisseur en fran\u00e7ais<\/td>\n<td style=\"text-align: center;\" bgcolor=\"#f7f7f7\"><a href=\"https:\/\/www.mondragon-assembly.com\/pdf\/fr\/Code_De_Conduite_Des_Fournisseurs.pdf\" target=\"_blank\" rel=\"noopener noreferrer\"><img decoding=\"async\" class=\"aligncenter wp-image-27924\" src=\"https:\/\/www.mondragon-assembly.com\/wp-content\/uploads\/2021\/01\/icon-pdf.png\" alt=\"\" width=\"30\" height=\"37\" \/><\/a><\/td>\n<\/tr>\n<tr style=\"border-bottom: 1px solid #f64747; height: 40px;\">\n<td style=\"text-align: center;\" bgcolor=\"#dddddd\" height=\"55\">Code de conduite du fournisseur en allemand<\/td>\n<td style=\"text-align: center;\" bgcolor=\"#dddddd\"><a href=\"https:\/\/www.mondragon-assembly.com\/pdf\/de\/Verhaltenskodex_F\u00fcr_Lieferanten_DE.pdf\" target=\"_blank\" rel=\"noopener noreferrer\"><img decoding=\"async\" class=\"aligncenter wp-image-27924\" src=\"https:\/\/www.mondragon-assembly.com\/wp-content\/uploads\/2021\/01\/icon-pdf.png\" alt=\"\" width=\"30\" height=\"37\" \/><\/a><\/td>\n<\/tr>\n<tr style=\"border-bottom: 1px solid #f64747; height: 40px;\">\n<td style=\"text-align: center;\" bgcolor=\"#f7f7f7\" height=\"55\">Code de conduite du fournisseur en portugais<\/td>\n<td style=\"text-align: center;\" bgcolor=\"#f7f7f7\"><a href=\"https:\/\/www.mondragon-assembly.com\/pdf\/pt\/Codigo_De_Conducta_Do_Fornecedor_PT-BR.pdf\" target=\"_blank\" rel=\"noopener noreferrer\"><img decoding=\"async\" class=\"aligncenter wp-image-27924\" src=\"https:\/\/www.mondragon-assembly.com\/wp-content\/uploads\/2021\/01\/icon-pdf.png\" alt=\"\" width=\"30\" height=\"37\" \/><\/a><\/td>\n<\/tr>\n<tr style=\"border-bottom: 1px solid #f64747; height: 40px;\">\n<td style=\"text-align: center;\" bgcolor=\"#dddddd\" height=\"55\">Code de conduite du fournisseur en chinois<\/td>\n<td style=\"text-align: center;\" bgcolor=\"#dddddd\"><a href=\"https:\/\/www.mondragon-assembly.com\/pdf\/zh\/Supplier_Code_Of_Conduct_ZH-HANS.pdf\" target=\"_blank\" rel=\"noopener noreferrer\"><img decoding=\"async\" class=\"aligncenter wp-image-27924\" src=\"https:\/\/www.mondragon-assembly.com\/wp-content\/uploads\/2021\/01\/icon-pdf.png\" alt=\"\" width=\"30\" height=\"37\" \/><\/a><\/td>\n<\/tr>\n<\/tbody>\n<\/table>\n<p>[\/vc_column_text][\/vc_column][\/vc_row]<\/p>\n<\/div>","protected":false},"excerpt":{"rendered":"<p>[vc_row css=\u00a0\u00bb.vc_custom_1604064744834{margin-top: -25px !important;}\u00a0\u00bb][vc_column][vc_empty_space height=\u00a0\u00bb40&Prime;][\/vc_column][\/vc_row][vc_row][vc_column][vc_column_text]Nous avons une pr\u00e9sence internationale, avec 6\u00a0usines de production comprenant toute la cha\u00eene de valeur. C\u2019est pourquoi nous devons et souhaitons conserver notre r\u00e9seau de fournisseurs \u00e0 m\u00eame de nous proposer des solutions quel que soit l\u2019endroit o\u00f9 nous nous trouvons. Des solutions qui r\u00e9pondent \u00e0 nos standards de qualit\u00e9. Notre [&hellip;]<\/p>\n","protected":false},"author":4,"featured_media":0,"parent":0,"menu_order":0,"comment_status":"closed","ping_status":"closed","template":"sectors.php","meta":{"_lmt_disableupdate":"","_lmt_disable":"","footnotes":""},"yst_prominent_words":[230],"class_list":["post-30082","page","type-page","status-publish","hentry"],"acf":[],"_links":{"self":[{"href":"https:\/\/www.mondragon-assembly.com\/fr\/wp-json\/wp\/v2\/pages\/30082","targetHints":{"allow":["GET"]}}],"collection":[{"href":"https:\/\/www.mondragon-assembly.com\/fr\/wp-json\/wp\/v2\/pages"}],"about":[{"href":"https:\/\/www.mondragon-assembly.com\/fr\/wp-json\/wp\/v2\/types\/page"}],"author":[{"embeddable":true,"href":"https:\/\/www.mondragon-assembly.com\/fr\/wp-json\/wp\/v2\/users\/4"}],"replies":[{"embeddable":true,"href":"https:\/\/www.mondragon-assembly.com\/fr\/wp-json\/wp\/v2\/comments?post=30082"}],"version-history":[{"count":28,"href":"https:\/\/www.mondragon-assembly.com\/fr\/wp-json\/wp\/v2\/pages\/30082\/revisions"}],"predecessor-version":[{"id":66344,"href":"https:\/\/www.mondragon-assembly.com\/fr\/wp-json\/wp\/v2\/pages\/30082\/revisions\/66344"}],"wp:attachment":[{"href":"https:\/\/www.mondragon-assembly.com\/fr\/wp-json\/wp\/v2\/media?parent=30082"}],"wp:term":[{"taxonomy":"yst_prominent_words","embeddable":true,"href":"https:\/\/www.mondragon-assembly.com\/fr\/wp-json\/wp\/v2\/yst_prominent_words?post=30082"}],"curies":[{"name":"wp","href":"https:\/\/api.w.org\/{rel}","templated":true}]}}