{"id":30099,"date":"2020-11-29T20:14:18","date_gmt":"2020-11-29T18:14:18","guid":{"rendered":"https:\/\/www.mondragon-assembly.com\/global-projects\/"},"modified":"2021-03-24T19:32:49","modified_gmt":"2021-03-24T17:32:49","slug":"global-projects","status":"publish","type":"page","link":"https:\/\/www.mondragon-assembly.com\/fr\/global-projects\/","title":{"rendered":"Projets globaux"},"content":{"rendered":"<div class=\"wpb-content-wrapper\"><p>[vc_row][vc_column][vc_column_text]Le d\u00e9veloppement de plus de 1\u00a0000\u00a0projets, la capacit\u00e9 \u00e0 encourager le d\u00e9veloppement durable et notre pr\u00e9sence internationale sont les points forts de Mondragon Assembly. Ce dernier point est la raison pour laquelle une \u00e9quipe de travail internationale a \u00e9t\u00e9 cr\u00e9\u00e9e. Cette derni\u00e8re se d\u00e9place \u00e0 travers nos 6 usines de production, d\u00e9veloppant des connaissances uniques.[\/vc_column_text][\/vc_column][\/vc_row][vc_row][vc_column][vc_text_separator title=\u00a0\u00bbDES SOLUTIONS MONDIALES POUR DES CLIENTS INTERNATIONAUX\u00a0\u00bb el_class=\u00a0\u00bbtitle_gr\u00a0\u00bb][\/vc_column][\/vc_row][vc_row][vc_column][vc_column_text css_animation=\u00a0\u00bbfadeIn\u00a0\u00bb css=\u00a0\u00bb.vc_custom_1613457981708{border-right-width: 3px !important;border-left-width: 3px !important;padding-top: 7px !important;padding-right: 20px !important;padding-bottom: 20px !important;padding-left: 20px !important;background-color: #f7f7f7 !important;border-left-color: #f7f7f7 !important;border-left-style: solid !important;border-right-color: #f7f7f7 !important;border-right-style: solid !important;border-radius: 35px !important;}\u00a0\u00bb]<!-- wpml:html_fragment\n\n--><\/p>\n<h4><span style=\"color: #6f6f6f; font-weight: bold;\">\u00c9QUIPE INTERNATIONALE<\/span><\/h4>\n<p>Notre \u00e9quipe internationale se consacre exclusivement aux projets mondiaux et au transfert de savoir-faire entre les usines.[\/vc_column_text][\/vc_column][\/vc_row][vc_row][vc_column][vc_column_text css_animation=\u00a0\u00bbfadeIn\u00a0\u00bb css=\u00a0\u00bb.vc_custom_1608036482991{border-right-width: 3px !important;border-left-width: 3px !important;padding-top: 7px !important;padding-right: 20px !important;padding-bottom: 20px !important;padding-left: 20px !important;background-color: #67686b !important;border-left-color: #f7f7f7 !important;border-left-style: solid !important;border-right-color: #f7f7f7 !important;border-right-style: solid !important;border-radius: 35px !important;}\u00a0\u00bb]<!-- wpml:html_fragment\n\n--><\/p>\n<h4><span style=\"color: #ffffff; font-weight: bold;\">EXPERTISE ET CONNAISSANCES<\/span><\/h4>\n<p><span style=\"color: #ffffff;\">Nous avons une longue exp\u00e9rience et des connaissances sur un large \u00e9ventail de produits et leurs processus de montage.<\/span>[\/vc_column_text][\/vc_column][\/vc_row][vc_row][vc_column][vc_column_text css_animation=\u00a0\u00bbfadeIn\u00a0\u00bb css=\u00a0\u00bb.vc_custom_1613378741118{border-right-width: 3px !important;border-left-width: 3px !important;padding-top: 7px !important;padding-right: 20px !important;padding-bottom: 20px !important;padding-left: 20px !important;background-color: #f7f7f7 !important;border-left-color: #f7f7f7 !important;border-left-style: solid !important;border-right-color: #f7f7f7 !important;border-right-style: solid !important;border-radius: 35px !important;}\u00a0\u00bb]<!-- wpml:html_fragment\n\n--><\/p>\n<h4><span style=\"color: #6f6f6f; font-weight: bold;\">UNE ING\u00c9NIERIE UNIQUE<\/span><\/h4>\n<p>Mondragon Assembly offre une conception unique avec les m\u00eames normes dans le monde entier, apportant des adaptations locales pour r\u00e9pondre \u00e0 des besoins sp\u00e9cifiques. Cela permet une r\u00e9duction des prix, des heures de gestion pour les clients et des frais de d\u00e9placement, entre autres.[\/vc_column_text][\/vc_column][\/vc_row][vc_row][vc_column][vc_column_text css_animation=\u00a0\u00bbfadeIn\u00a0\u00bb css=\u00a0\u00bb.vc_custom_1613379040677{border-right-width: 3px !important;border-left-width: 3px !important;padding-top: 7px !important;padding-right: 20px !important;padding-bottom: 20px !important;padding-left: 20px !important;background-color: #67686b !important;border-left-color: #f7f7f7 !important;border-left-style: solid !important;border-right-color: #f7f7f7 !important;border-right-style: solid !important;border-radius: 35px !important;}\u00a0\u00bb]<!-- wpml:html_fragment\n\n--><\/p>\n<h4><span style=\"color: #ffffff; font-weight: bold;\">ADAPT\u00c9 AUX BESOINS DE NOS CLIENTS <\/span><\/h4>\n<p><span style=\"color: #ffffff;\">Notre r\u00f4le d\u2019interlocuteur mondial et notre \u00e9quipe d\u2019ing\u00e9nieurs nous permettent de toujours nous adapter aux exigences locales et internationales de nos clients, en fournissant une fabrication, une installation et un service apr\u00e8s-vente de proximit\u00e9, avec des techniciens form\u00e9s localement.<\/span><\/p>\n<p><span style=\"color: #ffffff;\">Nous pouvons collaborer avec nos clients sur la conception, en conformit\u00e9 avec les normes europ\u00e9ennes, et son adaptation ult\u00e9rieure aux diff\u00e9rents pays et diff\u00e9rentes configurations de ligne.<\/span>[\/vc_column_text][\/vc_column][\/vc_row][vc_row][vc_column][vc_column_text css_animation=\u00a0\u00bbfadeIn\u00a0\u00bb css=\u00a0\u00bb.vc_custom_1613379132560{border-right-width: 3px !important;border-left-width: 3px !important;padding-top: 7px !important;padding-right: 20px !important;padding-bottom: 20px !important;padding-left: 20px !important;background-color: #f7f7f7 !important;border-left-color: #f7f7f7 !important;border-left-style: solid !important;border-right-color: #f7f7f7 !important;border-right-style: solid !important;border-radius: 35px !important;}\u00a0\u00bb el_class=\u00a0\u00bbicon_list\u00a0\u00bb]<!-- wpml:html_fragment\n\n--><\/p>\n<h4><span style=\"color: #6f6f6f; font-weight: bold;\">ASSISTANCE ET COLLABORATION<\/span><\/h4>\n<p>Outre l\u2019ing\u00e9nierie, nous proposons \u00e0 nos clients assistance et collaboration\u00a0:<\/p>\n<ul>\n<li>Conseils pour les meilleures solutions<\/li>\n<li>Conception et ing\u00e9nierie de propositions conceptuelles et<\/li>\n<li>D\u00e9veloppement de prototypes<\/li>\n<\/ul>\n<p>Toutes nos solutions sont test\u00e9es avant la mise en service finale, ce qui nous permet de d\u00e9velopper des prototypes pour les op\u00e9rations les plus critiques.[\/vc_column_text][\/vc_column][\/vc_row][vc_row full_width=\u00a0\u00bbstretch_row\u00a0\u00bb css=\u00a0\u00bb.vc_custom_1609836261542{background-color: #f7f7f7 !important;}\u00a0\u00bb][vc_column width=\u00a0\u00bb1\/2&Prime;][vc_custom_heading text=\u00a0\u00bbVID\u00c9O\u00a0\u00bb font_container=\u00a0\u00bbtag:h3|text_align:left\u00a0\u00bb google_fonts=\u00a0\u00bbfont_family:Roboto%3A100%2C100italic%2C300%2C300italic%2Cregular%2Citalic%2C500%2C500italic%2C700%2C700italic%2C900%2C900italic|font_style:700%20bold%20regular%3A700%3Anormal\u00a0\u00bb el_class=\u00a0\u00bblinea_inferior_title\u00a0\u00bb][vc_column_text]En savoir plus sur ce que notre \u00e9quipe internationale peut faire pour vous.[\/vc_column_text][\/vc_column][vc_column width=\u00a0\u00bb1\/2&Prime;][vc_row_inner][vc_column_inner][vc_video link=\u00a0\u00bbhttps:\/\/www.youtube.com\/watch?v=i8Wx03-ilPc\u00a0\u00bb][\/vc_column_inner][\/vc_row_inner][\/vc_column][\/vc_row][vc_row][vc_column][vc_empty_space][\/vc_column][\/vc_row]<!-- wpml:html_fragment\n\n--><\/p>\n<\/div>","protected":false},"excerpt":{"rendered":"<p>[vc_row][vc_column][vc_column_text]Le d\u00e9veloppement de plus de 1\u00a0000\u00a0projets, la capacit\u00e9 \u00e0 encourager le d\u00e9veloppement durable et notre pr\u00e9sence internationale sont les points forts de Mondragon Assembly. Ce dernier point est la raison pour laquelle une \u00e9quipe de travail internationale a \u00e9t\u00e9 cr\u00e9\u00e9e. Cette derni\u00e8re se d\u00e9place \u00e0 travers nos 6 usines de production, d\u00e9veloppant des connaissances uniques.[\/vc_column_text][\/vc_column][\/vc_row][vc_row][vc_column][vc_text_separator [&hellip;]<\/p>\n","protected":false},"author":4,"featured_media":0,"parent":0,"menu_order":0,"comment_status":"closed","ping_status":"closed","template":"sectors.php","meta":{"_lmt_disableupdate":"","_lmt_disable":"","footnotes":""},"yst_prominent_words":[2470,230,1720,2018,2238,2276],"class_list":["post-30099","page","type-page","status-publish","hentry"],"acf":[],"_links":{"self":[{"href":"https:\/\/www.mondragon-assembly.com\/fr\/wp-json\/wp\/v2\/pages\/30099","targetHints":{"allow":["GET"]}}],"collection":[{"href":"https:\/\/www.mondragon-assembly.com\/fr\/wp-json\/wp\/v2\/pages"}],"about":[{"href":"https:\/\/www.mondragon-assembly.com\/fr\/wp-json\/wp\/v2\/types\/page"}],"author":[{"embeddable":true,"href":"https:\/\/www.mondragon-assembly.com\/fr\/wp-json\/wp\/v2\/users\/4"}],"replies":[{"embeddable":true,"href":"https:\/\/www.mondragon-assembly.com\/fr\/wp-json\/wp\/v2\/comments?post=30099"}],"version-history":[{"count":14,"href":"https:\/\/www.mondragon-assembly.com\/fr\/wp-json\/wp\/v2\/pages\/30099\/revisions"}],"predecessor-version":[{"id":37114,"href":"https:\/\/www.mondragon-assembly.com\/fr\/wp-json\/wp\/v2\/pages\/30099\/revisions\/37114"}],"wp:attachment":[{"href":"https:\/\/www.mondragon-assembly.com\/fr\/wp-json\/wp\/v2\/media?parent=30099"}],"wp:term":[{"taxonomy":"yst_prominent_words","embeddable":true,"href":"https:\/\/www.mondragon-assembly.com\/fr\/wp-json\/wp\/v2\/yst_prominent_words?post=30099"}],"curies":[{"name":"wp","href":"https:\/\/api.w.org\/{rel}","templated":true}]}}