{"id":30115,"date":"2020-11-09T23:21:47","date_gmt":"2020-11-09T21:21:47","guid":{"rendered":"https:\/\/www.mondragon-assembly.com\/energy-storage\/energy-estorage-individual-equipment\/"},"modified":"2022-02-10T12:36:43","modified_gmt":"2022-02-10T10:36:43","slug":"energy-estorage-individual-equipment","status":"publish","type":"page","link":"https:\/\/www.mondragon-assembly.com\/fr\/e-mobilite-et-stockage-denergie\/energy-estorage-individual-equipment\/","title":{"rendered":"Stockage de l\u2019\u00e9nergie &#8211; \u00c9quipements individuels"},"content":{"rendered":"<div class=\"wpb-content-wrapper\"><p>[vc_row][vc_column][vc_empty_space][\/vc_column][\/vc_row][vc_row][vc_column][vc_text_separator title=\u00a0\u00bb\u00c9QUIPEMENT DE TRI ET DE SOUDAGE DES BATTERY-PACKS CYLINDRIQUES\u00a0\u00bb el_class=\u00a0\u00bbtitle_gr\u00a0\u00bb][vc_column_text]Chaque pile Li-ion est connect\u00e9e en s\u00e9rie \u00e0 un module. Nous proposons des plateformes de montage pour assurer un positionnement pr\u00e9cis et une fixation solide entre les \u00e9l\u00e9ments de batterie dans un module. La machine teste et s\u00e9leccione les piles pour obtenir un battery-pack haute performance, correctement appair\u00e9. Cette solution est centr\u00e9e sur une production flexible de modules personalisables \u00e0 piles cylindriques.[\/vc_column_text][vc_single_image image=\u00a0\u00bb45563&Prime; img_size=\u00a0\u00bb500&#215;550&Prime; alignment=\u00a0\u00bbcenter\u00a0\u00bb][\/vc_column][\/vc_row][vc_row full_width=\u00a0\u00bbstretch_row_content\u00a0\u00bb][vc_column width=\u00a0\u00bb1\/6&Prime;][\/vc_column][vc_column width=\u00a0\u00bb2\/6&Prime;][vc_column_text]<!-- wpml:html_fragment --><\/p>\n<h3><span style=\"color: #e20026;\"><img decoding=\"async\" class=\"alignnone wp-image-22233 size-full\" src=\"https:\/\/www.mondragon-assembly.com\/wp-content\/uploads\/2019\/06\/icon-main-features.jpg\" alt=\"\" width=\"41\" height=\"41\" \/> Caract\u00e9ristiques principales<\/span><\/h3>\n<p>[\/vc_column_text][vc_column_text el_class=\u00a0\u00bbicon_list\u00a0\u00bb]<!-- wpml:html_fragment --><\/p>\n<ul>\n<li>Produit \u00e0 monter\n<ul>\n<li>Type de module de pile Li-ion\u00a0: 26\u00a0650\u00a0piles<\/li>\n<li>Facultatif\u00a0: 18\u00a0650\u00a0piles ou 21\u00a0700\u00a0piles<\/li>\n<\/ul>\n<\/li>\n<li>Temps de cycle\u00a0: 3\u00a0secondes\/pile<\/li>\n<li>Disponibilit\u00e9 technique\u00a0: 95\u00a0%<\/li>\n<li>Trois lignes d\u2019alimentation\u00a0: 330\u00a0piles\/ligne d\u2019alimentation (26650)<\/li>\n<li>Un op\u00e9rateur pr\u00e9parant les supports et chargeant les plaques d&rsquo;interconnexion.<\/li>\n<\/ul>\n<p>[\/vc_column_text][\/vc_column][vc_column width=\u00a0\u00bb3\/6&Prime;][vc_column_text]<!-- wpml:html_fragment --><\/p>\n<h3><span style=\"color: #e20026;\"><img decoding=\"async\" class=\"alignnone wp-image-22334 size-full\" src=\"https:\/\/www.mondragon-assembly.com\/wp-content\/uploads\/2019\/06\/icon-function.jpg\" alt=\"\" width=\"41\" height=\"41\" \/> Proc\u00e9d\u00e9 de montage<\/span><\/h3>\n<p>[\/vc_column_text][vc_column_text el_class=\u00a0\u00bbicon_list\u00a0\u00bb]<!-- wpml:html_fragment --><\/p>\n<ul>\n<li>Alimentation des piles cylindriques de 3\u00a0magazines diff\u00e9rents<\/li>\n<li>Singulation des piles et tests de tension en circuit ouvert<\/li>\n<li>Tri des piles selon la r\u00e9sistance interne et la tension<\/li>\n<li>Classification des piles par robot dans un tampon interm\u00e9diaire<\/li>\n<li>Configuration du bloc de piles<\/li>\n<li>Soudage par r\u00e9sistance de la t\u00f4le de nickel<\/li>\n<li>Aucune op\u00e9ration manuelle\n<ul>\n<li>Mise en place de la t\u00f4le de nickel dans les modules<\/li>\n<li>Montage\/D\u00e9montage total<\/li>\n<li>Retournement (180\u00a0\u00b0)<\/li>\n<\/ul>\n<\/li>\n<\/ul>\n<p>[\/vc_column_text][\/vc_column][\/vc_row][vc_row][vc_column][vc_empty_space][\/vc_column][\/vc_row][vc_row][vc_column][vc_column_text]<!-- wpml:html_fragment --><\/p>\n<h6 id=\"ancla_prismatic\"><span style=\"color: #ffffff;\">.<\/span><\/h6>\n<p>[\/vc_column_text][vc_text_separator title=\u00a0\u00bbSOUDEUSE DE PILES PRISMATIQUES\u00a0\u00bb el_class=\u00a0\u00bbtitle_gr\u00a0\u00bb][vc_column_text css_animation=\u00a0\u00bbnone\u00a0\u00bb]Nous avons con\u00e7u r\u00e9cemment une soudeuse de piles prismatiques capable de souder 3\u00a0modules de piles prismatiques diff\u00e9rents \u00e0 l\u2019aide de la technologie de soudage au laser.[\/vc_column_text][vc_row_inner][vc_column_inner][vc_single_image image=\u00a0\u00bb53652&Prime; img_size=\u00a0\u00bbfull\u00a0\u00bb alignment=\u00a0\u00bbcenter\u00a0\u00bb][\/vc_column_inner][\/vc_row_inner][\/vc_column][\/vc_row][vc_row full_width=\u00a0\u00bbstretch_row_content\u00a0\u00bb][vc_column width=\u00a0\u00bb1\/5&Prime;][\/vc_column][vc_column width=\u00a0\u00bb2\/5&Prime;][vc_column_text]<!-- wpml:html_fragment --><\/p>\n<h3><span style=\"color: #e20026;\"><img decoding=\"async\" class=\"alignnone wp-image-22233 size-full\" src=\"https:\/\/www.mondragon-assembly.com\/wp-content\/uploads\/2019\/06\/icon-main-features.jpg\" alt=\"\" width=\"41\" height=\"41\" \/> Caract\u00e9ristiques principales<\/span><\/h3>\n<p>[\/vc_column_text][vc_column_text el_class=\u00a0\u00bbicon_list\u00a0\u00bb]<!-- wpml:html_fragment --><\/p>\n<ul>\n<li>Modules diff\u00e9rents<\/li>\n<li>Temps de cycle : 5 minutes par battery-pack<\/li>\n<li>Disponibilit\u00e9 technique\u00a0: 95\u00a0%<\/li>\n<li>Soudage laser 4\u00a0kW.<\/li>\n<\/ul>\n<p>[\/vc_column_text][\/vc_column][vc_column width=\u00a0\u00bb2\/5&Prime;][vc_column_text]<!-- wpml:html_fragment --><\/p>\n<h3><span style=\"color: #e20026;\"><img decoding=\"async\" class=\"alignnone wp-image-22334 size-full\" src=\"https:\/\/www.mondragon-assembly.com\/wp-content\/uploads\/2019\/06\/icon-function.jpg\" alt=\"\" width=\"41\" height=\"41\" \/> Proc\u00e9d\u00e9 de montage<\/span><\/h3>\n<p>[\/vc_column_text][vc_column_text el_class=\u00a0\u00bbicon_list\u00a0\u00bb]<!-- wpml:html_fragment --><\/p>\n<ul>\n<li>Empilement manuel en palettes<\/li>\n<li>Polarit\u00e9 manuelle et test d\u2019isolation de tension<\/li>\n<li>Chargement manuel du bus-barre<\/li>\n<li>Transfert automatique entre les stations<\/li>\n<li>Soudage automatique et inspection visuelle par cam\u00e9ra<\/li>\n<li>Retournement automatique<\/li>\n<li>Contr\u00f4les manuels finaux<\/li>\n<li>D\u00e9chargement manuel<\/li>\n<\/ul>\n<p>[\/vc_column_text][\/vc_column][\/vc_row][vc_row][vc_column][vc_column_text]<!-- wpml:html_fragment -->[\/vc_column_text][\/vc_column][\/vc_row]<\/p>\n<\/div>","protected":false},"excerpt":{"rendered":"<p>[vc_row][vc_column][vc_empty_space][\/vc_column][\/vc_row][vc_row][vc_column][vc_text_separator title=\u00a0\u00bb\u00c9QUIPEMENT DE TRI ET DE SOUDAGE DES BATTERY-PACKS CYLINDRIQUES\u00a0\u00bb el_class=\u00a0\u00bbtitle_gr\u00a0\u00bb][vc_column_text]Chaque pile Li-ion est connect\u00e9e en s\u00e9rie \u00e0 un module. Nous proposons des plateformes de montage pour assurer un positionnement pr\u00e9cis et une fixation solide entre les \u00e9l\u00e9ments de batterie dans un module. La machine teste et s\u00e9leccione les piles pour obtenir un battery-pack haute [&hellip;]<\/p>\n","protected":false},"author":4,"featured_media":0,"parent":30034,"menu_order":0,"comment_status":"closed","ping_status":"closed","template":"sectors.php","meta":{"_lmt_disableupdate":"","_lmt_disable":"","footnotes":""},"yst_prominent_words":[1284],"class_list":["post-30115","page","type-page","status-publish","hentry"],"acf":[],"_links":{"self":[{"href":"https:\/\/www.mondragon-assembly.com\/fr\/wp-json\/wp\/v2\/pages\/30115","targetHints":{"allow":["GET"]}}],"collection":[{"href":"https:\/\/www.mondragon-assembly.com\/fr\/wp-json\/wp\/v2\/pages"}],"about":[{"href":"https:\/\/www.mondragon-assembly.com\/fr\/wp-json\/wp\/v2\/types\/page"}],"author":[{"embeddable":true,"href":"https:\/\/www.mondragon-assembly.com\/fr\/wp-json\/wp\/v2\/users\/4"}],"replies":[{"embeddable":true,"href":"https:\/\/www.mondragon-assembly.com\/fr\/wp-json\/wp\/v2\/comments?post=30115"}],"version-history":[{"count":22,"href":"https:\/\/www.mondragon-assembly.com\/fr\/wp-json\/wp\/v2\/pages\/30115\/revisions"}],"predecessor-version":[{"id":53659,"href":"https:\/\/www.mondragon-assembly.com\/fr\/wp-json\/wp\/v2\/pages\/30115\/revisions\/53659"}],"up":[{"embeddable":true,"href":"https:\/\/www.mondragon-assembly.com\/fr\/wp-json\/wp\/v2\/pages\/30034"}],"wp:attachment":[{"href":"https:\/\/www.mondragon-assembly.com\/fr\/wp-json\/wp\/v2\/media?parent=30115"}],"wp:term":[{"taxonomy":"yst_prominent_words","embeddable":true,"href":"https:\/\/www.mondragon-assembly.com\/fr\/wp-json\/wp\/v2\/yst_prominent_words?post=30115"}],"curies":[{"name":"wp","href":"https:\/\/api.w.org\/{rel}","templated":true}]}}