{"id":30131,"date":"2020-11-09T22:50:42","date_gmt":"2020-11-09T20:50:42","guid":{"rendered":"https:\/\/www.mondragon-assembly.com\/energy-storage\/turnkey-lines-for-batteries-modules-packs-assembly\/"},"modified":"2024-09-09T10:13:41","modified_gmt":"2024-09-09T08:13:41","slug":"turnkey-lines-for-batteries-modules-packs-assembly","status":"publish","type":"page","link":"https:\/\/www.mondragon-assembly.com\/fr\/e-mobilite-et-stockage-denergie\/turnkey-lines-for-batteries-modules-packs-assembly\/","title":{"rendered":"Lignes cl\u00e9s en main pour les technologies de packs de batteries"},"content":{"rendered":"<div class=\"wpb-content-wrapper\"><p>[vc_row][vc_column][vc_empty_space][\/vc_column][\/vc_row][vc_row][vc_column][vc_column_text]Nous proposons des solutions modulaires et flexibles pour couvrir de nombreux domaines, tels que les syst\u00e8mes de stockage de l\u2019\u00e9nergie des machines de recherche et de d\u00e9veloppement, ainsi que des lignes de montage compl\u00e8tes pour la production de modules et blocs de batteries.<\/p>\n<p>Nous sommes en mesure de fournir une large gamme de solutions pour diff\u00e9rentes applications de production de piles, telles que\u00a0: la production de piles cylindriques, prismatiques et poches.[\/vc_column_text][\/vc_column][\/vc_row][vc_row][vc_column][vc_empty_space][\/vc_column][\/vc_row][vc_row][vc_column][vc_column_text el_class=\u00a0\u00bbicon_list\u00a0\u00bb]<\/p>\n<h3 style=\"text-align: center; font-size: 18px; color: #2b3c46; font-weight: bold;\">La ligne de montage du bloc-batterie comprend diff\u00e9rents processus de montage\u00a0:<\/h3>\n<p>[\/vc_column_text][vc_row_inner][vc_column_inner width=\u00a0\u00bb1\/2&Prime;][vc_single_image image=\u00a0\u00bb25626&Prime; img_size=\u00a0\u00bb1074&#215;452&Prime; alignment=\u00a0\u00bbcenter\u00a0\u00bb][\/vc_column_inner][vc_column_inner width=\u00a0\u00bb1\/4&Prime;][vc_column_text el_class=\u00a0\u00bbicon_list\u00a0\u00bb]<\/p>\n<p style=\"font-weight: bold;\">Montage des modules de batterie<\/p>\n<ul>\n<li>Alimentation et tri des piles<\/li>\n<li>Configuration du bloc de piles<\/li>\n<li>Chargement et montage du bo\u00eetier et de la plaque terminale<\/li>\n<li>Distribution de la p\u00e2te thermique<\/li>\n<li>Chargement et soudage de la barre de bus<\/li>\n<\/ul>\n<p>[\/vc_column_text][\/vc_column_inner][vc_column_inner width=\u00a0\u00bb1\/4&Prime;][vc_column_text el_class=\u00a0\u00bbicon_list\u00a0\u00bb]<\/p>\n<p style=\"font-weight: bold;\">Montage du battery-pack<\/p>\n<ul>\n<li>Chargement du bo\u00eetier<\/li>\n<li>Montage du syst\u00e8me thermique<\/li>\n<li>Chargement et montage du module<\/li>\n<li>Montage du syst\u00e8me\u00a0HT et BT<\/li>\n<li>Chargement et acheminement du BMS + des c\u00e2bles<\/li>\n<li>Montage du couvercle<\/li>\n<li>Tests de fuite\/d\u2019isolation\/EOL<\/li>\n<\/ul>\n<p>[\/vc_column_text][\/vc_column_inner][\/vc_row_inner][\/vc_column][\/vc_row][vc_row][vc_column][vc_column_text css_animation=\u00a0\u00bbappear\u00a0\u00bb css=\u00a0\u00bb.vc_custom_1609155255799{padding-top: 7px !important;padding-right: 20px !important;padding-bottom: 20px !important;padding-left: 20px !important;background-color: #f7f7f7 !important;}\u00a0\u00bb]<\/p>\n<h4 style=\"text-align: center;\">Toutes nos solutions peuvent \u00eatre personnalis\u00e9es, et notre \u00e9quipe d\u2019ing\u00e9nieurs exp\u00e9riment\u00e9s met<br \/>\nson exp\u00e9rience \u00e0 votre disposition pour vous aider \u00e0 d\u00e9velopper votre projet.<\/h4>\n<p>[\/vc_column_text][\/vc_column][\/vc_row][vc_row][vc_column][vc_empty_space][\/vc_column][\/vc_row][vc_row][vc_column][vc_text_separator title=\u00a0\u00bbCOMPOSANTS AUXILIAIRES DES MODULES DE BATTERIE\u00a0\u00bb el_class=\u00a0\u00bbtitle_gr\u00a0\u00bb][\/vc_column][\/vc_row][vc_row][vc_column][vc_column_text el_class=\u00a0\u00bbicon_list_subt\u00a0\u00bb]<\/p>\n<h4><span style=\"color: #2b3c46; font-weight: bold;\">SYST\u00c8ME DE CONTACT CELLULAIRE DES MODULES DE BATTERIE<\/span><\/h4>\n<p>[\/vc_column_text][\/vc_column][\/vc_row][vc_row][vc_column][vc_column_text css_animation=\u00a0\u00bbnone\u00a0\u00bb]Nous d\u00e9veloppons \u00e9galement des lignes de montage pour les composants auxiliaires et les modules de batterie[\/vc_column_text][\/vc_column][\/vc_row][vc_row][vc_column width=\u00a0\u00bb1\/2&Prime;][vc_column_text]<\/p>\n<h3><span style=\"color: #e20026;\"><img decoding=\"async\" class=\"alignnone wp-image-22233 size-full\" src=\"https:\/\/www.mondragon-assembly.com\/wp-content\/uploads\/2019\/06\/icon-main-features.jpg\" alt=\"\" width=\"41\" height=\"41\" \/> Caract\u00e9ristiques principales<\/span><\/h3>\n<p>[\/vc_column_text][vc_column_text el_class=\u00a0\u00bbicon_list\u00a0\u00bb]<\/p>\n<ul>\n<li>Circulation en boucle ferm\u00e9e avec syst\u00e8me de transfert pallettis\u00e9<\/li>\n<li>Code\u00a0DMC du produit et scanner de code-barres pour la tra\u00e7abilit\u00e9<\/li>\n<li>Station de r\u00e9paration avec \u00e9cran graphique pour les process de r\u00e9paration<\/li>\n<li>Connexion \u00e0 des syst\u00e8mes\u00a0MES de plus haut niveau<\/li>\n<\/ul>\n<p>[\/vc_column_text][\/vc_column][vc_column width=\u00a0\u00bb1\/2&Prime;][vc_column_text]<\/p>\n<h3><span style=\"color: #e20026;\"><img decoding=\"async\" class=\"alignnone wp-image-22334 size-full\" src=\"https:\/\/www.mondragon-assembly.com\/wp-content\/uploads\/2019\/06\/icon-function.jpg\" alt=\"\" width=\"41\" height=\"41\" \/> Proced\u00e9 de montage<\/span><\/h3>\n<p>[\/vc_column_text][vc_column_text el_class=\u00a0\u00bbicon_list\u00a0\u00bb]<\/p>\n<ul>\n<li>Chargement robotis\u00e9 du p\u00f4le P, du p\u00f4le M et du connecteur cellulaire sur le convoyeur. Les composants sont calfeutr\u00e9s \u00e0 chaud<\/li>\n<li>Les capteurs de temp\u00e9rature sur le circuit imprim\u00e9 sont prot\u00e9g\u00e9s de tampons thermiques et le circuit imprim\u00e9 est ins\u00e9r\u00e9 dans la plaque de support. Le panneau sera \u00e9galement calfeutr\u00e9 \u00e0 chaud<\/li>\n<li>Nettoyage au plasma de tous les points de collage. Apr\u00e8s cela, collage entre le circuit imprim\u00e9 et le connecteur cellulaire<\/li>\n<li>Rev\u00eatement des surfaces de collage avec de la r\u00e9sine UV. Durcissement du rev\u00eatement dans un four \u00e0 UV<\/li>\n<li>Inspection en fin de ligne : contr\u00f4le optique avec le rev\u00eatement UV par un syst\u00e8me de cam\u00e9ra, contr\u00f4le optique des points de calfeutrage par un syst\u00e8me de cam\u00e9ra, tests \u00e9lectriques des joints de collage et des capteurs<\/li>\n<li>Marquage par laser<\/li>\n<li>Tri des pi\u00e8ces non conformes ou retravaill\u00e9es au moyen d\u2019une pince. Les pi\u00e8ces conformes sont retir\u00e9es par le personnel d\u2019exploitation<\/li>\n<\/ul>\n<p>[\/vc_column_text][\/vc_column][\/vc_row]<\/p>\n<\/div>","protected":false},"excerpt":{"rendered":"<p>[vc_row][vc_column][vc_empty_space][\/vc_column][\/vc_row][vc_row][vc_column][vc_column_text]Nous proposons des solutions modulaires et flexibles pour couvrir de nombreux domaines, tels que les syst\u00e8mes de stockage de l\u2019\u00e9nergie des machines de recherche et de d\u00e9veloppement, ainsi que des lignes de montage compl\u00e8tes pour la production de modules et blocs de batteries. Nous sommes en mesure de fournir une large gamme de solutions pour [&hellip;]<\/p>\n","protected":false},"author":4,"featured_media":0,"parent":30034,"menu_order":0,"comment_status":"closed","ping_status":"closed","template":"sectors.php","meta":{"_lmt_disableupdate":"","_lmt_disable":"","footnotes":""},"yst_prominent_words":[],"class_list":["post-30131","page","type-page","status-publish","hentry"],"acf":[],"_links":{"self":[{"href":"https:\/\/www.mondragon-assembly.com\/fr\/wp-json\/wp\/v2\/pages\/30131","targetHints":{"allow":["GET"]}}],"collection":[{"href":"https:\/\/www.mondragon-assembly.com\/fr\/wp-json\/wp\/v2\/pages"}],"about":[{"href":"https:\/\/www.mondragon-assembly.com\/fr\/wp-json\/wp\/v2\/types\/page"}],"author":[{"embeddable":true,"href":"https:\/\/www.mondragon-assembly.com\/fr\/wp-json\/wp\/v2\/users\/4"}],"replies":[{"embeddable":true,"href":"https:\/\/www.mondragon-assembly.com\/fr\/wp-json\/wp\/v2\/comments?post=30131"}],"version-history":[{"count":18,"href":"https:\/\/www.mondragon-assembly.com\/fr\/wp-json\/wp\/v2\/pages\/30131\/revisions"}],"predecessor-version":[{"id":71028,"href":"https:\/\/www.mondragon-assembly.com\/fr\/wp-json\/wp\/v2\/pages\/30131\/revisions\/71028"}],"up":[{"embeddable":true,"href":"https:\/\/www.mondragon-assembly.com\/fr\/wp-json\/wp\/v2\/pages\/30034"}],"wp:attachment":[{"href":"https:\/\/www.mondragon-assembly.com\/fr\/wp-json\/wp\/v2\/media?parent=30131"}],"wp:term":[{"taxonomy":"yst_prominent_words","embeddable":true,"href":"https:\/\/www.mondragon-assembly.com\/fr\/wp-json\/wp\/v2\/yst_prominent_words?post=30131"}],"curies":[{"name":"wp","href":"https:\/\/api.w.org\/{rel}","templated":true}]}}