{"id":30147,"date":"2020-11-29T20:01:05","date_gmt":"2020-11-29T18:01:05","guid":{"rendered":"https:\/\/www.mondragon-assembly.com\/contract-manufacturing\/"},"modified":"2021-03-24T11:21:14","modified_gmt":"2021-03-24T09:21:14","slug":"contract-manufacturing","status":"publish","type":"page","link":"https:\/\/www.mondragon-assembly.com\/fr\/contract-manufacturing\/","title":{"rendered":"Contract manufacturing"},"content":{"rendered":"<div class=\"wpb-content-wrapper\"><p>[vc_row][vc_column][vc_column_text css_animation=\u00a0\u00bbleft-to-right\u00a0\u00bb]Nous sommes sp\u00e9cialis\u00e9s dans la conception, la fabrication et l\u2019assemblage de lignes de production pour l\u2019automatisation des processus industriels. Avec plus de quarante ann\u00e9es d\u2019exp\u00e9rience sur ce march\u00e9, nous avons consolid\u00e9 notre statut en tant que partenaire principal en mati\u00e8re de haute technologie pour nos clients.<!-- wpml:html_fragment\n\n--><\/p>\n<p>Notre \u00e9quipe d\u2019experts, forte de son savoir-faire et de son exp\u00e9rience, est en mesure de proposer des solutions \u00e0 haute composante technologique en g\u00e9nie m\u00e9canique, \u00e9lectrique, \u00e9lectronique et d\u2019assemblage pour une grande vari\u00e9t\u00e9 de produits dans divers secteurs.[\/vc_column_text][\/vc_column][\/vc_row][vc_row][vc_column][vc_empty_space][\/vc_column][\/vc_row][vc_row][vc_column width=\u00a0\u00bb1\/2&Prime;][vc_column_text css_animation=\u00a0\u00bbleft-to-right\u00a0\u00bb el_class=\u00a0\u00bbicon_list\u00a0\u00bb]<!-- wpml:html_fragment\n\n--><\/p>\n<h4 style=\"font-weight: bold;\">\u00c0 Mondragon Assembly, nous avons un haut niveau d\u2019exp\u00e9rience en\u00a0:<\/h4>\n<ul>\n<li>Planification et conception des lignes de fabrication pour les composants industriels<\/li>\n<li>Cha\u00eene d\u2019approvisionnement mondiale avec des accords internationaux avec les principaux OEM de solutions d\u2019automatisation<\/li>\n<li>Montage, programmation et r\u00e9glage des lignes standard et personnalis\u00e9es<\/li>\n<li>Service mondial de livraison cl\u00e9s en main au domicile du client<\/li>\n<\/ul>\n<p>[\/vc_column_text][\/vc_column][vc_column width=\u00a0\u00bb1\/2&Prime;][vc_single_image image=\u00a0\u00bb26808&Prime; img_size=\u00a0\u00bbfull\u00a0\u00bb style=\u00a0\u00bbvc_box_outline\u00a0\u00bb css_animation=\u00a0\u00bbfadeIn\u00a0\u00bb][\/vc_column][\/vc_row][vc_row][vc_column][vc_empty_space][\/vc_column][\/vc_row][vc_row css=\u00a0\u00bb.vc_custom_1609835791864{border-bottom-width: 3px !important;padding-right: 20px !important;padding-left: 20px !important;background-color: #f7f7f7 !important;}\u00a0\u00bb][vc_column][vc_column_text css_animation=\u00a0\u00bbleft-to-right\u00a0\u00bb el_class=\u00a0\u00bbicon_list\u00a0\u00bb]<!-- wpml:html_fragment\n\n--><\/p>\n<p style=\"text-align: center;\"><strong>Notre r\u00e9seau mondial de production, avec plus de 1\u00a0500\u00a0projets d\u00e9velopp\u00e9s, nous permet de proposer des solutions pour les clients qui souhaitent augmenter l\u2019efficacit\u00e9 de leurs processus de production et de r\u00e9duire la complexit\u00e9 interne en externalisant nos services dans le monde entier.<\/strong><\/p>\n<p>[\/vc_column_text][\/vc_column][\/vc_row]<!-- wpml:html_fragment\n\n--><\/p>\n<\/div>","protected":false},"excerpt":{"rendered":"<p>[vc_row][vc_column][vc_column_text css_animation=\u00a0\u00bbleft-to-right\u00a0\u00bb]Nous sommes sp\u00e9cialis\u00e9s dans la conception, la fabrication et l\u2019assemblage de lignes de production pour l\u2019automatisation des processus industriels. Avec plus de quarante ann\u00e9es d\u2019exp\u00e9rience sur ce march\u00e9, nous avons consolid\u00e9 notre statut en tant que partenaire principal en mati\u00e8re de haute technologie pour nos clients. Notre \u00e9quipe d\u2019experts, forte de son savoir-faire et [&hellip;]<\/p>\n","protected":false},"author":4,"featured_media":0,"parent":0,"menu_order":0,"comment_status":"closed","ping_status":"closed","template":"sectors.php","meta":{"_lmt_disableupdate":"","_lmt_disable":"","footnotes":""},"yst_prominent_words":[2120,2125,2130,2978,3479,454,1280,1307,1720,1960,2015],"class_list":["post-30147","page","type-page","status-publish","hentry"],"acf":[],"_links":{"self":[{"href":"https:\/\/www.mondragon-assembly.com\/fr\/wp-json\/wp\/v2\/pages\/30147","targetHints":{"allow":["GET"]}}],"collection":[{"href":"https:\/\/www.mondragon-assembly.com\/fr\/wp-json\/wp\/v2\/pages"}],"about":[{"href":"https:\/\/www.mondragon-assembly.com\/fr\/wp-json\/wp\/v2\/types\/page"}],"author":[{"embeddable":true,"href":"https:\/\/www.mondragon-assembly.com\/fr\/wp-json\/wp\/v2\/users\/4"}],"replies":[{"embeddable":true,"href":"https:\/\/www.mondragon-assembly.com\/fr\/wp-json\/wp\/v2\/comments?post=30147"}],"version-history":[{"count":17,"href":"https:\/\/www.mondragon-assembly.com\/fr\/wp-json\/wp\/v2\/pages\/30147\/revisions"}],"predecessor-version":[{"id":36991,"href":"https:\/\/www.mondragon-assembly.com\/fr\/wp-json\/wp\/v2\/pages\/30147\/revisions\/36991"}],"wp:attachment":[{"href":"https:\/\/www.mondragon-assembly.com\/fr\/wp-json\/wp\/v2\/media?parent=30147"}],"wp:term":[{"taxonomy":"yst_prominent_words","embeddable":true,"href":"https:\/\/www.mondragon-assembly.com\/fr\/wp-json\/wp\/v2\/yst_prominent_words?post=30147"}],"curies":[{"name":"wp","href":"https:\/\/api.w.org\/{rel}","templated":true}]}}