{"id":31256,"date":"2016-04-04T08:06:25","date_gmt":"2016-04-04T06:06:25","guid":{"rendered":"https:\/\/www.mondragon-assembly.com\/solar-automation-solutions\/"},"modified":"2021-04-12T11:14:43","modified_gmt":"2021-04-12T09:14:43","slug":"solar-automation-solutions","status":"publish","type":"page","link":"https:\/\/www.mondragon-assembly.com\/fr\/solar-automation-solutions\/","title":{"rendered":"Solaire"},"content":{"rendered":"<div class=\"wpb-content-wrapper\"><p>[vc_row full_width=\u00a0\u00bbstretch_row_content_no_spaces\u00a0\u00bb][vc_column][vc_column_text]<div id=\"home-slider-2019\" class=\"homeslidersolar\"><div id=\"home-slider-2019-icons\" class=\"homesolar\"><h3>We are specialist in high added value applications for the solar business sector<\/h3><ul><li class=\"turnkey\" data-target=\"turnkey\"><a href=\"https:\/\/www.mondragon-assembly.com\/solar-automation-solutions\/turnkey-lines-for-pv-module-manufacturing\/\" title=\" \"><div class=\"imagen\"><\/div><h2>Turnkey lines for PV module manufacturing<\/h2><\/a><\/li><li class=\"individual\" data-target=\"individual\"><a href=\"https:\/\/www.mondragon-assembly.com\/solar-automation-solutions\/individual-equipment\/\" title=\" \"><div class=\"imagen\"><\/div><h2>Individual equipment<\/h2><\/a><\/li><li class=\"module\" data-target=\"module\"><a href=\"https:\/\/www.mondragon-assembly.com\/?page_id=775\" title=\" \"><div class=\"imagen\"><\/div><h2>Module Technology<\/h2><\/a><\/li><li class=\"getready\" data-target=\"getready\"><a href=\"https:\/\/www.mondragon-assembly.com\/solar-automation-solutions\/get-ready-for-manufacturing\/\" title=\" \"><div class=\"imagen\"><\/div><h2>Get ready for manufacturing!<\/h2><\/a><\/li><\/ul><\/div><\/div>[\/vc_column_text][\/vc_column][\/vc_row][vc_row][vc_column css=\u00a0\u00bb.vc_custom_1561111632984{margin-bottom: -20px !important;padding-top: 10px !important;}\u00a0\u00bb][vc_column_text css_animation=\u00a0\u00bbappear\u00a0\u00bb css=\u00a0\u00bb.vc_custom_1618218874369{padding-top: 7px !important;padding-right: 20px !important;padding-bottom: 20px !important;padding-left: 20px !important;background-color: #f7f7f7 !important;}\u00a0\u00bb el_class=\u00a0\u00bbtxt_caja_gris_solar\u00a0\u00bb]<\/p>\n<h3 style=\"text-align: center;\"><span style=\"color: #494a4c;\">Mondragon Assembly est un leader europ\u00e9en dans la production d\u2019\u00e9quipements technologiques pour la fabrication de modules solaires, couvrant plusieurs technologies de pointe. Nous concevons et fournissons des lignes de production et des machines automatis\u00e9es de haute technologie cl\u00e9 en main pour les syst\u00e8mes photovolta\u00efques.<\/span><\/h3>\n<p>[\/vc_column_text][\/vc_column][\/vc_row][vc_row][vc_column css=\u00a0\u00bb.vc_custom_1561111632984{margin-bottom: -20px !important;padding-top: 10px !important;}\u00a0\u00bb][vc_empty_space][\/vc_column][\/vc_row][vc_row full_width=\u00a0\u00bbstretch_row_content_no_spaces\u00a0\u00bb][vc_column el_id=\u00a0\u00bbsolarinfigures\u00a0\u00bb][visualmodo_wpbakery_counter value=\u00a0\u00bb15&Prime; value_interval=\u00a0\u00bb1&Prime; el_id=\u00a0\u00bbcountergw\u00a0\u00bb counter_color=\u00a0\u00bb#e40521&Prime; value_speed=\u00a0\u00bb300&Prime;][visualmodo_wpbakery_counter value=\u00a0\u00bb2001&Prime; value_speed=\u00a0\u00bb10000&Prime; value_interval=\u00a0\u00bb50&Prime; el_id=\u00a0\u00bbcounteryear\u00a0\u00bb counter_color=\u00a0\u00bb#e40521&Prime;][visualmodo_wpbakery_counter value=\u00a0\u00bb14&Prime; value_interval=\u00a0\u00bb1&Prime; el_id=\u00a0\u00bbcounterprojects\u00a0\u00bb counter_color=\u00a0\u00bb#e40521&Prime; value_speed=\u00a0\u00bb300&Prime;][vc_single_image image=\u00a0\u00bb35578&Prime; img_size=\u00a0\u00bbfull\u00a0\u00bb alignment=\u00a0\u00bbcenter\u00a0\u00bb][\/vc_column][\/vc_row][vc_row][vc_column css=\u00a0\u00bb.vc_custom_1561111632984{margin-bottom: -20px !important;padding-top: 10px !important;}\u00a0\u00bb][vc_empty_space][\/vc_column][\/vc_row][vc_row css_animation=\u00a0\u00bbfadeIn\u00a0\u00bb][vc_column][vc_text_separator title=\u00a0\u00bbHISTORIQUE DE MONDRAGON ASSEMBLY SOLAIRE\u00a0\u00bb el_class=\u00a0\u00bbtitle_gr\u00a0\u00bb][vc_column_text css=\u00a0\u00bb.vc_custom_1607196485517{margin-top: -20px !important;}\u00a0\u00bb]<\/p>\n<h3 style=\"text-align: center; font-weight: bold;\">Une forte croissance dans le secteur de l&rsquo;\u00e9nergie solaire<\/h3>\n<p>[\/vc_column_text][\/vc_column][\/vc_row][vc_row full_width=\u00a0\u00bbstretch_row_content\u00a0\u00bb][vc_column][vc_column_text]\t\t<div class=\"wpostahs-slider-wrp \" data-conf=\"{&quot;dots&quot;:&quot;true&quot;,&quot;arrows&quot;:&quot;true&quot;,&quot;loop&quot;:&quot;true&quot;,&quot;autoplay&quot;:&quot;true&quot;,&quot;autoplayInterval&quot;:3000,&quot;speed&quot;:300,&quot;fade&quot;:&quot;false&quot;,&quot;rtl&quot;:&quot;false&quot;,&quot;centermode&quot;:&quot;false&quot;,&quot;slidestoshow&quot;:3,&quot;lazyload&quot;:&quot;&quot;}\">\r\n\t\t\t<div class=\"wpostahs-slider wpostahs-slider-inner-wrp wpostahs-slider-design-2\">\r\n\t\t\t\t\n<div id=\"wpostahs-slider-nav-1\" class=\"wpostahs-slider-nav-1 wpostahs-slider-nav wpostahs-slick-slider\" data-slider-nav-for='wpostahs-slider-for-1'>\n\t\t\t\t<div class=\"wpostahs-slider-nav-title\">\n\t\t\t<div class=\"wpostahs-main-title\">\n\t\t\t\t<button><\/button>\n\t\t\t<\/div>\n\t\t\t<div class=\"wpostahs-title\">2001<\/div>\n\t\t<\/div>\n\t\t\t<div class=\"wpostahs-slider-nav-title\">\n\t\t\t<div class=\"wpostahs-main-title\">\n\t\t\t\t<button><\/button>\n\t\t\t<\/div>\n\t\t\t<div class=\"wpostahs-title\">2002<\/div>\n\t\t<\/div>\n\t\t\t<div class=\"wpostahs-slider-nav-title\">\n\t\t\t<div class=\"wpostahs-main-title\">\n\t\t\t\t<button><\/button>\n\t\t\t<\/div>\n\t\t\t<div class=\"wpostahs-title\">2003<\/div>\n\t\t<\/div>\n\t\t\t<div class=\"wpostahs-slider-nav-title\">\n\t\t\t<div class=\"wpostahs-main-title\">\n\t\t\t\t<button><\/button>\n\t\t\t<\/div>\n\t\t\t<div class=\"wpostahs-title\">2004<\/div>\n\t\t<\/div>\n\t\t\t<div class=\"wpostahs-slider-nav-title\">\n\t\t\t<div class=\"wpostahs-main-title\">\n\t\t\t\t<button><\/button>\n\t\t\t<\/div>\n\t\t\t<div class=\"wpostahs-title\">2015<\/div>\n\t\t<\/div>\n\t\t\t<div class=\"wpostahs-slider-nav-title\">\n\t\t\t<div class=\"wpostahs-main-title\">\n\t\t\t\t<button><\/button>\n\t\t\t<\/div>\n\t\t\t<div class=\"wpostahs-title\">2016<\/div>\n\t\t<\/div>\n\t\t\t<div class=\"wpostahs-slider-nav-title\">\n\t\t\t<div class=\"wpostahs-main-title\">\n\t\t\t\t<button><\/button>\n\t\t\t<\/div>\n\t\t\t<div class=\"wpostahs-title\">2017<\/div>\n\t\t<\/div>\n\t\t\t<div class=\"wpostahs-slider-nav-title\">\n\t\t\t<div class=\"wpostahs-main-title\">\n\t\t\t\t<button><\/button>\n\t\t\t<\/div>\n\t\t\t<div class=\"wpostahs-title\">2018<\/div>\n\t\t<\/div>\n\t\t\t<div class=\"wpostahs-slider-nav-title\">\n\t\t\t<div class=\"wpostahs-main-title\">\n\t\t\t\t<button><\/button>\n\t\t\t<\/div>\n\t\t\t<div class=\"wpostahs-title\">2019<\/div>\n\t\t<\/div>\n\t\t\t<div class=\"wpostahs-slider-nav-title\">\n\t\t\t<div class=\"wpostahs-main-title\">\n\t\t\t\t<button><\/button>\n\t\t\t<\/div>\n\t\t\t<div class=\"wpostahs-title\">2020<\/div>\n\t\t<\/div>\n\t<\/div>\n\n<div class=\"wpostahs-slider-for-1 wpostahs-slider-for wpostahs-slick-slider\">\n\t\t\t\n\t\t<div class=\"wpostahs-slider-nav-content\">\n\t\t<h2 class=\"wpostahs-centent-title\">2001<\/h2>\n\t\t\t<div class=\"wpostahs-centent\">\n\t\t\t\t<div class=\"wpb-content-wrapper\"><p>[vc_row][vc_column][vc_column_text]<\/p>\n<h2 style=\"text-align: center;\"><span style=\"color: #e40521;\">2001<\/span><\/h2>\n<p>[\/vc_column_text][vc_row_inner][vc_column_inner width=\u00a0\u00bb1\/2&Prime;][vc_single_image image=\u00a0\u00bb34709&Prime; img_size=\u00a0\u00bbfull\u00a0\u00bb style=\u00a0\u00bbvc_box_shadow_3d\u00a0\u00bb][\/vc_column_inner][vc_column_inner width=\u00a0\u00bb1\/2&Prime;][vc_column_text el_class=\u00a0\u00bbfrases_histograma\u00a0\u00bb]<\/p>\n<p style=\"text-align: center;\">Premier \u00e9quipement photovolta\u00efque install\u00e9 avec succ\u00e8s dans les locaux du client<\/p>\n<p>[\/vc_column_text][\/vc_column_inner][\/vc_row_inner][\/vc_column][\/vc_row]<\/p>\n<\/div>\t\t\t<\/div>\n\n\t\t\t\t<\/div>\n\t\t\t\n\t\t<div class=\"wpostahs-slider-nav-content\">\n\t\t<h2 class=\"wpostahs-centent-title\">2002<\/h2>\n\t\t\t<div class=\"wpostahs-centent\">\n\t\t\t\t<div class=\"wpb-content-wrapper\"><p>[vc_row][vc_column][vc_column_text]<\/p>\n<h2 style=\"text-align: center;\"><span style=\"color: #e40521;\">2002<\/span><\/h2>\n<p>[\/vc_column_text][vc_row_inner][vc_column_inner width=\u00a0\u00bb1\/2&Prime;][vc_single_image image=\u00a0\u00bb34710&Prime; img_size=\u00a0\u00bbfull\u00a0\u00bb style=\u00a0\u00bbvc_box_shadow_3d\u00a0\u00bb el_class=\u00a0\u00bbfrases_histograma\u00a0\u00bb][\/vc_column_inner][vc_column_inner width=\u00a0\u00bb1\/2&Prime;][vc_column_text el_class=\u00a0\u00bbfrases_histograma2&Prime;]<\/p>\n<p style=\"text-align: center;\">Premi\u00e8re Tabber &amp; Stringer d\u00e9velopp\u00e9e et install\u00e9e dans les locaux du client<\/p>\n<p>[\/vc_column_text][\/vc_column_inner][\/vc_row_inner][\/vc_column][\/vc_row]<\/p>\n<\/div>\t\t\t<\/div>\n\n\t\t\t\t<\/div>\n\t\t\t\n\t\t<div class=\"wpostahs-slider-nav-content\">\n\t\t<h2 class=\"wpostahs-centent-title\">2003<\/h2>\n\t\t\t<div class=\"wpostahs-centent\">\n\t\t\t\t<div class=\"wpb-content-wrapper\"><p>[vc_row][vc_column][vc_column_text]<\/p>\n<h2 style=\"text-align: center;\"><span style=\"color: #e40521;\">2003<\/span><\/h2>\n<p>[\/vc_column_text][vc_row_inner][vc_column_inner width=\u00a0\u00bb1\/2&Prime;][vc_single_image image=\u00a0\u00bb34711&Prime; img_size=\u00a0\u00bbfull\u00a0\u00bb style=\u00a0\u00bbvc_box_shadow_3d\u00a0\u00bb el_class=\u00a0\u00bbfrases_histograma\u00a0\u00bb][\/vc_column_inner][vc_column_inner width=\u00a0\u00bb1\/2&Prime;][vc_column_text el_class=\u00a0\u00bbfrases_histograma2&Prime;]<\/p>\n<p style=\"text-align: center;\">Premi\u00e8res machines d&rsquo;IC automatique et d&rsquo;encadrement automatique d\u00e9velopp\u00e9es<\/p>\n<p>[\/vc_column_text][\/vc_column_inner][\/vc_row_inner][\/vc_column][\/vc_row]<\/p>\n<\/div>\t\t\t<\/div>\n\n\t\t\t\t<\/div>\n\t\t\t\n\t\t<div class=\"wpostahs-slider-nav-content\">\n\t\t<h2 class=\"wpostahs-centent-title\">2004<\/h2>\n\t\t\t<div class=\"wpostahs-centent\">\n\t\t\t\t<div class=\"wpb-content-wrapper\"><p>[vc_row][vc_column][vc_column_text]<\/p>\n<h2 style=\"text-align: center;\"><span style=\"color: #e40521;\">2004<\/span><\/h2>\n<p>[\/vc_column_text][vc_row_inner][vc_column_inner width=\u00a0\u00bb1\/2&Prime;][vc_single_image image=\u00a0\u00bb34712&Prime; img_size=\u00a0\u00bbfull\u00a0\u00bb style=\u00a0\u00bbvc_box_shadow_3d\u00a0\u00bb el_class=\u00a0\u00bbfrases_histograma\u00a0\u00bb][\/vc_column_inner][vc_column_inner width=\u00a0\u00bb1\/2&Prime;][vc_column_text el_class=\u00a0\u00bbfrases_histograma2&Prime;]<\/p>\n<p style=\"text-align: center;\">Premi\u00e8re ligne cl\u00e9 en main compl\u00e8te livr\u00e9e<\/p>\n<p>[\/vc_column_text][\/vc_column_inner][\/vc_row_inner][\/vc_column][\/vc_row]<\/p>\n<\/div>\t\t\t<\/div>\n\n\t\t\t\t<\/div>\n\t\t\t\n\t\t<div class=\"wpostahs-slider-nav-content\">\n\t\t<h2 class=\"wpostahs-centent-title\">2015<\/h2>\n\t\t\t<div class=\"wpostahs-centent\">\n\t\t\t\t<div class=\"wpb-content-wrapper\"><p>[vc_row][vc_column][vc_column_text]<\/p>\n<h2 style=\"text-align: center;\"><span style=\"color: #e40521;\">2015<\/span><\/h2>\n<p>[\/vc_column_text][vc_row_inner][vc_column_inner width=\u00a0\u00bb1\/2&Prime;][vc_single_image image=\u00a0\u00bb34714&Prime; img_size=\u00a0\u00bbfull\u00a0\u00bb style=\u00a0\u00bbvc_box_shadow_3d\u00a0\u00bb el_class=\u00a0\u00bbfrases_histograma\u00a0\u00bb][\/vc_column_inner][vc_column_inner width=\u00a0\u00bb1\/2&Prime;][vc_column_text el_class=\u00a0\u00bbfrases_histograma2&Prime;]<\/p>\n<p style=\"text-align: center;\">Acquisition de l\u2019activit\u00e9 \u00e9nergie solaire de Gorosabel<\/p>\n<p>[\/vc_column_text][\/vc_column_inner][\/vc_row_inner][\/vc_column][\/vc_row]<\/p>\n<\/div>\t\t\t<\/div>\n\n\t\t\t\t<\/div>\n\t\t\t\n\t\t<div class=\"wpostahs-slider-nav-content\">\n\t\t<h2 class=\"wpostahs-centent-title\">2016<\/h2>\n\t\t\t<div class=\"wpostahs-centent\">\n\t\t\t\t<div class=\"wpb-content-wrapper\"><p>[vc_row][vc_column][vc_column_text]<\/p>\n<h2 style=\"text-align: center;\"><span style=\"color: #e40521;\">2016<\/span><\/h2>\n<p>[\/vc_column_text][vc_row_inner][vc_column_inner width=\u00a0\u00bb1\/2&Prime;][vc_single_image image=\u00a0\u00bb34715&Prime; img_size=\u00a0\u00bbfull\u00a0\u00bb style=\u00a0\u00bbvc_box_shadow_3d\u00a0\u00bb][\/vc_column_inner][vc_column_inner width=\u00a0\u00bb1\/2&Prime;][vc_column_text el_class=\u00a0\u00bbfrases_histograma\u00a0\u00bb]<\/p>\n<p style=\"text-align: center;\">Cr\u00e9ation de Mondragon Assembly India Pvt. Ltd.<\/p>\n<p>[\/vc_column_text][\/vc_column_inner][\/vc_row_inner][\/vc_column][\/vc_row]<\/p>\n<\/div>\t\t\t<\/div>\n\n\t\t\t\t<\/div>\n\t\t\t\n\t\t<div class=\"wpostahs-slider-nav-content\">\n\t\t<h2 class=\"wpostahs-centent-title\">2017<\/h2>\n\t\t\t<div class=\"wpostahs-centent\">\n\t\t\t\t<div class=\"wpb-content-wrapper\"><p>[vc_row][vc_column][vc_column_text]<\/p>\n<h2 style=\"text-align: center;\"><span style=\"color: #e40521;\">2017<\/span><\/h2>\n<p>[\/vc_column_text][vc_row_inner][vc_column_inner][vc_single_image image=\u00a0\u00bb34716&Prime; img_size=\u00a0\u00bbfull\u00a0\u00bb alignment=\u00a0\u00bbcenter\u00a0\u00bb style=\u00a0\u00bbvc_box_shadow_3d\u00a0\u00bb][\/vc_column_inner][\/vc_row_inner][vc_row_inner][vc_column_inner][vc_column_text]<\/p>\n<p style=\"text-align: center;\">Nouveau concept de Tabber &amp; Stringer MTS d&rsquo;une capacit\u00e9 de production nette de 2400 cellules\/heure sur un unique tapis<\/p>\n<p style=\"text-align: center;\">\u00c9tablissement de plusieurs brevets dans le domaine des technologies de stringing et d&rsquo;interconnexion<\/p>\n<p style=\"text-align: center;\">D\u00e9veloppement de plus grandes lignes, projets de 500\u00a0MW<\/p>\n<p>[\/vc_column_text][\/vc_column_inner][\/vc_row_inner][\/vc_column][\/vc_row]<\/p>\n<\/div>\t\t\t<\/div>\n\n\t\t\t\t<\/div>\n\t\t\t\n\t\t<div class=\"wpostahs-slider-nav-content\">\n\t\t<h2 class=\"wpostahs-centent-title\">2018<\/h2>\n\t\t\t<div class=\"wpostahs-centent\">\n\t\t\t\t<div class=\"wpb-content-wrapper\"><p>[vc_row][vc_column][vc_column_text]<\/p>\n<h2 style=\"text-align: center;\"><span style=\"color: #e40521;\">2018<\/span><\/h2>\n<p>[\/vc_column_text][vc_row_inner][vc_column_inner][vc_single_image image=\u00a0\u00bb34717&Prime; img_size=\u00a0\u00bbfull\u00a0\u00bb alignment=\u00a0\u00bbcenter\u00a0\u00bb style=\u00a0\u00bbvc_box_shadow_3d\u00a0\u00bb][\/vc_column_inner][\/vc_row_inner][vc_row_inner][vc_column_inner][vc_column_text]<\/p>\n<p style=\"text-align: center;\">Accord de partenariat privil\u00e9gi\u00e9 avec Meyer Burger<\/p>\n<p style=\"text-align: center;\">Nouveaux concepts de machines auxiliaires et d&rsquo;encadrement automatique<\/p>\n<p style=\"text-align: center;\">Nouveau concept IC, technologie enti\u00e8rement automatique de cellules coup\u00e9es et multi-busbars au sein d&rsquo;une unique machine<\/p>\n<p style=\"text-align: center;\">Premi\u00e8re machine d&rsquo;assemblage de batteries install\u00e9e dans les locaux du client<\/p>\n<p>\u00a0[\/vc_column_text][\/vc_column_inner][\/vc_row_inner][\/vc_column][\/vc_row]<\/p>\n<\/div>\t\t\t<\/div>\n\n\t\t\t\t<\/div>\n\t\t\t\n\t\t<div class=\"wpostahs-slider-nav-content\">\n\t\t<h2 class=\"wpostahs-centent-title\">2019<\/h2>\n\t\t\t<div class=\"wpostahs-centent\">\n\t\t\t\t<div class=\"wpb-content-wrapper\"><p>[vc_row][vc_column][vc_column_text]<\/p>\n<h2 style=\"text-align: center;\"><span style=\"color: #e40521;\">2019<\/span><\/h2>\n<p>[\/vc_column_text][vc_row_inner][vc_column_inner width=\u00a0\u00bb2\/5&Prime;][vc_single_image image=\u00a0\u00bb37079&Prime; img_size=\u00a0\u00bbfull\u00a0\u00bb style=\u00a0\u00bbvc_box_shadow_3d\u00a0\u00bb][\/vc_column_inner][vc_column_inner width=\u00a0\u00bb3\/5&Prime;][vc_column_text el_class=\u00a0\u00bbfrases_histograma\u00a0\u00bb]<\/p>\n<p style=\"text-align: center;\">Cr\u00e9ation de Mondragon Assembly MENA<\/p>\n<p style=\"text-align: center;\">D\u00e9veloppement de la premi\u00e8re machine Tabber&amp;Stringer ECA (projet europ\u00e9en GOPV)<\/p>\n<p>[\/vc_column_text][\/vc_column_inner][\/vc_row_inner][\/vc_column][\/vc_row]<\/p>\n<\/div>\t\t\t<\/div>\n\n\t\t\t\t<\/div>\n\t\t\t\n\t\t<div class=\"wpostahs-slider-nav-content\">\n\t\t<h2 class=\"wpostahs-centent-title\">2020<\/h2>\n\t\t\t<div class=\"wpostahs-centent\">\n\t\t\t\t<div class=\"wpb-content-wrapper\"><p>[vc_row][vc_column][vc_column_text]<\/p>\n<h2 style=\"text-align: center;\"><span style=\"color: #e40521;\">2020<\/span><\/h2>\n<p>[\/vc_column_text][vc_row_inner][vc_column_inner width=\u00a0\u00bb1\/2&Prime;][vc_single_image image=\u00a0\u00bb34721&Prime; img_size=\u00a0\u00bbfull\u00a0\u00bb style=\u00a0\u00bbvc_box_shadow_3d\u00a0\u00bb][\/vc_column_inner][vc_column_inner width=\u00a0\u00bb1\/2&Prime;][vc_column_text el_class=\u00a0\u00bbfrases_histograma\u00a0\u00bb]<\/p>\n<p style=\"text-align: center;\">Premi\u00e8re ligne BIPV<\/p>\n<p style=\"text-align: center;\">Nouveau Tabber &amp; Stringer : MTS 3000<\/p>\n<p>[\/vc_column_text][\/vc_column_inner][\/vc_row_inner][\/vc_column][\/vc_row]<\/p>\n<\/div>\t\t\t<\/div>\n\n\t\t\t\t<\/div>\n\t<\/div>\t\t\t<\/div>\r\n\t\t<\/div>\r\n\t\t[\/vc_column_text][\/vc_column][\/vc_row]<\/p>\n<\/div>","protected":false},"excerpt":{"rendered":"<p>[vc_row full_width=\u00a0\u00bbstretch_row_content_no_spaces\u00a0\u00bb][vc_column][vc_column_text][\/vc_column_text][\/vc_column][\/vc_row][vc_row][vc_column css=\u00a0\u00bb.vc_custom_1561111632984{margin-bottom: -20px !important;padding-top: 10px !important;}\u00a0\u00bb][vc_column_text css_animation=\u00a0\u00bbappear\u00a0\u00bb css=\u00a0\u00bb.vc_custom_1618218874369{padding-top: 7px !important;padding-right: 20px !important;padding-bottom: 20px !important;padding-left: 20px !important;background-color: #f7f7f7 !important;}\u00a0\u00bb el_class=\u00a0\u00bbtxt_caja_gris_solar\u00a0\u00bb] Mondragon Assembly est un leader europ\u00e9en dans la production d\u2019\u00e9quipements technologiques pour la fabrication de modules solaires, couvrant plusieurs technologies de pointe. Nous concevons et fournissons des lignes de production et des machines automatis\u00e9es de [&hellip;]<\/p>\n","protected":false},"author":4,"featured_media":17043,"parent":0,"menu_order":0,"comment_status":"closed","ping_status":"closed","template":"sectors.php","meta":{"_lmt_disableupdate":"","_lmt_disable":"","footnotes":""},"yst_prominent_words":[230,741,756],"class_list":["post-31256","page","type-page","status-publish","has-post-thumbnail","hentry"],"acf":[],"_links":{"self":[{"href":"https:\/\/www.mondragon-assembly.com\/fr\/wp-json\/wp\/v2\/pages\/31256","targetHints":{"allow":["GET"]}}],"collection":[{"href":"https:\/\/www.mondragon-assembly.com\/fr\/wp-json\/wp\/v2\/pages"}],"about":[{"href":"https:\/\/www.mondragon-assembly.com\/fr\/wp-json\/wp\/v2\/types\/page"}],"author":[{"embeddable":true,"href":"https:\/\/www.mondragon-assembly.com\/fr\/wp-json\/wp\/v2\/users\/4"}],"replies":[{"embeddable":true,"href":"https:\/\/www.mondragon-assembly.com\/fr\/wp-json\/wp\/v2\/comments?post=31256"}],"version-history":[{"count":18,"href":"https:\/\/www.mondragon-assembly.com\/fr\/wp-json\/wp\/v2\/pages\/31256\/revisions"}],"predecessor-version":[{"id":39272,"href":"https:\/\/www.mondragon-assembly.com\/fr\/wp-json\/wp\/v2\/pages\/31256\/revisions\/39272"}],"wp:featuredmedia":[{"embeddable":true,"href":"https:\/\/www.mondragon-assembly.com\/fr\/wp-json\/wp\/v2\/media\/17043"}],"wp:attachment":[{"href":"https:\/\/www.mondragon-assembly.com\/fr\/wp-json\/wp\/v2\/media?parent=31256"}],"wp:term":[{"taxonomy":"yst_prominent_words","embeddable":true,"href":"https:\/\/www.mondragon-assembly.com\/fr\/wp-json\/wp\/v2\/yst_prominent_words?post=31256"}],"curies":[{"name":"wp","href":"https:\/\/api.w.org\/{rel}","templated":true}]}}