{"id":3273,"date":"2016-04-04T08:06:42","date_gmt":"2016-04-04T06:06:42","guid":{"rendered":"https:\/\/www.mondragon-assembly.com\/fr\/?page_id=3273"},"modified":"2016-06-15T12:12:40","modified_gmt":"2016-06-15T10:12:40","slug":"automobile","status":"publish","type":"page","link":"https:\/\/www.mondragon-assembly.com\/fr\/automobile\/","title":{"rendered":"Automobile"},"content":{"rendered":"<div class=\"wpb-content-wrapper\"><p>[vc_row][vc_column width=\u00a0\u00bb1\/2&Prime;][vc_column_text]Mondragon Assembly est une entreprise leader dans la conception et la fabrication de solutions automatiques pour l&rsquo;assemblage de composants industriels. Nous proposons des solutions automatis\u00e9es, des lignes d&rsquo;assemblage et des testeurs fin de ligne pour les composants du secteur automobile.<\/p>\n<p>La construction automobile est une industrie cl\u00e9 pour le Groupe Mondragon Assembly. 40 ann\u00e9es d&rsquo;exp\u00e9rience dans ce secteur ont fait de nous l&rsquo;un des principaux fournisseurs de syst\u00e8mes d&rsquo;assemblage pour composants automobiles.[\/vc_column_text][vc_column_text el_class=\u00a0\u00bbicon_list\u00a0\u00bb]<\/p>\n<ul>\n<li>Solutions cl\u00e9 en main et machines sur mesure pour solutions automatiques.<\/li>\n<li>Fabrication de machines automatiques et\/ou semi-automatiques pour composants automobiles.<\/li>\n<li>Conception, montage, programmation et installation, de la ligne de fabrication jusqu&rsquo;\u00e0 la r\u00e9ception finale du projet, dans le cadre d&rsquo;un service int\u00e9gral.<\/li>\n<li>Solutions de haute productivit\u00e9, souples et d&rsquo;excellente qualit\u00e9.<\/li>\n<li>Solutions personnalis\u00e9es : l&rsquo;\u00e9quipe d&rsquo;ing\u00e9nieurs de Mondragon Assembly met \u00e0 votre disposition son exp\u00e9rience pour vous aider \u00e0 d\u00e9velopper votre projet.<\/li>\n<\/ul>\n<p>[\/vc_column_text][\/vc_column][vc_column width=\u00a0\u00bb1\/2&Prime;][vc_gallery type=\u00a0\u00bbflexslider_slide\u00a0\u00bb interval=\u00a0\u00bb3&Prime; images=\u00a0\u00bb10117,11298,11307&Prime; img_size=\u00a0\u00bbfull\u00a0\u00bb][\/vc_column][\/vc_row]<\/p>\n<\/div>","protected":false},"excerpt":{"rendered":"<p>[vc_row][vc_column width=\u00a0\u00bb1\/2&Prime;][vc_column_text]Mondragon Assembly est une entreprise leader dans la conception et la fabrication de solutions automatiques pour l&rsquo;assemblage de composants industriels. Nous proposons des solutions automatis\u00e9es, des lignes d&rsquo;assemblage et des testeurs fin de ligne pour les composants du secteur automobile. La construction automobile est une industrie cl\u00e9 pour le Groupe Mondragon Assembly. 40 ann\u00e9es [&hellip;]<\/p>\n","protected":false},"author":4,"featured_media":0,"parent":0,"menu_order":0,"comment_status":"closed","ping_status":"closed","template":"sectors.php","meta":{"_lmt_disableupdate":"","_lmt_disable":"","footnotes":""},"yst_prominent_words":[1863,1866,1868,230,1872,233,1875,234,1878,853,1882,1400,1629,1823,1831,1836,1841,1843,1848,1854],"class_list":["post-3273","page","type-page","status-publish","hentry"],"acf":[],"_links":{"self":[{"href":"https:\/\/www.mondragon-assembly.com\/fr\/wp-json\/wp\/v2\/pages\/3273","targetHints":{"allow":["GET"]}}],"collection":[{"href":"https:\/\/www.mondragon-assembly.com\/fr\/wp-json\/wp\/v2\/pages"}],"about":[{"href":"https:\/\/www.mondragon-assembly.com\/fr\/wp-json\/wp\/v2\/types\/page"}],"author":[{"embeddable":true,"href":"https:\/\/www.mondragon-assembly.com\/fr\/wp-json\/wp\/v2\/users\/4"}],"replies":[{"embeddable":true,"href":"https:\/\/www.mondragon-assembly.com\/fr\/wp-json\/wp\/v2\/comments?post=3273"}],"version-history":[{"count":5,"href":"https:\/\/www.mondragon-assembly.com\/fr\/wp-json\/wp\/v2\/pages\/3273\/revisions"}],"predecessor-version":[{"id":12427,"href":"https:\/\/www.mondragon-assembly.com\/fr\/wp-json\/wp\/v2\/pages\/3273\/revisions\/12427"}],"wp:attachment":[{"href":"https:\/\/www.mondragon-assembly.com\/fr\/wp-json\/wp\/v2\/media?parent=3273"}],"wp:term":[{"taxonomy":"yst_prominent_words","embeddable":true,"href":"https:\/\/www.mondragon-assembly.com\/fr\/wp-json\/wp\/v2\/yst_prominent_words?post=3273"}],"curies":[{"name":"wp","href":"https:\/\/api.w.org\/{rel}","templated":true}]}}