{"id":3279,"date":"2016-04-20T09:54:11","date_gmt":"2016-04-20T07:54:11","guid":{"rendered":"https:\/\/www.mondragon-assembly.com\/fr\/?page_id=3279"},"modified":"2016-05-27T08:22:37","modified_gmt":"2016-05-27T08:22:37","slug":"composants-electromenagers","status":"publish","type":"page","link":"https:\/\/www.mondragon-assembly.com\/fr\/composants-electromenagers\/","title":{"rendered":"Composants \u00e9lectrom\u00e9nagers"},"content":{"rendered":"<div class=\"wpb-content-wrapper\"><p>[vc_row][vc_column width=\u00a0\u00bb1\/2&Prime;][vc_column_text]<\/p>\n<p>Mondragon Assembly est une entreprise leader dans la conception et la fabrication de solutions automatiques pour l&rsquo;assemblage de composants \u00e9lectrom\u00e9nagers. Nous sommes experts en mati\u00e8re de d\u00e9veloppement de lignes ultra-rapides pour l&rsquo;assemblage de composants \u00e9lectrom\u00e9nagers.<\/p>\n<p>[\/vc_column_text][vc_column_text el_class=\u00a0\u00bbicon_list\u00a0\u00bb]<\/p>\n<ul>\n<li>Solutions cl\u00e9 en main et machines sur mesure pour solutions automatiques.<\/li>\n<li>Fabrication de machines automatiques et\/ou semi-automatiques pour composants \u00e9lectrom\u00e9nagers.<\/li>\n<li>Conception, montage, programmation et installation, de la ligne de fabrication jusqu&rsquo;\u00e0 la r\u00e9ception finale du projet, dans le cadre d&rsquo;un service int\u00e9gral.<\/li>\n<li>Solutions de haute productivit\u00e9, souples et d&rsquo;excellente qualit\u00e9.<\/li>\n<li>Solutions \u00e0 grande vitesse pour l&rsquo;assemblage et le contr\u00f4le qualit\u00e9 de divers produits.<\/li>\n<li>Solutions personnalis\u00e9es\u00a0: l&rsquo;\u00e9quipe d&rsquo;ing\u00e9nieurs de Mondragon Assembly met \u00e0 votre disposition son exp\u00e9rience pour vous aider \u00e0 d\u00e9velopper votre projet.<\/li>\n<\/ul>\n<p>[\/vc_column_text][\/vc_column][vc_column width=\u00a0\u00bb1\/2&Prime;][vc_gallery type=\u00a0\u00bbflexslider_slide\u00a0\u00bb interval=\u00a0\u00bb3&Prime; images=\u00a0\u00bb10295,11408,11417&Prime; img_size=\u00a0\u00bbfull\u00a0\u00bb][\/vc_column][\/vc_row]<\/p>\n<\/div>","protected":false},"excerpt":{"rendered":"<p>[vc_row][vc_column width=\u00a0\u00bb1\/2&Prime;][vc_column_text] Mondragon Assembly est une entreprise leader dans la conception et la fabrication de solutions automatiques pour l&rsquo;assemblage de composants \u00e9lectrom\u00e9nagers. Nous sommes experts en mati\u00e8re de d\u00e9veloppement de lignes ultra-rapides pour l&rsquo;assemblage de composants \u00e9lectrom\u00e9nagers. [\/vc_column_text][vc_column_text el_class=\u00a0\u00bbicon_list\u00a0\u00bb] Solutions cl\u00e9 en main et machines sur mesure pour solutions automatiques. Fabrication de machines automatiques et\/ou [&hellip;]<\/p>\n","protected":false},"author":4,"featured_media":0,"parent":0,"menu_order":0,"comment_status":"closed","ping_status":"closed","template":"sectors.php","meta":{"_lmt_disableupdate":"","_lmt_disable":"","footnotes":""},"yst_prominent_words":[],"class_list":["post-3279","page","type-page","status-publish","hentry"],"acf":[],"_links":{"self":[{"href":"https:\/\/www.mondragon-assembly.com\/fr\/wp-json\/wp\/v2\/pages\/3279","targetHints":{"allow":["GET"]}}],"collection":[{"href":"https:\/\/www.mondragon-assembly.com\/fr\/wp-json\/wp\/v2\/pages"}],"about":[{"href":"https:\/\/www.mondragon-assembly.com\/fr\/wp-json\/wp\/v2\/types\/page"}],"author":[{"embeddable":true,"href":"https:\/\/www.mondragon-assembly.com\/fr\/wp-json\/wp\/v2\/users\/4"}],"replies":[{"embeddable":true,"href":"https:\/\/www.mondragon-assembly.com\/fr\/wp-json\/wp\/v2\/comments?post=3279"}],"version-history":[{"count":4,"href":"https:\/\/www.mondragon-assembly.com\/fr\/wp-json\/wp\/v2\/pages\/3279\/revisions"}],"predecessor-version":[{"id":11425,"href":"https:\/\/www.mondragon-assembly.com\/fr\/wp-json\/wp\/v2\/pages\/3279\/revisions\/11425"}],"wp:attachment":[{"href":"https:\/\/www.mondragon-assembly.com\/fr\/wp-json\/wp\/v2\/media?parent=3279"}],"wp:term":[{"taxonomy":"yst_prominent_words","embeddable":true,"href":"https:\/\/www.mondragon-assembly.com\/fr\/wp-json\/wp\/v2\/yst_prominent_words?post=3279"}],"curies":[{"name":"wp","href":"https:\/\/api.w.org\/{rel}","templated":true}]}}