{"id":3284,"date":"2016-04-04T08:07:20","date_gmt":"2016-04-04T06:07:20","guid":{"rendered":"https:\/\/www.mondragon-assembly.com\/fr\/?page_id=3284"},"modified":"2021-02-11T12:42:52","modified_gmt":"2021-02-11T10:42:52","slug":"dispositifs-medicaux","status":"publish","type":"page","link":"https:\/\/www.mondragon-assembly.com\/fr\/dispositifs-medicaux\/","title":{"rendered":"Dispositifs m\u00e9dicaux"},"content":{"rendered":"<div class=\"wpb-content-wrapper\"><p>[vc_row][vc_column width=\u00a0\u00bb1\/2&Prime;][vc_column_text]Mondragon Assembly est une entreprise leader dans la conception et la fabrication de solutions automatiques pour l&rsquo;assemblage de dispositifs m\u00e9dicaux et pharmaceutiques.<\/p>\n<p>Nous sommes fournisseurs de solutions automatiques et de lignes d&rsquo;assemblage dot\u00e9es de technologies de pointe pour composants du secteur m\u00e9dical et pharmaceutique.[\/vc_column_text][vc_column_text el_class=\u00a0\u00bbicon_list\u00a0\u00bb]<\/p>\n<ul>\n<li>Solutions cl\u00e9 en main et machines sur mesure pour des solutions automatiques.<\/li>\n<li>Fabrication de machines automatiques et\/ou semi-automatiques pour composants de dispositifs m\u00e9dicaux et pharmaceutiques.<\/li>\n<li>Conception, montage, programmation et installation, de la ligne de fabrication jusqu&rsquo;\u00e0 la r\u00e9ception finale du projet, dans le cadre d&rsquo;un service int\u00e9gral.<\/li>\n<li>Solutions de haute productivit\u00e9, souples et d&rsquo;excellente qualit\u00e9.<\/li>\n<li>Solutions personnalis\u00e9es : l&rsquo;\u00e9quipe d&rsquo;ing\u00e9nieurs de Mondragon Assembly met \u00e0 votre disposition son exp\u00e9rience pour vous aider \u00e0 d\u00e9velopper votre projet.<\/li>\n<li>Respect des standards d&rsquo;hygi\u00e8ne internationaux.<\/li>\n<\/ul>\n<p>[\/vc_column_text][\/vc_column][vc_column width=\u00a0\u00bb1\/2&Prime;][vc_gallery type=\u00a0\u00bbflexslider_slide\u00a0\u00bb interval=\u00a0\u00bb3&Prime; images=\u00a0\u00bb4985,11380,11389&Prime; img_size=\u00a0\u00bb640&#215;480&Prime;][\/vc_column][\/vc_row]<\/p>\n<\/div>","protected":false},"excerpt":{"rendered":"<p>[vc_row][vc_column width=\u00a0\u00bb1\/2&Prime;][vc_column_text]Mondragon Assembly est une entreprise leader dans la conception et la fabrication de solutions automatiques pour l&rsquo;assemblage de dispositifs m\u00e9dicaux et pharmaceutiques. Nous sommes fournisseurs de solutions automatiques et de lignes d&rsquo;assemblage dot\u00e9es de technologies de pointe pour composants du secteur m\u00e9dical et pharmaceutique.[\/vc_column_text][vc_column_text el_class=\u00a0\u00bbicon_list\u00a0\u00bb] Solutions cl\u00e9 en main et machines sur mesure pour [&hellip;]<\/p>\n","protected":false},"author":4,"featured_media":0,"parent":0,"menu_order":0,"comment_status":"closed","ping_status":"closed","template":"sectors.php","meta":{"_lmt_disableupdate":"","_lmt_disable":"","footnotes":""},"yst_prominent_words":[],"class_list":["post-3284","page","type-page","status-publish","hentry"],"acf":[],"_links":{"self":[{"href":"https:\/\/www.mondragon-assembly.com\/fr\/wp-json\/wp\/v2\/pages\/3284","targetHints":{"allow":["GET"]}}],"collection":[{"href":"https:\/\/www.mondragon-assembly.com\/fr\/wp-json\/wp\/v2\/pages"}],"about":[{"href":"https:\/\/www.mondragon-assembly.com\/fr\/wp-json\/wp\/v2\/types\/page"}],"author":[{"embeddable":true,"href":"https:\/\/www.mondragon-assembly.com\/fr\/wp-json\/wp\/v2\/users\/4"}],"replies":[{"embeddable":true,"href":"https:\/\/www.mondragon-assembly.com\/fr\/wp-json\/wp\/v2\/comments?post=3284"}],"version-history":[{"count":6,"href":"https:\/\/www.mondragon-assembly.com\/fr\/wp-json\/wp\/v2\/pages\/3284\/revisions"}],"predecessor-version":[{"id":32752,"href":"https:\/\/www.mondragon-assembly.com\/fr\/wp-json\/wp\/v2\/pages\/3284\/revisions\/32752"}],"wp:attachment":[{"href":"https:\/\/www.mondragon-assembly.com\/fr\/wp-json\/wp\/v2\/media?parent=3284"}],"wp:term":[{"taxonomy":"yst_prominent_words","embeddable":true,"href":"https:\/\/www.mondragon-assembly.com\/fr\/wp-json\/wp\/v2\/yst_prominent_words?post=3284"}],"curies":[{"name":"wp","href":"https:\/\/api.w.org\/{rel}","templated":true}]}}