{"id":3300,"date":"2016-04-15T08:55:34","date_gmt":"2016-04-15T06:55:34","guid":{"rendered":"https:\/\/www.mondragon-assembly.com\/fr\/?page_id=3300"},"modified":"2017-01-16T11:32:47","modified_gmt":"2017-01-16T09:32:47","slug":"tabber-stringer-ts1400","status":"publish","type":"page","link":"https:\/\/www.mondragon-assembly.com\/fr\/solar-automation-solutions\/equipement-individuel-2\/tabber-and-stringer\/tabber-stringer-ts1400\/","title":{"rendered":"Tabber and Stringer TS1400"},"content":{"rendered":"<div class=\"wpb-content-wrapper\"><p>[vc_row][vc_column width=\u00a0\u00bb1\/2&Prime;][vc_column_text]<\/p>\n<p>Tabber&amp;stringer tr\u00e8s souple pouvant r\u00e9aliser des modules standard ou des modules sp\u00e9ciaux avec des cellules d\u00e9coup\u00e9es, par exemple, facile \u00e0 utiliser et \u00e9conomique avec une capacit\u00e9 de production moyenne-\u00e9lev\u00e9e de &gt;40MW\/an.<\/p>\n<h4><\/h4>\n<p>[\/vc_column_text][vc_column_text el_class=\u00a0\u00bbtitle_lineas\u00a0\u00bb]<\/p>\n<h4><span style=\"color: #e20026;\">Description<\/span><\/h4>\n<p>[\/vc_column_text][vc_column_text]La Tabber&amp;stringer de Mondragon Assembly est facile \u00e0 utiliser, pr\u00e9cise et fiable. En modifiant uniquement quelques param\u00e8tres, elle permet de changer le string de mani\u00e8re imm\u00e9diate.<\/p>\n<p>Gr\u00e2ce \u00e0 nos connaissances et \u00e0 notre exp\u00e9rience technologique en mati\u00e8re de processus et d&rsquo;\u00e9quipements solaires, notre \u00e9quipe propose des cr\u00e9ations modulaires dot\u00e9es de fonctions avanc\u00e9es \u00e0 faible co\u00fbt et haut rendement.<\/p>\n<p>La Tabber&amp;Stringer pr\u00e9sente surtout quatre aspects remarquables\u00a0: contr\u00f4le de la qualit\u00e9 des cellules par vision artificielle, contr\u00f4le avanc\u00e9 du proc\u00e9d\u00e9 de soudage IR, asservissements et syst\u00e8mes d&rsquo;alimentation de ribbons jusqu&rsquo;\u00e0 5 bus bar[\/vc_column_text][\/vc_column][vc_column width=\u00a0\u00bb1\/2&Prime;][vc_gallery interval=\u00a0\u00bb3&Prime; images=\u00a0\u00bb2762&Prime; img_size=\u00a0\u00bbfull\u00a0\u00bb][vc_column_text el_class=\u00a0\u00bbyoutubemodal\u00a0\u00bb css=\u00a0\u00bb.vc_custom_1484559153300{margin-top: -70px !important;}\u00a0\u00bb]<\/p>\n<h4><a href=\"https:\/\/www.youtube.com\/embed\/-xh1g9Keszc\"><img decoding=\"async\" class=\"alignnone wp-image-15035 size-full\" src=\"https:\/\/www.mondragon-assembly.com\/wp-content\/uploads\/2016\/12\/YouTube-icon.png\" width=\"30\" height=\"21\" \/><\/a>\u00a0<a href=\"https:\/\/www.youtube.com\/embed\/-xh1g9Keszc\">Vid\u00e9o<\/a><\/h4>\n<p>[\/vc_column_text][\/vc_column][\/vc_row][vc_row][vc_column][vc_column_text el_class=\u00a0\u00bbtitle_lineas\u00a0\u00bb]<\/p>\n<h4><span style=\"color: #e20026;\">Atouts<\/span><\/h4>\n<p>[\/vc_column_text][vc_column_text el_class=\u00a0\u00bbicon_list\u00a0\u00bb]<\/p>\n<ul>\n<li>Syst\u00e8me de vision pour contr\u00f4ler la qualit\u00e9 des cellules et pouvoir d\u00e9tecter et s\u00e9parer celles d\u00e9fectueuses.<\/li>\n<li>Contr\u00f4le de la temp\u00e9rature des cellules pour garantir une bonne soudure.<\/li>\n<li>Contr\u00f4le du temps pour une autodiagnose correcte.<\/li>\n<li>Nombre illimit\u00e9 de recettes, avec lesquelles le m\u00eame mod\u00e8le ou module peut adopter diff\u00e9rents param\u00e8tres de processus en fonction des mat\u00e9riaux utilis\u00e9s.<\/li>\n<li>Flexibilit\u00e9 pour traiter diff\u00e9rents mod\u00e8les ou dimensions de cellules avec un temps de changement tr\u00e8s r\u00e9duit. Nous travaillons avec des cellules pr\u00e9d\u00e9coup\u00e9es. Jusqu&rsquo;aux cellules 1\/6 de 6.\u201d<\/li>\n<\/ul>\n<p>[\/vc_column_text][vc_column_text el_class=\u00a0\u00bbtitle_lineas\u00a0\u00bb]<\/p>\n<h4><span style=\"color: #e20026;\">Caract\u00e9ristiques principales<\/span><\/h4>\n<p>[\/vc_column_text][vc_column_text el_class=\u00a0\u00bbicon_list\u00a0\u00bb]<\/p>\n<ul>\n<li>Soudage IR sans contact pour ne pas g\u00e9n\u00e9rer de stress sur la cellule.<\/li>\n<li>Doseur de flux sur le bus bar sans contact avec la cellule.<\/li>\n<li>Syst\u00e8mes anti-camber pour am\u00e9liorer la lin\u00e9arit\u00e9 du ribbon.<\/li>\n<li>Vision artificielle<\/li>\n<\/ul>\n<p>[\/vc_column_text][\/vc_column][\/vc_row][vc_row][vc_column][vc_table vc_table_theme=\u00a0\u00bbclassic_pink\u00a0\u00bb][bg#e20026;b]Param%C3%A8tres%20de%20la%20cellule,[bg#e20026]|Plage%20de%20dimensions%20de%20la%20cellule,Couper%20cellules%20de%206%E2%80%9D%3A%20%C2%BD%E2%80%9D%3B1%2F4%E2%80%9D%2C1%2F6%E2%80%9D.%20D&rsquo;autres%20tailles%20peuvent%20%C3%AAtre%20%C3%A9tudi%C3%A9es|Plage%20d&rsquo;%C3%A9paisseurs%20de%20la%20cellule,[c#5e5e5e]160%20-%20300%20%C2%B5m|G%C3%A9om%C3%A9trie%20de%20la%20cellule,Toutes|[c#ffffff;bg#e20026;b]Tabs,[bg#e20026]|Nombre%20de%20tabs%20par%20cellule,2%20-3-4-5|Espace%20entre%20tabs,Espace%20entre%20tabs%20%3A%202BB%20%3A%2078%20ou%2075%3B%203BB%3A52%3B4BB%3A%2039%3B5BB%3A%2031%2C2%20(minimum%2025mm)|Proc%C3%A9d%C3%A9%20de%20soudure%20de%20tabs,Continu|[bg#e20026;c#ffffff;b]Strings,[bg#e20026]|Nombre%20de%20cellules%20(125%20x%20125%20mm)%20par%20string,15|Nombre%20de%20cellules%20(156%20x%20156%20mm)%20par%20string,12|Longueur%20de%20string%20max.,1960%20mm|%C3%89cart%20entre%20cellules%20sur%20le%20string,2%2C5%20-%20160%20mm%20(sup%C3%A9rieur%20sur%20demande)|Nombre%20max.%20de%20strings%20parall%C3%A8les%20sur%20unit%C3%A9%20de%20montage,8|Taille%20de%20module%20max.%20(L%20x%20l),2000%20x%201100%20mm|Taille%20de%20module%20min.%20(L%20x%20l),1400&#215;600%20mm|[bg#e20026;c#ffffff;b]Tabbing%20%26%20Stringing,[bg#e20026]|Alignement%20de%20cellules,Syst%C3%A8me%20Vision|Processus%20de%20tabbing%20%26%20stringing,Un%20pas|M%C3%A9thode%20d&rsquo;application%20flux,Automatique%2C%20sans%20contact|Proc%C3%A9d%C3%A9%20de%20soudure,IR|[bg#e20026;b;c#ffffff]Syst%C3%A8me%20de%20transport%20des%20cellules,[bg#e20026]|Tabbing%20%26%20stringing,Walking%20Beam|[bg#e20026;c#ffffff;b]Chargement%20et%20d%C3%A9chargement,[bg#e20026]|Nombre%20max.%20de%20cellules%20par%20cassette%20(buffer),200%20cellules%20(5%20cassettes%20par%20buffer)|D%C3%A9chargement%20des%20cellules,Adept%20S800%20Scara%20Robot|D%C3%A9chargement%20strings,Layup%20sur%20verre|[bg#e20026;c#ffffff;b]Performances,[bg#e20026;c#ffffff;b]|Production%20max.%20%2F%20nominale,1400%2F1300%20cellules%2Fh|Taux%20moyen%20de%20rupture%20de%20cellules,%3C0%2C2%20%25%20(avec%20cellules%20certifi%C3%A9es)|[bg#e20026;c#ffffff;b]Alimentation%20en%20air%20et%20%C3%A9lectricit%C3%A9,[bg#e20026;c#ffffff;b]|Pression%20et%20flux%20d&rsquo;air%20comprim%C3%A9,5%20bar%20750%20Nl%2Fmin|Puissance%20install%C3%A9e,31%20kW%20(triphas%C3%A9e%2C%20380-420%20V%2C%2050-60%20Hz)|Consommation%20d&rsquo;%C3%A9nergie%20pendant%20l&rsquo;%C3%A9chauffement,12%20kWh|Consommation%20d&rsquo;%C3%A9nergie,6%20kWh|[bg#e20026;c#ffffff;b]Dimensions,[bg#e20026;c#ffffff;b]|Poids,4000%20kg|L%20x%20largeur%20(%2Btapis%20convoyeurs)%20x%20H,6%2C5%20x%203%2C2x%202%2C1%20m|[bg#e20026;c#ffffff;b]Contr%C3%B4le-commande%20et%20logiciel%20du%20syst%C3%A8me,[bg#e20026;c#ffffff;b]|Mat%C3%A9riel,PLC%20Beckhoff%20%C3%A0%20%C3%A9cran%20tactile|Logiciel%20permettant%20le%20diagnostic%20%C3%A0%20distance,Oui|Donn%C3%A9es%20acquises%20compatibles%20avec%20Access%2C%20Excel,Oui[\/vc_table][\/vc_column][\/vc_row]<\/p>\n<\/div>","protected":false},"excerpt":{"rendered":"<p>[vc_row][vc_column width=\u00a0\u00bb1\/2&Prime;][vc_column_text] Tabber&amp;stringer tr\u00e8s souple pouvant r\u00e9aliser des modules standard ou des modules sp\u00e9ciaux avec des cellules d\u00e9coup\u00e9es, par exemple, facile \u00e0 utiliser et \u00e9conomique avec une capacit\u00e9 de production moyenne-\u00e9lev\u00e9e de &gt;40MW\/an. [\/vc_column_text][vc_column_text el_class=\u00a0\u00bbtitle_lineas\u00a0\u00bb] Description [\/vc_column_text][vc_column_text]La Tabber&amp;stringer de Mondragon Assembly est facile \u00e0 utiliser, pr\u00e9cise et fiable. En modifiant uniquement quelques param\u00e8tres, elle permet [&hellip;]<\/p>\n","protected":false},"author":4,"featured_media":0,"parent":27020,"menu_order":0,"comment_status":"closed","ping_status":"closed","template":"sectors.php","meta":{"_lmt_disableupdate":"","_lmt_disable":"","footnotes":""},"yst_prominent_words":[],"class_list":["post-3300","page","type-page","status-publish","hentry"],"acf":[],"_links":{"self":[{"href":"https:\/\/www.mondragon-assembly.com\/fr\/wp-json\/wp\/v2\/pages\/3300","targetHints":{"allow":["GET"]}}],"collection":[{"href":"https:\/\/www.mondragon-assembly.com\/fr\/wp-json\/wp\/v2\/pages"}],"about":[{"href":"https:\/\/www.mondragon-assembly.com\/fr\/wp-json\/wp\/v2\/types\/page"}],"author":[{"embeddable":true,"href":"https:\/\/www.mondragon-assembly.com\/fr\/wp-json\/wp\/v2\/users\/4"}],"replies":[{"embeddable":true,"href":"https:\/\/www.mondragon-assembly.com\/fr\/wp-json\/wp\/v2\/comments?post=3300"}],"version-history":[{"count":5,"href":"https:\/\/www.mondragon-assembly.com\/fr\/wp-json\/wp\/v2\/pages\/3300\/revisions"}],"predecessor-version":[{"id":15125,"href":"https:\/\/www.mondragon-assembly.com\/fr\/wp-json\/wp\/v2\/pages\/3300\/revisions\/15125"}],"up":[{"embeddable":true,"href":"https:\/\/www.mondragon-assembly.com\/fr\/wp-json\/wp\/v2\/pages\/27020"}],"wp:attachment":[{"href":"https:\/\/www.mondragon-assembly.com\/fr\/wp-json\/wp\/v2\/media?parent=3300"}],"wp:term":[{"taxonomy":"yst_prominent_words","embeddable":true,"href":"https:\/\/www.mondragon-assembly.com\/fr\/wp-json\/wp\/v2\/yst_prominent_words?post=3300"}],"curies":[{"name":"wp","href":"https:\/\/api.w.org\/{rel}","templated":true}]}}