{"id":33288,"date":"2021-01-07T11:44:38","date_gmt":"2021-01-07T09:44:38","guid":{"rendered":"https:\/\/www.mondragon-assembly.com\/turnkey-lines-for-bipolar-plate-fuell-cells\/"},"modified":"2021-03-16T12:50:48","modified_gmt":"2021-03-16T10:50:48","slug":"turnkey-lines-for-bipolar-plate-fuell-cells","status":"publish","type":"page","link":"https:\/\/www.mondragon-assembly.com\/fr\/e-mobilite-et-stockage-denergie\/turnkey-lines-for-bipolar-plate-fuell-cells\/","title":{"rendered":"Lignes cl\u00e9s en main pour les piles \u00e0 combustible \u00e0 plaque bipolaire"},"content":{"rendered":"<div class=\"wpb-content-wrapper\"><p>[vc_row][vc_column][vc_empty_space][\/vc_column][\/vc_row][vc_row][vc_column][vc_text_separator title=\u00a0\u00bbLIGNES CL\u00c9S EN MAIN POUR PILES \u00c0 COMBUSTIBLE \u00c0 PLAQUE BIPOLAIRE\u00a0\u00bb el_class=\u00a0\u00bbtitle_gr\u00a0\u00bb][\/vc_column][\/vc_row][vc_row][vc_column][vc_column_text css_animation=\u00a0\u00bbnone\u00a0\u00bb]Chez Mondragon Assembly, nous avons travaill\u00e9 de mani\u00e8re intensive dans ce domaine afin de d\u00e9velopper des solutions \u00e0 haute productivit\u00e9 pour la production de masse de piles \u00e0 combustible.[\/vc_column_text][\/vc_column][\/vc_row][vc_row][vc_column width=\u00a0\u00bb1\/2&Prime;][vc_column_text]<\/p>\n<h3><span style=\"color: #e20026;\"><img decoding=\"async\" class=\"alignnone wp-image-22233 size-full\" src=\"https:\/\/www.mondragon-assembly.com\/wp-content\/uploads\/2019\/06\/icon-main-features.jpg\" alt=\"\" width=\"41\" height=\"41\" \/> Caract\u00e9ristiques principales<\/span><\/h3>\n<p>[\/vc_column_text][vc_column_text el_class=\u00a0\u00bbicon_list\u00a0\u00bb]<\/p>\n<ul>\n<li>Syst\u00e8me axial utilisant la m\u00e9thode TEACH. Syst\u00e8me de mesure suppl\u00e9mentaire pour un positionnement pr\u00e9cis de l\u2019axe<\/li>\n<li>Pierres de granit pour r\u00e9duire au maximum les vibrations lors du soudage au laser<\/li>\n<li>Syst\u00e8me de rouleaux KANBAN<\/li>\n<li>Proc\u00e9dure de test par contr\u00f4le de force<\/li>\n<li>Syst\u00e8mes de manutention rapides pour r\u00e9duire au maximum les temps de cycle<\/li>\n<\/ul>\n<p>[\/vc_column_text][\/vc_column][vc_column width=\u00a0\u00bb1\/2&Prime;][vc_column_text]<\/p>\n<h3><span style=\"color: #e20026;\"><img decoding=\"async\" class=\"alignnone wp-image-22334 size-full\" src=\"https:\/\/www.mondragon-assembly.com\/wp-content\/uploads\/2019\/06\/icon-function.jpg\" alt=\"\" width=\"41\" height=\"41\" \/> Processus de montage<\/span><\/h3>\n<p>[\/vc_column_text][vc_column_text el_class=\u00a0\u00bbicon_list\u00a0\u00bb]<\/p>\n<ul>\n<li>Positionnement de l\u2019anode et de la cathode dans l\u2019outil de soudage<\/li>\n<li>Soudage laser<\/li>\n<li>Inspection \u00e9lectrique des soudures par contr\u00f4le de force et mesure de r\u00e9sistance<\/li>\n<li>Test de fuite des canaux respectifs<\/li>\n<li>Marquage par laser DMC<\/li>\n<li>D\u00e9chargement final et tri<\/li>\n<\/ul>\n<p>[\/vc_column_text][\/vc_column][\/vc_row]<\/p>\n<\/div>","protected":false},"excerpt":{"rendered":"<p>[vc_row][vc_column][vc_empty_space][\/vc_column][\/vc_row][vc_row][vc_column][vc_text_separator title=\u00a0\u00bbLIGNES CL\u00c9S EN MAIN POUR PILES \u00c0 COMBUSTIBLE \u00c0 PLAQUE BIPOLAIRE\u00a0\u00bb el_class=\u00a0\u00bbtitle_gr\u00a0\u00bb][\/vc_column][\/vc_row][vc_row][vc_column][vc_column_text css_animation=\u00a0\u00bbnone\u00a0\u00bb]Chez Mondragon Assembly, nous avons travaill\u00e9 de mani\u00e8re intensive dans ce domaine afin de d\u00e9velopper des solutions \u00e0 haute productivit\u00e9 pour la production de masse de piles \u00e0 combustible.[\/vc_column_text][\/vc_column][\/vc_row][vc_row][vc_column width=\u00a0\u00bb1\/2&Prime;][vc_column_text] Caract\u00e9ristiques principales [\/vc_column_text][vc_column_text el_class=\u00a0\u00bbicon_list\u00a0\u00bb] Syst\u00e8me axial utilisant la m\u00e9thode TEACH. Syst\u00e8me de [&hellip;]<\/p>\n","protected":false},"author":4,"featured_media":0,"parent":30034,"menu_order":0,"comment_status":"closed","ping_status":"closed","template":"sectors.php","meta":{"_lmt_disableupdate":"","_lmt_disable":"","footnotes":""},"yst_prominent_words":[943,2120,2230,2238,2973],"class_list":["post-33288","page","type-page","status-publish","hentry"],"acf":[],"_links":{"self":[{"href":"https:\/\/www.mondragon-assembly.com\/fr\/wp-json\/wp\/v2\/pages\/33288","targetHints":{"allow":["GET"]}}],"collection":[{"href":"https:\/\/www.mondragon-assembly.com\/fr\/wp-json\/wp\/v2\/pages"}],"about":[{"href":"https:\/\/www.mondragon-assembly.com\/fr\/wp-json\/wp\/v2\/types\/page"}],"author":[{"embeddable":true,"href":"https:\/\/www.mondragon-assembly.com\/fr\/wp-json\/wp\/v2\/users\/4"}],"replies":[{"embeddable":true,"href":"https:\/\/www.mondragon-assembly.com\/fr\/wp-json\/wp\/v2\/comments?post=33288"}],"version-history":[{"count":12,"href":"https:\/\/www.mondragon-assembly.com\/fr\/wp-json\/wp\/v2\/pages\/33288\/revisions"}],"predecessor-version":[{"id":36011,"href":"https:\/\/www.mondragon-assembly.com\/fr\/wp-json\/wp\/v2\/pages\/33288\/revisions\/36011"}],"up":[{"embeddable":true,"href":"https:\/\/www.mondragon-assembly.com\/fr\/wp-json\/wp\/v2\/pages\/30034"}],"wp:attachment":[{"href":"https:\/\/www.mondragon-assembly.com\/fr\/wp-json\/wp\/v2\/media?parent=33288"}],"wp:term":[{"taxonomy":"yst_prominent_words","embeddable":true,"href":"https:\/\/www.mondragon-assembly.com\/fr\/wp-json\/wp\/v2\/yst_prominent_words?post=33288"}],"curies":[{"name":"wp","href":"https:\/\/api.w.org\/{rel}","templated":true}]}}