{"id":3336,"date":"2016-04-15T09:08:16","date_gmt":"2016-04-15T07:08:16","guid":{"rendered":"https:\/\/www.mondragon-assembly.com\/fr\/?page_id=3336"},"modified":"2016-05-16T12:47:54","modified_gmt":"2016-05-16T12:47:54","slug":"inspection-hi-pot","status":"publish","type":"page","link":"https:\/\/www.mondragon-assembly.com\/fr\/solar-automation-solutions\/equipement-individuel-2\/inspection-hi-pot\/","title":{"rendered":"Inspection Hi-Pot"},"content":{"rendered":"<div class=\"wpb-content-wrapper\"><p>[vc_row][vc_column width=\u00a0\u00bb1\/2&Prime;][vc_column_text]Cet \u00e9quipement se charge des tests d&rsquo;isolement \u00e9lectrique du panneau.<\/p>\n<p>Nous sommes en conformit\u00e9 avec la norme internationale <strong>IEC-61215<\/strong> pour la qualification de la conception et l&rsquo;homologation.[\/vc_column_text][vc_column_text el_class=\u00a0\u00bbicon_list\u00a0\u00bb]R\u00e9alisation des types de test suivants\u00a0:<\/p>\n<ul>\n<li>R\u00e9sistance di\u00e9lectrique<\/li>\n<li>Essais de continuit\u00e9 et d&rsquo;efficacit\u00e9<\/li>\n<li>R\u00e9sistance d&rsquo;isolement<\/li>\n<\/ul>\n<p>[\/vc_column_text][\/vc_column][vc_column width=\u00a0\u00bb1\/2&Prime;][vc_gallery type=\u00a0\u00bbflexslider_slide\u00a0\u00bb interval=\u00a0\u00bb3&Prime; images=\u00a0\u00bb2719,2739&Prime; img_size=\u00a0\u00bb640&#215;480&Prime;][\/vc_column][vc_column][\/vc_column][\/vc_row]<\/p>\n<\/div>","protected":false},"excerpt":{"rendered":"<p>[vc_row][vc_column width=\u00a0\u00bb1\/2&Prime;][vc_column_text]Cet \u00e9quipement se charge des tests d&rsquo;isolement \u00e9lectrique du panneau. Nous sommes en conformit\u00e9 avec la norme internationale IEC-61215 pour la qualification de la conception et l&rsquo;homologation.[\/vc_column_text][vc_column_text el_class=\u00a0\u00bbicon_list\u00a0\u00bb]R\u00e9alisation des types de test suivants\u00a0: R\u00e9sistance di\u00e9lectrique Essais de continuit\u00e9 et d&rsquo;efficacit\u00e9 R\u00e9sistance d&rsquo;isolement [\/vc_column_text][\/vc_column][vc_column width=\u00a0\u00bb1\/2&Prime;][vc_gallery type=\u00a0\u00bbflexslider_slide\u00a0\u00bb interval=\u00a0\u00bb3&Prime; images=\u00a0\u00bb2719,2739&Prime; img_size=\u00a0\u00bb640&#215;480&Prime;][\/vc_column][vc_column][\/vc_column][\/vc_row]<\/p>\n","protected":false},"author":4,"featured_media":0,"parent":28396,"menu_order":0,"comment_status":"closed","ping_status":"closed","template":"sectors.php","meta":{"_lmt_disableupdate":"","_lmt_disable":"","footnotes":""},"yst_prominent_words":[],"class_list":["post-3336","page","type-page","status-publish","hentry"],"acf":[],"_links":{"self":[{"href":"https:\/\/www.mondragon-assembly.com\/fr\/wp-json\/wp\/v2\/pages\/3336","targetHints":{"allow":["GET"]}}],"collection":[{"href":"https:\/\/www.mondragon-assembly.com\/fr\/wp-json\/wp\/v2\/pages"}],"about":[{"href":"https:\/\/www.mondragon-assembly.com\/fr\/wp-json\/wp\/v2\/types\/page"}],"author":[{"embeddable":true,"href":"https:\/\/www.mondragon-assembly.com\/fr\/wp-json\/wp\/v2\/users\/4"}],"replies":[{"embeddable":true,"href":"https:\/\/www.mondragon-assembly.com\/fr\/wp-json\/wp\/v2\/comments?post=3336"}],"version-history":[{"count":1,"href":"https:\/\/www.mondragon-assembly.com\/fr\/wp-json\/wp\/v2\/pages\/3336\/revisions"}],"predecessor-version":[{"id":3340,"href":"https:\/\/www.mondragon-assembly.com\/fr\/wp-json\/wp\/v2\/pages\/3336\/revisions\/3340"}],"up":[{"embeddable":true,"href":"https:\/\/www.mondragon-assembly.com\/fr\/wp-json\/wp\/v2\/pages\/28396"}],"wp:attachment":[{"href":"https:\/\/www.mondragon-assembly.com\/fr\/wp-json\/wp\/v2\/media?parent=3336"}],"wp:term":[{"taxonomy":"yst_prominent_words","embeddable":true,"href":"https:\/\/www.mondragon-assembly.com\/fr\/wp-json\/wp\/v2\/yst_prominent_words?post=3336"}],"curies":[{"name":"wp","href":"https:\/\/api.w.org\/{rel}","templated":true}]}}