{"id":3338,"date":"2016-04-15T09:07:21","date_gmt":"2016-04-15T07:07:21","guid":{"rendered":"https:\/\/www.mondragon-assembly.com\/fr\/?page_id=3338"},"modified":"2016-05-16T12:47:59","modified_gmt":"2016-05-16T12:47:59","slug":"inspection-ir","status":"publish","type":"page","link":"https:\/\/www.mondragon-assembly.com\/fr\/solar-automation-solutions\/equipement-individuel-2\/inspection-ir\/","title":{"rendered":"Inspection IR"},"content":{"rendered":"<div class=\"wpb-content-wrapper\"><p>[vc_row][vc_column width=\u00a0\u00bb1\/2&Prime;][vc_column_text]<\/p>\n<p>Elle permet d&rsquo;obtenir une image thermographique du panneau pour rep\u00e9rer les points chauds et les zones sombres. Pour la d\u00e9tection de tout probl\u00e8me \u00e9lectrique sur les modules photovolta\u00efques.<\/p>\n<h4><\/h4>\n<p>[\/vc_column_text][vc_column_text el_class=\u00a0\u00bbtitle_lineas\u00a0\u00bb]<\/p>\n<h4><span style=\"color: #e20026;\">Caract\u00e9ristiques<\/span><\/h4>\n<p>[\/vc_column_text][vc_column_text el_class=\u00a0\u00bbicom_list\u00a0\u00bb]<\/p>\n<ul>\n<li>Chambre noire avec structure d&rsquo;encadrement en aluminium<\/li>\n<li>Entr\u00e9e et sortie automatique de panneaux solaires<\/li>\n<li>Convoyeur \u00e0 bande<\/li>\n<li>Cam\u00e9ra IR<\/li>\n<li>\u00c9cran<\/li>\n<li>Connexion manuelle des connecteurs du module<\/li>\n<li>Inspection visuelle des panneaux<\/li>\n<li>Saisie pneumatique du panneau sur le convoyeur pour le montrer \u00e0 l&rsquo;op\u00e9rateur<\/li>\n<\/ul>\n<p>[\/vc_column_text][\/vc_column][vc_column width=\u00a0\u00bb1\/2&Prime;][vc_gallery type=\u00a0\u00bbflexslider_slide\u00a0\u00bb interval=\u00a0\u00bb3&Prime; images=\u00a0\u00bb2744&Prime; img_size=\u00a0\u00bb640&#215;480&Prime;][\/vc_column][vc_column][\/vc_column][\/vc_row]<\/p>\n<\/div>","protected":false},"excerpt":{"rendered":"<p>[vc_row][vc_column width=\u00a0\u00bb1\/2&Prime;][vc_column_text] Elle permet d&rsquo;obtenir une image thermographique du panneau pour rep\u00e9rer les points chauds et les zones sombres. Pour la d\u00e9tection de tout probl\u00e8me \u00e9lectrique sur les modules photovolta\u00efques. [\/vc_column_text][vc_column_text el_class=\u00a0\u00bbtitle_lineas\u00a0\u00bb] Caract\u00e9ristiques [\/vc_column_text][vc_column_text el_class=\u00a0\u00bbicom_list\u00a0\u00bb] Chambre noire avec structure d&rsquo;encadrement en aluminium Entr\u00e9e et sortie automatique de panneaux solaires Convoyeur \u00e0 bande Cam\u00e9ra IR \u00c9cran [&hellip;]<\/p>\n","protected":false},"author":4,"featured_media":0,"parent":28396,"menu_order":0,"comment_status":"closed","ping_status":"closed","template":"sectors.php","meta":{"_lmt_disableupdate":"","_lmt_disable":"","footnotes":""},"yst_prominent_words":[],"class_list":["post-3338","page","type-page","status-publish","hentry"],"acf":[],"_links":{"self":[{"href":"https:\/\/www.mondragon-assembly.com\/fr\/wp-json\/wp\/v2\/pages\/3338","targetHints":{"allow":["GET"]}}],"collection":[{"href":"https:\/\/www.mondragon-assembly.com\/fr\/wp-json\/wp\/v2\/pages"}],"about":[{"href":"https:\/\/www.mondragon-assembly.com\/fr\/wp-json\/wp\/v2\/types\/page"}],"author":[{"embeddable":true,"href":"https:\/\/www.mondragon-assembly.com\/fr\/wp-json\/wp\/v2\/users\/4"}],"replies":[{"embeddable":true,"href":"https:\/\/www.mondragon-assembly.com\/fr\/wp-json\/wp\/v2\/comments?post=3338"}],"version-history":[{"count":2,"href":"https:\/\/www.mondragon-assembly.com\/fr\/wp-json\/wp\/v2\/pages\/3338\/revisions"}],"predecessor-version":[{"id":3349,"href":"https:\/\/www.mondragon-assembly.com\/fr\/wp-json\/wp\/v2\/pages\/3338\/revisions\/3349"}],"up":[{"embeddable":true,"href":"https:\/\/www.mondragon-assembly.com\/fr\/wp-json\/wp\/v2\/pages\/28396"}],"wp:attachment":[{"href":"https:\/\/www.mondragon-assembly.com\/fr\/wp-json\/wp\/v2\/media?parent=3338"}],"wp:term":[{"taxonomy":"yst_prominent_words","embeddable":true,"href":"https:\/\/www.mondragon-assembly.com\/fr\/wp-json\/wp\/v2\/yst_prominent_words?post=3338"}],"curies":[{"name":"wp","href":"https:\/\/api.w.org\/{rel}","templated":true}]}}