{"id":33799,"date":"2021-01-22T16:37:45","date_gmt":"2021-01-22T14:37:45","guid":{"rendered":"https:\/\/www.mondragon-assembly.com\/lignes-et-machines-cles-en-main\/"},"modified":"2021-03-24T19:36:22","modified_gmt":"2021-03-24T17:36:22","slug":"lignes-et-machines-cles-en-main","status":"publish","type":"page","link":"https:\/\/www.mondragon-assembly.com\/fr\/lignes-et-machines-cles-en-main\/","title":{"rendered":"Lignes et \u00e9quipements de production cl\u00e9 en main"},"content":{"rendered":"<div class=\"wpb-content-wrapper\"><p>[vc_row][vc_column][vc_column_text]Nous sommes sp\u00e9cialis\u00e9s dans la fabrication de lignes et de machines automatis\u00e9es cl\u00e9s en main pour les composants industriels dans les secteurs les plus exigeants.<\/p>\n<p>Nous fournissons des solutions de fabrication enti\u00e8rement automatis\u00e9es qui int\u00e8grent les technologies d\u2019assemblage et les \u00e9quipements de test les plus avanc\u00e9s, toujours adapt\u00e9s aux besoins de nos clients.[\/vc_column_text][\/vc_column][\/vc_row][vc_row][vc_column][vc_single_image image=\u00a0\u00bb35726&Prime; img_size=\u00a0\u00bbfull\u00a0\u00bb alignment=\u00a0\u00bbcenter\u00a0\u00bb css_animation=\u00a0\u00bbleft-to-right\u00a0\u00bb][\/vc_column][\/vc_row][vc_row][vc_column][vc_empty_space][\/vc_column][\/vc_row][vc_row][vc_column][vc_single_image image=\u00a0\u00bb31154&Prime; img_size=\u00a0\u00bbfull\u00a0\u00bb alignment=\u00a0\u00bbcenter\u00a0\u00bb][\/vc_column][\/vc_row][vc_row][vc_column][vc_empty_space][\/vc_column][\/vc_row]<\/p>\n<\/div>","protected":false},"excerpt":{"rendered":"<p>[vc_row][vc_column][vc_column_text]Nous sommes sp\u00e9cialis\u00e9s dans la fabrication de lignes et de machines automatis\u00e9es cl\u00e9s en main pour les composants industriels dans les secteurs les plus exigeants. Nous fournissons des solutions de fabrication enti\u00e8rement automatis\u00e9es qui int\u00e8grent les technologies d\u2019assemblage et les \u00e9quipements de test les plus avanc\u00e9s, toujours adapt\u00e9s aux besoins de nos clients.[\/vc_column_text][\/vc_column][\/vc_row][vc_row][vc_column][vc_single_image image=\u00a0\u00bb35726&Prime; img_size=\u00a0\u00bbfull\u00a0\u00bb [&hellip;]<\/p>\n","protected":false},"author":4,"featured_media":0,"parent":0,"menu_order":0,"comment_status":"closed","ping_status":"closed","template":"sectors.php","meta":{"_lmt_disableupdate":"","_lmt_disable":"","footnotes":""},"yst_prominent_words":[1863,2120,2125,2127,2276,2885],"class_list":["post-33799","page","type-page","status-publish","hentry"],"acf":[],"_links":{"self":[{"href":"https:\/\/www.mondragon-assembly.com\/fr\/wp-json\/wp\/v2\/pages\/33799","targetHints":{"allow":["GET"]}}],"collection":[{"href":"https:\/\/www.mondragon-assembly.com\/fr\/wp-json\/wp\/v2\/pages"}],"about":[{"href":"https:\/\/www.mondragon-assembly.com\/fr\/wp-json\/wp\/v2\/types\/page"}],"author":[{"embeddable":true,"href":"https:\/\/www.mondragon-assembly.com\/fr\/wp-json\/wp\/v2\/users\/4"}],"replies":[{"embeddable":true,"href":"https:\/\/www.mondragon-assembly.com\/fr\/wp-json\/wp\/v2\/comments?post=33799"}],"version-history":[{"count":9,"href":"https:\/\/www.mondragon-assembly.com\/fr\/wp-json\/wp\/v2\/pages\/33799\/revisions"}],"predecessor-version":[{"id":37118,"href":"https:\/\/www.mondragon-assembly.com\/fr\/wp-json\/wp\/v2\/pages\/33799\/revisions\/37118"}],"wp:attachment":[{"href":"https:\/\/www.mondragon-assembly.com\/fr\/wp-json\/wp\/v2\/media?parent=33799"}],"wp:term":[{"taxonomy":"yst_prominent_words","embeddable":true,"href":"https:\/\/www.mondragon-assembly.com\/fr\/wp-json\/wp\/v2\/yst_prominent_words?post=33799"}],"curies":[{"name":"wp","href":"https:\/\/api.w.org\/{rel}","templated":true}]}}