{"id":3389,"date":"2016-04-15T08:57:36","date_gmt":"2016-04-15T06:57:36","guid":{"rendered":"https:\/\/www.mondragon-assembly.com\/fr\/?page_id=3389"},"modified":"2016-05-23T09:16:09","modified_gmt":"2016-05-23T09:16:09","slug":"soluciones-de-testing","status":"publish","type":"page","link":"https:\/\/www.mondragon-assembly.com\/fr\/automobile\/productosservicios\/soluciones-de-testing\/","title":{"rendered":"Solutions d&rsquo;essai"},"content":{"rendered":"<div class=\"wpb-content-wrapper\"><p>[vc_row][vc_column width=\u00a0\u00bb1\/2&Prime;][vc_column_text el_class=\u00a0\u00bbtitle_lineas\u00a0\u00bb]<\/p>\n<h4><span style=\"color: #e20026;\">Mesure et contr\u00f4le<\/span><\/h4>\n<p>[\/vc_column_text][vc_column_text el_class=\u00a0\u00bbicon_list\u00a0\u00bb]<\/p>\n<ul>\n<li>Tests \u00e9lectriques : tension, intensit\u00e9, r\u00e9sistance, Hi-Pot, inductance, capacitifs, fr\u00e9quence, etc.<\/li>\n<li>Tests m\u00e9caniques : basse pression, haute pression, vide, tension, compression, endurance, etc&#8230;<\/li>\n<li>Tests \u00e9lectroniques : fonctionnalit\u00e9 des protocoles de communication (LIN, CAN), tests sur circuit (In-circuit), etc\u2026<\/li>\n<li>Testeurs de fin de ligne pour pr\u00e9sence de composants et tests de fonctionnalit\u00e9<\/li>\n<\/ul>\n<p>[\/vc_column_text][\/vc_column][vc_column width=\u00a0\u00bb1\/2&Prime;][vc_column_text el_class=\u00a0\u00bbtitle_lineas\u00a0\u00bb]<\/p>\n<h4><span style=\"color: #e20026;\">Tra\u00e7abilit\u00e9 des lignes d&rsquo;assemblage<\/span><\/h4>\n<p>[\/vc_column_text][vc_column_text el_class=\u00a0\u00bbicon_list\u00a0\u00bb]<\/p>\n<ul>\n<li>Tra\u00e7abilit\u00e9 par codes-barres ou datamatrix<\/li>\n<li>Tra\u00e7abilit\u00e9 sur ligne (donn\u00e9es incorpor\u00e9es au produit, RFID)<\/li>\n<li>Collecte de donn\u00e9es<\/li>\n<li>Communication avec syst\u00e8mes MES (syst\u00e8mes de contr\u00f4le de production)<\/li>\n<\/ul>\n<p>[\/vc_column_text][\/vc_column][vc_column][vc_separator][\/vc_column][\/vc_row][vc_row][vc_column][vc_column_text css=\u00a0\u00bb.vc_custom_1463397791962{padding-bottom: 3px !important;padding-left: 15px !important;background-color: #e8e8e8 !important;}\u00a0\u00bb]<\/p>\n<h3><span style=\"color: #e20026; line-height: 35px;\">Climatisation &#8211; Test de fin de ligne<\/span><\/h3>\n<p>[\/vc_column_text][vc_gallery type=\u00a0\u00bbimage_grid\u00a0\u00bb images=\u00a0\u00bb2228,2229,2227&Prime; img_size=\u00a0\u00bb\u00a0\u00bb el_class=\u00a0\u00bbfoto_margen\u00a0\u00bb][vc_row_inner][vc_column_inner width=\u00a0\u00bb1\/3&Prime;][vc_column_text el_class=\u00a0\u00bbtitle_lineas\u00a0\u00bb]<\/p>\n<h4><span style=\"color: #e20026;\">Configuration de la solution<\/span><\/h4>\n<p>[\/vc_column_text][vc_column_text el_class=\u00a0\u00bbicon_list\u00a0\u00bb]<\/p>\n<ul>\n<li>Testeur de fin de ligne<\/li>\n<li>Station semi-automatique<\/li>\n<li>Commande bas\u00e9e sur PC<\/li>\n<\/ul>\n<p>[\/vc_column_text][\/vc_column_inner][vc_column_inner width=\u00a0\u00bb1\/3&Prime;][vc_column_text el_class=\u00a0\u00bbtitle_lineas\u00a0\u00bb]<\/p>\n<h4><span style=\"color: #e20026;\">Process<\/span><\/h4>\n<p>[\/vc_column_text][vc_column_text el_class=\u00a0\u00bbicon_list\u00a0\u00bb]<\/p>\n<ul>\n<li>Programmation de moteurs \u00e0 pas par LIN<\/li>\n<li>Mesure d&rsquo;intensit\u00e9 \/ tension<\/li>\n<li>Test du moteur<\/li>\n<li>Test de vibration et bruit<\/li>\n<li>V\u00e9rification d\u00e9bit et allumage du souffleur<\/li>\n<li>Courbe thermor\u00e9sistive<\/li>\n<li>D\u00e9tection mouvement d&rsquo;ailettes<\/li>\n<li>Contr\u00f4le de pr\u00e9sence et de position des composants<\/li>\n<li>Exportation de donn\u00e9es (Excel, etc\u2026)<\/li>\n<\/ul>\n<p>[\/vc_column_text][\/vc_column_inner][vc_column_inner width=\u00a0\u00bb1\/3&Prime;][vc_column_text el_class=\u00a0\u00bbtitle_lineas\u00a0\u00bb]<\/p>\n<h4><span style=\"color: #e20026;\">Donn\u00e9es techniques<\/span><\/h4>\n<p>[\/vc_column_text][vc_column_text el_class=\u00a0\u00bbicon_list\u00a0\u00bb]<\/p>\n<ul>\n<li>Temps de cycle = 45 s<\/li>\n<li>Syst\u00e8me de vision par Ethernet<\/li>\n<li>Profibus pour entr\u00e9es \/ sorties distantes<\/li>\n<li>LIN bus avec la climatisation<\/li>\n<\/ul>\n<p>[\/vc_column_text][\/vc_column_inner][\/vc_row_inner][vc_separator][\/vc_column][\/vc_row][vc_row][vc_column][vc_column_text css=\u00a0\u00bb.vc_custom_1463398019356{padding-bottom: 3px !important;padding-left: 15px !important;background-color: #e8e8e8 !important;}\u00a0\u00bb]<\/p>\n<h3><span style=\"color: #e20026; line-height: 35px;\">Bombe d&rsquo;assistance au freinage &#8211; Test de fin de Ligne<\/span><\/h3>\n<p>[\/vc_column_text][vc_gallery type=\u00a0\u00bbimage_grid\u00a0\u00bb images=\u00a0\u00bb2236,2237,2238,2235&Prime; img_size=\u00a0\u00bb\u00a0\u00bb el_class=\u00a0\u00bbfoto_margen\u00a0\u00bb][vc_row_inner][vc_column_inner width=\u00a0\u00bb1\/3&Prime;][vc_column_text el_class=\u00a0\u00bbtitle_lineas\u00a0\u00bb]<\/p>\n<h4><span style=\"color: #e20026;\">Configuration de la solution<\/span><\/h4>\n<p>[\/vc_column_text][vc_column_text el_class=\u00a0\u00bbicon_list\u00a0\u00bb]<\/p>\n<ul>\n<li>Testeur de fin de ligne<\/li>\n<li>Station semi-automatique<\/li>\n<li>Axe \u00e9lectrique de man\u0153uvre de pompe<\/li>\n<li>Acquisition de donn\u00e9es par cellule de charge et transducteurs lin\u00e9aires<\/li>\n<li>Commande bas\u00e9e sur PC<\/li>\n<li>Acquisition de donn\u00e9es simultan\u00e9e<\/li>\n<li>Simulation de la force de sortie<\/li>\n<li>Analyse des forces d\u2019entr\u00e9e et de sortie<\/li>\n<\/ul>\n<p>[\/vc_column_text][\/vc_column_inner][vc_column_inner width=\u00a0\u00bb1\/3&Prime;][vc_column_text el_class=\u00a0\u00bbtitle_lineas\u00a0\u00bb]<\/p>\n<h4><span style=\"color: #e20026;\">Process<\/span><\/h4>\n<p>[\/vc_column_text][vc_column_text el_class=\u00a0\u00bbicon_list\u00a0\u00bb]<\/p>\n<ul>\n<li>La machine actionne la pompe pour \u00e9vacuer tout stress cr\u00e9\u00e9 par le process d&rsquo;assemblage<\/li>\n<li>Le vide est fait dans la pompe et l&rsquo;op\u00e9ration est surveill\u00e9e pendant le test.<\/li>\n<li>La force d&rsquo;entr\u00e9e est contr\u00f4l\u00e9e au moyen d&rsquo;un servomoteur et d&rsquo;une cellule de charge<\/li>\n<li>La force de sortie amplifi\u00e9e est analys\u00e9e par rapport \u00e0 la force d&rsquo;entr\u00e9e afin d&rsquo;\u00e9valuer la performance en diff\u00e9rents points<\/li>\n<\/ul>\n<p>[\/vc_column_text][\/vc_column_inner][vc_column_inner width=\u00a0\u00bb1\/3&Prime;][vc_column_text el_class=\u00a0\u00bbtitle_lineas\u00a0\u00bb]<\/p>\n<h4><span style=\"color: #e20026;\">Donn\u00e9es techniques<\/span><\/h4>\n<p>[\/vc_column_text][vc_column_text el_class=\u00a0\u00bbicon_list\u00a0\u00bb]<\/p>\n<ul>\n<li>Temps de cycle : 35 s<\/li>\n<li>Test de fuite en statique (&lt; 1.33mb\/s)<\/li>\n<li>Analyse des forces d&rsquo;entr\u00e9e par rapport \u00e0 celles de sortie<\/li>\n<li>V\u00e9rification de la vitesse et du d\u00e9placement des axes d&rsquo;entr\u00e9e et de sortie<\/li>\n<\/ul>\n<p>[\/vc_column_text][\/vc_column_inner][\/vc_row_inner][\/vc_column][\/vc_row][vc_row][vc_column][vc_column_text css=\u00a0\u00bb.vc_custom_1463398073522{padding-bottom: 3px !important;padding-left: 15px !important;background-color: #e8e8e8 !important;}\u00a0\u00bb]<\/p>\n<h3><span style=\"color: #e20026; line-height: 35px;\">Application de tra\u00e7abilit\u00e9<\/span><\/h3>\n<p>[\/vc_column_text][vc_row_inner][vc_column_inner][vc_single_image image=\u00a0\u00bb2241&Prime;][\/vc_column_inner][\/vc_row_inner][vc_row_inner][vc_column_inner width=\u00a0\u00bb1\/3&Prime;][vc_column_text el_class=\u00a0\u00bbtitle_lineas\u00a0\u00bb]<\/p>\n<h4><span style=\"color: #e20026;\">Caract\u00e9ristiques<\/span><\/h4>\n<p>[\/vc_column_text][vc_column_text el_class=\u00a0\u00bbicon_list\u00a0\u00bb]<\/p>\n<ul>\n<li>Impression d&rsquo;\u00e9tiquette de tra\u00e7abilit\u00e9<\/li>\n<li>Monitorage de l&rsquo;\u00e9tat g\u00e9n\u00e9ral<\/li>\n<li>Gestion d&rsquo;\u00e9talons<\/li>\n<li>Collecte de mesures et d\u00e9trompeurs<\/li>\n<li>Contr\u00f4le du flux de ligne<\/li>\n<li>R\u00e9glage des param\u00e8tres de ligne<\/li>\n<li>Base de donn\u00e9es de pi\u00e8ces produites<\/li>\n<li>Rapports personnalis\u00e9s<\/li>\n<li>Exportation de donn\u00e9es (Excel, etc\u2026)<\/li>\n<\/ul>\n<p>[\/vc_column_text][\/vc_column_inner][\/vc_row_inner][\/vc_column][\/vc_row][vc_row][vc_column][vc_column_text css=\u00a0\u00bb.vc_custom_1463398168362{padding-bottom: 3px !important;padding-left: 15px !important;background-color: #e8e8e8 !important;}\u00a0\u00bb]<\/p>\n<h3><span style=\"color: #e20026; line-height: 35px;\">Cassette d&rsquo;allumage &#8211; Test de fin de Ligne<\/span><\/h3>\n<p>[\/vc_column_text][vc_gallery type=\u00a0\u00bbimage_grid\u00a0\u00bb images=\u00a0\u00bb2243,2244&Prime; img_size=\u00a0\u00bb\u00a0\u00bb el_class=\u00a0\u00bbfoto_margen\u00a0\u00bb][vc_row_inner][vc_column_inner width=\u00a0\u00bb1\/3&Prime;][vc_column_text el_class=\u00a0\u00bbtitle_lineas\u00a0\u00bb]<\/p>\n<h4><span style=\"color: #e20026;\">Configuration de la solution<\/span><\/h4>\n<p>[\/vc_column_text][vc_column_text el_class=\u00a0\u00bbicon_list\u00a0\u00bb]<\/p>\n<ul>\n<li>Testeur de fin de ligne<\/li>\n<li>Station semi-automatique<\/li>\n<li>Commande bas\u00e9e sur PC<\/li>\n<li>Acquisition de donn\u00e9es simultan\u00e9e<\/li>\n<\/ul>\n<p>[\/vc_column_text][\/vc_column_inner][vc_column_inner width=\u00a0\u00bb1\/3&Prime;][vc_column_text el_class=\u00a0\u00bbtitle_lineas\u00a0\u00bb]<\/p>\n<h4><span style=\"color: #e20026;\">Process<\/span><\/h4>\n<p>[\/vc_column_text][vc_column_text el_class=\u00a0\u00bbicon_list\u00a0\u00bb]<\/p>\n<ul>\n<li>\u00c9valuation des courbes de tension \/ intensit\u00e9<\/li>\n<li>Base de donn\u00e9es de pi\u00e8ces produites<\/li>\n<li>R\u00e9glage des param\u00e8tres de test<\/li>\n<li>Contr\u00f4le simultan\u00e9 de 6 op\u00e9rations<\/li>\n<li>Chargement, test de stress, test de fonctionnement<\/li>\n<li>Marquage laser des pi\u00e8ces bonnes, pick &amp; place de d\u00e9chargement<\/li>\n<\/ul>\n<p>[\/vc_column_text][\/vc_column_inner][vc_column_inner width=\u00a0\u00bb1\/3&Prime;][vc_column_text el_class=\u00a0\u00bbtitle_lineas\u00a0\u00bb]<\/p>\n<h4><span style=\"color: #e20026;\">Donn\u00e9es techniques<\/span><\/h4>\n<p>[\/vc_column_text][vc_column_text el_class=\u00a0\u00bbicon_list\u00a0\u00bb]<\/p>\n<ul>\n<li>Contr\u00f4le de la s\u00e9quence de test<\/li>\n<li>Instrumentation de contr\u00f4le<\/li>\n<li>Instruments control<\/li>\n<li>Exportation de donn\u00e9es (Excel, etc\u2026)<\/li>\n<\/ul>\n<p>[\/vc_column_text][\/vc_column_inner][\/vc_row_inner][\/vc_column][\/vc_row][vc_row][vc_column][vc_column_text css=\u00a0\u00bb.vc_custom_1463398223455{padding-bottom: 3px !important;padding-left: 15px !important;background-color: #e8e8e8 !important;}\u00a0\u00bb]<\/p>\n<h3><span style=\"color: #e20026; line-height: 35px;\">Feu arri\u00e8re &#8211; Test d&rsquo;allumage et cam\u00e9ra vid\u00e9o<\/span><\/h3>\n<p>[\/vc_column_text][vc_gallery type=\u00a0\u00bbimage_grid\u00a0\u00bb images=\u00a0\u00bb2253,2252,2254&Prime; img_size=\u00a0\u00bb\u00a0\u00bb el_class=\u00a0\u00bbfoto_margen\u00a0\u00bb][vc_row_inner][vc_column_inner width=\u00a0\u00bb1\/3&Prime;][vc_column_text el_class=\u00a0\u00bbtitle_lineas\u00a0\u00bb]<\/p>\n<h4><span style=\"color: #e20026;\">Configuration de la solution<\/span><\/h4>\n<p>[\/vc_column_text][vc_column_text el_class=\u00a0\u00bbicon_list\u00a0\u00bb]<\/p>\n<ul>\n<li>Testeur de fin de ligne<\/li>\n<li>Station semi-automatique<\/li>\n<li>Syst\u00e8me de vision sur axe servocommand\u00e9<\/li>\n<li>Commande bas\u00e9e sur PC<\/li>\n<li>Acquisition de donn\u00e9es simultan\u00e9e<\/li>\n<\/ul>\n<p>[\/vc_column_text][\/vc_column_inner][vc_column_inner width=\u00a0\u00bb1\/3&Prime;][vc_column_text el_class=\u00a0\u00bbtitle_lineas\u00a0\u00bb]<\/p>\n<h4><span style=\"color: #e20026;\">Process<\/span><\/h4>\n<p>[\/vc_column_text][vc_column_text el_class=\u00a0\u00bbicon_list\u00a0\u00bb]<\/p>\n<ul>\n<li>Impression d&rsquo;\u00e9tiquette de tra\u00e7abilit\u00e9<\/li>\n<li>\u00c9dition des param\u00e8tres de test<\/li>\n<li>\u00c9crans de tension et intensit\u00e9<\/li>\n<li>Acquisition d&rsquo;image en direct<\/li>\n<li>Enregistrement des images de la cam\u00e9ra pour tra\u00e7abilit\u00e9<\/li>\n<li>Exportation de donn\u00e9es (Excel, csv, etc\u2026)<\/li>\n<\/ul>\n<p>[\/vc_column_text][\/vc_column_inner][vc_column_inner width=\u00a0\u00bb1\/3&Prime;][vc_column_text el_class=\u00a0\u00bbtitle_lineas\u00a0\u00bb]<\/p>\n<h4><span style=\"color: #e20026;\">Donn\u00e9es techniques<\/span><\/h4>\n<p>[\/vc_column_text][vc_column_text el_class=\u00a0\u00bbicon_list\u00a0\u00bb]<\/p>\n<ul>\n<li>Temps de cycle = 30 s<\/li>\n<li>Contr\u00f4le de tension et intensit\u00e9<\/li>\n<li>Fonctionnalit\u00e9 de cam\u00e9ra vid\u00e9o<\/li>\n<li>Base de donn\u00e9es MS SQL<\/li>\n<li>Communication Ethernet<\/li>\n<li>Interface d&rsquo;usager sur VB NET<\/li>\n<\/ul>\n<p>[\/vc_column_text][\/vc_column_inner][\/vc_row_inner][\/vc_column][\/vc_row]<\/p>\n<\/div>","protected":false},"excerpt":{"rendered":"<p>[vc_row][vc_column width=\u00a0\u00bb1\/2&Prime;][vc_column_text el_class=\u00a0\u00bbtitle_lineas\u00a0\u00bb] Mesure et contr\u00f4le [\/vc_column_text][vc_column_text el_class=\u00a0\u00bbicon_list\u00a0\u00bb] Tests \u00e9lectriques : tension, intensit\u00e9, r\u00e9sistance, Hi-Pot, inductance, capacitifs, fr\u00e9quence, etc. Tests m\u00e9caniques : basse pression, haute pression, vide, tension, compression, endurance, etc&#8230; Tests \u00e9lectroniques : fonctionnalit\u00e9 des protocoles de communication (LIN, CAN), tests sur circuit (In-circuit), etc\u2026 Testeurs de fin de ligne pour pr\u00e9sence de composants [&hellip;]<\/p>\n","protected":false},"author":4,"featured_media":0,"parent":3385,"menu_order":0,"comment_status":"closed","ping_status":"closed","template":"sectors.php","meta":{"_lmt_disableupdate":"","_lmt_disable":"","footnotes":""},"yst_prominent_words":[],"class_list":["post-3389","page","type-page","status-publish","hentry"],"acf":[],"_links":{"self":[{"href":"https:\/\/www.mondragon-assembly.com\/fr\/wp-json\/wp\/v2\/pages\/3389","targetHints":{"allow":["GET"]}}],"collection":[{"href":"https:\/\/www.mondragon-assembly.com\/fr\/wp-json\/wp\/v2\/pages"}],"about":[{"href":"https:\/\/www.mondragon-assembly.com\/fr\/wp-json\/wp\/v2\/types\/page"}],"author":[{"embeddable":true,"href":"https:\/\/www.mondragon-assembly.com\/fr\/wp-json\/wp\/v2\/users\/4"}],"replies":[{"embeddable":true,"href":"https:\/\/www.mondragon-assembly.com\/fr\/wp-json\/wp\/v2\/comments?post=3389"}],"version-history":[{"count":2,"href":"https:\/\/www.mondragon-assembly.com\/fr\/wp-json\/wp\/v2\/pages\/3389\/revisions"}],"predecessor-version":[{"id":9324,"href":"https:\/\/www.mondragon-assembly.com\/fr\/wp-json\/wp\/v2\/pages\/3389\/revisions\/9324"}],"up":[{"embeddable":true,"href":"https:\/\/www.mondragon-assembly.com\/fr\/wp-json\/wp\/v2\/pages\/3385"}],"wp:attachment":[{"href":"https:\/\/www.mondragon-assembly.com\/fr\/wp-json\/wp\/v2\/media?parent=3389"}],"wp:term":[{"taxonomy":"yst_prominent_words","embeddable":true,"href":"https:\/\/www.mondragon-assembly.com\/fr\/wp-json\/wp\/v2\/yst_prominent_words?post=3389"}],"curies":[{"name":"wp","href":"https:\/\/api.w.org\/{rel}","templated":true}]}}