{"id":3403,"date":"2016-04-15T08:59:42","date_gmt":"2016-04-15T06:59:42","guid":{"rendered":"https:\/\/www.mondragon-assembly.com\/fr\/?page_id=3403"},"modified":"2016-05-20T16:59:08","modified_gmt":"2016-05-20T16:59:08","slug":"exterieur","status":"publish","type":"page","link":"https:\/\/www.mondragon-assembly.com\/fr\/automobile\/applications\/exterieur\/","title":{"rendered":"Ext\u00e9rieur"},"content":{"rendered":"<div class=\"wpb-content-wrapper\"><p>[vc_row][vc_column][vc_column_text el_class=\u00a0\u00bbtitle_lineas\u00a0\u00bb]<\/p>\n<h4><span style=\"color: #e20026;\">Produits<\/span><\/h4>\n<p>[\/vc_column_text][vc_row_inner][vc_column_inner width=\u00a0\u00bb1\/2&Prime;][vc_column_text el_class=\u00a0\u00bbicon_list\u00a0\u00bb]<\/p>\n<ul>\n<li>Lumi\u00e8res\n<ul>\n<li>Frontales<\/li>\n<li>Arri\u00e8re<\/li>\n<li>De coffre<\/li>\n<li>Bandes de LED<\/li>\n<\/ul>\n<\/li>\n<li>Plafond solaire<\/li>\n<li>Pare-brise<\/li>\n<\/ul>\n<p>[\/vc_column_text][\/vc_column_inner][vc_column_inner width=\u00a0\u00bb1\/2&Prime;][vc_column_text el_class=\u00a0\u00bbicon_list\u00a0\u00bb]<\/p>\n<ul>\n<li>PCB<\/li>\n<li>Capteurs\n<ul>\n<li>Pression des roues<\/li>\n<li>Position de p\u00e9dale<\/li>\n<li>Couple-angle<\/li>\n<li>Transmission<\/li>\n<\/ul>\n<\/li>\n<li>Miroirs r\u00e9troviseurs<\/li>\n<\/ul>\n<p>[\/vc_column_text][\/vc_column_inner][\/vc_row_inner][\/vc_column][\/vc_row][vc_row][vc_column][vc_column_text css=\u00a0\u00bb.vc_custom_1463400552650{padding-bottom: 3px !important;padding-left: 15px !important;background-color: #e8e8e8 !important;}\u00a0\u00bb]<\/p>\n<h3><span style=\"color: #e20026; line-height: 35px;\">Feux avant et arri\u00e8re<\/span><\/h3>\n<p>[\/vc_column_text][vc_row_inner][vc_column_inner][vc_gallery type=\u00a0\u00bbimage_grid\u00a0\u00bb images=\u00a0\u00bb2311,2310,2312&Prime; el_class=\u00a0\u00bbfoto_margen\u00a0\u00bb][\/vc_column_inner][\/vc_row_inner][vc_row_inner][vc_column_inner width=\u00a0\u00bb1\/3&Prime;][vc_column_text el_class=\u00a0\u00bbtitle_lineas\u00a0\u00bb]<\/p>\n<h4><span style=\"color: #e20026;\">Configuration de la solution<\/span><\/h4>\n<p>[\/vc_column_text][vc_column_text el_class=\u00a0\u00bbicon_list\u00a0\u00bb]<\/p>\n<ul>\n<li>Multiples stations semi-automatiques<\/li>\n<li>Op\u00e9rations de vissage et assemblage<\/li>\n<li>Test \u00e9lectrique et de fuite<\/li>\n<\/ul>\n<p>[\/vc_column_text][\/vc_column_inner][vc_column_inner width=\u00a0\u00bb1\/3&Prime;][vc_column_text el_class=\u00a0\u00bbtitle_lineas\u00a0\u00bb]<\/p>\n<h4><span style=\"color: #e20026;\">Processus<\/span><\/h4>\n<p>[\/vc_column_text][vc_column_text el_class=\u00a0\u00bbicon_list\u00a0\u00bb]<\/p>\n<ul>\n<li>Vissage manuel \/ automatique<\/li>\n<li>Assemblage manuel de composants<\/li>\n<li>Test de fuite<\/li>\n<li>Mise en place manuelle des ampoules<\/li>\n<li>Test \u00e9lectrique<\/li>\n<li>Test de vision<\/li>\n<\/ul>\n<p>[\/vc_column_text][\/vc_column_inner][vc_column_inner width=\u00a0\u00bb1\/3&Prime;][vc_column_text el_class=\u00a0\u00bbtitle_lineas\u00a0\u00bb]<\/p>\n<h4><span style=\"color: #e20026;\">Donn\u00e9es techniques<\/span><\/h4>\n<p>[\/vc_column_text][vc_column_text el_class=\u00a0\u00bbicon_list\u00a0\u00bb]<\/p>\n<ul>\n<li>Temps de cycle : 25s<\/li>\n<li>Couple de vissage = 1-6Nm<\/li>\n<li>Dur\u00e9e test de fuite : 15 s<\/li>\n<li>Pression d&rsquo;essai = 1 psi<\/li>\n<li>Plage de pression = 10 sccm<\/li>\n<li>Mesure d&rsquo;intensit\u00e9 = 0.5-6 A<\/li>\n<\/ul>\n<p>[\/vc_column_text][\/vc_column_inner][\/vc_row_inner][\/vc_column][\/vc_row][vc_row][vc_column][vc_column_text css=\u00a0\u00bb.vc_custom_1463400697817{padding-bottom: 3px !important;padding-left: 15px !important;background-color: #e8e8e8 !important;}\u00a0\u00bb]<\/p>\n<h3><span style=\"color: #e20026; line-height: 35px;\">Plafond solaire<\/span><\/h3>\n<p>[\/vc_column_text][vc_gallery type=\u00a0\u00bbimage_grid\u00a0\u00bb images=\u00a0\u00bb2315,2313,2318,2316&Prime; img_size=\u00a0\u00bb\u00a0\u00bb el_class=\u00a0\u00bbfoto_margen\u00a0\u00bb][vc_row_inner][vc_column_inner width=\u00a0\u00bb1\/3&Prime;][vc_column_text el_class=\u00a0\u00bbtitle_lineas\u00a0\u00bb]<\/p>\n<h4><span style=\"color: #e20026;\">Configuration de la solution<\/span><\/h4>\n<p>[\/vc_column_text][vc_column_text el_class=\u00a0\u00bbicon_list\u00a0\u00bb]<\/p>\n<ul>\n<li>3 stations hors ligne de pr\u00e9-assemblage<\/li>\n<li>3 stations sur ligne d&rsquo;assemblage<\/li>\n<li>2 cellules robotis\u00e9es, une pour le nettoyage et l&rsquo;autre pour l&rsquo;application de hot melt et l&rsquo;assemblage final<\/li>\n<li>Station d&rsquo;ajustage du verre<\/li>\n<li>Test fonctionnel<\/li>\n<\/ul>\n<p>[\/vc_column_text][\/vc_column_inner][vc_column_inner width=\u00a0\u00bb1\/3&Prime;][vc_column_text el_class=\u00a0\u00bbtitle_lineas\u00a0\u00bb]<\/p>\n<h4><span style=\"color: #e20026;\">Processus<\/span><\/h4>\n<p>[\/vc_column_text][vc_column_text el_class=\u00a0\u00bbicon_list\u00a0\u00bb]<\/p>\n<ul>\n<li>Pr\u00e9paration de rails et rouleau<\/li>\n<li>Assemblage de m\u00e9canismes \u00e0 rails<\/li>\n<li>Normalisation et assemblage du moteur<\/li>\n<li>Nettoyage et application de primaire automatis\u00e9s<\/li>\n<li>S\u00e9chage<\/li>\n<li>Dosage d&rsquo;adh\u00e9sif et collage de PC cover<\/li>\n<li>Ajustage et vissage du verre<\/li>\n<li>Test de consommation, force et bruit du mouvement du verre<\/li>\n<li>D\u00e9chargement<\/li>\n<\/ul>\n<p>[\/vc_column_text][\/vc_column_inner][vc_column_inner width=\u00a0\u00bb1\/3&Prime;][vc_column_text el_class=\u00a0\u00bbtitle_lineas\u00a0\u00bb]<\/p>\n<h4><span style=\"color: #e20026;\">Donn\u00e9es techniques<\/span><\/h4>\n<p>[\/vc_column_text][vc_column_text el_class=\u00a0\u00bbicon_list\u00a0\u00bb]<\/p>\n<ul>\n<li>Temps de cycle : 5 minutes<\/li>\n<li>2x robots \u00e0 6 axes<\/li>\n<li>Tra\u00e7abilit\u00e9 du produit<\/li>\n<li>Assemblage de cadre et PC cover avec une tol\u00e9rance inf\u00e9rieure \u00e0 0,2 mm<\/li>\n<li>Tol\u00e9rance admissible pour l&rsquo;assemblage du verre : 0,1mm<\/li>\n<\/ul>\n<p>[\/vc_column_text][\/vc_column_inner][\/vc_row_inner][\/vc_column][\/vc_row][vc_row][vc_column][vc_column_text css=\u00a0\u00bb.vc_custom_1463400771636{padding-bottom: 3px !important;padding-left: 15px !important;background-color: #e8e8e8 !important;}\u00a0\u00bb]<\/p>\n<h3><span style=\"color: #e20026; line-height: 35px;\">Micro-actuateur du couvercle de carburant<\/span><\/h3>\n<p>[\/vc_column_text][vc_gallery type=\u00a0\u00bbimage_grid\u00a0\u00bb images=\u00a0\u00bb2326,2324,2325,2327&Prime; img_size=\u00a0\u00bb\u00a0\u00bb el_class=\u00a0\u00bbfoto_margen\u00a0\u00bb][vc_row_inner][vc_column_inner width=\u00a0\u00bb1\/3&Prime;][vc_column_text el_class=\u00a0\u00bbtitle_lineas\u00a0\u00bb]<\/p>\n<h4><span style=\"color: #e20026;\">Configuration de la solution<\/span><\/h4>\n<p>[\/vc_column_text][vc_column_text el_class=\u00a0\u00bbicon_list\u00a0\u00bb]<\/p>\n<ul>\n<li>3 stations semi-automatiques d&rsquo;assemblage<\/li>\n<li>1 test de fuite et marquage laser<\/li>\n<li>1 test de fin de ligne<\/li>\n<\/ul>\n<p>[\/vc_column_text][\/vc_column_inner][vc_column_inner width=\u00a0\u00bb1\/3&Prime;][vc_column_text el_class=\u00a0\u00bbtitle_lineas\u00a0\u00bb]<\/p>\n<h4><span style=\"color: #e20026;\">Processus<\/span><\/h4>\n<p>[\/vc_column_text][vc_column_text el_class=\u00a0\u00bbicon_list\u00a0\u00bb]<\/p>\n<ul>\n<li>Insertion de moteur et terminaux sur le corps en plastique (contr\u00f4le de force vs distance)<\/li>\n<li>Graissage d&rsquo;engrenages et axe<\/li>\n<li>Soudure laser corps et couvercle plastique<\/li>\n<li>Test de fuite et marquage laser<\/li>\n<li>Pressage de cliquets sur l&rsquo;axe<\/li>\n<li>Test fonctionnel : temps d&rsquo;activation et de d\u00e9sactivation, mesure d&rsquo;intensit\u00e9 et tension. Interface VB NET<\/li>\n<\/ul>\n<p>[\/vc_column_text][\/vc_column_inner][vc_column_inner width=\u00a0\u00bb1\/3&Prime;][vc_column_text el_class=\u00a0\u00bbtitle_lineas\u00a0\u00bb]<\/p>\n<h4><span style=\"color: #e20026;\">Donn\u00e9es techniques<\/span><\/h4>\n<p>[\/vc_column_text][vc_column_text el_class=\u00a0\u00bbicon_list\u00a0\u00bb]<\/p>\n<ul>\n<li>Temps de cycle : 16 s.<\/li>\n<li>D\u00e9trompeurs pour tous les composants<\/li>\n<li>D\u00e9tection de version<\/li>\n<li>Contr\u00f4le de force vs distance<\/li>\n<li>Pull test sur ligne<\/li>\n<li>\u00c9valuation de la position angulaire avec acquisitions en millisecondes<\/li>\n<\/ul>\n<p>[\/vc_column_text][\/vc_column_inner][\/vc_row_inner][\/vc_column][\/vc_row][vc_row][vc_column][vc_column_text css=\u00a0\u00bb.vc_custom_1463400833433{padding-bottom: 3px !important;padding-left: 15px !important;background-color: #e8e8e8 !important;}\u00a0\u00bb]<\/p>\n<h3><span style=\"color: #e20026; line-height: 35px;\">Capteur de pression d&rsquo;air<\/span><\/h3>\n<p>[\/vc_column_text][vc_gallery type=\u00a0\u00bbimage_grid\u00a0\u00bb images=\u00a0\u00bb2329,2330,8434&Prime; img_size=\u00a0\u00bb\u00a0\u00bb el_class=\u00a0\u00bbfoto_margen\u00a0\u00bb][vc_row_inner][vc_column_inner width=\u00a0\u00bb1\/3&Prime;][vc_column_text el_class=\u00a0\u00bbtitle_lineas\u00a0\u00bb]<\/p>\n<h4><span style=\"color: #e20026;\">Configuration de la solution<\/span><\/h4>\n<p>[\/vc_column_text][vc_column_text el_class=\u00a0\u00bbicon_list\u00a0\u00bb]<\/p>\n<ul>\n<li>Lignes totalement automatiques<\/li>\n<li>Plusieurs stations automatiques reli\u00e9es par des tapis automatiques<\/li>\n<li>Transport de produit sur palettes sur tapis<\/li>\n<\/ul>\n<p>[\/vc_column_text][\/vc_column_inner][vc_column_inner width=\u00a0\u00bb1\/3&Prime;][vc_column_text el_class=\u00a0\u00bbtitle_lineas\u00a0\u00bb]<\/p>\n<h4><span style=\"color: #e20026;\">Processus<\/span><\/h4>\n<p>[\/vc_column_text][vc_column_text el_class=\u00a0\u00bbicon_list\u00a0\u00bb]<\/p>\n<ul>\n<li>Chargement de corps<\/li>\n<li>Chargement de PCB<\/li>\n<li>Chargement de batteries<\/li>\n<li>Station de soudure et contr\u00f4le par vision<\/li>\n<li>Refroidissement<\/li>\n<li>Station de test et marquage laser<\/li>\n<li>Chargement de couvercle<\/li>\n<li>Assemblage de couvercle, soudure laser et test de fuite<\/li>\n<li>Test final<\/li>\n<li>D\u00e9chargement du produit fini<\/li>\n<\/ul>\n<p>[\/vc_column_text][\/vc_column_inner][vc_column_inner width=\u00a0\u00bb1\/3&Prime;][vc_column_text el_class=\u00a0\u00bbtitle_lineas\u00a0\u00bb]<\/p>\n<h4><span style=\"color: #e20026;\">Donn\u00e9es techniques<\/span><\/h4>\n<p>[\/vc_column_text][vc_column_text el_class=\u00a0\u00bbicon_list\u00a0\u00bb]<\/p>\n<ul>\n<li>Temps de cycle : 5s<\/li>\n<li>OEE: 99,75%<\/li>\n<li>Autonomie : 20 min<\/li>\n<li>Multiples recettes de process<\/li>\n<li>Changement de mod\u00e8le simple et rapide<\/li>\n<li>Entretien facile<\/li>\n<\/ul>\n<p>[\/vc_column_text][\/vc_column_inner][\/vc_row_inner][\/vc_column][\/vc_row]<\/p>\n<\/div>","protected":false},"excerpt":{"rendered":"<p>[vc_row][vc_column][vc_column_text el_class=\u00a0\u00bbtitle_lineas\u00a0\u00bb] Produits [\/vc_column_text][vc_row_inner][vc_column_inner width=\u00a0\u00bb1\/2&Prime;][vc_column_text el_class=\u00a0\u00bbicon_list\u00a0\u00bb] Lumi\u00e8res Frontales Arri\u00e8re De coffre Bandes de LED Plafond solaire Pare-brise [\/vc_column_text][\/vc_column_inner][vc_column_inner width=\u00a0\u00bb1\/2&Prime;][vc_column_text el_class=\u00a0\u00bbicon_list\u00a0\u00bb] PCB Capteurs Pression des roues Position de p\u00e9dale Couple-angle Transmission Miroirs r\u00e9troviseurs [\/vc_column_text][\/vc_column_inner][\/vc_row_inner][\/vc_column][\/vc_row][vc_row][vc_column][vc_column_text css=\u00a0\u00bb.vc_custom_1463400552650{padding-bottom: 3px !important;padding-left: 15px !important;background-color: #e8e8e8 !important;}\u00a0\u00bb] Feux avant et arri\u00e8re [\/vc_column_text][vc_row_inner][vc_column_inner][vc_gallery type=\u00a0\u00bbimage_grid\u00a0\u00bb images=\u00a0\u00bb2311,2310,2312&Prime; el_class=\u00a0\u00bbfoto_margen\u00a0\u00bb][\/vc_column_inner][\/vc_row_inner][vc_row_inner][vc_column_inner width=\u00a0\u00bb1\/3&Prime;][vc_column_text el_class=\u00a0\u00bbtitle_lineas\u00a0\u00bb] Configuration de la solution [\/vc_column_text][vc_column_text [&hellip;]<\/p>\n","protected":false},"author":4,"featured_media":0,"parent":1500,"menu_order":0,"comment_status":"closed","ping_status":"closed","template":"sectors.php","meta":{"_lmt_disableupdate":"","_lmt_disable":"","footnotes":""},"yst_prominent_words":[],"class_list":["post-3403","page","type-page","status-publish","hentry"],"acf":[],"_links":{"self":[{"href":"https:\/\/www.mondragon-assembly.com\/fr\/wp-json\/wp\/v2\/pages\/3403","targetHints":{"allow":["GET"]}}],"collection":[{"href":"https:\/\/www.mondragon-assembly.com\/fr\/wp-json\/wp\/v2\/pages"}],"about":[{"href":"https:\/\/www.mondragon-assembly.com\/fr\/wp-json\/wp\/v2\/types\/page"}],"author":[{"embeddable":true,"href":"https:\/\/www.mondragon-assembly.com\/fr\/wp-json\/wp\/v2\/users\/4"}],"replies":[{"embeddable":true,"href":"https:\/\/www.mondragon-assembly.com\/fr\/wp-json\/wp\/v2\/comments?post=3403"}],"version-history":[{"count":5,"href":"https:\/\/www.mondragon-assembly.com\/fr\/wp-json\/wp\/v2\/pages\/3403\/revisions"}],"predecessor-version":[{"id":8443,"href":"https:\/\/www.mondragon-assembly.com\/fr\/wp-json\/wp\/v2\/pages\/3403\/revisions\/8443"}],"up":[{"embeddable":true,"href":"https:\/\/www.mondragon-assembly.com\/fr\/wp-json\/wp\/v2\/pages\/1500"}],"wp:attachment":[{"href":"https:\/\/www.mondragon-assembly.com\/fr\/wp-json\/wp\/v2\/media?parent=3403"}],"wp:term":[{"taxonomy":"yst_prominent_words","embeddable":true,"href":"https:\/\/www.mondragon-assembly.com\/fr\/wp-json\/wp\/v2\/yst_prominent_words?post=3403"}],"curies":[{"name":"wp","href":"https:\/\/api.w.org\/{rel}","templated":true}]}}