{"id":3405,"date":"2016-04-15T08:59:16","date_gmt":"2016-04-15T06:59:16","guid":{"rendered":"https:\/\/www.mondragon-assembly.com\/fr\/?page_id=3405"},"modified":"2016-05-20T16:50:49","modified_gmt":"2016-05-20T16:50:49","slug":"powertrain","status":"publish","type":"page","link":"https:\/\/www.mondragon-assembly.com\/fr\/automobile\/applications\/powertrain\/","title":{"rendered":"Powertrain"},"content":{"rendered":"<div class=\"wpb-content-wrapper\"><p>[vc_row][vc_column][vc_column_text el_class=\u00a0\u00bbtitle_lineas\u00a0\u00bb]<\/p>\n<h4><span style=\"color: #e20026;\">Produits<\/span><\/h4>\n<p>[\/vc_column_text][vc_row_inner][vc_column_inner width=\u00a0\u00bb1\/2&Prime;][vc_column_text el_class=\u00a0\u00bbicon_list\u00a0\u00bb]<\/p>\n<ul>\n<li>EGR (recirculation des gaz \u00e0 l&rsquo;\u00e9chappement)<\/li>\n<li>Syst\u00e8mes d&rsquo;injection\n<ul>\n<li>Injecteurs de carburant<\/li>\n<li>Common rail<\/li>\n<li>Filtre \u00e0 carburant<\/li>\n<li>ECU (Unit\u00e9 de contr\u00f4le-commande \u00e9lectronique)<\/li>\n<\/ul>\n<\/li>\n<li>Syst\u00e8me d&rsquo;allumage<\/li>\n<li>Actuateurs d&rsquo;\u00e9chappement d&rsquo;air\n<ul>\n<li>Par vide<\/li>\n<li>\u00c9lectrique<\/li>\n<\/ul>\n<\/li>\n<li>Vanne de recirculation<\/li>\n<li>Pompe \u00e0 vide<\/li>\n<li>Module d&rsquo;huile<\/li>\n<li>Filtre \u00e0 huile<\/li>\n<li>Filtre catalytique<\/li>\n<\/ul>\n<p>[\/vc_column_text][\/vc_column_inner][vc_column_inner width=\u00a0\u00bb1\/2&Prime;][vc_column_text el_class=\u00a0\u00bbicon_list\u00a0\u00bb]<\/p>\n<ul>\n<li>Jantes<\/li>\n<li>Modules de puissance<\/li>\n<li>Capteur de colonne de conduite<\/li>\n<li>Moteurs \u00e9lectriques<\/li>\n<li>Moteurs d&rsquo;essuie-glace<\/li>\n<li>Stators<\/li>\n<li>Roulements:\n<ul>\n<li>\u00c0 bille sur un rang<\/li>\n<li>Coniques<\/li>\n<li>\u00c0 rouleaux sur deux rangs<\/li>\n<\/ul>\n<\/li>\n<li>ECU (Unit\u00e9 de contr\u00f4le-commande \u00e9lectronique)<\/li>\n<li>R\u00e9servoir de carburant<\/li>\n<li>Porte-fus\u00e9es<\/li>\n<li>Joint de transmission<\/li>\n<li>Alternateur<\/li>\n<\/ul>\n<p>[\/vc_column_text][\/vc_column_inner][\/vc_row_inner][\/vc_column][\/vc_row][vc_row][vc_column][vc_column_text css=\u00a0\u00bb.vc_custom_1463401522255{padding-bottom: 3px !important;padding-left: 15px !important;background-color: #e8e8e8 !important;}\u00a0\u00bb]<\/p>\n<h3><span style=\"color: #e20026; line-height: 35px;\">EGR (Recirculation des gaz d&rsquo;\u00e9chappement<\/span><\/h3>\n<p>[\/vc_column_text][vc_row_inner][vc_column_inner][vc_gallery type=\u00a0\u00bbimage_grid\u00a0\u00bb images=\u00a0\u00bb2260,2261,2262&Prime; el_class=\u00a0\u00bbfoto_margen\u00a0\u00bb][\/vc_column_inner][\/vc_row_inner][vc_row_inner][vc_column_inner width=\u00a0\u00bb1\/3&Prime;][vc_column_text el_class=\u00a0\u00bbtitle_lineas\u00a0\u00bb]<\/p>\n<h4><span style=\"color: #e20026;\">Configuration de la solution<\/span><\/h4>\n<p>[\/vc_column_text][vc_column_text el_class=\u00a0\u00bbicon_list\u00a0\u00bb]<\/p>\n<ul>\n<li>2 cellules de soudure laser du flap et couvercle sup\u00e9rieur<\/li>\n<li>Guidage du d\u00e9placement du laser par le robot \u00e0 travers la cam\u00e9ra de vision<\/li>\n<li>Mesure de la hauteur de la trajectoire de la soudure par transducteur lin\u00e9aire<\/li>\n<\/ul>\n<p>[\/vc_column_text][\/vc_column_inner][vc_column_inner width=\u00a0\u00bb1\/3&Prime;][vc_column_text el_class=\u00a0\u00bbtitle_lineas\u00a0\u00bb]<\/p>\n<h4><span style=\"color: #e20026;\">Processus<\/span><\/h4>\n<p>[\/vc_column_text][vc_column_text el_class=\u00a0\u00bbicon_list\u00a0\u00bb]<\/p>\n<ul>\n<li>Chargement manuel de produit sur machine<\/li>\n<li>Reconstruction g\u00e9om\u00e9trique de la trajectoire<\/li>\n<li>Mesure de distance par transducteur<\/li>\n<li>Communication de la trajectoire au robot<\/li>\n<li>R\u00e9glage de la trajectoire<\/li>\n<li>Soudure laser pr\u00e9cise sur la trajectoire<\/li>\n<\/ul>\n<p>[\/vc_column_text][\/vc_column_inner][vc_column_inner width=\u00a0\u00bb1\/3&Prime;][vc_column_text el_class=\u00a0\u00bbtitle_lineas\u00a0\u00bb]<\/p>\n<h4><span style=\"color: #e20026;\">Donn\u00e9es techniques<\/span><\/h4>\n<p>[\/vc_column_text][vc_column_text el_class=\u00a0\u00bbicon_list\u00a0\u00bb]<\/p>\n<ul>\n<li>Temps de cycle : 26 s<\/li>\n<li>Robot \u00e0 6 axes<\/li>\n<li>Soudure laser continue du flap<\/li>\n<li>Soudure laser par points du couvercle<\/li>\n<li>Degr\u00e9 de s\u00e9curit\u00e9 pour laser<\/li>\n<li>Reconstruction g\u00e9om\u00e9trique par syst\u00e8me de vision<\/li>\n<\/ul>\n<p>[\/vc_column_text][\/vc_column_inner][\/vc_row_inner][\/vc_column][\/vc_row][vc_row][vc_column][vc_column_text css=\u00a0\u00bb.vc_custom_1463401574283{padding-bottom: 3px !important;padding-left: 15px !important;background-color: #e8e8e8 !important;}\u00a0\u00bb]<\/p>\n<h3><span style=\"color: #e20026; line-height: 35px;\">Base d&rsquo;injecteur<\/span><\/h3>\n<p>[\/vc_column_text][vc_gallery type=\u00a0\u00bbimage_grid\u00a0\u00bb images=\u00a0\u00bb2264,2266,2265,2263&Prime; img_size=\u00a0\u00bb\u00a0\u00bb el_class=\u00a0\u00bbfoto_margen\u00a0\u00bb][vc_row_inner][vc_column_inner width=\u00a0\u00bb1\/3&Prime;][vc_column_text el_class=\u00a0\u00bbtitle_lineas\u00a0\u00bb]<\/p>\n<h4><span style=\"color: #e20026;\">Configuration de la solution<\/span><\/h4>\n<p>[\/vc_column_text][vc_column_text el_class=\u00a0\u00bbicon_list\u00a0\u00bb]<\/p>\n<ul>\n<li>Stations type lean avec op\u00e9rations semi-automatiques<\/li>\n<li>4 stations d&rsquo;assemblage et un test de fin de ligne<\/li>\n<\/ul>\n<p>[\/vc_column_text][\/vc_column_inner][vc_column_inner width=\u00a0\u00bb1\/3&Prime;][vc_column_text el_class=\u00a0\u00bbtitle_lineas\u00a0\u00bb]<\/p>\n<h4><span style=\"color: #e20026;\">Processus<\/span><\/h4>\n<p>[\/vc_column_text][vc_column_text el_class=\u00a0\u00bbicon_list\u00a0\u00bb]<\/p>\n<ul>\n<li>Pliage et coupe du fil de la bobine moteur<\/li>\n<li>Soudure de bobine et balai<\/li>\n<li>Insertion finale des cosses<\/li>\n<li>Sertissage du fil \u00e0 l&rsquo;int\u00e9rieur de la cosse<\/li>\n<li>Soudure finale et test de fonctionnement<\/li>\n<\/ul>\n<p>[\/vc_column_text][\/vc_column_inner][vc_column_inner width=\u00a0\u00bb1\/3&Prime;][vc_column_text el_class=\u00a0\u00bbtitle_lineas\u00a0\u00bb]<\/p>\n<h4><span style=\"color: #e20026;\">Donn\u00e9es techniques<\/span><\/h4>\n<p>[\/vc_column_text][vc_column_text el_class=\u00a0\u00bbicon_list\u00a0\u00bb]<\/p>\n<ul>\n<li>Temps de cycle : 25 s<\/li>\n<li>Presse avec \u00e9crans de force vs distance<\/li>\n<li>Syst\u00e8me de vision haute r\u00e9solution<\/li>\n<li>Soudure \u00e0 l&rsquo;arc de grande pr\u00e9cision<\/li>\n<li>Test de r\u00e9sistance<\/li>\n<li>Test de fonctionnement<\/li>\n<li>Base de donn\u00e9es<\/li>\n<\/ul>\n<p>[\/vc_column_text][\/vc_column_inner][\/vc_row_inner][\/vc_column][\/vc_row][vc_row][vc_column][vc_column_text css=\u00a0\u00bb.vc_custom_1463401659562{padding-bottom: 3px !important;padding-left: 15px !important;background-color: #e8e8e8 !important;}\u00a0\u00bb]<\/p>\n<h3><span style=\"color: #e20026; line-height: 35px;\">Pompe \u00e0 vide<\/span><\/h3>\n<p>[\/vc_column_text][vc_gallery type=\u00a0\u00bbimage_grid\u00a0\u00bb images=\u00a0\u00bb2270,2269,2272,2271,2273&Prime; img_size=\u00a0\u00bb\u00a0\u00bb el_class=\u00a0\u00bbfoto_margen\u00a0\u00bb][vc_row_inner][vc_column_inner width=\u00a0\u00bb1\/3&Prime;][vc_column_text el_class=\u00a0\u00bbtitle_lineas\u00a0\u00bb]<\/p>\n<h4><span style=\"color: #e20026;\">Configuration de la solution<\/span><\/h4>\n<p>[\/vc_column_text][vc_column_text el_class=\u00a0\u00bbicon_list\u00a0\u00bb]<\/p>\n<ul>\n<li>Stations type lean avec op\u00e9rations semi-automatiques<\/li>\n<li>3 stations de presse<\/li>\n<li>1 vissage automatique et test de vision<\/li>\n<li>1 test de d\u00e9bit et un test de fuite<\/li>\n<\/ul>\n<p>[\/vc_column_text][\/vc_column_inner][vc_column_inner width=\u00a0\u00bb1\/3&Prime;][vc_column_text el_class=\u00a0\u00bbtitle_lineas\u00a0\u00bb]<\/p>\n<h4><span style=\"color: #e20026;\">Processus<\/span><\/h4>\n<p>[\/vc_column_text][vc_column_text el_class=\u00a0\u00bbicon_list\u00a0\u00bb]<\/p>\n<ul>\n<li>Chargement et d\u00e9chargement manuel des composants<\/li>\n<li>Presse automatique de filtres et soupapes sur le corps en aluminium<\/li>\n<li>Vissage avec chargement automatique des vis par gantry XY.<\/li>\n<li>Test de fuite et de d\u00e9bit<\/li>\n<li>Inspection de composants par syst\u00e8me de vision<\/li>\n<\/ul>\n<p>[\/vc_column_text][\/vc_column_inner][vc_column_inner width=\u00a0\u00bb1\/3&Prime;][vc_column_text el_class=\u00a0\u00bbtitle_lineas\u00a0\u00bb]<\/p>\n<h4><span style=\"color: #e20026;\">Donn\u00e9es techniques<\/span><\/h4>\n<p>[\/vc_column_text][vc_column_text el_class=\u00a0\u00bbicon_list\u00a0\u00bb]<\/p>\n<ul>\n<li>Temps de cycle : 27 s<\/li>\n<li>D\u00e9trompeurs sur les nids<\/li>\n<li>D\u00e9tection de pr\u00e9sence de composants<\/li>\n<li>Mesure de l&rsquo;\u00e9paisseur des soupapes<\/li>\n<li>Contr\u00f4le de couple et d&rsquo;angle<\/li>\n<li>Test de fuite et de d\u00e9bit<\/li>\n<li>Contr\u00f4le de force vs distance<\/li>\n<\/ul>\n<p>[\/vc_column_text][\/vc_column_inner][\/vc_row_inner][\/vc_column][\/vc_row][vc_row][vc_column][vc_column_text css=\u00a0\u00bb.vc_custom_1463401694378{padding-bottom: 3px !important;padding-left: 15px !important;background-color: #e8e8e8 !important;}\u00a0\u00bb]<\/p>\n<h3><span style=\"color: #e20026; line-height: 35px;\">Roulements<\/span><\/h3>\n<p>[\/vc_column_text][vc_gallery type=\u00a0\u00bbimage_grid\u00a0\u00bb images=\u00a0\u00bb5950,8370,8361,8352&Prime;][vc_row_inner][vc_column_inner width=\u00a0\u00bb1\/3&Prime;][vc_column_text el_class=\u00a0\u00bbtitle_lineas\u00a0\u00bb]<\/p>\n<h4><span style=\"color: #e20026;\">Configuration de la solution<\/span><\/h4>\n<p>[\/vc_column_text][vc_column_text el_class=\u00a0\u00bbicon_list\u00a0\u00bb]<\/p>\n<ul>\n<li>Lignes totalement automatiques<\/li>\n<li>Plusieurs stations automatiques reli\u00e9es par des tapis automatiques<\/li>\n<li>Chargement automatique des composants<\/li>\n<li>Cellules automatis\u00e9es pour les op\u00e9rations complexes<\/li>\n<\/ul>\n<p>[\/vc_column_text][\/vc_column_inner][vc_column_inner width=\u00a0\u00bb1\/3&Prime;][vc_column_text el_class=\u00a0\u00bbtitle_lineas\u00a0\u00bb]<\/p>\n<h4><span style=\"color: #e20026;\">Processus<\/span><\/h4>\n<p>[\/vc_column_text][vc_column_text el_class=\u00a0\u00bbicon_list\u00a0\u00bb]<\/p>\n<ul>\n<li>Alimentation bague int\u00e9rieure et ext\u00e9rieure<\/li>\n<li>Contr\u00f4le de pr\u00e9sence et de position<\/li>\n<li>Contr\u00f4le de duret\u00e9<\/li>\n<li>Mesure des diam\u00e8tres externe et interne<\/li>\n<li>Contr\u00f4le du chemin de roulement<\/li>\n<li>Mesure des billes \/ rouleaux et alimentation dans la cage (en mariant les tailles)<\/li>\n<li>Graissage<\/li>\n<li>Assemblage des bagues automatis\u00e9<\/li>\n<li>Mesure du jeu<\/li>\n<li>Mesure du poids total<\/li>\n<li>Test de rendement<\/li>\n<li>Marquage laser<\/li>\n<li>D\u00e9chargement<\/li>\n<\/ul>\n<p>[\/vc_column_text][\/vc_column_inner][vc_column_inner width=\u00a0\u00bb1\/3&Prime;][vc_column_text el_class=\u00a0\u00bbtitle_lineas\u00a0\u00bb]<\/p>\n<h4><span style=\"color: #e20026;\">Donn\u00e9es techniques<\/span><\/h4>\n<p>[\/vc_column_text][vc_column_text el_class=\u00a0\u00bbicon_list\u00a0\u00bb]<\/p>\n<ul>\n<li>Temps de cycle : 5.5 \u2013 20 s (en fonction du type de roulement)<\/li>\n<li>Cycle time: 5,5s \u2013 20s (depending on bearing)<\/li>\n<li>Multiples recettes de process<\/li>\n<li>Changement de mod\u00e8le simple et rapide<\/li>\n<li>Entretien facile<\/li>\n<\/ul>\n<p>[\/vc_column_text][\/vc_column_inner][\/vc_row_inner][\/vc_column][\/vc_row][vc_row][vc_column][vc_column_text css=\u00a0\u00bb.vc_custom_1463401742785{padding-bottom: 3px !important;padding-left: 15px !important;background-color: #e8e8e8 !important;}\u00a0\u00bb]<\/p>\n<h3><span style=\"color: #e20026; line-height: 35px;\">Module \/ filtre \u00e0 huile<\/span><\/h3>\n<p>[\/vc_column_text][vc_gallery type=\u00a0\u00bbimage_grid\u00a0\u00bb images=\u00a0\u00bb2278,8389,8380,8398,8407&Prime; el_class=\u00a0\u00bbfoto_margen\u00a0\u00bb][vc_row_inner][vc_column_inner width=\u00a0\u00bb1\/3&Prime;][vc_column_text el_class=\u00a0\u00bbtitle_lineas\u00a0\u00bb]<\/p>\n<h4><span style=\"color: #e20026;\">Configuration de la solution<\/span><\/h4>\n<p>[\/vc_column_text][vc_column_text el_class=\u00a0\u00bbicon_list\u00a0\u00bb]<\/p>\n<ul>\n<li>Station d&rsquo;assemblage avec op\u00e9ration manuelle int\u00e9gr\u00e9e<\/li>\n<\/ul>\n<p>[\/vc_column_text][\/vc_column_inner][vc_column_inner width=\u00a0\u00bb1\/3&Prime;][vc_column_text el_class=\u00a0\u00bbtitle_lineas\u00a0\u00bb]<\/p>\n<h4><span style=\"color: #e20026;\">Processus<\/span><\/h4>\n<p>[\/vc_column_text][vc_column_text el_class=\u00a0\u00bbicon_list\u00a0\u00bb]<\/p>\n<ul>\n<li>Pressage avec \u00e9chauffement des sockets<\/li>\n<li>Pressage des soupapes<\/li>\n<li>Assemblage de soupape en PVC<\/li>\n<li>Tournevis<\/li>\n<li>Test de fuite<\/li>\n<li>Marquage<\/li>\n<\/ul>\n<p>[\/vc_column_text][\/vc_column_inner][vc_column_inner width=\u00a0\u00bb1\/3&Prime;][vc_column_text el_class=\u00a0\u00bbtitle_lineas\u00a0\u00bb]<\/p>\n<h4><span style=\"color: #e20026;\">Donn\u00e9es techniques<\/span><\/h4>\n<p>[\/vc_column_text][vc_column_text el_class=\u00a0\u00bbicon_list\u00a0\u00bb]<\/p>\n<ul>\n<li>Temps de cycle : 40 s<\/li>\n<li>Changement de mod\u00e8le simple et rapide<\/li>\n<li>Entretien facile<\/li>\n<li>Traitement des donn\u00e9es<\/li>\n<li>Connectivit\u00e9 \u00e0 distance<\/li>\n<\/ul>\n<p>[\/vc_column_text][\/vc_column_inner][\/vc_row_inner][\/vc_column][\/vc_row]<\/p>\n<\/div>","protected":false},"excerpt":{"rendered":"<p>[vc_row][vc_column][vc_column_text el_class=\u00a0\u00bbtitle_lineas\u00a0\u00bb] Produits [\/vc_column_text][vc_row_inner][vc_column_inner width=\u00a0\u00bb1\/2&Prime;][vc_column_text el_class=\u00a0\u00bbicon_list\u00a0\u00bb] EGR (recirculation des gaz \u00e0 l&rsquo;\u00e9chappement) Syst\u00e8mes d&rsquo;injection Injecteurs de carburant Common rail Filtre \u00e0 carburant ECU (Unit\u00e9 de contr\u00f4le-commande \u00e9lectronique) Syst\u00e8me d&rsquo;allumage Actuateurs d&rsquo;\u00e9chappement d&rsquo;air Par vide \u00c9lectrique Vanne de recirculation Pompe \u00e0 vide Module d&rsquo;huile Filtre \u00e0 huile Filtre catalytique [\/vc_column_text][\/vc_column_inner][vc_column_inner width=\u00a0\u00bb1\/2&Prime;][vc_column_text el_class=\u00a0\u00bbicon_list\u00a0\u00bb] Jantes Modules de puissance [&hellip;]<\/p>\n","protected":false},"author":4,"featured_media":0,"parent":1500,"menu_order":0,"comment_status":"closed","ping_status":"closed","template":"sectors.php","meta":{"_lmt_disableupdate":"","_lmt_disable":"","footnotes":""},"yst_prominent_words":[],"class_list":["post-3405","page","type-page","status-publish","hentry"],"acf":[],"_links":{"self":[{"href":"https:\/\/www.mondragon-assembly.com\/fr\/wp-json\/wp\/v2\/pages\/3405","targetHints":{"allow":["GET"]}}],"collection":[{"href":"https:\/\/www.mondragon-assembly.com\/fr\/wp-json\/wp\/v2\/pages"}],"about":[{"href":"https:\/\/www.mondragon-assembly.com\/fr\/wp-json\/wp\/v2\/types\/page"}],"author":[{"embeddable":true,"href":"https:\/\/www.mondragon-assembly.com\/fr\/wp-json\/wp\/v2\/users\/4"}],"replies":[{"embeddable":true,"href":"https:\/\/www.mondragon-assembly.com\/fr\/wp-json\/wp\/v2\/comments?post=3405"}],"version-history":[{"count":4,"href":"https:\/\/www.mondragon-assembly.com\/fr\/wp-json\/wp\/v2\/pages\/3405\/revisions"}],"predecessor-version":[{"id":8425,"href":"https:\/\/www.mondragon-assembly.com\/fr\/wp-json\/wp\/v2\/pages\/3405\/revisions\/8425"}],"up":[{"embeddable":true,"href":"https:\/\/www.mondragon-assembly.com\/fr\/wp-json\/wp\/v2\/pages\/1500"}],"wp:attachment":[{"href":"https:\/\/www.mondragon-assembly.com\/fr\/wp-json\/wp\/v2\/media?parent=3405"}],"wp:term":[{"taxonomy":"yst_prominent_words","embeddable":true,"href":"https:\/\/www.mondragon-assembly.com\/fr\/wp-json\/wp\/v2\/yst_prominent_words?post=3405"}],"curies":[{"name":"wp","href":"https:\/\/api.w.org\/{rel}","templated":true}]}}