{"id":3407,"date":"2016-04-15T08:59:57","date_gmt":"2016-04-15T06:59:57","guid":{"rendered":"https:\/\/www.mondragon-assembly.com\/fr\/?page_id=3407"},"modified":"2016-06-14T10:48:51","modified_gmt":"2016-06-14T08:48:51","slug":"sisteme-de-chauffage","status":"publish","type":"page","link":"https:\/\/www.mondragon-assembly.com\/fr\/automobile\/applications\/sisteme-de-chauffage\/","title":{"rendered":"Syst\u00e8me et non sisteme"},"content":{"rendered":"<div class=\"wpb-content-wrapper\"><p>[vc_row][vc_column][vc_column_text el_class=\u00a0\u00bbtitle_lineas\u00a0\u00bb]<\/p>\n<h4><span style=\"color: #e20026;\">Produits<\/span><\/h4>\n<p>[\/vc_column_text][vc_row_inner][vc_column_inner width=\u00a0\u00bb1\/2&Prime;][vc_column_text el_class=\u00a0\u00bbicon_list\u00a0\u00bb]<\/p>\n<ul>\n<li>Climatisation<\/li>\n<li>Module de contr\u00f4le-commande de la climatisation<\/li>\n<li>Filtre \u00e0 air<\/li>\n<li>Radiateur<\/li>\n<li>Thermostats<\/li>\n<li>Conduits de chauffage<\/li>\n<li>\u00c9changeurs de chaleur<\/li>\n<\/ul>\n<p>[\/vc_column_text][\/vc_column_inner][\/vc_row_inner][\/vc_column][\/vc_row][vc_row][vc_column][vc_column_text css=\u00a0\u00bb.vc_custom_1463402197929{padding-bottom: 3px !important;padding-left: 15px !important;background-color: #e8e8e8 !important;}\u00a0\u00bb]<\/p>\n<h3><span style=\"color: #e20026; line-height: 35px;\">Climatisation<\/span><\/h3>\n<p>[\/vc_column_text][vc_row_inner][vc_column_inner][vc_gallery type=\u00a0\u00bbimage_grid\u00a0\u00bb images=\u00a0\u00bb2426,2424,2425,2427&Prime; el_class=\u00a0\u00bbfoto_margen\u00a0\u00bb][\/vc_column_inner][\/vc_row_inner][vc_row_inner][vc_column_inner width=\u00a0\u00bb1\/3&Prime;][vc_column_text el_class=\u00a0\u00bbtitle_lineas\u00a0\u00bb]<\/p>\n<h4><span style=\"color: #e20026;\">Configuration de la solution<\/span><\/h4>\n<p>[\/vc_column_text][vc_column_text el_class=\u00a0\u00bbicon_list\u00a0\u00bb]<\/p>\n<ul>\n<li>Manipulation de pi\u00e8ces avec chariot manuel<\/li>\n<li>S\u00e9quence command\u00e9e par ordre de production<\/li>\n<li>Guidage lumineux pour op\u00e9rations manuelles, avec traitement des erreurs<\/li>\n<li>7 op\u00e9rations d&rsquo;assemblage<\/li>\n<li>1 Test de final de ligne<\/li>\n<li>Tra\u00e7abilit\u00e9 totale<\/li>\n<\/ul>\n<p>[\/vc_column_text][\/vc_column_inner][vc_column_inner width=\u00a0\u00bb1\/3&Prime;][vc_column_text el_class=\u00a0\u00bbtitle_lineas\u00a0\u00bb]<\/p>\n<h4><span style=\"color: #e20026;\">Processus<\/span><\/h4>\n<p>[\/vc_column_text][vc_column_text el_class=\u00a0\u00bbicon_list\u00a0\u00bb]<\/p>\n<ul>\n<li>L&rsquo;op\u00e9rateur commence la s\u00e9quence avec sa carte de travail<\/li>\n<li>Contr\u00f4le complet de la s\u00e9quence d&rsquo;assemblage<\/li>\n<li>Une lumi\u00e8re indique chaque fois que l&rsquo;op\u00e9rateur doit saisir une pi\u00e8ce<\/li>\n<li>Dosage de graisse<\/li>\n<li>Test de fuite<\/li>\n<li>Test de fin de ligne, test fonctionnel de produit<\/li>\n<\/ul>\n<p>[\/vc_column_text][\/vc_column_inner][vc_column_inner width=\u00a0\u00bb1\/3&Prime;][vc_column_text el_class=\u00a0\u00bbtitle_lineas\u00a0\u00bb]<\/p>\n<h4><span style=\"color: #e20026;\">Donn\u00e9es techniques<\/span><\/h4>\n<p>[\/vc_column_text][vc_column_text el_class=\u00a0\u00bbicon_list\u00a0\u00bb]<\/p>\n<ul>\n<li>Temps de cycle : 90s<\/li>\n<li>TESTEUR\n<ul>\n<li>Programmation LIN des moteurs \u00e0 pas<\/li>\n<li>Mesure d&rsquo;intensit\u00e9 \/ tension<\/li>\n<li>Test du moteur<\/li>\n<li>Test de bruit et vibration<\/li>\n<li>Jauge de contr\u00f4le<\/li>\n<li>D\u00e9tection de pr\u00e9sence de pi\u00e8ces<\/li>\n<li>Exportation de donn\u00e9es (Excel, etc\u2026)<\/li>\n<\/ul>\n<\/li>\n<\/ul>\n<p>[\/vc_column_text][\/vc_column_inner][\/vc_row_inner][\/vc_column][\/vc_row][vc_row][vc_column][vc_column_text css=\u00a0\u00bb.vc_custom_1463402281692{padding-bottom: 3px !important;padding-left: 15px !important;background-color: #e8e8e8 !important;}\u00a0\u00bb]<\/p>\n<h3><span style=\"color: #e20026; line-height: 35px;\">Filtre \u00e0 air<\/span><\/h3>\n<p>[\/vc_column_text][vc_gallery type=\u00a0\u00bbimage_grid\u00a0\u00bb images=\u00a0\u00bb2433,2434&Prime; img_size=\u00a0\u00bb\u00a0\u00bb el_class=\u00a0\u00bbfoto_margen\u00a0\u00bb][vc_row_inner][vc_column_inner width=\u00a0\u00bb1\/3&Prime;][vc_column_text el_class=\u00a0\u00bbtitle_lineas\u00a0\u00bb]<\/p>\n<h4><span style=\"color: #e20026;\">Configuration de la solution<\/span><\/h4>\n<p>[\/vc_column_text][vc_column_text el_class=\u00a0\u00bbicon_list\u00a0\u00bb]<\/p>\n<ul>\n<li>Cellule robotis\u00e9e avec station manuelle de travail<\/li>\n<li>Outillages interchangeables pour diff\u00e9rents mod\u00e8les de produit<\/li>\n<\/ul>\n<p>[\/vc_column_text][\/vc_column_inner][vc_column_inner width=\u00a0\u00bb1\/3&Prime;][vc_column_text el_class=\u00a0\u00bbtitle_lineas\u00a0\u00bb]<\/p>\n<h4><span style=\"color: #e20026;\">Processus<\/span><\/h4>\n<p>[\/vc_column_text][vc_column_text el_class=\u00a0\u00bbicon_list\u00a0\u00bb]<\/p>\n<ul>\n<li>Assemblage rondelle d&rsquo;arr\u00eat<\/li>\n<li>Assemblage connecteur<\/li>\n<li>Assemblage capteur de temp\u00e9rature<\/li>\n<li>Vissage de couvercle<\/li>\n<li>Assemblage de clip<\/li>\n<li>Test de fuite<\/li>\n<li>Marquage<\/li>\n<\/ul>\n<p>[\/vc_column_text][\/vc_column_inner][vc_column_inner width=\u00a0\u00bb1\/3&Prime;][vc_column_text el_class=\u00a0\u00bbtitle_lineas\u00a0\u00bb]<\/p>\n<h4><span style=\"color: #e20026;\">Donn\u00e9es techniques<\/span><\/h4>\n<p>[\/vc_column_text][vc_column_text el_class=\u00a0\u00bbicon_list\u00a0\u00bb]<\/p>\n<ul>\n<li>Temps de cycle : 50s<\/li>\n<li>Changement de mod\u00e8le simple et rapide<\/li>\n<li>Entretien facile<\/li>\n<\/ul>\n<p>[\/vc_column_text][\/vc_column_inner][\/vc_row_inner][\/vc_column][\/vc_row][vc_row][vc_column][vc_column_text css=\u00a0\u00bb.vc_custom_1463402314339{padding-bottom: 3px !important;padding-left: 15px !important;background-color: #e8e8e8 !important;}\u00a0\u00bb]<\/p>\n<h3><span style=\"color: #e20026; line-height: 35px;\">Radiateur<\/span><\/h3>\n<p>[\/vc_column_text][vc_gallery type=\u00a0\u00bbimage_grid\u00a0\u00bb images=\u00a0\u00bb2436,2437&Prime; img_size=\u00a0\u00bb\u00a0\u00bb el_class=\u00a0\u00bbfoto_margen\u00a0\u00bb][vc_row_inner][vc_column_inner width=\u00a0\u00bb1\/3&Prime;][vc_column_text el_class=\u00a0\u00bbtitle_lineas\u00a0\u00bb]<\/p>\n<h4><span style=\"color: #e20026;\">Configuration de la solution<\/span><\/h4>\n<p>[\/vc_column_text][vc_column_text el_class=\u00a0\u00bbicon_list\u00a0\u00bb]<\/p>\n<ul>\n<li>2 stations d&rsquo;assemblage<\/li>\n<li>2 tests de fin de ligne<\/li>\n<\/ul>\n<p>[\/vc_column_text][\/vc_column_inner][vc_column_inner width=\u00a0\u00bb1\/3&Prime;][vc_column_text el_class=\u00a0\u00bbtitle_lineas\u00a0\u00bb]<\/p>\n<h4><span style=\"color: #e20026;\">Processus<\/span><\/h4>\n<p>[\/vc_column_text][vc_column_text el_class=\u00a0\u00bbicon_list\u00a0\u00bb]<\/p>\n<ul>\n<li>Transport de pi\u00e8ces<\/li>\n<li>Clipsage<\/li>\n<li>Vissage<\/li>\n<li>Test m\u00e9canique<\/li>\n<li>Test de fuite<\/li>\n<\/ul>\n<p>[\/vc_column_text][\/vc_column_inner][vc_column_inner width=\u00a0\u00bb1\/3&Prime;][vc_column_text el_class=\u00a0\u00bbtitle_lineas\u00a0\u00bb]<\/p>\n<h4><span style=\"color: #e20026;\">Donn\u00e9es techniques<\/span><\/h4>\n<p>[\/vc_column_text][vc_column_text el_class=\u00a0\u00bbicon_list\u00a0\u00bb]<\/p>\n<ul>\n<li>Temps de cycle : 20s<\/li>\n<li>Changement de mod\u00e8le simple et rapide<\/li>\n<li>Entretien facile<\/li>\n<\/ul>\n<p>[\/vc_column_text][\/vc_column_inner][\/vc_row_inner][\/vc_column][\/vc_row]<\/p>\n<\/div>","protected":false},"excerpt":{"rendered":"<p>[vc_row][vc_column][vc_column_text el_class=\u00a0\u00bbtitle_lineas\u00a0\u00bb] Produits [\/vc_column_text][vc_row_inner][vc_column_inner width=\u00a0\u00bb1\/2&Prime;][vc_column_text el_class=\u00a0\u00bbicon_list\u00a0\u00bb] Climatisation Module de contr\u00f4le-commande de la climatisation Filtre \u00e0 air Radiateur Thermostats Conduits de chauffage \u00c9changeurs de chaleur [\/vc_column_text][\/vc_column_inner][\/vc_row_inner][\/vc_column][\/vc_row][vc_row][vc_column][vc_column_text css=\u00a0\u00bb.vc_custom_1463402197929{padding-bottom: 3px !important;padding-left: 15px !important;background-color: #e8e8e8 !important;}\u00a0\u00bb] Climatisation [\/vc_column_text][vc_row_inner][vc_column_inner][vc_gallery type=\u00a0\u00bbimage_grid\u00a0\u00bb images=\u00a0\u00bb2426,2424,2425,2427&Prime; el_class=\u00a0\u00bbfoto_margen\u00a0\u00bb][\/vc_column_inner][\/vc_row_inner][vc_row_inner][vc_column_inner width=\u00a0\u00bb1\/3&Prime;][vc_column_text el_class=\u00a0\u00bbtitle_lineas\u00a0\u00bb] Configuration de la solution [\/vc_column_text][vc_column_text el_class=\u00a0\u00bbicon_list\u00a0\u00bb] Manipulation de pi\u00e8ces avec chariot manuel S\u00e9quence command\u00e9e par ordre [&hellip;]<\/p>\n","protected":false},"author":4,"featured_media":0,"parent":1500,"menu_order":0,"comment_status":"closed","ping_status":"closed","template":"sectors.php","meta":{"_lmt_disableupdate":"","_lmt_disable":"","footnotes":""},"yst_prominent_words":[],"class_list":["post-3407","page","type-page","status-publish","hentry"],"acf":[],"_links":{"self":[{"href":"https:\/\/www.mondragon-assembly.com\/fr\/wp-json\/wp\/v2\/pages\/3407","targetHints":{"allow":["GET"]}}],"collection":[{"href":"https:\/\/www.mondragon-assembly.com\/fr\/wp-json\/wp\/v2\/pages"}],"about":[{"href":"https:\/\/www.mondragon-assembly.com\/fr\/wp-json\/wp\/v2\/types\/page"}],"author":[{"embeddable":true,"href":"https:\/\/www.mondragon-assembly.com\/fr\/wp-json\/wp\/v2\/users\/4"}],"replies":[{"embeddable":true,"href":"https:\/\/www.mondragon-assembly.com\/fr\/wp-json\/wp\/v2\/comments?post=3407"}],"version-history":[{"count":2,"href":"https:\/\/www.mondragon-assembly.com\/fr\/wp-json\/wp\/v2\/pages\/3407\/revisions"}],"predecessor-version":[{"id":12388,"href":"https:\/\/www.mondragon-assembly.com\/fr\/wp-json\/wp\/v2\/pages\/3407\/revisions\/12388"}],"up":[{"embeddable":true,"href":"https:\/\/www.mondragon-assembly.com\/fr\/wp-json\/wp\/v2\/pages\/1500"}],"wp:attachment":[{"href":"https:\/\/www.mondragon-assembly.com\/fr\/wp-json\/wp\/v2\/media?parent=3407"}],"wp:term":[{"taxonomy":"yst_prominent_words","embeddable":true,"href":"https:\/\/www.mondragon-assembly.com\/fr\/wp-json\/wp\/v2\/yst_prominent_words?post=3407"}],"curies":[{"name":"wp","href":"https:\/\/api.w.org\/{rel}","templated":true}]}}