{"id":3434,"date":"2016-04-20T11:14:51","date_gmt":"2016-04-20T09:14:51","guid":{"rendered":"https:\/\/www.mondragon-assembly.com\/fr\/?page_id=3434"},"modified":"2016-06-22T11:46:58","modified_gmt":"2016-06-22T09:46:58","slug":"soluciones-de-automatizacion","status":"publish","type":"page","link":"https:\/\/www.mondragon-assembly.com\/fr\/cosmetique\/soluciones-de-automatizacion\/","title":{"rendered":"Solutions d&rsquo;automatisation"},"content":{"rendered":"<div class=\"wpb-content-wrapper\"><p>[vc_row][vc_column][vc_column_text css=\u00a0\u00bb.vc_custom_1463397386480{padding-bottom: 3px !important;padding-left: 15px !important;background-color: #e8e8e8 !important;}\u00a0\u00bb]<\/p>\n<h3><span style=\"color: #e20026; line-height: 35px;\">Ligne d&rsquo;assemblage automatique<\/span><\/h3>\n<p>[\/vc_column_text][\/vc_column][\/vc_row][vc_row][vc_column width=\u00a0\u00bb1\/2&Prime;][vc_column_text]Ligne d&rsquo;assemblage automatique cl\u00e9 en main pour l&rsquo;assemblage et le contr\u00f4le d&rsquo;une grande diversit\u00e9 de produits. Nos solutions vont de l&rsquo;alimentation en pi\u00e8ces individuelles jusqu&rsquo;\u00e0 l&#8217;emballage du produit fini, avec tous les contr\u00f4les de qualit\u00e9 requis. La production peut \u00eatre supervis\u00e9e en continu et les donn\u00e9es sont enregistr\u00e9es dans des syst\u00e8mes MES (syst\u00e8mes de contr\u00f4le de la production).<\/p>\n<p>Mondragon Assembly garantit la meilleure solution en termes de co\u00fbt, performance et service au client.[\/vc_column_text][\/vc_column][vc_column width=\u00a0\u00bb1\/2&Prime;][vc_gallery type=\u00a0\u00bbimage_grid\u00a0\u00bb images=\u00a0\u00bb5709,12541&Prime; el_class=\u00a0\u00bbfoto_margen\u00a0\u00bb][\/vc_column][\/vc_row][vc_row][vc_column][vc_column_text css=\u00a0\u00bb.vc_custom_1463397595382{padding-bottom: 3px !important;padding-left: 15px !important;background-color: #e8e8e8 !important;}\u00a0\u00bb]<\/p>\n<h3><span style=\"color: #e20026; line-height: 35px;\">Modules lin\u00e9aires<\/span><\/h3>\n<p>[\/vc_column_text][\/vc_column][\/vc_row][vc_row][vc_column][vc_gallery type=\u00a0\u00bbimage_grid\u00a0\u00bb images=\u00a0\u00bb8180,8171,8162,8144&Prime;][vc_column_text]Modules lin\u00e9aires compl\u00e8tement automatiques avec le transfert rapide de Mondragon int\u00e9gr\u00e9. Nos modules lin\u00e9aires sont \u00e9quip\u00e9s des technologies les plus avanc\u00e9es en alimentation, manipulation, production et contr\u00f4le.<\/p>\n<p>Mondragon Assembly garantit la meilleure solution en termes de co\u00fbt, performance et service au client.[\/vc_column_text][\/vc_column][\/vc_row][vc_row][vc_column][vc_column_text css=\u00a0\u00bb.vc_custom_1463397616070{padding-bottom: 3px !important;padding-left: 15px !important;background-color: #e8e8e8 !important;}\u00a0\u00bb]<\/p>\n<h3><span style=\"color: #e20026; line-height: 35px;\">Modules rotatifs<\/span><\/h3>\n<p>[\/vc_column_text][\/vc_column][\/vc_row][vc_row][vc_column][vc_gallery type=\u00a0\u00bbimage_grid\u00a0\u00bb images=\u00a0\u00bb8217,8208,8199,8190&Prime;][vc_column_text]Modules rotatifs compl\u00e8tement automatiques, avec plateaux index\u00e9s ou continus. Nos modules rotatifs sont \u00e9quip\u00e9s des technologies les plus avanc\u00e9es en alimentation, manipulation, production et contr\u00f4le.<\/p>\n<p>Mondragon Assembly garantit la meilleure solution en termes de co\u00fbt, performance et service au client.[\/vc_column_text][\/vc_column][\/vc_row][vc_row][vc_column][vc_column_text css=\u00a0\u00bb.vc_custom_1463397637235{padding-bottom: 3px !important;padding-left: 15px !important;background-color: #e8e8e8 !important;}\u00a0\u00bb]<\/p>\n<h3><span style=\"color: #e20026; line-height: 35px;\">Cellules robotis\u00e9es<\/span><\/h3>\n<p>[\/vc_column_text][\/vc_column][\/vc_row][vc_row][vc_column][vc_gallery type=\u00a0\u00bbimage_grid\u00a0\u00bb images=\u00a0\u00bb2214,2215,2216,2217,2218&Prime; img_size=\u00a0\u00bb\u00a0\u00bb el_class=\u00a0\u00bbfoto_margen\u00a0\u00bb][vc_column_text]Solutions hautement flexibles, int\u00e9gr\u00e9es et compl\u00e8tes pour des t\u00e2ches telles que l&rsquo;alimentation, la manipulation, la palettisation, la fabrication de pr\u00e9cision, etc\u2026<\/p>\n<p>Mondragon Assembly garantit la meilleure solution en termes de co\u00fbt, performance et service au client.[\/vc_column_text][\/vc_column][\/vc_row][vc_row][vc_column][vc_column_text css=\u00a0\u00bb.vc_custom_1463397661847{padding-bottom: 3px !important;padding-left: 15px !important;background-color: #e8e8e8 !important;}\u00a0\u00bb]<\/p>\n<h3><span style=\"color: #e20026; line-height: 35px;\">Sist\u00e8mes de production lean<\/span><\/h3>\n<p>[\/vc_column_text][\/vc_column][\/vc_row][vc_row][vc_column][vc_gallery type=\u00a0\u00bbimage_grid\u00a0\u00bb images=\u00a0\u00bb2219,2220,2221,8278&Prime; img_size=\u00a0\u00bb\u00a0\u00bb el_class=\u00a0\u00bbfoto_margen\u00a0\u00bb][vc_column_text]Lignes d&rsquo;assemblage avec stations de travail semi-automatiques pour la fabrication en s\u00e9rie de pi\u00e8ces.<\/p>\n<p>Mondragon Assembly garantit la meilleure solution en termes de co\u00fbt, performance et service au client.[\/vc_column_text][\/vc_column][\/vc_row]<\/p>\n<\/div>","protected":false},"excerpt":{"rendered":"<p>[vc_row][vc_column][vc_column_text css=\u00a0\u00bb.vc_custom_1463397386480{padding-bottom: 3px !important;padding-left: 15px !important;background-color: #e8e8e8 !important;}\u00a0\u00bb] Ligne d&rsquo;assemblage automatique [\/vc_column_text][\/vc_column][\/vc_row][vc_row][vc_column width=\u00a0\u00bb1\/2&Prime;][vc_column_text]Ligne d&rsquo;assemblage automatique cl\u00e9 en main pour l&rsquo;assemblage et le contr\u00f4le d&rsquo;une grande diversit\u00e9 de produits. Nos solutions vont de l&rsquo;alimentation en pi\u00e8ces individuelles jusqu&rsquo;\u00e0 l&#8217;emballage du produit fini, avec tous les contr\u00f4les de qualit\u00e9 requis. La production peut \u00eatre supervis\u00e9e en continu [&hellip;]<\/p>\n","protected":false},"author":4,"featured_media":0,"parent":3282,"menu_order":0,"comment_status":"closed","ping_status":"closed","template":"sectors.php","meta":{"_lmt_disableupdate":"","_lmt_disable":"","footnotes":""},"yst_prominent_words":[],"class_list":["post-3434","page","type-page","status-publish","hentry"],"acf":[],"_links":{"self":[{"href":"https:\/\/www.mondragon-assembly.com\/fr\/wp-json\/wp\/v2\/pages\/3434","targetHints":{"allow":["GET"]}}],"collection":[{"href":"https:\/\/www.mondragon-assembly.com\/fr\/wp-json\/wp\/v2\/pages"}],"about":[{"href":"https:\/\/www.mondragon-assembly.com\/fr\/wp-json\/wp\/v2\/types\/page"}],"author":[{"embeddable":true,"href":"https:\/\/www.mondragon-assembly.com\/fr\/wp-json\/wp\/v2\/users\/4"}],"replies":[{"embeddable":true,"href":"https:\/\/www.mondragon-assembly.com\/fr\/wp-json\/wp\/v2\/comments?post=3434"}],"version-history":[{"count":5,"href":"https:\/\/www.mondragon-assembly.com\/fr\/wp-json\/wp\/v2\/pages\/3434\/revisions"}],"predecessor-version":[{"id":12574,"href":"https:\/\/www.mondragon-assembly.com\/fr\/wp-json\/wp\/v2\/pages\/3434\/revisions\/12574"}],"up":[{"embeddable":true,"href":"https:\/\/www.mondragon-assembly.com\/fr\/wp-json\/wp\/v2\/pages\/3282"}],"wp:attachment":[{"href":"https:\/\/www.mondragon-assembly.com\/fr\/wp-json\/wp\/v2\/media?parent=3434"}],"wp:term":[{"taxonomy":"yst_prominent_words","embeddable":true,"href":"https:\/\/www.mondragon-assembly.com\/fr\/wp-json\/wp\/v2\/yst_prominent_words?post=3434"}],"curies":[{"name":"wp","href":"https:\/\/api.w.org\/{rel}","templated":true}]}}