{"id":3443,"date":"2016-04-20T11:15:41","date_gmt":"2016-04-20T09:15:41","guid":{"rendered":"https:\/\/www.mondragon-assembly.com\/fr\/?page_id=3443"},"modified":"2016-06-14T10:55:35","modified_gmt":"2016-06-14T08:55:35","slug":"service-client","status":"publish","type":"page","link":"https:\/\/www.mondragon-assembly.com\/fr\/cosmetique\/productosservicios\/service-client\/","title":{"rendered":"Service client"},"content":{"rendered":"<div class=\"wpb-content-wrapper\"><p>[vc_row][vc_column][vc_gallery type=\u00a0\u00bbflexslider_slide\u00a0\u00bb interval=\u00a0\u00bb3&Prime; images=\u00a0\u00bb11592,11601&Prime; img_size=\u00a0\u00bbfull\u00a0\u00bb][\/vc_column][\/vc_row][vc_row][vc_column][vc_column_text]<\/p>\n<p>Mondragon Assembly poss\u00e8de un vaste r\u00e9seau de collaborateurs \u00e0 l&rsquo;\u00e9chelle mondiale qui permet d&rsquo;assurer un service rapide et efficace. Au cours de ces derni\u00e8res ann\u00e9es, nous avons consid\u00e9rablement renforc\u00e9 le service client pour offrir les meilleures prestations \u00e0 nos clients, r\u00e9duire le temps d&rsquo;inactivit\u00e9 et garantir \u00e0 tout moment la s\u00e9curit\u00e9 et le bon fonctionnement de nos \u00e9quipements et de nos lignes.<\/p>\n<p>[\/vc_column_text][vc_column_text el_class=\u00a0\u00bbicon_list\u00a0\u00bb]<\/p>\n<ul>\n<li>Plus de 50 techniciens dans le monde entier<\/li>\n<\/ul>\n<p>Notre assistance technique couvre les domaines suivants :<\/p>\n<ul>\n<li>T\u00e9l\u00e9diagnostic. Connexion \u00e0 distance via Internet et diagnostic et r\u00e9solution de la plupart des incidents.<\/li>\n<li>Programmes de maintenance pr\u00e9ventive. Visite de personnel qualifi\u00e9 pour r\u00e9gler les machines et donner des conseils.<\/li>\n<li>Fourniture de pi\u00e8ces de rechange m\u00e9caniques, \u00e9lectriques et autres. Fourniture de consommables et de mati\u00e8res premi\u00e8res en cas de besoin.<\/li>\n<li>Maintenance d&rsquo;urgence.<\/li>\n<li>Services de v\u00e9rification de l&rsquo;\u00e9tat des installations.<\/li>\n<li>Support et assistance lors de la mise en route des lignes.<\/li>\n<li>Inspections de s\u00e9curit\u00e9 et analyse des risques.<\/li>\n<li>Modernisation des installations pour revitaliser et accro\u00eetre la productivit\u00e9 de vieilles machines.<\/li>\n<li>R\u00e9ing\u00e9nierie des lignes existantes pour am\u00e9liorer leur rendement.<\/li>\n<li>Simplification de l&rsquo;utilisation et de l&rsquo;entretien d&rsquo;anciens \u00e9quipements par l&rsquo;ajout de nouvelles commandes.<\/li>\n<li>Optimisation des \u00e9quipements et des processus.<\/li>\n<li>Certification CE d&rsquo;anciennes machines par le biais de leur modernisation et leur adaptation aux normes.<\/li>\n<li>Programmes de formation.<\/li>\n<\/ul>\n<p>[\/vc_column_text][\/vc_column][\/vc_row]<\/p>\n<\/div>","protected":false},"excerpt":{"rendered":"<p>[vc_row][vc_column][vc_gallery type=\u00a0\u00bbflexslider_slide\u00a0\u00bb interval=\u00a0\u00bb3&Prime; images=\u00a0\u00bb11592,11601&Prime; img_size=\u00a0\u00bbfull\u00a0\u00bb][\/vc_column][\/vc_row][vc_row][vc_column][vc_column_text] Mondragon Assembly poss\u00e8de un vaste r\u00e9seau de collaborateurs \u00e0 l&rsquo;\u00e9chelle mondiale qui permet d&rsquo;assurer un service rapide et efficace. Au cours de ces derni\u00e8res ann\u00e9es, nous avons consid\u00e9rablement renforc\u00e9 le service client pour offrir les meilleures prestations \u00e0 nos clients, r\u00e9duire le temps d&rsquo;inactivit\u00e9 et garantir \u00e0 tout moment la [&hellip;]<\/p>\n","protected":false},"author":4,"featured_media":0,"parent":3425,"menu_order":0,"comment_status":"closed","ping_status":"closed","template":"sectors.php","meta":{"_lmt_disableupdate":"","_lmt_disable":"","footnotes":""},"yst_prominent_words":[],"class_list":["post-3443","page","type-page","status-publish","hentry"],"acf":[],"_links":{"self":[{"href":"https:\/\/www.mondragon-assembly.com\/fr\/wp-json\/wp\/v2\/pages\/3443","targetHints":{"allow":["GET"]}}],"collection":[{"href":"https:\/\/www.mondragon-assembly.com\/fr\/wp-json\/wp\/v2\/pages"}],"about":[{"href":"https:\/\/www.mondragon-assembly.com\/fr\/wp-json\/wp\/v2\/types\/page"}],"author":[{"embeddable":true,"href":"https:\/\/www.mondragon-assembly.com\/fr\/wp-json\/wp\/v2\/users\/4"}],"replies":[{"embeddable":true,"href":"https:\/\/www.mondragon-assembly.com\/fr\/wp-json\/wp\/v2\/comments?post=3443"}],"version-history":[{"count":5,"href":"https:\/\/www.mondragon-assembly.com\/fr\/wp-json\/wp\/v2\/pages\/3443\/revisions"}],"predecessor-version":[{"id":12390,"href":"https:\/\/www.mondragon-assembly.com\/fr\/wp-json\/wp\/v2\/pages\/3443\/revisions\/12390"}],"up":[{"embeddable":true,"href":"https:\/\/www.mondragon-assembly.com\/fr\/wp-json\/wp\/v2\/pages\/3425"}],"wp:attachment":[{"href":"https:\/\/www.mondragon-assembly.com\/fr\/wp-json\/wp\/v2\/media?parent=3443"}],"wp:term":[{"taxonomy":"yst_prominent_words","embeddable":true,"href":"https:\/\/www.mondragon-assembly.com\/fr\/wp-json\/wp\/v2\/yst_prominent_words?post=3443"}],"curies":[{"name":"wp","href":"https:\/\/api.w.org\/{rel}","templated":true}]}}