{"id":3453,"date":"2016-04-20T10:56:15","date_gmt":"2016-04-20T08:56:15","guid":{"rendered":"https:\/\/www.mondragon-assembly.com\/fr\/?page_id=3453"},"modified":"2017-04-07T12:55:53","modified_gmt":"2017-04-07T10:55:53","slug":"tecnologias","status":"publish","type":"page","link":"https:\/\/www.mondragon-assembly.com\/fr\/composants-electromenagers\/productosservicios\/tecnologias\/","title":{"rendered":"Technologies"},"content":{"rendered":"<div class=\"wpb-content-wrapper\"><p>[vc_row][vc_column][vc_gallery type=\u00a0\u00bbflexslider_slide\u00a0\u00bb interval=\u00a0\u00bb3&Prime; images=\u00a0\u00bb10865,10856,10847&Prime; img_size=\u00a0\u00bbfull\u00a0\u00bb][vc_column_text]Pionnier dans le d\u00e9veloppement de nouvelles applications d&rsquo;automatisation, Mondragon Assembly int\u00e8gre dans ses solutions les technologies les plus avanc\u00e9es du march\u00e9.<\/p>\n<p>Nos \u00e9quipes d&rsquo;ing\u00e9nieurs hautement qualifi\u00e9es b\u00e9n\u00e9ficient d&rsquo;une longue exp\u00e9rience dans les produits, les proc\u00e9d\u00e9s et les technologies. Nous proposons les solutions automatis\u00e9es qui s&rsquo;adaptent le mieux aux besoins de nos clients.<\/p>\n<p>Parmi les technologies appliqu\u00e9es dans ses produits par Mondragon Assembly, nous pouvons citer les derni\u00e8res g\u00e9n\u00e9rations de robots, les syst\u00e8mes de vision artificielle, les moteurs lin\u00e9aires avanc\u00e9s, les syst\u00e8mes de transfert magn\u00e9tiques, les syst\u00e8mes de technologies de soudage et les robots collaboratifs[\/vc_column_text][vc_separator color=\u00a0\u00bbblack\u00a0\u00bb][\/vc_column][\/vc_row][vc_row][vc_column][vc_tta_accordion style=\u00a0\u00bbflat\u00a0\u00bb color=\u00a0\u00bbwhite\u00a0\u00bb c_position=\u00a0\u00bbright\u00a0\u00bb active_section=\u00a0\u00bb0&Prime; collapsible_all=\u00a0\u00bbtrue\u00a0\u00bb][vc_tta_section title=\u00a0\u00bbAlimentation\u00a0\u00bb tab_id=\u00a0\u00bb1461053881569-94715fc9-4ef7&Prime;][vc_column_text css_animation=\u00a0\u00bbtop-to-bottom\u00a0\u00bb el_class=\u00a0\u00bbicon_list\u00a0\u00bb]<\/p>\n<ul>\n<li>Lignes d&rsquo;alimentation de bols vibrants<\/li>\n<li>Lignes d\u2019alimentation centrifuges<\/li>\n<li>D&rsquo;autres solutions (lignes d&rsquo;alimentation avec mesure de volume)<\/li>\n<\/ul>\n<p>[\/vc_column_text][vc_gallery type=\u00a0\u00bbimage_grid\u00a0\u00bb images=\u00a0\u00bb1879&Prime; img_size=\u00a0\u00bb\u00a0\u00bb el_class=\u00a0\u00bbfoto_margen\u00a0\u00bb][\/vc_tta_section][vc_tta_section title=\u00a0\u00bbSyst\u00e8mes de manipulation\u00a0\u00bb tab_id=\u00a0\u00bb1461053881626-7a57108e-5a37&Prime;][vc_column_text css_animation=\u00a0\u00bbtop-to-bottom\u00a0\u00bb el_class=\u00a0\u00bbicon_list\u00a0\u00bb]<\/p>\n<ul>\n<li>Prise et mise en place pneumatique<\/li>\n<li>Prise et mise en place \u00e9lectrique (servomoteurs)<\/li>\n<li>Prise et mise en place \u00e9lectrique (moteurs lin\u00e9aires)<\/li>\n<\/ul>\n<p>[\/vc_column_text][vc_gallery type=\u00a0\u00bbimage_grid\u00a0\u00bb images=\u00a0\u00bb11903,11894,11885,11876&Prime; img_size=\u00a0\u00bb\u00a0\u00bb el_class=\u00a0\u00bbfoto_margen\u00a0\u00bb][\/vc_tta_section][vc_tta_section title=\u00a0\u00bbRobotique\u00a0\u00bb tab_id=\u00a0\u00bb1461054147928-cf873369-b862&Prime;][vc_column_text css_animation=\u00a0\u00bbtop-to-bottom\u00a0\u00bb el_class=\u00a0\u00bbicon_list\u00a0\u00bb]<\/p>\n<ul>\n<li>SCARA<\/li>\n<li>Robots Delta<\/li>\n<li>Robots cart\u00e9siens<\/li>\n<li>Robots 6-axis + 7<sup>\u00e8me<\/sup> axis<\/li>\n<\/ul>\n<p>[\/vc_column_text][vc_gallery type=\u00a0\u00bbimage_grid\u00a0\u00bb images=\u00a0\u00bb1891,1896,1899&Prime; img_size=\u00a0\u00bb\u00a0\u00bb el_class=\u00a0\u00bbfoto_margen\u00a0\u00bb][\/vc_tta_section][vc_tta_section title=\u00a0\u00bbTechnologies de liaison et de formage\u00a0\u00bb tab_id=\u00a0\u00bb1461661663306-37d24182-9735&Prime;][vc_column_text css_animation=\u00a0\u00bbtop-to-bottom\u00a0\u00bb el_class=\u00a0\u00bbicon_list\u00a0\u00bb]<\/p>\n<ul class=\"inactive\">\n<li class=\"inactive\">Vissage\n<ul>\n<li>Pneumatique<\/li>\n<li>\u00c9lectrique<\/li>\n<\/ul>\n<\/li>\n<li class=\"inactive\">Formage \u00e0 la presse\n<ul>\n<li>Pneumatique<\/li>\n<li>Oleo-pneumatique<\/li>\n<li>Hydraulique<\/li>\n<li>Servo-presse<\/li>\n<\/ul>\n<\/li>\n<li>Rivetage<\/li>\n<li>Ajourage<\/li>\n<li>Gravure<\/li>\n<li>Collage<\/li>\n<li>Nettoyage au plasma<\/li>\n<li>Formage de fil<\/li>\n<li>D\u00e9coupe<\/li>\n<li>Sertissage<\/li>\n<\/ul>\n<p>[\/vc_column_text][vc_gallery type=\u00a0\u00bbimage_grid\u00a0\u00bb images=\u00a0\u00bb1901,1902,1903,1904&Prime; img_size=\u00a0\u00bb\u00a0\u00bb el_class=\u00a0\u00bbfoto_margen\u00a0\u00bb][\/vc_tta_section][vc_tta_section title=\u00a0\u00bbDistribution\u00a0\u00bb tab_id=\u00a0\u00bb1461661696633-02d7a033-545c\u00a0\u00bb][vc_column_text css_animation=\u00a0\u00bbtop-to-bottom\u00a0\u00bb el_class=\u00a0\u00bbicon_list\u00a0\u00bb]<\/p>\n<ul class=\"inactive\">\n<li class=\"inactive\">Technologies\n<ul>\n<li>Volum\u00e9trique<\/li>\n<li>Broche<\/li>\n<li>Temporisateur<\/li>\n<\/ul>\n<\/li>\n<li class=\"inactive\">Mat\u00e9riaux\n<ul>\n<li>Graisse<\/li>\n<li>Huile<\/li>\n<li>Cyanoacrylate<\/li>\n<li>Appr\u00eat<\/li>\n<li>Thermo enduction<\/li>\n<li>Silicone<\/li>\n<li>Flux<\/li>\n<li>Rev\u00eatement conforme<\/li>\n<li>Peinture<\/li>\n<li>\u2026<\/li>\n<\/ul>\n<\/li>\n<\/ul>\n<p>[\/vc_column_text][vc_gallery type=\u00a0\u00bbimage_grid\u00a0\u00bb images=\u00a0\u00bb1939,1940,1941,1942&Prime; img_size=\u00a0\u00bb\u00a0\u00bb el_class=\u00a0\u00bbfoto_margen\u00a0\u00bb][\/vc_tta_section][vc_tta_section title=\u00a0\u00bbMarquage et identification\u00a0\u00bb tab_id=\u00a0\u00bb1461661711789-174b4c5a-704c\u00a0\u00bb][vc_column_text css_animation=\u00a0\u00bbtop-to-bottom\u00a0\u00bb el_class=\u00a0\u00bbicon_list\u00a0\u00bb]<\/p>\n<ul>\n<li>Laser<\/li>\n<li>Injection d&rsquo;encre<\/li>\n<li>Marquage \u00e0 la goupille<\/li>\n<li>Impression et pose de l&rsquo;\u00e9tiquetage<\/li>\n<li>Peinture de point de couleur<\/li>\n<li>Marquage \u00e0 point unique<\/li>\n<li>Estampage \u00e0 chaud<\/li>\n<\/ul>\n<p>[\/vc_column_text][vc_gallery type=\u00a0\u00bbimage_grid\u00a0\u00bb images=\u00a0\u00bb1906&Prime;][\/vc_tta_section][vc_tta_section title=\u00a0\u00bbSyst\u00e8mes de transfert\u00a0\u00bb tab_id=\u00a0\u00bb1461661734077-46f76d34-21bc\u00a0\u00bb][vc_column_text css_animation=\u00a0\u00bbtop-to-bottom\u00a0\u00bb el_class=\u00a0\u00bbicon_list\u00a0\u00bb]<\/p>\n<ul>\n<li>Cellule Lean<\/li>\n<li>Cellule Kart-Loop<\/li>\n<li>Syst\u00e8mes rotatifs (m\u00e9canique, programmation libre, renouvelable: vitesse fixe &#8230;)<\/li>\n<li>Syst\u00e8me lin\u00e9aire (syst\u00e8mes FMS, transfert rigide lin\u00e9aire 12, 18 et 22 postes)<\/li>\n<li>Cellules robotiques<\/li>\n<\/ul>\n<p>[\/vc_column_text][\/vc_tta_section][vc_tta_section title=\u00a0\u00bbSyst\u00e8mes de vision\u00a0\u00bb tab_id=\u00a0\u00bb1461661747961-f7d3080e-0192&Prime;][vc_column_text css_animation=\u00a0\u00bbtop-to-bottom\u00a0\u00bb el_class=\u00a0\u00bbicon_list\u00a0\u00bb]<\/p>\n<ul>\n<li>Cam\u00e9ras \u00e0 haute r\u00e9solution<\/li>\n<li>Camera haute vitesse<\/li>\n<li>Contr\u00f4leurs par vision<\/li>\n<li>Capteurs de vision<\/li>\n<li>\u2026<\/li>\n<\/ul>\n<p>[\/vc_column_text][vc_gallery type=\u00a0\u00bbimage_grid\u00a0\u00bb images=\u00a0\u00bb1943,1944,1945,1946,1947&Prime; img_size=\u00a0\u00bb\u00a0\u00bb el_class=\u00a0\u00bbfoto_margen\u00a0\u00bb][\/vc_tta_section][vc_tta_section title=\u00a0\u00bbMesure et contr\u00f4le\u00a0\u00bb tab_id=\u00a0\u00bb1461661774750-4dfb97a3-5862&Prime;][vc_column_text css_animation=\u00a0\u00bbtop-to-bottom\u00a0\u00bb el_class=\u00a0\u00bbicon_list\u00a0\u00bb]<\/p>\n<ul class=\"inactive\">\n<li class=\"inactive\">Testeurs d&rsquo;\u00e9tanch\u00e9it\u00e9\n<ul>\n<li>Perte de pression (haute et basse pression)<\/li>\n<li>Vide<\/li>\n<li>H\u00e9lium<\/li>\n<\/ul>\n<\/li>\n<li>Testeurs de d\u00e9bit<\/li>\n<li>Transducteurs lin\u00e9aires<\/li>\n<li>Transducteurs rotatifs<\/li>\n<li>Les cellules de charge (traction, compression, torsion)<\/li>\n<li>Cam\u00e9ras de vision<\/li>\n<li>Acc\u00e9l\u00e9rom\u00e8tres<\/li>\n<li>Test Hipot<\/li>\n<li>\u00c9valuation de la courbe de tension \/ courant<\/li>\n<li>Consommation de courant<\/li>\n<li>Inspection de soudure<\/li>\n<li>Inspection de dosage<\/li>\n<li>Protocole de communication avec des produits bas\u00e9 sur Linbus\/CAN<\/li>\n<li>Isolation<\/li>\n<li>Test effet Hall<\/li>\n<li>\u2026<\/li>\n<\/ul>\n<p>[\/vc_column_text][vc_gallery type=\u00a0\u00bbimage_grid\u00a0\u00bb images=\u00a0\u00bb1948,1949&Prime; img_size=\u00a0\u00bb\u00a0\u00bb el_class=\u00a0\u00bbfoto_margen\u00a0\u00bb][\/vc_tta_section][vc_tta_section title=\u00a0\u00bbSoudage\u00a0\u00bb tab_id=\u00a0\u00bb1461661814225-4add7de5-726f\u00a0\u00bb][vc_column_text css_animation=\u00a0\u00bbtop-to-bottom\u00a0\u00bb el_class=\u00a0\u00bbicon_list\u00a0\u00bb]<\/p>\n<ul>\n<li>Laser<\/li>\n<li>Radiation IR<\/li>\n<li>Induction<\/li>\n<li>Ultrason<\/li>\n<li>Vibration<\/li>\n<li>Soudage automatique ou semi-automatique sous gaz protecteur (TIG, MIG, MAG)<\/li>\n<li>Soudure \u00e0 chaud<\/li>\n<\/ul>\n<p>[\/vc_column_text][vc_gallery type=\u00a0\u00bbimage_grid\u00a0\u00bb images=\u00a0\u00bb1950,1951,1952,1953,1954&Prime; img_size=\u00a0\u00bb\u00a0\u00bb el_class=\u00a0\u00bbfoto_margen\u00a0\u00bb][\/vc_tta_section][vc_tta_section title=\u00a0\u00bbSyst\u00e8mes de tra\u00e7abilit\u00e9\u00a0\u00bb tab_id=\u00a0\u00bb1461661830670-b97f5611-f49d\u00a0\u00bb][vc_column_text css_animation=\u00a0\u00bbtop-to-bottom\u00a0\u00bb el_class=\u00a0\u00bbicon_list\u00a0\u00bb]<\/p>\n<ul>\n<li>Bases de donn\u00e9es<\/li>\n<li>Connexion \u00e0 Manufacturing Execution Systems<\/li>\n<\/ul>\n<p>[\/vc_column_text][\/vc_tta_section][vc_tta_section title=\u00a0\u00bbNetworks\u00a0\u00bb tab_id=\u00a0\u00bb1461661867645-db396446-e45a\u00a0\u00bb][vc_column_text css_animation=\u00a0\u00bbtop-to-bottom\u00a0\u00bb el_class=\u00a0\u00bbicon_list\u00a0\u00bb]<\/p>\n<ul>\n<li>PROFIBUS<\/li>\n<li>DeviceNet<\/li>\n<li>EtherNet\/IP<\/li>\n<li>EtherCAT<\/li>\n<li>CANopen<\/li>\n<li>SAI<\/li>\n<\/ul>\n<p>[\/vc_column_text][\/vc_tta_section][\/vc_tta_accordion][\/vc_column][\/vc_row]<\/p>\n<\/div>","protected":false},"excerpt":{"rendered":"<p>[vc_row][vc_column][vc_gallery type=\u00a0\u00bbflexslider_slide\u00a0\u00bb interval=\u00a0\u00bb3&Prime; images=\u00a0\u00bb10865,10856,10847&Prime; img_size=\u00a0\u00bbfull\u00a0\u00bb][vc_column_text]Pionnier dans le d\u00e9veloppement de nouvelles applications d&rsquo;automatisation, Mondragon Assembly int\u00e8gre dans ses solutions les technologies les plus avanc\u00e9es du march\u00e9. Nos \u00e9quipes d&rsquo;ing\u00e9nieurs hautement qualifi\u00e9es b\u00e9n\u00e9ficient d&rsquo;une longue exp\u00e9rience dans les produits, les proc\u00e9d\u00e9s et les technologies. Nous proposons les solutions automatis\u00e9es qui s&rsquo;adaptent le mieux aux besoins de nos [&hellip;]<\/p>\n","protected":false},"author":4,"featured_media":0,"parent":3424,"menu_order":0,"comment_status":"closed","ping_status":"closed","template":"sectors.php","meta":{"_lmt_disableupdate":"","_lmt_disable":"","footnotes":""},"yst_prominent_words":[],"class_list":["post-3453","page","type-page","status-publish","hentry"],"acf":[],"_links":{"self":[{"href":"https:\/\/www.mondragon-assembly.com\/fr\/wp-json\/wp\/v2\/pages\/3453","targetHints":{"allow":["GET"]}}],"collection":[{"href":"https:\/\/www.mondragon-assembly.com\/fr\/wp-json\/wp\/v2\/pages"}],"about":[{"href":"https:\/\/www.mondragon-assembly.com\/fr\/wp-json\/wp\/v2\/types\/page"}],"author":[{"embeddable":true,"href":"https:\/\/www.mondragon-assembly.com\/fr\/wp-json\/wp\/v2\/users\/4"}],"replies":[{"embeddable":true,"href":"https:\/\/www.mondragon-assembly.com\/fr\/wp-json\/wp\/v2\/comments?post=3453"}],"version-history":[{"count":5,"href":"https:\/\/www.mondragon-assembly.com\/fr\/wp-json\/wp\/v2\/pages\/3453\/revisions"}],"predecessor-version":[{"id":15916,"href":"https:\/\/www.mondragon-assembly.com\/fr\/wp-json\/wp\/v2\/pages\/3453\/revisions\/15916"}],"up":[{"embeddable":true,"href":"https:\/\/www.mondragon-assembly.com\/fr\/wp-json\/wp\/v2\/pages\/3424"}],"wp:attachment":[{"href":"https:\/\/www.mondragon-assembly.com\/fr\/wp-json\/wp\/v2\/media?parent=3453"}],"wp:term":[{"taxonomy":"yst_prominent_words","embeddable":true,"href":"https:\/\/www.mondragon-assembly.com\/fr\/wp-json\/wp\/v2\/yst_prominent_words?post=3453"}],"curies":[{"name":"wp","href":"https:\/\/api.w.org\/{rel}","templated":true}]}}