{"id":3500,"date":"2016-04-22T11:05:59","date_gmt":"2016-04-22T09:05:59","guid":{"rendered":"https:\/\/www.mondragon-assembly.com\/fr\/?page_id=3500"},"modified":"2016-05-17T08:14:57","modified_gmt":"2016-05-17T08:14:57","slug":"aplicaciones","status":"publish","type":"page","link":"https:\/\/www.mondragon-assembly.com\/fr\/composants-electriques\/aplicaciones\/","title":{"rendered":"Applications"},"content":{"rendered":"<div class=\"wpb-content-wrapper\"><p>[vc_row][vc_column][vc_column_text el_class=\u00a0\u00bbtitle_lineas\u00a0\u00bb]<\/p>\n<h4><span style=\"color: #e20026;\">Produits<\/span><\/h4>\n<p>[\/vc_column_text][vc_row_inner][vc_column_inner width=\u00a0\u00bb1\/2&Prime;][vc_column_text el_class=\u00a0\u00bbicon_list\u00a0\u00bb]<\/p>\n<ul>\n<li>Interrupteurs<\/li>\n<li>Prises<\/li>\n<li>Diff\u00e9rentiels<\/li>\n<li>Transformateurs<\/li>\n<\/ul>\n<p>[\/vc_column_text][\/vc_column_inner][vc_column_inner width=\u00a0\u00bb1\/2&Prime;][\/vc_column_inner][\/vc_row_inner][\/vc_column][\/vc_row][vc_row][vc_column][vc_column_text css=\u00a0\u00bb.vc_custom_1463471778818{padding-bottom: 3px !important;padding-left: 15px !important;background-color: #e8e8e8 !important;}\u00a0\u00bb]<\/p>\n<h3><span style=\"color: #e20026; line-height: 35px;\">Caches pour interrupteurs<\/span><\/h3>\n<p>[\/vc_column_text][vc_row_inner][vc_column_inner][vc_gallery type=\u00a0\u00bbimage_grid\u00a0\u00bb images=\u00a0\u00bb2590,2591,2592&Prime; el_class=\u00a0\u00bbfoto_margen\u00a0\u00bb][\/vc_column_inner][\/vc_row_inner][vc_row_inner][vc_column_inner width=\u00a0\u00bb1\/3&Prime;][vc_column_text el_class=\u00a0\u00bbtitle_lineas\u00a0\u00bb]<\/p>\n<h4><span style=\"color: #e20026;\">Configuration de la solution<\/span><\/h4>\n<p>[\/vc_column_text][vc_column_text el_class=\u00a0\u00bbicon_list\u00a0\u00bb]<\/p>\n<ul>\n<li>Alimentation automatique en composants<\/li>\n<li>Deux robots<\/li>\n<li>Communication avec deux machines d&rsquo;injection et une machine d&#8217;emballage<\/li>\n<\/ul>\n<p>[\/vc_column_text][\/vc_column_inner][vc_column_inner width=\u00a0\u00bb1\/3&Prime;][vc_column_text el_class=\u00a0\u00bbtitle_lineas\u00a0\u00bb]<\/p>\n<h4><span style=\"color: #e20026;\">Processus<\/span><\/h4>\n<p>[\/vc_column_text][vc_column_text el_class=\u00a0\u00bbicon_list\u00a0\u00bb]<\/p>\n<ul>\n<li>D\u00e9moulage automatique des pi\u00e8ces plastique (plaques et ch\u00e2ssis)<\/li>\n<li>V\u00e9rification de la qualit\u00e9 de l&rsquo;injection par cam\u00e9ras de vision<\/li>\n<li>Chargement automatique de la vis m\u00e9tallique<\/li>\n<li>Montage automatique de la vis m\u00e9tallique sur le ch\u00e2ssis<\/li>\n<li>Montage du couvercle sur le ch\u00e2ssis<\/li>\n<li>Refus automatique<\/li>\n<\/ul>\n<p>[\/vc_column_text][\/vc_column_inner][vc_column_inner width=\u00a0\u00bb1\/3&Prime;][vc_column_text el_class=\u00a0\u00bbtitle_lineas\u00a0\u00bb]<\/p>\n<h4><span style=\"color: #e20026;\">Donn\u00e9es techniques<\/span><\/h4>\n<p>[\/vc_column_text][vc_column_text el_class=\u00a0\u00bbicon_list\u00a0\u00bb]<\/p>\n<ul>\n<li>Temps de cycle: 6 s<\/li>\n<li>Quatre mod\u00e8les diff\u00e9rents<\/li>\n<li>Autonomie pleine pendant huit heures<\/li>\n<li>Trois cam\u00e9ras d&rsquo;inspection<\/li>\n<li>Pinces interchangeables<\/li>\n<\/ul>\n<p>[\/vc_column_text][\/vc_column_inner][\/vc_row_inner][\/vc_column][\/vc_row][vc_row][vc_column][vc_column_text css=\u00a0\u00bb.vc_custom_1463471881559{padding-bottom: 3px !important;padding-left: 15px !important;background-color: #e8e8e8 !important;}\u00a0\u00bb]<\/p>\n<h3><span style=\"color: #e20026; line-height: 35px;\">Interrupteur<\/span><\/h3>\n<p>[\/vc_column_text][vc_gallery type=\u00a0\u00bbimage_grid\u00a0\u00bb images=\u00a0\u00bb2692,2695,2694,2693,2691&Prime; img_size=\u00a0\u00bb\u00a0\u00bb el_class=\u00a0\u00bbfoto_margen\u00a0\u00bb][vc_row_inner][vc_column_inner width=\u00a0\u00bb1\/3&Prime;][vc_column_text el_class=\u00a0\u00bbtitle_lineas\u00a0\u00bb]<\/p>\n<h4><span style=\"color: #e20026;\">Configuration de la solution<\/span><\/h4>\n<p>[\/vc_column_text][vc_column_text el_class=\u00a0\u00bbicon_list\u00a0\u00bb]<\/p>\n<ul>\n<li>Transport de pi\u00e8ces sur palettes et transfert rapides<\/li>\n<li>50 stations automatiques<\/li>\n<li>10 alimentations automatiques<\/li>\n<\/ul>\n<p>[\/vc_column_text][\/vc_column_inner][vc_column_inner width=\u00a0\u00bb1\/3&Prime;][vc_column_text el_class=\u00a0\u00bbtitle_lineas\u00a0\u00bb]<\/p>\n<h4><span style=\"color: #e20026;\">Processus<\/span><\/h4>\n<p>[\/vc_column_text][vc_column_text el_class=\u00a0\u00bbicon_list\u00a0\u00bb]<\/p>\n<ul>\n<li>Alimentation et assemblage automatique des composants<\/li>\n<li>Soudure par ultrasons<\/li>\n<li>Contr\u00f4le par vision artificielle<\/li>\n<li>Contr\u00f4le d&rsquo;op\u00e9ration compris<\/li>\n<li>Station finale de contr\u00f4le-commande \u00e9lectrique et marquage par laser horizontal et vertical<\/li>\n<\/ul>\n<p>[\/vc_column_text][\/vc_column_inner][vc_column_inner width=\u00a0\u00bb1\/3&Prime;][vc_column_text el_class=\u00a0\u00bbtitle_lineas\u00a0\u00bb]<\/p>\n<h4><span style=\"color: #e20026;\">Donn\u00e9es techniques<\/span><\/h4>\n<p>[\/vc_column_text][vc_column_text el_class=\u00a0\u00bbicon_list\u00a0\u00bb]<\/p>\n<ul>\n<li>Temps de cycle : 1.2 s<\/li>\n<li>Diff\u00e9rents mod\u00e8les.<\/li>\n<li>Manipulation par moteurs lin\u00e9aires<\/li>\n<li>Changement de mod\u00e8le simple et rapide<\/li>\n<li>Entretien facile<\/li>\n<\/ul>\n<p>[\/vc_column_text][\/vc_column_inner][\/vc_row_inner][\/vc_column][\/vc_row][vc_row][vc_column][vc_column_text css=\u00a0\u00bb.vc_custom_1463471938496{padding-bottom: 3px !important;padding-left: 15px !important;background-color: #e8e8e8 !important;}\u00a0\u00bb]<\/p>\n<h3><span style=\"color: #e20026; line-height: 35px;\">Diff\u00e9rentiel<\/span><\/h3>\n<p>[\/vc_column_text][vc_gallery type=\u00a0\u00bbimage_grid\u00a0\u00bb images=\u00a0\u00bb2594&Prime; img_size=\u00a0\u00bb\u00a0\u00bb el_class=\u00a0\u00bbfoto_margen\u00a0\u00bb][vc_row_inner][vc_column_inner width=\u00a0\u00bb1\/3&Prime;][vc_column_text el_class=\u00a0\u00bbtitle_lineas\u00a0\u00bb]<\/p>\n<h4><span style=\"color: #e20026;\">Configuration de la solution<\/span><\/h4>\n<p>[\/vc_column_text][vc_column_text el_class=\u00a0\u00bbicon_list\u00a0\u00bb]<\/p>\n<ul>\n<li>Machine automatique<\/li>\n<li>Transport du produit sur tapis<\/li>\n<\/ul>\n<p>[\/vc_column_text][\/vc_column_inner][vc_column_inner width=\u00a0\u00bb1\/3&Prime;][vc_column_text el_class=\u00a0\u00bbtitle_lineas\u00a0\u00bb]<\/p>\n<h4><span style=\"color: #e20026;\">Processus<\/span><\/h4>\n<p>[\/vc_column_text][vc_column_text el_class=\u00a0\u00bbicon_list\u00a0\u00bb]<\/p>\n<ul>\n<li>Chargement sur tapis<\/li>\n<li>Contr\u00f4le des \u00e9l\u00e9ments charg\u00e9s manuellement<\/li>\n<li>Rivetage (2 rivets)<\/li>\n<li>Contr\u00f4le de puissance : continuit\u00e9, di\u00e9lectrique, marche<\/li>\n<li>Tampographie<\/li>\n<li>Marquage laser<\/li>\n<li>Contr\u00f4le par vision (pr\u00e9sence et qualit\u00e9 des marquages)<\/li>\n<li>D\u00e9chargement : poin\u00e7onnage de pi\u00e8ces bonnes<\/li>\n<li>D\u00e9chargement des mauvaises<\/li>\n<\/ul>\n<p>[\/vc_column_text][\/vc_column_inner][vc_column_inner width=\u00a0\u00bb1\/3&Prime;][vc_column_text el_class=\u00a0\u00bbtitle_lineas\u00a0\u00bb]<\/p>\n<h4><span style=\"color: #e20026;\">Donn\u00e9es techniques<\/span><\/h4>\n<p>[\/vc_column_text][vc_column_text el_class=\u00a0\u00bbicon_list\u00a0\u00bb]<\/p>\n<ul>\n<li>Production: 400 pi\u00e8ces\/heure<\/li>\n<li>32 mod\u00e8les diff\u00e9rents<\/li>\n<li>4 variantes physiques : uni, bi, tri et tetra<\/li>\n<li>Changement de mod\u00e8le simple et rapide<\/li>\n<li>Entretien facile<\/li>\n<\/ul>\n<p>[\/vc_column_text][\/vc_column_inner][\/vc_row_inner][\/vc_column][\/vc_row]<\/p>\n<\/div>","protected":false},"excerpt":{"rendered":"<p>[vc_row][vc_column][vc_column_text el_class=\u00a0\u00bbtitle_lineas\u00a0\u00bb] Produits [\/vc_column_text][vc_row_inner][vc_column_inner width=\u00a0\u00bb1\/2&Prime;][vc_column_text el_class=\u00a0\u00bbicon_list\u00a0\u00bb] Interrupteurs Prises Diff\u00e9rentiels Transformateurs [\/vc_column_text][\/vc_column_inner][vc_column_inner width=\u00a0\u00bb1\/2&Prime;][\/vc_column_inner][\/vc_row_inner][\/vc_column][\/vc_row][vc_row][vc_column][vc_column_text css=\u00a0\u00bb.vc_custom_1463471778818{padding-bottom: 3px !important;padding-left: 15px !important;background-color: #e8e8e8 !important;}\u00a0\u00bb] Caches pour interrupteurs [\/vc_column_text][vc_row_inner][vc_column_inner][vc_gallery type=\u00a0\u00bbimage_grid\u00a0\u00bb images=\u00a0\u00bb2590,2591,2592&Prime; el_class=\u00a0\u00bbfoto_margen\u00a0\u00bb][\/vc_column_inner][\/vc_row_inner][vc_row_inner][vc_column_inner width=\u00a0\u00bb1\/3&Prime;][vc_column_text el_class=\u00a0\u00bbtitle_lineas\u00a0\u00bb] Configuration de la solution [\/vc_column_text][vc_column_text el_class=\u00a0\u00bbicon_list\u00a0\u00bb] Alimentation automatique en composants Deux robots Communication avec deux machines d&rsquo;injection et une machine d&#8217;emballage [\/vc_column_text][\/vc_column_inner][vc_column_inner width=\u00a0\u00bb1\/3&Prime;][vc_column_text el_class=\u00a0\u00bbtitle_lineas\u00a0\u00bb] Processus [\/vc_column_text][vc_column_text el_class=\u00a0\u00bbicon_list\u00a0\u00bb] [&hellip;]<\/p>\n","protected":false},"author":4,"featured_media":0,"parent":3277,"menu_order":0,"comment_status":"closed","ping_status":"closed","template":"sectors.php","meta":{"_lmt_disableupdate":"","_lmt_disable":"","footnotes":""},"yst_prominent_words":[],"class_list":["post-3500","page","type-page","status-publish","hentry"],"acf":[],"_links":{"self":[{"href":"https:\/\/www.mondragon-assembly.com\/fr\/wp-json\/wp\/v2\/pages\/3500","targetHints":{"allow":["GET"]}}],"collection":[{"href":"https:\/\/www.mondragon-assembly.com\/fr\/wp-json\/wp\/v2\/pages"}],"about":[{"href":"https:\/\/www.mondragon-assembly.com\/fr\/wp-json\/wp\/v2\/types\/page"}],"author":[{"embeddable":true,"href":"https:\/\/www.mondragon-assembly.com\/fr\/wp-json\/wp\/v2\/users\/4"}],"replies":[{"embeddable":true,"href":"https:\/\/www.mondragon-assembly.com\/fr\/wp-json\/wp\/v2\/comments?post=3500"}],"version-history":[{"count":3,"href":"https:\/\/www.mondragon-assembly.com\/fr\/wp-json\/wp\/v2\/pages\/3500\/revisions"}],"predecessor-version":[{"id":3510,"href":"https:\/\/www.mondragon-assembly.com\/fr\/wp-json\/wp\/v2\/pages\/3500\/revisions\/3510"}],"up":[{"embeddable":true,"href":"https:\/\/www.mondragon-assembly.com\/fr\/wp-json\/wp\/v2\/pages\/3277"}],"wp:attachment":[{"href":"https:\/\/www.mondragon-assembly.com\/fr\/wp-json\/wp\/v2\/media?parent=3500"}],"wp:term":[{"taxonomy":"yst_prominent_words","embeddable":true,"href":"https:\/\/www.mondragon-assembly.com\/fr\/wp-json\/wp\/v2\/yst_prominent_words?post=3500"}],"curies":[{"name":"wp","href":"https:\/\/api.w.org\/{rel}","templated":true}]}}