{"id":3501,"date":"2016-04-22T11:56:18","date_gmt":"2016-04-22T09:56:18","guid":{"rendered":"https:\/\/www.mondragon-assembly.com\/fr\/?page_id=3501"},"modified":"2016-05-17T08:09:33","modified_gmt":"2016-05-17T08:09:33","slug":"aplicaciones","status":"publish","type":"page","link":"https:\/\/www.mondragon-assembly.com\/fr\/composants-electromenagers\/aplicaciones\/","title":{"rendered":"Applications"},"content":{"rendered":"<div class=\"wpb-content-wrapper\"><p>[vc_row][vc_column][vc_column_text el_class=\u00a0\u00bbtitle_lineas\u00a0\u00bb]<\/p>\n<h4><span style=\"color: #e20026;\">Produits<\/span><\/h4>\n<p>[\/vc_column_text][vc_row_inner][vc_column_inner width=\u00a0\u00bb1\/2&Prime;][vc_column_text el_class=\u00a0\u00bbicon_list\u00a0\u00bb]<\/p>\n<ul>\n<li>Vanne \u00e0 gaz<\/li>\n<li>Thermocouple \u00e0 fil<\/li>\n<li>S\u00e9curit\u00e9 magn\u00e9tique<\/li>\n<li>Pompe \u00e0 eau<\/li>\n<li>Vitroc\u00e9ramique<\/li>\n<\/ul>\n<p>[\/vc_column_text][\/vc_column_inner][vc_column_inner width=\u00a0\u00bb1\/2&Prime;][\/vc_column_inner][\/vc_row_inner][\/vc_column][\/vc_row][vc_row][vc_column][vc_column_text css=\u00a0\u00bb.vc_custom_1463472074138{padding-bottom: 3px !important;padding-left: 15px !important;background-color: #e8e8e8 !important;}\u00a0\u00bb]<\/p>\n<h3><span style=\"color: #e20026; line-height: 35px;\">Vanne \u00e0 gaz<\/span><\/h3>\n<p>[\/vc_column_text][vc_row_inner][vc_column_inner][vc_gallery type=\u00a0\u00bbimage_grid\u00a0\u00bb images=\u00a0\u00bb2581,2582&Prime; el_class=\u00a0\u00bbfoto_margen\u00a0\u00bb][\/vc_column_inner][\/vc_row_inner][vc_row_inner][vc_column_inner width=\u00a0\u00bb1\/3&Prime;][vc_column_text el_class=\u00a0\u00bbtitle_lineas\u00a0\u00bb]<\/p>\n<h4><span style=\"color: #e20026;\">Configuration de la solution<\/span><\/h4>\n<p>[\/vc_column_text][vc_column_text el_class=\u00a0\u00bbicon_list\u00a0\u00bb]<\/p>\n<ul>\n<li>Machine d&rsquo;assemblage automatique<\/li>\n<li>Transport des pi\u00e8ces sur des coupelles sur un tapis<\/li>\n<li>Plateau rotatif de test \u00e0 8 positions<\/li>\n<\/ul>\n<p>[\/vc_column_text][\/vc_column_inner][vc_column_inner width=\u00a0\u00bb1\/3&Prime;][vc_column_text el_class=\u00a0\u00bbtitle_lineas\u00a0\u00bb]<\/p>\n<h4><span style=\"color: #e20026;\">Processus<\/span><\/h4>\n<p>[\/vc_column_text][vc_column_text el_class=\u00a0\u00bbicon_list\u00a0\u00bb]<\/p>\n<ul>\n<li>Alimentations manuelles et automatiques<\/li>\n<li>Graissage<\/li>\n<li>Vissage<\/li>\n<li>V\u00e9rification de mod\u00e8le par vision<\/li>\n<li>V\u00e9rification de vissage par vision<\/li>\n<li>Test de ressort<\/li>\n<li>Calibrage automatique de vanne<\/li>\n<li>Tests automatiques : 2 tests de fuite, 2 tests de d\u00e9bit<\/li>\n<li>Marquage par jet d&rsquo;encre et d\u00e9chargement<\/li>\n<\/ul>\n<p>[\/vc_column_text][\/vc_column_inner][vc_column_inner width=\u00a0\u00bb1\/3&Prime;][vc_column_text el_class=\u00a0\u00bbtitle_lineas\u00a0\u00bb]<\/p>\n<h4><span style=\"color: #e20026;\">Donn\u00e9es techniques<\/span><\/h4>\n<p>[\/vc_column_text][vc_column_text el_class=\u00a0\u00bbicon_list\u00a0\u00bb]<\/p>\n<ul>\n<li>Temps de cycle : 3.5s<\/li>\n<li>Plus de 300 mod\u00e8les<\/li>\n<li>Vissages \u00e9lectriques et pneumatiques<\/li>\n<li>Checkers de vision<\/li>\n<li>D\u00e9bitm\u00e8tres<\/li>\n<li>Tests de fuite<\/li>\n<li>Marquage par jet d&rsquo;encre<\/li>\n<\/ul>\n<p>[\/vc_column_text][\/vc_column_inner][\/vc_row_inner][\/vc_column][\/vc_row][vc_row][vc_column][vc_column_text css=\u00a0\u00bb.vc_custom_1463472139778{padding-bottom: 3px !important;padding-left: 15px !important;background-color: #e8e8e8 !important;}\u00a0\u00bb]<\/p>\n<h3><span style=\"color: #e20026; line-height: 35px;\">Thermocouple \u00e0 fil<\/span><\/h3>\n<p>[\/vc_column_text][vc_gallery type=\u00a0\u00bbimage_grid\u00a0\u00bb images=\u00a0\u00bb2683,2685,2684&Prime; img_size=\u00a0\u00bb\u00a0\u00bb el_class=\u00a0\u00bbfoto_margen\u00a0\u00bb][vc_row_inner][vc_column_inner width=\u00a0\u00bb1\/3&Prime;][vc_column_text el_class=\u00a0\u00bbtitle_lineas\u00a0\u00bb]<\/p>\n<h4><span style=\"color: #e20026;\">Configuration de la solution<\/span><\/h4>\n<p>[\/vc_column_text][vc_column_text el_class=\u00a0\u00bbicon_list\u00a0\u00bb]<\/p>\n<ul>\n<li>68 stations automatiques<\/li>\n<li>2 stations de d\u00e9roulement, coupe et chargement de fil<\/li>\n<li>2 stations de formage de cosses<\/li>\n<li>1 station de d\u00e9roulement, coupe et insertion de gaine<\/li>\n<li>1 soudure laser et 2 stations de soudure TIG<\/li>\n<li>Tous les mod\u00e8les de conduit v\u00e9rifi\u00e9s par des syst\u00e8mes de vision<\/li>\n<li>2 presses asservies<\/li>\n<li>2 commandes de traction<\/li>\n<\/ul>\n<p>[\/vc_column_text][\/vc_column_inner][vc_column_inner width=\u00a0\u00bb1\/3&Prime;][vc_column_text el_class=\u00a0\u00bbtitle_lineas\u00a0\u00bb]<\/p>\n<h4><span style=\"color: #e20026;\">Processus<\/span><\/h4>\n<p>[\/vc_column_text][vc_column_text el_class=\u00a0\u00bbicon_list\u00a0\u00bb]<\/p>\n<ul>\n<li>Temps de cycle : 1.4 s<\/li>\n<li>Manipulation par moteurs lin\u00e9aires<\/li>\n<li>Diff\u00e9rents contr\u00f4les par vision artificielle : dimension, position, soudure, etc\u2026<\/li>\n<li>Syst\u00e8me de contr\u00f4le de la production int\u00e9gr\u00e9<\/li>\n<li>Changement de mod\u00e8le simple et rapide<\/li>\n<li>Entretien facile<\/li>\n<\/ul>\n<p>[\/vc_column_text][\/vc_column_inner][vc_column_inner width=\u00a0\u00bb1\/3&Prime;][\/vc_column_inner][\/vc_row_inner][\/vc_column][\/vc_row][vc_row][vc_column][vc_column_text css=\u00a0\u00bb.vc_custom_1463472189114{padding-bottom: 3px !important;padding-left: 15px !important;background-color: #e8e8e8 !important;}\u00a0\u00bb]<\/p>\n<h3><span style=\"color: #e20026; line-height: 35px;\">S\u00e9curit\u00e9 magn\u00e9tique<\/span><\/h3>\n<p>[\/vc_column_text][vc_gallery type=\u00a0\u00bbimage_grid\u00a0\u00bb images=\u00a0\u00bb2687,2688,2689&Prime; img_size=\u00a0\u00bb\u00a0\u00bb el_class=\u00a0\u00bbfoto_margen\u00a0\u00bb][vc_row_inner][vc_column_inner width=\u00a0\u00bb1\/3&Prime;][vc_column_text el_class=\u00a0\u00bbtitle_lineas\u00a0\u00bb]<\/p>\n<h4><span style=\"color: #e20026;\">Configuration de la solution<\/span><\/h4>\n<p>[\/vc_column_text][vc_column_text el_class=\u00a0\u00bbicon_list\u00a0\u00bb]<\/p>\n<ul>\n<li>Machines \u00e0 cames<\/li>\n<li>110 stations automatiques<\/li>\n<li>12 alimentations automatiques<\/li>\n<li>2 d\u00e9palettiseurs automatiques avec contr\u00f4le par vision<\/li>\n<li>Chargement et formage de bobine int\u00e9gr\u00e9s<\/li>\n<li>2 soudures par r\u00e9sistance<\/li>\n<li>2 stations de soudure plasma<\/li>\n<li>Syst\u00e8me de nettoyage des composants<\/li>\n<\/ul>\n<p>[\/vc_column_text][\/vc_column_inner][vc_column_inner width=\u00a0\u00bb1\/3&Prime;][vc_column_text el_class=\u00a0\u00bbtitle_lineas\u00a0\u00bb]<\/p>\n<h4><span style=\"color: #e20026;\">Processus<\/span><\/h4>\n<p>[\/vc_column_text][vc_column_text el_class=\u00a0\u00bbicon_list\u00a0\u00bb]<\/p>\n<ul>\n<li>Temps de cycle : 0.5 s<\/li>\n<li>Diff\u00e9rents contr\u00f4les par vision artificielle : dimensions, position, contour, marquage&#8230;<\/li>\n<li>Test de fuite<\/li>\n<li>Diff\u00e9rents contr\u00f4les d&rsquo;op\u00e9ration : r\u00e9sistance, entr\u00e9e, sortie\u2026<\/li>\n<li>Syst\u00e8me de contr\u00f4le de la production int\u00e9gr\u00e9<\/li>\n<li>Changement de mod\u00e8le simple et rapide<\/li>\n<li>Entretien facile<\/li>\n<\/ul>\n<p>[\/vc_column_text][\/vc_column_inner][\/vc_row_inner][\/vc_column][\/vc_row][vc_row][vc_column][vc_column_text css=\u00a0\u00bb.vc_custom_1463472423092{padding-bottom: 3px !important;padding-left: 15px !important;background-color: #e8e8e8 !important;}\u00a0\u00bb]<\/p>\n<h3><span style=\"color: #e20026; line-height: 35px;\">Bypass<\/span><\/h3>\n<p>[\/vc_column_text][vc_gallery type=\u00a0\u00bbimage_grid\u00a0\u00bb images=\u00a0\u00bb2586,2585,2587&Prime; el_class=\u00a0\u00bbfoto_margen\u00a0\u00bb][vc_row_inner][vc_column_inner width=\u00a0\u00bb1\/3&Prime;][vc_column_text el_class=\u00a0\u00bbtitle_lineas\u00a0\u00bb]<\/p>\n<h4><span style=\"color: #e20026;\">Configuration de la solution<\/span><\/h4>\n<p>[\/vc_column_text][vc_column_text el_class=\u00a0\u00bbicon_list\u00a0\u00bb]<\/p>\n<ul>\n<li>Alimentation automatique en composants<\/li>\n<li>Plateau tournant \u00e0 4 positions<\/li>\n<\/ul>\n<p>[\/vc_column_text][\/vc_column_inner][vc_column_inner width=\u00a0\u00bb1\/3&Prime;][vc_column_text el_class=\u00a0\u00bbtitle_lineas\u00a0\u00bb]<\/p>\n<h4><span style=\"color: #e20026;\">Processus<\/span><\/h4>\n<p>[\/vc_column_text][vc_column_text el_class=\u00a0\u00bbicon_list\u00a0\u00bb]<\/p>\n<ul>\n<li>Chargement automatique de bypass<\/li>\n<li>Chargement automatique de bague m\u00e9tallique<\/li>\n<li>Assemblage de bague sur bypass<\/li>\n<li>Contr\u00f4le de diam\u00e8tre par vision<\/li>\n<li>Refus automatique<\/li>\n<li>Marquage \u00e0 la peinture et d\u00e9chargement des bonnes<\/li>\n<\/ul>\n<p>[\/vc_column_text][\/vc_column_inner][vc_column_inner width=\u00a0\u00bb1\/3&Prime;][vc_column_text el_class=\u00a0\u00bbtitle_lineas\u00a0\u00bb]<\/p>\n<h4><span style=\"color: #e20026;\">Donn\u00e9es techniques<\/span><\/h4>\n<p>[\/vc_column_text][vc_column_text el_class=\u00a0\u00bbicon_list\u00a0\u00bb]<\/p>\n<ul>\n<li>Temps de cycle : 1.2 s<\/li>\n<li>Plus de 300 mod\u00e8les<\/li>\n<li>Autonomie : 1 heure<\/li>\n<li>R\u00e9p\u00e9titivit\u00e9 du robot de 0,03mm<\/li>\n<li>Pr\u00e9cision de la cam\u00e9ra de vision : 0,001 pouces<\/li>\n<\/ul>\n<p>[\/vc_column_text][\/vc_column_inner][\/vc_row_inner][\/vc_column][\/vc_row]<\/p>\n<\/div>","protected":false},"excerpt":{"rendered":"<p>[vc_row][vc_column][vc_column_text el_class=\u00a0\u00bbtitle_lineas\u00a0\u00bb] Produits [\/vc_column_text][vc_row_inner][vc_column_inner width=\u00a0\u00bb1\/2&Prime;][vc_column_text el_class=\u00a0\u00bbicon_list\u00a0\u00bb] Vanne \u00e0 gaz Thermocouple \u00e0 fil S\u00e9curit\u00e9 magn\u00e9tique Pompe \u00e0 eau Vitroc\u00e9ramique [\/vc_column_text][\/vc_column_inner][vc_column_inner width=\u00a0\u00bb1\/2&Prime;][\/vc_column_inner][\/vc_row_inner][\/vc_column][\/vc_row][vc_row][vc_column][vc_column_text css=\u00a0\u00bb.vc_custom_1463472074138{padding-bottom: 3px !important;padding-left: 15px !important;background-color: #e8e8e8 !important;}\u00a0\u00bb] Vanne \u00e0 gaz [\/vc_column_text][vc_row_inner][vc_column_inner][vc_gallery type=\u00a0\u00bbimage_grid\u00a0\u00bb images=\u00a0\u00bb2581,2582&Prime; el_class=\u00a0\u00bbfoto_margen\u00a0\u00bb][\/vc_column_inner][\/vc_row_inner][vc_row_inner][vc_column_inner width=\u00a0\u00bb1\/3&Prime;][vc_column_text el_class=\u00a0\u00bbtitle_lineas\u00a0\u00bb] Configuration de la solution [\/vc_column_text][vc_column_text el_class=\u00a0\u00bbicon_list\u00a0\u00bb] Machine d&rsquo;assemblage automatique Transport des pi\u00e8ces sur des coupelles sur un tapis Plateau [&hellip;]<\/p>\n","protected":false},"author":4,"featured_media":0,"parent":3279,"menu_order":0,"comment_status":"closed","ping_status":"closed","template":"sectors.php","meta":{"_lmt_disableupdate":"","_lmt_disable":"","footnotes":""},"yst_prominent_words":[],"class_list":["post-3501","page","type-page","status-publish","hentry"],"acf":[],"_links":{"self":[{"href":"https:\/\/www.mondragon-assembly.com\/fr\/wp-json\/wp\/v2\/pages\/3501","targetHints":{"allow":["GET"]}}],"collection":[{"href":"https:\/\/www.mondragon-assembly.com\/fr\/wp-json\/wp\/v2\/pages"}],"about":[{"href":"https:\/\/www.mondragon-assembly.com\/fr\/wp-json\/wp\/v2\/types\/page"}],"author":[{"embeddable":true,"href":"https:\/\/www.mondragon-assembly.com\/fr\/wp-json\/wp\/v2\/users\/4"}],"replies":[{"embeddable":true,"href":"https:\/\/www.mondragon-assembly.com\/fr\/wp-json\/wp\/v2\/comments?post=3501"}],"version-history":[{"count":2,"href":"https:\/\/www.mondragon-assembly.com\/fr\/wp-json\/wp\/v2\/pages\/3501\/revisions"}],"predecessor-version":[{"id":3508,"href":"https:\/\/www.mondragon-assembly.com\/fr\/wp-json\/wp\/v2\/pages\/3501\/revisions\/3508"}],"up":[{"embeddable":true,"href":"https:\/\/www.mondragon-assembly.com\/fr\/wp-json\/wp\/v2\/pages\/3279"}],"wp:attachment":[{"href":"https:\/\/www.mondragon-assembly.com\/fr\/wp-json\/wp\/v2\/media?parent=3501"}],"wp:term":[{"taxonomy":"yst_prominent_words","embeddable":true,"href":"https:\/\/www.mondragon-assembly.com\/fr\/wp-json\/wp\/v2\/yst_prominent_words?post=3501"}],"curies":[{"name":"wp","href":"https:\/\/api.w.org\/{rel}","templated":true}]}}