{"id":3503,"date":"2016-04-22T11:33:14","date_gmt":"2016-04-22T09:33:14","guid":{"rendered":"https:\/\/www.mondragon-assembly.com\/fr\/?page_id=3503"},"modified":"2016-05-17T07:54:25","modified_gmt":"2016-05-17T07:54:25","slug":"aplicaciones","status":"publish","type":"page","link":"https:\/\/www.mondragon-assembly.com\/fr\/dispositifs-medicaux\/aplicaciones\/","title":{"rendered":"Applications"},"content":{"rendered":"<div class=\"wpb-content-wrapper\"><p>[vc_row][vc_column][vc_column_text el_class=\u00a0\u00bbtitle_lineas\u00a0\u00bb]<\/p>\n<h4><span style=\"color: #e20026;\">Produits<\/span><\/h4>\n<p>[\/vc_column_text][vc_row_inner][vc_column_inner width=\u00a0\u00bb1\/2&Prime;][vc_column_text el_class=\u00a0\u00bbicon_list\u00a0\u00bb]<\/p>\n<ul>\n<li>Poche de colostomie<\/li>\n<li>Dispositif de fixation cath\u00e9ter<\/li>\n<li>Dispositif de nettoyage<\/li>\n<li>Balai dental de succion<\/li>\n<li>Balai dental<\/li>\n<li>Bouteille haut vide<\/li>\n<li>Flacons st\u00e9riles<\/li>\n<li>Tubes de nettoyage du sang<\/li>\n<\/ul>\n<p>[\/vc_column_text][\/vc_column_inner][vc_column_inner width=\u00a0\u00bb1\/2&Prime;][\/vc_column_inner][\/vc_row_inner][\/vc_column][\/vc_row][vc_row][vc_column][vc_column_text css=\u00a0\u00bb.vc_custom_1463471258629{padding-bottom: 3px !important;padding-left: 15px !important;background-color: #e8e8e8 !important;}\u00a0\u00bb]<\/p>\n<h3><span style=\"color: #e20026; line-height: 35px;\">Dispositif de fixation de cath\u00e9ter<\/span><\/h3>\n<p>[\/vc_column_text][vc_row_inner][vc_column_inner][vc_gallery type=\u00a0\u00bbimage_grid\u00a0\u00bb images=\u00a0\u00bb2569,2568,2672&Prime; el_class=\u00a0\u00bbfoto_margen\u00a0\u00bb][\/vc_column_inner][\/vc_row_inner][vc_row_inner][vc_column_inner width=\u00a0\u00bb1\/3&Prime;][vc_column_text el_class=\u00a0\u00bbtitle_lineas\u00a0\u00bb]<\/p>\n<h4><span style=\"color: #e20026;\">Configuration de la solution<\/span><\/h4>\n<p>[\/vc_column_text][vc_column_text el_class=\u00a0\u00bbicon_list\u00a0\u00bb]<\/p>\n<ul>\n<li>Machine compl\u00e8tement automatique<\/li>\n<li>Alimentation automatique en composants<\/li>\n<li>Transport du produit sur coupelles et tapis asservi<\/li>\n<\/ul>\n<p>[\/vc_column_text][\/vc_column_inner][vc_column_inner width=\u00a0\u00bb1\/3&Prime;][vc_column_text el_class=\u00a0\u00bbtitle_lineas\u00a0\u00bb]<\/p>\n<h4><span style=\"color: #e20026;\">Processus<\/span><\/h4>\n<p>[\/vc_column_text][vc_column_text el_class=\u00a0\u00bbicon_list\u00a0\u00bb]<\/p>\n<ul>\n<li>Alimentation automatique du corps en plastique<\/li>\n<li>Dosage de cyanoacrylate par robot cart\u00e9sien<\/li>\n<li>Inspection du dosage de primaire par cam\u00e9ra de vision<\/li>\n<li>Inspection dimensionnelle de tous les produits par vision artificielle<\/li>\n<\/ul>\n<p>[\/vc_column_text][\/vc_column_inner][vc_column_inner width=\u00a0\u00bb1\/3&Prime;][vc_column_text el_class=\u00a0\u00bbtitle_lineas\u00a0\u00bb]<\/p>\n<h4><span style=\"color: #e20026;\">Donn\u00e9es techniques<\/span><\/h4>\n<p>[\/vc_column_text][vc_column_text el_class=\u00a0\u00bbicon_list\u00a0\u00bb]<\/p>\n<ul>\n<li>Temps de cycle: 2 s<\/li>\n<li>Contr\u00f4le par vision de bonnes \/ mauvaises<\/li>\n<li>Conception selon les standards des salles blanches<\/li>\n<\/ul>\n<p>[\/vc_column_text][\/vc_column_inner][\/vc_row_inner][\/vc_column][\/vc_row][vc_row][vc_column][vc_column_text css=\u00a0\u00bb.vc_custom_1463471347286{padding-bottom: 3px !important;padding-left: 15px !important;background-color: #e8e8e8 !important;}\u00a0\u00bb]<\/p>\n<h3><span style=\"color: #e20026; line-height: 35px;\">Dispositif de nettoyage<\/span><\/h3>\n<p>[\/vc_column_text][vc_gallery type=\u00a0\u00bbimage_grid\u00a0\u00bb images=\u00a0\u00bb2574,2572,2573,2575&Prime; img_size=\u00a0\u00bb\u00a0\u00bb el_class=\u00a0\u00bbfoto_margen\u00a0\u00bb][vc_row_inner][vc_column_inner width=\u00a0\u00bb1\/3&Prime;][vc_column_text el_class=\u00a0\u00bbtitle_lineas\u00a0\u00bb]<\/p>\n<h4><span style=\"color: #e20026;\">Configuration de la solution<\/span><\/h4>\n<p>[\/vc_column_text][vc_column_text el_class=\u00a0\u00bbicon_list\u00a0\u00bb]<\/p>\n<ul>\n<li>Machine compl\u00e8tement automatique<\/li>\n<li>Alimentation automatique en pi\u00e8ces<\/li>\n<li>Transport des pi\u00e8ces sur tapis asservi<\/li>\n<li>Stations guid\u00e9es par cames pour une synchronisation parfaite<\/li>\n<\/ul>\n<p>[\/vc_column_text][\/vc_column_inner][vc_column_inner width=\u00a0\u00bb1\/3&Prime;][vc_column_text el_class=\u00a0\u00bbtitle_lineas\u00a0\u00bb]<\/p>\n<h4><span style=\"color: #e20026;\">Processus<\/span><\/h4>\n<p>[\/vc_column_text][vc_column_text el_class=\u00a0\u00bbicon_list\u00a0\u00bb]<\/p>\n<ul>\n<li>Alimentation en r\u00e9cipient plastique et \u00e9ponge par vibreurs<\/li>\n<li>S\u00e9paration par vis pour chargement rapide de r\u00e9cipient<\/li>\n<li>2 robots delta (parall\u00e8les) travaillant \u00e0 80 pi\u00e8ces \/ minute, avec positionnement des pi\u00e8ces par vision et tracking<\/li>\n<li>Dosage d&rsquo;alcool<\/li>\n<li>Alimentation en papier plastique et impression de date<\/li>\n<li>Soudage de r\u00e9cipient et papier plastique<\/li>\n<li>Outil de coupe du papier plastique<\/li>\n<li>D\u00e9chargement final<\/li>\n<\/ul>\n<p>[\/vc_column_text][\/vc_column_inner][vc_column_inner width=\u00a0\u00bb1\/3&Prime;][vc_column_text el_class=\u00a0\u00bbtitle_lineas\u00a0\u00bb]<\/p>\n<h4><span style=\"color: #e20026;\">Donn\u00e9es techniques<\/span><\/h4>\n<p>[\/vc_column_text][vc_column_text el_class=\u00a0\u00bbicon_list\u00a0\u00bb]<\/p>\n<ul>\n<li>Production : 160 pi\u00e8ces\/min<\/li>\n<li>Dispense pr\u00e9cise de 0,2 ml d&rsquo;IPA avec cpk 1.3<\/li>\n<li>Correction dynamique de la position de soudure en fonction de la position des rep\u00e8res imprim\u00e9s d&rsquo;usine<\/li>\n<li>Outil de coupe avec 2 microns de jeu<\/li>\n<li>Conception selon les standards des salles blanches<\/li>\n<\/ul>\n<p>[\/vc_column_text][\/vc_column_inner][\/vc_row_inner][\/vc_column][\/vc_row][vc_row][vc_column][vc_column_text css=\u00a0\u00bb.vc_custom_1463471415740{padding-bottom: 3px !important;padding-left: 15px !important;background-color: #e8e8e8 !important;}\u00a0\u00bb]<\/p>\n<h3><span style=\"color: #e20026; line-height: 35px;\">Pr\u00e9paration de produits pharmaceutiques<\/span><\/h3>\n<p>[\/vc_column_text][vc_gallery type=\u00a0\u00bbimage_grid\u00a0\u00bb images=\u00a0\u00bb2766,2767,2768&Prime; img_size=\u00a0\u00bb\u00a0\u00bb el_class=\u00a0\u00bbfoto_margen\u00a0\u00bb][vc_row_inner][vc_column_inner width=\u00a0\u00bb1\/3&Prime;][vc_column_text el_class=\u00a0\u00bbtitle_lineas\u00a0\u00bb]<\/p>\n<h4><span style=\"color: #e20026;\">Configuration de la solution<\/span><\/h4>\n<p>[\/vc_column_text][vc_column_text el_class=\u00a0\u00bbicon_list\u00a0\u00bb]<\/p>\n<ul>\n<li>V\u00e9rification du process et tra\u00e7abilit\u00e9 des produits manipul\u00e9s<\/li>\n<li>Haute flexibilit\u00e9 et vitesse optimale pour process simples et complexes<\/li>\n<li>Interconnectivit\u00e9 avec diff\u00e9rents syst\u00e8mes d&rsquo;information d&rsquo;h\u00f4pitaux et de laboratoires<\/li>\n<\/ul>\n<p>[\/vc_column_text][\/vc_column_inner][vc_column_inner width=\u00a0\u00bb1\/3&Prime;][vc_column_text el_class=\u00a0\u00bbtitle_lineas\u00a0\u00bb]<\/p>\n<h4><span style=\"color: #e20026;\">Processus<\/span><\/h4>\n<p>[\/vc_column_text][vc_column_text el_class=\u00a0\u00bbicon_list\u00a0\u00bb]<\/p>\n<ul>\n<li>2 bras robotis\u00e9s<\/li>\n<li>Plateau \u00e0 12 positions pour les flacons en usage<\/li>\n<li>Pr\u00e9paration jusqu&rsquo;\u00e0 8 poches d&rsquo;infusion, cassettes ou pompes \u00e9lastom\u00e8res<\/li>\n<li>R\u00e9servoir jusqu&rsquo;\u00e0 8 seringues<\/li>\n<li>Station de bouchage de seringue avec 4 bouchons diff\u00e9rents<\/li>\n<li>Magasin provisoire pour 10 flacons maxi. en process<\/li>\n<li>Dispositif gravim\u00e9trique pour pes\u00e9e en ligne<\/li>\n<li>2 pompes p\u00e9ristaltiques pour dispense de solvant et reconstitution<\/li>\n<li>2 cam\u00e9ras d&rsquo;identification de seringue et flacon<\/li>\n<li>Lecteur de code-barres pour l&rsquo;identification du produit<\/li>\n<\/ul>\n<p>[\/vc_column_text][\/vc_column_inner][vc_column_inner width=\u00a0\u00bb1\/3&Prime;][vc_column_text el_class=\u00a0\u00bbtitle_lineas\u00a0\u00bb]<\/p>\n<h4><span style=\"color: #e20026;\">Donn\u00e9es techniques<\/span><\/h4>\n<p>[\/vc_column_text][vc_column_text el_class=\u00a0\u00bbicon_list\u00a0\u00bb]<\/p>\n<ul>\n<li>Travaux dans salles propres ISO5 \/ propret\u00e9 microbiologique<\/li>\n<li>Protection environnementale par filtres HEPA et pression n\u00e9gative dans la chambre de recirculation<\/li>\n<li>Protection de l&rsquo;usager par atmosph\u00e8re de manipulation \u00e0 pression n\u00e9gative<\/li>\n<li>Conformit\u00e9 aux normes internationales<\/li>\n<\/ul>\n<p>[\/vc_column_text][\/vc_column_inner][\/vc_row_inner][\/vc_column][\/vc_row][vc_row][vc_column][vc_column_text css=\u00a0\u00bb.vc_custom_1463471479053{padding-bottom: 3px !important;padding-left: 15px !important;background-color: #e8e8e8 !important;}\u00a0\u00bb]<\/p>\n<h3><span style=\"color: #e20026; line-height: 35px;\">Poche de colostomie<\/span><\/h3>\n<p>[\/vc_column_text][vc_gallery type=\u00a0\u00bbimage_grid\u00a0\u00bb images=\u00a0\u00bb2676,2680,2678,2677,2679&Prime; el_class=\u00a0\u00bbfoto_margen\u00a0\u00bb][vc_row_inner][vc_column_inner width=\u00a0\u00bb1\/3&Prime;][vc_column_text el_class=\u00a0\u00bbtitle_lineas\u00a0\u00bb]<\/p>\n<h4><span style=\"color: #e20026;\">Configuration de la solution<\/span><\/h4>\n<p>[\/vc_column_text][vc_column_text el_class=\u00a0\u00bbicon_list\u00a0\u00bb]<\/p>\n<ul>\n<li>Tapis de chargement-d\u00e9chargement<\/li>\n<li>Table rotative avec 2 robots et 2 syst\u00e8mes de vision<\/li>\n<\/ul>\n<p>[\/vc_column_text][\/vc_column_inner][vc_column_inner width=\u00a0\u00bb1\/3&Prime;][vc_column_text el_class=\u00a0\u00bbtitle_lineas\u00a0\u00bb]<\/p>\n<h4><span style=\"color: #e20026;\">Processus<\/span><\/h4>\n<p>[\/vc_column_text][vc_column_text el_class=\u00a0\u00bbicon_list\u00a0\u00bb]<\/p>\n<ul>\n<li>Syst\u00e8me de pr\u00e9chauffe aux infrarouges<\/li>\n<li>Soudage plastique<\/li>\n<li>Servopresse de coupe de caoutchouc<\/li>\n<li>Syst\u00e8me de vision pour contr\u00f4le dimensionnel<\/li>\n<li>Impression d&rsquo;\u00e9tiquette personnalis\u00e9e<\/li>\n<\/ul>\n<p>[\/vc_column_text][\/vc_column_inner][vc_column_inner width=\u00a0\u00bb1\/3&Prime;][vc_column_text el_class=\u00a0\u00bbtitle_lineas\u00a0\u00bb]<\/p>\n<h4><span style=\"color: #e20026;\">Donn\u00e9es techniques<\/span><\/h4>\n<p>[\/vc_column_text][vc_column_text el_class=\u00a0\u00bbicon_list\u00a0\u00bb]<\/p>\n<ul>\n<li>Production: 4 s<\/li>\n<li>12 r\u00e9f\u00e9rences diff\u00e9rentes et 3 mod\u00e8les<\/li>\n<li>Conception selon les standards des salles blanches<\/li>\n<li>Changement de mod\u00e8le simple et rapide<\/li>\n<li>Entretien facile<\/li>\n<\/ul>\n<p>[\/vc_column_text][\/vc_column_inner][\/vc_row_inner][\/vc_column][\/vc_row][vc_row][vc_column][vc_column_text css=\u00a0\u00bb.vc_custom_1463471569550{padding-bottom: 3px !important;padding-left: 15px !important;background-color: #e8e8e8 !important;}\u00a0\u00bb]<\/p>\n<h3><span style=\"color: #e20026; line-height: 35px;\">Machine modulaire sur ligne de d\u00e9tection de fuites pour r\u00e9cipients blow-fill-seal<\/span><\/h3>\n<p>[\/vc_column_text][vc_gallery type=\u00a0\u00bbimage_grid\u00a0\u00bb images=\u00a0\u00bb2770,2772,2778,2777,2578&Prime; el_class=\u00a0\u00bbfoto_margen\u00a0\u00bb][vc_row_inner][vc_column_inner width=\u00a0\u00bb1\/3&Prime;][vc_column_text el_class=\u00a0\u00bbtitle_lineas\u00a0\u00bb]<\/p>\n<h4><span style=\"color: #e20026;\">Configuration de la solution<\/span><\/h4>\n<p>[\/vc_column_text][vc_column_text el_class=\u00a0\u00bbicon_list\u00a0\u00bb]<\/p>\n<ul>\n<li>Le syst\u00e8me LT25 est un syst\u00e8me d&rsquo;indexage lin\u00e9aire avec test de fuite non destructif, pour produits BFS aussi bien petits que grands<\/li>\n<li>Sa conception modulaire en fait une solution flexible qui s&rsquo;adapte parfaitement aux besoins du client.<\/li>\n<li>Les r\u00e9cipients entrent dans la machine sur un tapis convoyeur. Un syst\u00e8me robotis\u00e9 de s\u00e9lection guid\u00e9 par vision charge les r\u00e9cipients BFS sur les dispositifs de test. Une fois charg\u00e9s, un test de fuite par vide est r\u00e9alis\u00e9 pour d\u00e9tecter les fuites \u00e0 n&rsquo;importe quel endroit des r\u00e9cipients. Apr\u00e8s le test, le syst\u00e8me robotis\u00e9 d\u00e9charge les parties bonnes sur le tapis de sortie. Les r\u00e9cipients refus\u00e9s sont \u00e9vacu\u00e9s dans un conteneur s\u00e9par\u00e9.<\/li>\n<\/ul>\n<p>[\/vc_column_text][\/vc_column_inner][vc_column_inner width=\u00a0\u00bb1\/3&Prime;][vc_column_text el_class=\u00a0\u00bbtitle_lineas\u00a0\u00bb]<\/p>\n<h4><span style=\"color: #e20026;\">Processus<\/span><\/h4>\n<p>[\/vc_column_text][vc_column_text el_class=\u00a0\u00bbicon_list\u00a0\u00bb]<\/p>\n<ul>\n<li>Syst\u00e8me valable m\u00eame pour des produits avec de petites variations de forme<\/li>\n<li>Livr\u00e9 avec pi\u00e8ces \u00e9talons pour le calibrage des machines<\/li>\n<li>Grande capacit\u00e9 de d\u00e9tection de fuites. Sa m\u00e9thode \u00e0 deux passages \u00e9vite la pollution des cam\u00e9ras, tandis que les grandes fuites peuvent \u00eatre d\u00e9tect\u00e9es gr\u00e2ce \u00e0 notre module optionnel en ligne de v\u00e9rification par vision<\/li>\n<\/ul>\n<p>[\/vc_column_text][\/vc_column_inner][vc_column_inner width=\u00a0\u00bb1\/3&Prime;][vc_column_text el_class=\u00a0\u00bbtitle_lineas\u00a0\u00bb]<\/p>\n<h4><span style=\"color: #e20026;\">Donn\u00e9es techniques<\/span><\/h4>\n<p>[\/vc_column_text][vc_column_text el_class=\u00a0\u00bbicon_list\u00a0\u00bb]<\/p>\n<ul>\n<li>Grande souplesse<\/li>\n<li>Taille extr\u00eamement compacte<\/li>\n<li>Grande sensibilit\u00e9 de d\u00e9tection des fuites gr\u00e2ce aux t\u00eates d&rsquo;essai fixes<\/li>\n<li>Syst\u00e8me SMED pour changement rapide et facile de tout le module d&rsquo;essai<\/li>\n<li>Syst\u00e8me pilot\u00e9 par d\u00e9tecteur de fuites ATEQ. Certification du calibrage de l&rsquo;\u00e9quipement d&rsquo;essai par COFRAC sur demande.<\/li>\n<li>Fonctions de graphicage sur IHM en temps r\u00e9el pour la validation et le suivi de la production<\/li>\n<\/ul>\n<p>[\/vc_column_text][\/vc_column_inner][\/vc_row_inner][\/vc_column][\/vc_row]<\/p>\n<\/div>","protected":false},"excerpt":{"rendered":"<p>[vc_row][vc_column][vc_column_text el_class=\u00a0\u00bbtitle_lineas\u00a0\u00bb] Produits [\/vc_column_text][vc_row_inner][vc_column_inner width=\u00a0\u00bb1\/2&Prime;][vc_column_text el_class=\u00a0\u00bbicon_list\u00a0\u00bb] Poche de colostomie Dispositif de fixation cath\u00e9ter Dispositif de nettoyage Balai dental de succion Balai dental Bouteille haut vide Flacons st\u00e9riles Tubes de nettoyage du sang [\/vc_column_text][\/vc_column_inner][vc_column_inner width=\u00a0\u00bb1\/2&Prime;][\/vc_column_inner][\/vc_row_inner][\/vc_column][\/vc_row][vc_row][vc_column][vc_column_text css=\u00a0\u00bb.vc_custom_1463471258629{padding-bottom: 3px !important;padding-left: 15px !important;background-color: #e8e8e8 !important;}\u00a0\u00bb] Dispositif de fixation de cath\u00e9ter [\/vc_column_text][vc_row_inner][vc_column_inner][vc_gallery type=\u00a0\u00bbimage_grid\u00a0\u00bb images=\u00a0\u00bb2569,2568,2672&Prime; el_class=\u00a0\u00bbfoto_margen\u00a0\u00bb][\/vc_column_inner][\/vc_row_inner][vc_row_inner][vc_column_inner width=\u00a0\u00bb1\/3&Prime;][vc_column_text el_class=\u00a0\u00bbtitle_lineas\u00a0\u00bb] Configuration de la [&hellip;]<\/p>\n","protected":false},"author":4,"featured_media":0,"parent":3284,"menu_order":0,"comment_status":"closed","ping_status":"closed","template":"sectors.php","meta":{"_lmt_disableupdate":"","_lmt_disable":"","footnotes":""},"yst_prominent_words":[],"class_list":["post-3503","page","type-page","status-publish","hentry"],"acf":[],"_links":{"self":[{"href":"https:\/\/www.mondragon-assembly.com\/fr\/wp-json\/wp\/v2\/pages\/3503","targetHints":{"allow":["GET"]}}],"collection":[{"href":"https:\/\/www.mondragon-assembly.com\/fr\/wp-json\/wp\/v2\/pages"}],"about":[{"href":"https:\/\/www.mondragon-assembly.com\/fr\/wp-json\/wp\/v2\/types\/page"}],"author":[{"embeddable":true,"href":"https:\/\/www.mondragon-assembly.com\/fr\/wp-json\/wp\/v2\/users\/4"}],"replies":[{"embeddable":true,"href":"https:\/\/www.mondragon-assembly.com\/fr\/wp-json\/wp\/v2\/comments?post=3503"}],"version-history":[{"count":1,"href":"https:\/\/www.mondragon-assembly.com\/fr\/wp-json\/wp\/v2\/pages\/3503\/revisions"}],"predecessor-version":[{"id":3505,"href":"https:\/\/www.mondragon-assembly.com\/fr\/wp-json\/wp\/v2\/pages\/3503\/revisions\/3505"}],"up":[{"embeddable":true,"href":"https:\/\/www.mondragon-assembly.com\/fr\/wp-json\/wp\/v2\/pages\/3284"}],"wp:attachment":[{"href":"https:\/\/www.mondragon-assembly.com\/fr\/wp-json\/wp\/v2\/media?parent=3503"}],"wp:term":[{"taxonomy":"yst_prominent_words","embeddable":true,"href":"https:\/\/www.mondragon-assembly.com\/fr\/wp-json\/wp\/v2\/yst_prominent_words?post=3503"}],"curies":[{"name":"wp","href":"https:\/\/api.w.org\/{rel}","templated":true}]}}