{"id":42946,"date":"2021-10-21T17:57:00","date_gmt":"2021-10-21T15:57:00","guid":{"rendered":"https:\/\/www.mondragon-assembly.com\/?page_id=42946"},"modified":"2023-10-06T13:35:31","modified_gmt":"2023-10-06T11:35:31","slug":"rejoignez-nous","status":"publish","type":"page","link":"https:\/\/www.mondragon-assembly.com\/fr\/rejoignez-nous\/","title":{"rendered":"Rejoignez-nous"},"content":{"rendered":"<div class=\"wpb-content-wrapper\"><p>[vc_row full_width=\u00a0\u00bbstretch_row_content_no_spaces\u00a0\u00bb][vc_column][rev_slider_vc alias=\u00a0\u00bbjoin-us-video\u00a0\u00bb][\/vc_column][\/vc_row][vc_row full_width=\u00a0\u00bbstretch_row\u00a0\u00bb css=\u00a0\u00bb.vc_custom_1635321373767{padding-right: 50px !important;padding-left: 50px !important;background-color: #f7f7f7 !important;}\u00a0\u00bb][vc_column][vc_row_inner][vc_column_inner width=\u00a0\u00bb1\/4&Prime;][\/vc_column_inner][vc_column_inner width=\u00a0\u00bb1\/2&Prime;][vc_single_image image=\u00a0\u00bb53294&Prime; img_size=\u00a0\u00bbfull\u00a0\u00bb alignment=\u00a0\u00bbcenter\u00a0\u00bb][\/vc_column_inner][vc_column_inner width=\u00a0\u00bb1\/4&Prime;][\/vc_column_inner][\/vc_row_inner][vc_row_inner][vc_column_inner width=\u00a0\u00bb1\/4&Prime;][\/vc_column_inner][vc_column_inner width=\u00a0\u00bb1\/2&Prime;][vc_column_text]Chez Mondragon Assembly, nous croyons en le talent. Nous travaillons pour et avec les personnes, nous nous engageons envers vous et votre talent.<br \/>\nNotre engagement envers les personnes est r\u00e9el, nous nous engageons \u00e0 assurer votre d\u00e9veloppement professionnel au sein d&rsquo;une entreprise unique qui vous offre de grandes opportunit\u00e9s.[\/vc_column_text][\/vc_column_inner][vc_column_inner width=\u00a0\u00bb1\/4&Prime;][\/vc_column_inner][\/vc_row_inner][\/vc_column][\/vc_row][vc_row full_width=\u00a0\u00bbstretch_row\u00a0\u00bb css=\u00a0\u00bb.vc_custom_1639657531387{padding-right: 50px !important;padding-left: 50px !important;}\u00a0\u00bb][vc_column][vc_row_inner][vc_column_inner width=\u00a0\u00bb1\/4&Prime;][\/vc_column_inner][vc_column_inner width=\u00a0\u00bb1\/2&Prime;][vc_column_text]<\/p>\n<h3 style=\"font-weight: bold;\">VOULEZ-VOUS FAIRE PARTIE DE CETTE AVENTURE ?<\/h3>\n<p>[\/vc_column_text][\/vc_column_inner][vc_column_inner width=\u00a0\u00bb1\/4&Prime;][\/vc_column_inner][\/vc_row_inner][\/vc_column][\/vc_row][vc_row][vc_column][vc_row_inner][vc_column_inner width=\u00a0\u00bb1\/4&Prime;][\/vc_column_inner][vc_column_inner width=\u00a0\u00bb1\/4&Prime;][vc_btn title=\u00a0\u00bbOffres d&#8217;emploi\u00a0\u00bb style=\u00a0\u00bbcustom\u00a0\u00bb custom_background=\u00a0\u00bb#e40521&Prime; custom_text=\u00a0\u00bb#ffffff\u00a0\u00bb align=\u00a0\u00bbcenter\u00a0\u00bb button_block=\u00a0\u00bbtrue\u00a0\u00bb link=\u00a0\u00bburl:https%3A%2F%2Fwww.mondragon-assembly.com%2Ffr%2Foffres-demploi%2F\u00a0\u00bb css=\u00a0\u00bb.vc_custom_1646063191025{padding-right: 20px !important;padding-left: 20px !important;}\u00a0\u00bb][\/vc_column_inner][vc_column_inner width=\u00a0\u00bb1\/4&Prime;][vc_btn title=\u00a0\u00bbStage et projets de fin d&rsquo;\u00e9tudes\u00a0\u00bb style=\u00a0\u00bbcustom\u00a0\u00bb custom_background=\u00a0\u00bb#e40521&Prime; custom_text=\u00a0\u00bb#ffffff\u00a0\u00bb align=\u00a0\u00bbcenter\u00a0\u00bb button_block=\u00a0\u00bbtrue\u00a0\u00bb link=\u00a0\u00bburl:https%3A%2F%2Fmondragonassembly.talentclue.com%2Ffr%2Fnode%2Fadd%2Fcv%2Fjob%2F101368239%2Fcompany%2F29663897%2F%3Fclicked_button%3Dapply_manually|target:_blank\u00a0\u00bb][\/vc_column_inner][vc_column_inner width=\u00a0\u00bb1\/4&Prime;][\/vc_column_inner][\/vc_row_inner][\/vc_column][\/vc_row][vc_row][vc_column][vc_empty_space height=\u00a0\u00bb45px\u00a0\u00bb][\/vc_column][\/vc_row][vc_row][vc_column][vc_text_separator title=\u00a0\u00bbD\u00c9COUVREZ LES PRINCIPAUX EMPLOIS QUI FONT DE NOS PROJETS UNE R\u00c9ALIT\u00c9\u00a0\u00bb el_class=\u00a0\u00bbtitle_gr\u00a0\u00bb css=\u00a0\u00bb.vc_custom_1644233172623{padding-right: 100px !important;padding-left: 100px !important;}\u00a0\u00bb][\/vc_column][\/vc_row][vc_row el_class=\u00a0\u00bbocultar_banner\u00a0\u00bb][vc_column width=\u00a0\u00bb1\/3&Prime;][vc_video link=\u00a0\u00bbhttps:\/\/youtu.be\/cV8H3ACr3qM\u00a0\u00bb][vc_column_text css=\u00a0\u00bb.vc_custom_1645447370098{margin-top: -10px !important;}\u00a0\u00bb]<span style=\"font-weight: bold;\">PROGRAMMEUR.<\/span><br \/>\nInnovation. Orientation client.[\/vc_column_text][\/vc_column][vc_column width=\u00a0\u00bb1\/3&Prime;][vc_video link=\u00a0\u00bbhttps:\/\/youtu.be\/PGNmeLZnbOU\u00a0\u00bb][vc_column_text css=\u00a0\u00bb.vc_custom_1644232592193{margin-top: -10px !important;}\u00a0\u00bb]<span style=\"font-weight: bold;\">DESIGNER.<br \/>\n<\/span>Proactivit\u00e9 et cr\u00e9ativit\u00e9.[\/vc_column_text][\/vc_column][vc_column width=\u00a0\u00bb1\/3&Prime;][vc_video link=\u00a0\u00bbhttps:\/\/youtu.be\/akFcVHNJy6Q\u00a0\u00bb][vc_column_text css=\u00a0\u00bb.vc_custom_1644232609682{margin-top: -10px !important;}\u00a0\u00bb]<span style=\"font-weight: bold;\">ASSEMBLATEUR.<br \/>\n<\/span>Resolutive visi\u00f3n and continuous improvement.[\/vc_column_text][\/vc_column][\/vc_row][vc_row][vc_column][vc_column_text]<\/p>\n<h4>Nous croyons au d\u00e9veloppement personnel. Tous nos postes sont le vivier de talents de nos futurs leaders qui font avancer le projet de Mondragon Assembly.<\/h4>\n<h4 style=\"line-height: 50px;\">Pour que les projets deviennent une r\u00e9alit\u00e9, il est essentiel que d&rsquo;autres postes, en plus de ceux mentionn\u00e9s ci-dessus, collaborent.<\/h4>\n<p>[\/vc_column_text][\/vc_column][\/vc_row][vc_row][vc_column][vc_empty_space height=\u00a0\u00bb45px\u00a0\u00bb][\/vc_column][\/vc_row][vc_row][vc_column][vc_single_image image=\u00a0\u00bb53322&Prime; img_size=\u00a0\u00bbfull\u00a0\u00bb alignment=\u00a0\u00bbcenter\u00a0\u00bb][\/vc_column][\/vc_row][vc_row][vc_column][vc_text_separator title=\u00a0\u00bbGESTION DE PROJET CHEZ MONDRAGON ASSEMBLY\u00a0\u00bb el_class=\u00a0\u00bbtitle_gr\u00a0\u00bb][\/vc_column][\/vc_row][vc_row][vc_column][vc_column_text css=\u00a0\u00bb.vc_custom_1644232772032{margin-top: -30px !important;}\u00a0\u00bb]<\/p>\n<h3 style=\"text-align: center;\">Voici comment nous proc\u00e9dons<\/h3>\n<p>[\/vc_column_text][\/vc_column][\/vc_row][vc_row][vc_column][vc_single_image image=\u00a0\u00bb53336&Prime; img_size=\u00a0\u00bbfull\u00a0\u00bb alignment=\u00a0\u00bbcenter\u00a0\u00bb css_animation=\u00a0\u00bbfadeIn\u00a0\u00bb][\/vc_column][\/vc_row][vc_row][vc_column][vc_text_separator title=\u00a0\u00bbNOS PERSONNES\u00a0\u00bb el_class=\u00a0\u00bbtitle_gr\u00a0\u00bb][\/vc_column][\/vc_row][vc_row][vc_column][rev_slider_vc alias=\u00a0\u00bbour-people-fr\u00a0\u00bb][\/vc_column][\/vc_row][vc_row gap=\u00a0\u00bb30&Prime; css=\u00a0\u00bb.vc_custom_1637836480076{margin-top: 25px !important;padding-right: 50px !important;padding-bottom: 20px !important;padding-left: 50px !important;background-color: #f7f7f7 !important;}\u00a0\u00bb][vc_column width=\u00a0\u00bb1\/2&Prime;][vc_single_image image=\u00a0\u00bb52289&Prime; img_size=\u00a0\u00bbfull\u00a0\u00bb onclick=\u00a0\u00bbcustom_link\u00a0\u00bb css=\u00a0\u00bb.vc_custom_1646063198648{border-top-width: 3px !important;border-right-width: 3px !important;border-bottom-width: 3px !important;border-left-width: 3px !important;border-left-color: #fce3e9 !important;border-left-style: solid !important;border-right-color: #fce3e9 !important;border-right-style: solid !important;border-top-color: #fce3e9 !important;border-top-style: solid !important;border-bottom-color: #fce3e9 !important;border-bottom-style: solid !important;}\u00a0\u00bb link=\u00a0\u00bbhttps:\/\/www.mondragon-assembly.com\/fr\/offres-demploi\/\u00a0\u00bb][vc_custom_heading text=\u00a0\u00bbOFFRES D&rsquo;EMPLOI\u00a0\u00bb font_container=\u00a0\u00bbtag:h3|text_align:left\u00a0\u00bb google_fonts=\u00a0\u00bbfont_family:Roboto%3A100%2C100italic%2C300%2C300italic%2Cregular%2Citalic%2C500%2C500italic%2C700%2C700italic%2C900%2C900italic|font_style:700%20bold%20regular%3A700%3Anormal\u00a0\u00bb el_class=\u00a0\u00bblinea_inferior_title\u00a0\u00bb link=\u00a0\u00bburl:https%3A%2F%2Fwww.mondragon-assembly.com%2Ffr%2Foffres-demploi%2F\u00a0\u00bb][\/vc_column][vc_column width=\u00a0\u00bb1\/2&Prime;][vc_single_image image=\u00a0\u00bb52281&Prime; img_size=\u00a0\u00bbfull\u00a0\u00bb onclick=\u00a0\u00bbcustom_link\u00a0\u00bb img_link_target=\u00a0\u00bb_blank\u00a0\u00bb css=\u00a0\u00bb.vc_custom_1696592123759{border-top-width: 3px !important;border-right-width: 3px !important;border-bottom-width: 3px !important;border-left-width: 3px !important;border-left-color: #fce3e9 !important;border-left-style: solid !important;border-right-color: #fce3e9 !important;border-right-style: solid !important;border-top-color: #fce3e9 !important;border-top-style: solid !important;border-bottom-color: #fce3e9 !important;border-bottom-style: solid !important;}\u00a0\u00bb link=\u00a0\u00bbhttps:\/\/mondragonassembly.talentclue.com\/fr\/node\/add\/cv\/job\/101368239\/company\/29663897\/?clicked_button=apply_manually\u00a0\u00bb][vc_custom_heading text=\u00a0\u00bbSTAGE ET PROJETS DE FIN D&rsquo;\u00c9TUDES\u00a0\u00bb font_container=\u00a0\u00bbtag:h3|text_align:left\u00a0\u00bb google_fonts=\u00a0\u00bbfont_family:Roboto%3A100%2C100italic%2C300%2C300italic%2Cregular%2Citalic%2C500%2C500italic%2C700%2C700italic%2C900%2C900italic|font_style:700%20bold%20regular%3A700%3Anormal\u00a0\u00bb el_class=\u00a0\u00bblinea_inferior_title\u00a0\u00bb link=\u00a0\u00bburl:https%3A%2F%2Fmondragonassembly.talentclue.com%2Ffr%2Fnode%2Fadd%2Fcv%2Fjob%2F101368239%2Fcompany%2F29663897%2F%3Fclicked_button%3Dapply_manually|target:_blank\u00a0\u00bb][\/vc_column][\/vc_row]<\/p>\n<\/div>","protected":false},"excerpt":{"rendered":"<p>[vc_row full_width=\u00a0\u00bbstretch_row_content_no_spaces\u00a0\u00bb][vc_column][rev_slider_vc alias=\u00a0\u00bbjoin-us-video\u00a0\u00bb][\/vc_column][\/vc_row][vc_row full_width=\u00a0\u00bbstretch_row\u00a0\u00bb css=\u00a0\u00bb.vc_custom_1635321373767{padding-right: 50px !important;padding-left: 50px !important;background-color: #f7f7f7 !important;}\u00a0\u00bb][vc_column][vc_row_inner][vc_column_inner width=\u00a0\u00bb1\/4&Prime;][\/vc_column_inner][vc_column_inner width=\u00a0\u00bb1\/2&Prime;][vc_single_image image=\u00a0\u00bb53294&Prime; img_size=\u00a0\u00bbfull\u00a0\u00bb alignment=\u00a0\u00bbcenter\u00a0\u00bb][\/vc_column_inner][vc_column_inner width=\u00a0\u00bb1\/4&Prime;][\/vc_column_inner][\/vc_row_inner][vc_row_inner][vc_column_inner width=\u00a0\u00bb1\/4&Prime;][\/vc_column_inner][vc_column_inner width=\u00a0\u00bb1\/2&Prime;][vc_column_text]Chez Mondragon Assembly, nous croyons en le talent. Nous travaillons pour et avec les personnes, nous nous engageons envers vous et votre talent. Notre engagement envers les personnes est r\u00e9el, nous nous engageons \u00e0 assurer votre d\u00e9veloppement [&hellip;]<\/p>\n","protected":false},"author":4,"featured_media":15775,"parent":0,"menu_order":0,"comment_status":"closed","ping_status":"closed","template":"sectors.php","meta":{"_lmt_disableupdate":"","_lmt_disable":"","footnotes":""},"yst_prominent_words":[230,233,234,2120,2125,2126,2130,2238,2276,2885],"class_list":["post-42946","page","type-page","status-publish","has-post-thumbnail","hentry"],"acf":[],"_links":{"self":[{"href":"https:\/\/www.mondragon-assembly.com\/fr\/wp-json\/wp\/v2\/pages\/42946","targetHints":{"allow":["GET"]}}],"collection":[{"href":"https:\/\/www.mondragon-assembly.com\/fr\/wp-json\/wp\/v2\/pages"}],"about":[{"href":"https:\/\/www.mondragon-assembly.com\/fr\/wp-json\/wp\/v2\/types\/page"}],"author":[{"embeddable":true,"href":"https:\/\/www.mondragon-assembly.com\/fr\/wp-json\/wp\/v2\/users\/4"}],"replies":[{"embeddable":true,"href":"https:\/\/www.mondragon-assembly.com\/fr\/wp-json\/wp\/v2\/comments?post=42946"}],"version-history":[{"count":38,"href":"https:\/\/www.mondragon-assembly.com\/fr\/wp-json\/wp\/v2\/pages\/42946\/revisions"}],"predecessor-version":[{"id":65507,"href":"https:\/\/www.mondragon-assembly.com\/fr\/wp-json\/wp\/v2\/pages\/42946\/revisions\/65507"}],"wp:featuredmedia":[{"embeddable":true,"href":"https:\/\/www.mondragon-assembly.com\/fr\/wp-json\/wp\/v2\/media\/15775"}],"wp:attachment":[{"href":"https:\/\/www.mondragon-assembly.com\/fr\/wp-json\/wp\/v2\/media?parent=42946"}],"wp:term":[{"taxonomy":"yst_prominent_words","embeddable":true,"href":"https:\/\/www.mondragon-assembly.com\/fr\/wp-json\/wp\/v2\/yst_prominent_words?post=42946"}],"curies":[{"name":"wp","href":"https:\/\/api.w.org\/{rel}","templated":true}]}}