{"id":66926,"date":"2022-01-10T13:30:56","date_gmt":"2022-01-10T11:30:56","guid":{"rendered":"https:\/\/www.mondragon-assembly.com\/?page_id=66926"},"modified":"2024-10-10T11:09:27","modified_gmt":"2024-10-10T09:09:27","slug":"mts-eca-la-meilleure-solution-pour-les-connexions-de-cellules-hjt","status":"publish","type":"page","link":"https:\/\/www.mondragon-assembly.com\/fr\/solar-automation-solutions\/equipement-individuel-2\/tabber-and-stringer\/mts-eca-la-meilleure-solution-pour-les-connexions-de-cellules-hjt\/","title":{"rendered":"MTS ECA: La meilleure solution pour les connexions de cellules HJT"},"content":{"rendered":"<div class=\"wpb-content-wrapper\"><p>[vc_row][vc_column][vc_column_text]Tabber &amp; Stringer \u00e0 grande vitesse avec une capacit\u00e9 de 1600 cellules\/heure.[\/vc_column_text][\/vc_column][\/vc_row][vc_row][vc_column][vc_single_image image=\u00a0\u00bb52625&Prime; img_size=\u00a0\u00bbfull\u00a0\u00bb alignment=\u00a0\u00bbcenter\u00a0\u00bb style=\u00a0\u00bbvc_box_outline\u00a0\u00bb css_animation=\u00a0\u00bbfadeIn\u00a0\u00bb][\/vc_column][\/vc_row][vc_row full_width=\u00a0\u00bbstretch_row_content\u00a0\u00bb css=\u00a0\u00bb.vc_custom_1705577278886{padding-right: 70px !important;padding-left: 70px !important;}\u00a0\u00bb][vc_column width=\u00a0\u00bb1\/6&Prime;][vc_row_inner][vc_column_inner width=\u00a0\u00bb1\/4&Prime; css=\u00a0\u00bb.vc_custom_1619414773728{padding-right: 0px !important;}\u00a0\u00bb offset=\u00a0\u00bbvc_col-xs-3&Prime;][vc_single_image image=\u00a0\u00bb22016&Prime; img_size=\u00a0\u00bbfull\u00a0\u00bb][\/vc_column_inner][vc_column_inner width=\u00a0\u00bb3\/4&Prime; css=\u00a0\u00bb.vc_custom_1619414782465{padding-left: 3px !important;}\u00a0\u00bb offset=\u00a0\u00bbvc_col-xs-9&Prime;][vc_column_text]<\/p>\n<h4><strong>1600 cellules\/heure <\/strong><\/h4>\n<p>[\/vc_column_text][\/vc_column_inner][\/vc_row_inner][\/vc_column][vc_column width=\u00a0\u00bb1\/6&Prime;][vc_row_inner][vc_column_inner width=\u00a0\u00bb1\/4&Prime; css=\u00a0\u00bb.vc_custom_1619414817940{padding-right: 0px !important;}\u00a0\u00bb offset=\u00a0\u00bbvc_col-xs-3&Prime;][vc_single_image image=\u00a0\u00bb22276&Prime; img_size=\u00a0\u00bbfull\u00a0\u00bb][\/vc_column_inner][vc_column_inner width=\u00a0\u00bb3\/4&Prime; css=\u00a0\u00bb.vc_custom_1619414825937{padding-left: 3px !important;}\u00a0\u00bb offset=\u00a0\u00bbvc_col-xs-9&Prime;][vc_column_text css=\u00a0\u00bb\u00a0\u00bb]<\/p>\n<h4>Jusqu&rsquo;\u00e0 22BB<\/h4>\n<p>[\/vc_column_text][\/vc_column_inner][\/vc_row_inner][\/vc_column][vc_column width=\u00a0\u00bb1\/6&Prime;][vc_row_inner css=\u00a0\u00bb.vc_custom_1561537027700{padding-left: 0px !important;}\u00a0\u00bb][vc_column_inner width=\u00a0\u00bb1\/4&Prime; css=\u00a0\u00bb.vc_custom_1619414832767{padding-right: 0px !important;}\u00a0\u00bb offset=\u00a0\u00bbvc_col-xs-3&Prime;][vc_single_image image=\u00a0\u00bb22267&Prime; img_size=\u00a0\u00bbfull\u00a0\u00bb][\/vc_column_inner][vc_column_inner width=\u00a0\u00bb3\/4&Prime; css=\u00a0\u00bb.vc_custom_1620117252978{padding-left: 3px !important;}\u00a0\u00bb offset=\u00a0\u00bbvc_col-xs-9&Prime;][vc_column_text]<\/p>\n<h4><strong>Voie unique <\/strong><\/h4>\n<p>[\/vc_column_text][\/vc_column_inner][\/vc_row_inner][\/vc_column][vc_column width=\u00a0\u00bb1\/6&Prime;][vc_row_inner][vc_column_inner width=\u00a0\u00bb1\/4&Prime; css=\u00a0\u00bb.vc_custom_1619414773728{padding-right: 0px !important;}\u00a0\u00bb offset=\u00a0\u00bbvc_col-xs-3&Prime;][vc_single_image image=\u00a0\u00bb22258&Prime; img_size=\u00a0\u00bbfull\u00a0\u00bb][\/vc_column_inner][vc_column_inner width=\u00a0\u00bb3\/4&Prime; css=\u00a0\u00bb.vc_custom_1619414782465{padding-left: 3px !important;}\u00a0\u00bb offset=\u00a0\u00bbvc_col-xs-9&Prime;][vc_column_text]<\/p>\n<h4>Convient pour<br \/>\ncellules coup\u00e9es<\/h4>\n<p>[\/vc_column_text][\/vc_column_inner][\/vc_row_inner][\/vc_column][vc_column width=\u00a0\u00bb1\/6&Prime;][vc_row_inner][vc_column_inner width=\u00a0\u00bb1\/5&Prime; css=\u00a0\u00bb.vc_custom_1619414773728{padding-right: 0px !important;}\u00a0\u00bb offset=\u00a0\u00bbvc_col-xs-3&Prime;][vc_single_image image=\u00a0\u00bb52641&Prime; img_size=\u00a0\u00bbfull\u00a0\u00bb][\/vc_column_inner][vc_column_inner width=\u00a0\u00bb4\/5&Prime; css=\u00a0\u00bb.vc_custom_1619414782465{padding-left: 3px !important;}\u00a0\u00bb offset=\u00a0\u00bbvc_col-xs-9&Prime;][vc_column_text]<\/p>\n<h4>Proc\u00e9d\u00e9 brevet\u00e9 d&rsquo;enfilage en continu<\/h4>\n<p>[\/vc_column_text][\/vc_column_inner][\/vc_row_inner][\/vc_column][vc_column width=\u00a0\u00bb1\/6&Prime;][vc_row_inner][vc_column_inner width=\u00a0\u00bb1\/5&Prime; css=\u00a0\u00bb.vc_custom_1619414773728{padding-right: 0px !important;}\u00a0\u00bb offset=\u00a0\u00bbvc_col-xs-3&Prime;][vc_single_image image=\u00a0\u00bb66859&Prime; img_size=\u00a0\u00bbfull\u00a0\u00bb][\/vc_column_inner][vc_column_inner width=\u00a0\u00bb4\/5&Prime; css=\u00a0\u00bb.vc_custom_1619414782465{padding-left: 3px !important;}\u00a0\u00bb offset=\u00a0\u00bbvc_col-xs-9&Prime;][vc_column_text]<\/p>\n<h4>\u00c9volutif vers<br \/>\nle soudage<\/h4>\n<p>[\/vc_column_text][\/vc_column_inner][\/vc_row_inner][\/vc_column][\/vc_row][vc_row full_width=\u00a0\u00bbstretch_row_content\u00a0\u00bb][vc_column width=\u00a0\u00bb1\/5&Prime;][\/vc_column][vc_column width=\u00a0\u00bb2\/5&Prime;][vc_column_text]<\/p>\n<h3><span style=\"color: #e20026;\"><img decoding=\"async\" class=\"alignnone size-full wp-image-22215\" src=\"https:\/\/www.mondragon-assembly.com\/wp-content\/uploads\/2019\/06\/icon-description.jpg\" alt=\"\" width=\"41\" height=\"41\" \/> Description<\/span><\/h3>\n<p>[\/vc_column_text][vc_column_text]<\/p>\n<ul>\n<li>Connexions pr\u00e9cises des cellules gr\u00e2ce \u00e0 l&rsquo;adh\u00e9sif<br \/>\nconducteur \u00e9lectrique (ECA).<\/li>\n<li>Pr\u00eat pour une mise \u00e0 niveau facile de l&rsquo;ECA vers le<br \/>\ncordon de soudure.<\/li>\n<\/ul>\n<p>[\/vc_column_text][\/vc_column][vc_column width=\u00a0\u00bb2\/5&Prime;][vc_column_text]<\/p>\n<h3><span style=\"color: #e20026;\"><img decoding=\"async\" class=\"alignnone wp-image-22325 size-full\" src=\"https:\/\/www.mondragon-assembly.com\/wp-content\/uploads\/2019\/06\/icon-advantages.jpg\" alt=\"\" width=\"41\" height=\"41\" \/> Avantages<\/span><\/h3>\n<p>[\/vc_column_text][vc_column_text el_class=\u00a0\u00bbicon_list\u00a0\u00bb]<\/p>\n<ul>\n<li>Contr\u00f4le par vision de la position et de la qualit\u00e9 des<br \/>\ncellules afin d&rsquo;augmenter le temps de fonctionnement<br \/>\nde la machine et de r\u00e9duire les erreurs de qualit\u00e9 et leurs<br \/>\ncons\u00e9quences<\/li>\n<li>Technologie de distribution contr\u00f4l\u00e9e et syst\u00e8me<br \/>\nd&rsquo;autocorrection<\/li>\n<li>Adaptation facile aux cha\u00eenes de soudure<\/li>\n<li>Int\u00e9gration facile avec le syst\u00e8me MES<\/li>\n<li>Encombrement r\u00e9duit dans l&rsquo;usine<\/li>\n<li>Contr\u00f4le du temps pour l&rsquo;autodiagnostic<\/li>\n<li>Conception modulaire avec plusieurs options<\/li>\n<li>Proc\u00e9d\u00e9 brevet\u00e9 d&rsquo;enfilage en continu<\/li>\n<\/ul>\n<p>[\/vc_column_text][\/vc_column][\/vc_row][vc_row full_width=\u00a0\u00bbstretch_row_content\u00a0\u00bb][vc_column width=\u00a0\u00bb1\/5&Prime;][\/vc_column][vc_column width=\u00a0\u00bb2\/5&Prime;][vc_column_text]<\/p>\n<h3><span style=\"color: #e20026;\"><img decoding=\"async\" class=\"alignnone wp-image-22233 size-full\" src=\"https:\/\/www.mondragon-assembly.com\/wp-content\/uploads\/2019\/06\/icon-main-features.jpg\" alt=\"\" width=\"41\" height=\"41\" \/> Caract\u00e9ristiques principales:<\/span><\/h3>\n<p>[\/vc_column_text][vc_column_text css=\u00a0\u00bb\u00a0\u00bb el_class=\u00a0\u00bbicon_list\u00a0\u00bb]<\/p>\n<ul>\n<li>Durcissement : Plaques chauffantes par le bas et chauffage IR<\/li>\n<li>optionnel par le haut par le haut<\/li>\n<li>Syst\u00e8mes anti-cambre pour am\u00e9liorer la rectitude<br \/>\nde l&rsquo;onglet<\/li>\n<li>Flexibilit\u00e9 pour pouvoir traiter diff\u00e9rents mod\u00e8les<br \/>\net dimensions de cellules mod\u00e8les et dimensions de<br \/>\ncellules avec un temps de changement minimal<\/li>\n<li>Technologie de dosage pr\u00e9cis pour l&rsquo;avant et l&rsquo;arri\u00e8re de la cellule<\/li>\n<li>Contr\u00f4le de la position et de la qualit\u00e9 par vision de la cellule.<br \/>\nArr\u00eat automatique en cas de arr\u00eat automatique en cas de<br \/>\nd\u00e9tection d&rsquo;une rupture, assistance pour les alignements<\/li>\n<li>Contr\u00f4le de la temp\u00e9rature de la cellule en plusieurs \u00e9tapes<\/li>\n<li>Rupture &lt; 0.2 %<\/li>\n<li>Disponibilit\u00e9 (VDI 3423) &gt; 95<\/li>\n<\/ul>\n<p>[\/vc_column_text][\/vc_column][vc_column width=\u00a0\u00bb2\/5&Prime;][vc_column_text]<\/p>\n<h3><span style=\"color: #e20026;\"><img decoding=\"async\" class=\"alignnone wp-image-25046 size-full\" src=\"https:\/\/www.mondragon-assembly.com\/wp-content\/uploads\/2020\/10\/icon-module-technology.jpg\" alt=\"\" width=\"41\" height=\"41\" \/> Technologies de module<\/span><\/h3>\n<p>[\/vc_column_text][vc_column_text css=\u00a0\u00bb\u00a0\u00bb el_class=\u00a0\u00bbicon_list\u00a0\u00bb]<\/p>\n<ul>\n<li>Taille des cellules jusqu&rsquo;\u00e0 M12+<\/li>\n<li>Jusqu&rsquo;\u00e0 22BB<\/li>\n<li>Ruban plat ou fil rond<\/li>\n<li>Convient aux cellules coup\u00e9es<\/li>\n<li>Types de cellules : HJT, Tandem, Perovskites<\/li>\n<li>Convient aux modules BIPV<\/li>\n<\/ul>\n<p>[\/vc_column_text][\/vc_column][\/vc_row]<\/p>\n<\/div>","protected":false},"excerpt":{"rendered":"<p>[vc_row][vc_column][vc_column_text]Tabber &amp; Stringer \u00e0 grande vitesse avec une capacit\u00e9 de 1600 cellules\/heure.[\/vc_column_text][\/vc_column][\/vc_row][vc_row][vc_column][vc_single_image image=\u00a0\u00bb52625&Prime; img_size=\u00a0\u00bbfull\u00a0\u00bb alignment=\u00a0\u00bbcenter\u00a0\u00bb style=\u00a0\u00bbvc_box_outline\u00a0\u00bb css_animation=\u00a0\u00bbfadeIn\u00a0\u00bb][\/vc_column][\/vc_row][vc_row full_width=\u00a0\u00bbstretch_row_content\u00a0\u00bb css=\u00a0\u00bb.vc_custom_1705577278886{padding-right: 70px !important;padding-left: 70px !important;}\u00a0\u00bb][vc_column width=\u00a0\u00bb1\/6&Prime;][vc_row_inner][vc_column_inner width=\u00a0\u00bb1\/4&Prime; css=\u00a0\u00bb.vc_custom_1619414773728{padding-right: 0px !important;}\u00a0\u00bb offset=\u00a0\u00bbvc_col-xs-3&Prime;][vc_single_image image=\u00a0\u00bb22016&Prime; img_size=\u00a0\u00bbfull\u00a0\u00bb][\/vc_column_inner][vc_column_inner width=\u00a0\u00bb3\/4&Prime; css=\u00a0\u00bb.vc_custom_1619414782465{padding-left: 3px !important;}\u00a0\u00bb offset=\u00a0\u00bbvc_col-xs-9&Prime;][vc_column_text] 1600 cellules\/heure [\/vc_column_text][\/vc_column_inner][\/vc_row_inner][\/vc_column][vc_column width=\u00a0\u00bb1\/6&Prime;][vc_row_inner][vc_column_inner width=\u00a0\u00bb1\/4&Prime; css=\u00a0\u00bb.vc_custom_1619414817940{padding-right: 0px !important;}\u00a0\u00bb offset=\u00a0\u00bbvc_col-xs-3&Prime;][vc_single_image image=\u00a0\u00bb22276&Prime; img_size=\u00a0\u00bbfull\u00a0\u00bb][\/vc_column_inner][vc_column_inner width=\u00a0\u00bb3\/4&Prime; css=\u00a0\u00bb.vc_custom_1619414825937{padding-left: 3px !important;}\u00a0\u00bb offset=\u00a0\u00bbvc_col-xs-9&Prime;][vc_column_text css=\u00a0\u00bb\u00a0\u00bb] Jusqu&rsquo;\u00e0 22BB [&hellip;]<\/p>\n","protected":false},"author":4,"featured_media":0,"parent":27020,"menu_order":0,"comment_status":"closed","ping_status":"closed","template":"sectors.php","meta":{"_lmt_disableupdate":"","_lmt_disable":"","footnotes":""},"yst_prominent_words":[],"class_list":["post-66926","page","type-page","status-publish","hentry"],"acf":[],"_links":{"self":[{"href":"https:\/\/www.mondragon-assembly.com\/fr\/wp-json\/wp\/v2\/pages\/66926","targetHints":{"allow":["GET"]}}],"collection":[{"href":"https:\/\/www.mondragon-assembly.com\/fr\/wp-json\/wp\/v2\/pages"}],"about":[{"href":"https:\/\/www.mondragon-assembly.com\/fr\/wp-json\/wp\/v2\/types\/page"}],"author":[{"embeddable":true,"href":"https:\/\/www.mondragon-assembly.com\/fr\/wp-json\/wp\/v2\/users\/4"}],"replies":[{"embeddable":true,"href":"https:\/\/www.mondragon-assembly.com\/fr\/wp-json\/wp\/v2\/comments?post=66926"}],"version-history":[{"count":11,"href":"https:\/\/www.mondragon-assembly.com\/fr\/wp-json\/wp\/v2\/pages\/66926\/revisions"}],"predecessor-version":[{"id":71894,"href":"https:\/\/www.mondragon-assembly.com\/fr\/wp-json\/wp\/v2\/pages\/66926\/revisions\/71894"}],"up":[{"embeddable":true,"href":"https:\/\/www.mondragon-assembly.com\/fr\/wp-json\/wp\/v2\/pages\/27020"}],"wp:attachment":[{"href":"https:\/\/www.mondragon-assembly.com\/fr\/wp-json\/wp\/v2\/media?parent=66926"}],"wp:term":[{"taxonomy":"yst_prominent_words","embeddable":true,"href":"https:\/\/www.mondragon-assembly.com\/fr\/wp-json\/wp\/v2\/yst_prominent_words?post=66926"}],"curies":[{"name":"wp","href":"https:\/\/api.w.org\/{rel}","templated":true}]}}