{"id":12640,"date":"2016-05-26T08:17:37","date_gmt":"2016-05-26T07:17:37","guid":{"rendered":"https:\/\/www.mondragon-assembly.com\/pt-br\/?page_id=12640"},"modified":"2016-06-27T10:09:55","modified_gmt":"2016-06-27T08:09:55","slug":"politika-de-cookies","status":"publish","type":"page","link":"https:\/\/www.mondragon-assembly.com\/pt-br\/politika-de-cookies\/","title":{"rendered":"Pol\u00edtika de cookies"},"content":{"rendered":"<div class=\"wpb-content-wrapper\"><p>[vc_row][vc_column][vc_separator][vc_column_text]<\/p>\n<p><strong>INFORMA\u00c7\u00c3O \u00daTIL SOBRE O USO DE COOKIES NESTE SITE DA WEB<\/strong><\/p>\n<p>Em conformidade com o estabelecido no artigo 22.2 da Lei de Servi\u00e7os da Sociedade da Informa\u00e7\u00e3o e do Com\u00e9rcio Eletr\u00f4nico (LSSI) e em adequa\u00e7\u00e3o com a diretiva europeia 2009\/136\/CE, a MONDRAGON ASSEMBLY, S.COOP. informa-o de que este site da Web aceita o uso de cookies.<\/p>\n<h4><span style=\"text-decoration: underline; color: #e20026;\">O que s\u00e3o os cookies?<\/span><\/h4>\n<p>Um cookie \u00e9 um pequeno arquivo de texto que armazena informa\u00e7\u00f5es \u00fateis no disco r\u00edgido do seu computador. Cada vez que voc\u00ea visitar este site da Web, nosso servidor reconhecer\u00e1 o cookie e nos fornecer\u00e1 informa\u00e7\u00f5es sobre sua \u00faltima visita.<\/p>\n<h4><span style=\"text-decoration: underline; color: #e20026;\">\u00c9 poss\u00edvel evitar o armazenamento de cookies no meu computador?<\/span><\/h4>\n<p>A maioria dos navegadores aceita o uso de cookies automaticamente. Por\u00e9m, voc\u00ea pode alterar a configura\u00e7\u00e3o do navegador de forma a impedir isso.<\/p>\n<h4><span style=\"text-decoration: underline;\"><span style=\"color: #e20026; text-decoration: underline;\">Qual \u00e9 o tipo de cookies usado por este site da Web?<\/span><\/span><\/h4>\n<p>A MONDRAGON ASSEMBLY, S.COOP. usa, em particular, os seguintes cookies:<\/p>\n<p><strong>Cookies de an\u00e1lise<\/strong> \u2013 Os cookies de an\u00e1lise coletam informa\u00e7\u00f5es para avaliar o uso que voc\u00ea faz da Web e a atividade geral da mesma. A an\u00e1lise da Web constitui a medida, coleta, an\u00e1lise e cria\u00e7\u00e3o de relat\u00f3rios dos dados da Internet com a finalidade de compreender e otimizar o uso do site da Web. Este tipo de cookies \u00e9 usado no dom\u00ednio &#8220;mondragon-assembly.com&#8221;.<\/p>\n<p><strong>Cookies de redes sociais<\/strong> \u2013 Os cookies de redes sociais s\u00e3o necess\u00e1rios para as redes sociais externas (Facebook, Google e Twitter). Sua fun\u00e7\u00e3o \u00e9 controlar a intera\u00e7\u00e3o com os widgets sociais dentro da p\u00e1gina. Este tipo de cookies \u00e9 usado nos dom\u00ednios &#8220;facebook.com&#8221;, &#8220;google.com&#8221; e &#8220;twitter.com&#8221;.<\/p>\n<p><strong>Cookies t\u00e9cnicos<\/strong> \u2013 Os cookies t\u00e9cnicos s\u00e3o os cookies estritamente necess\u00e1rios para o uso deste site da Web. Este tipo de cookies \u00e9 usado no dom\u00ednio &#8220;mondragon-assembly.com&#8221;.<\/p>\n<p><strong>Cookies funcionais<\/strong> \u2013 Os cookies funcionais s\u00e3o estritamente necess\u00e1rios para proporcionar os servi\u00e7os solicitados pelos usu\u00e1rios neste site da Web. Este tipo de cookies \u00e9 usado no dom\u00ednio &#8220;mondragon-assembly.com&#8221;.<\/p>\n<p>Se a qualquer momento voc\u00ea desejar realizar algum coment\u00e1rio ou solicitar mais informa\u00e7\u00f5es sobre o uso de cookies no nosso site da Web, envie-nos uma notifica\u00e7\u00e3o por email para o endere\u00e7o <a href=\"mailto:info@mondragon-assembly.com\">info@mondragon-assembly.com<\/a><span style=\"line-height: 1.5;\">[\/vc_column_text][\/vc_column][\/vc_row]<\/span><\/p>\n<\/div>","protected":false},"excerpt":{"rendered":"<p>[vc_row][vc_column][vc_separator][vc_column_text] INFORMA\u00c7\u00c3O \u00daTIL SOBRE O USO DE COOKIES NESTE SITE DA WEB Em conformidade com o estabelecido no artigo 22.2 da Lei de Servi\u00e7os da Sociedade da Informa\u00e7\u00e3o e do Com\u00e9rcio Eletr\u00f4nico (LSSI) e em adequa\u00e7\u00e3o com a diretiva europeia 2009\/136\/CE, a MONDRAGON ASSEMBLY, S.COOP. informa-o de que este site da Web aceita o uso [&hellip;]<\/p>\n","protected":false},"author":4,"featured_media":0,"parent":0,"menu_order":0,"comment_status":"closed","ping_status":"closed","template":"sectors.php","meta":{"_lmt_disableupdate":"","_lmt_disable":"","footnotes":""},"yst_prominent_words":[],"class_list":["post-12640","page","type-page","status-publish","hentry"],"acf":[],"_links":{"self":[{"href":"https:\/\/www.mondragon-assembly.com\/pt-br\/wp-json\/wp\/v2\/pages\/12640","targetHints":{"allow":["GET"]}}],"collection":[{"href":"https:\/\/www.mondragon-assembly.com\/pt-br\/wp-json\/wp\/v2\/pages"}],"about":[{"href":"https:\/\/www.mondragon-assembly.com\/pt-br\/wp-json\/wp\/v2\/types\/page"}],"author":[{"embeddable":true,"href":"https:\/\/www.mondragon-assembly.com\/pt-br\/wp-json\/wp\/v2\/users\/4"}],"replies":[{"embeddable":true,"href":"https:\/\/www.mondragon-assembly.com\/pt-br\/wp-json\/wp\/v2\/comments?post=12640"}],"version-history":[{"count":1,"href":"https:\/\/www.mondragon-assembly.com\/pt-br\/wp-json\/wp\/v2\/pages\/12640\/revisions"}],"predecessor-version":[{"id":12650,"href":"https:\/\/www.mondragon-assembly.com\/pt-br\/wp-json\/wp\/v2\/pages\/12640\/revisions\/12650"}],"wp:attachment":[{"href":"https:\/\/www.mondragon-assembly.com\/pt-br\/wp-json\/wp\/v2\/media?parent=12640"}],"wp:term":[{"taxonomy":"yst_prominent_words","embeddable":true,"href":"https:\/\/www.mondragon-assembly.com\/pt-br\/wp-json\/wp\/v2\/yst_prominent_words?post=12640"}],"curies":[{"name":"wp","href":"https:\/\/api.w.org\/{rel}","templated":true}]}}