{"id":12659,"date":"2016-05-26T08:17:09","date_gmt":"2016-05-26T06:17:09","guid":{"rendered":"https:\/\/www.mondragon-assembly.com\/pt-br\/?page_id=12659"},"modified":"2016-06-27T11:17:56","modified_gmt":"2016-06-27T09:17:56","slug":"politica-de-privacidade","status":"publish","type":"page","link":"https:\/\/www.mondragon-assembly.com\/pt-br\/politica-de-privacidade\/","title":{"rendered":"Pol\u00edtica de privacidade"},"content":{"rendered":"<div class=\"wpb-content-wrapper\"><p>[vc_row][vc_column][vc_separator][vc_column_text]<span style=\"text-decoration: underline; color: #e20026;\">PROTE\u00c7\u00c3O DOS DADOS PESSOAIS<\/span><br \/>\nA p\u00e1gina da Web da Mondragon Assembly S.Coop. n\u00e3o permite a coleta de quaisquer dados pessoais sem o seu conhecimento, nem os cede a terceiros.<\/p>\n<p><span style=\"text-decoration: underline; color: #e20026;\">CONTATOS<\/span><br \/>\nNa Mondragon Assembly S.Coop., preocupamo-nos particularmente com a seguran\u00e7a e a garantia de confidencialidade dos dados indicados pelos nossos clientes\/usu\u00e1rios. Por isso, garantimos a seguran\u00e7a e confidencialidade das informa\u00e7\u00f5es que nos s\u00e3o fornecidas.<br \/>\nOs dados de car\u00e1ter pessoal fornecidos por email atrav\u00e9s do formul\u00e1rio dispon\u00edvel na se\u00e7\u00e3o Contatos n\u00e3o ficam registrados em arquivos nem em nenhum banco de dados, sendo coletados com a exclusiva finalidade de dar resposta a uma solicita\u00e7\u00e3o.<br \/>\nEm conformidade com o artigo 4 da Lei org\u00e2nica 15\/1999 de 13 de dezembro da Prote\u00e7\u00e3o de Dados de Car\u00e1ter Pessoal (LOPD), esses dados ser\u00e3o cancelados assim que a sua finalidade tenha sido cumprida.<\/p>\n<p><span style=\"text-decoration: underline; color: #e20026;\">V\u00cdNCULOS<\/span><br \/>\nA Pol\u00edtica de Privacidade aqui descrita aplica-se \u00e0 p\u00e1gina da Web da Mondragon Assembly S.Coop. e n\u00e3o \u00e9 garantida nos acessos atrav\u00e9s de v\u00ednculos com este site, nem nos v\u00ednculos a partir deste site com outros sites da Web.[\/vc_column_text][\/vc_column][\/vc_row]<\/p>\n<\/div>","protected":false},"excerpt":{"rendered":"<p>[vc_row][vc_column][vc_separator][vc_column_text]PROTE\u00c7\u00c3O DOS DADOS PESSOAIS A p\u00e1gina da Web da Mondragon Assembly S.Coop. n\u00e3o permite a coleta de quaisquer dados pessoais sem o seu conhecimento, nem os cede a terceiros. CONTATOS Na Mondragon Assembly S.Coop., preocupamo-nos particularmente com a seguran\u00e7a e a garantia de confidencialidade dos dados indicados pelos nossos clientes\/usu\u00e1rios. Por isso, garantimos a seguran\u00e7a [&hellip;]<\/p>\n","protected":false},"author":4,"featured_media":0,"parent":0,"menu_order":0,"comment_status":"closed","ping_status":"closed","template":"sectors.php","meta":{"_lmt_disableupdate":"","_lmt_disable":"","footnotes":""},"yst_prominent_words":[],"class_list":["post-12659","page","type-page","status-publish","hentry"],"acf":[],"_links":{"self":[{"href":"https:\/\/www.mondragon-assembly.com\/pt-br\/wp-json\/wp\/v2\/pages\/12659","targetHints":{"allow":["GET"]}}],"collection":[{"href":"https:\/\/www.mondragon-assembly.com\/pt-br\/wp-json\/wp\/v2\/pages"}],"about":[{"href":"https:\/\/www.mondragon-assembly.com\/pt-br\/wp-json\/wp\/v2\/types\/page"}],"author":[{"embeddable":true,"href":"https:\/\/www.mondragon-assembly.com\/pt-br\/wp-json\/wp\/v2\/users\/4"}],"replies":[{"embeddable":true,"href":"https:\/\/www.mondragon-assembly.com\/pt-br\/wp-json\/wp\/v2\/comments?post=12659"}],"version-history":[{"count":1,"href":"https:\/\/www.mondragon-assembly.com\/pt-br\/wp-json\/wp\/v2\/pages\/12659\/revisions"}],"predecessor-version":[{"id":12666,"href":"https:\/\/www.mondragon-assembly.com\/pt-br\/wp-json\/wp\/v2\/pages\/12659\/revisions\/12666"}],"wp:attachment":[{"href":"https:\/\/www.mondragon-assembly.com\/pt-br\/wp-json\/wp\/v2\/media?parent=12659"}],"wp:term":[{"taxonomy":"yst_prominent_words","embeddable":true,"href":"https:\/\/www.mondragon-assembly.com\/pt-br\/wp-json\/wp\/v2\/yst_prominent_words?post=12659"}],"curies":[{"name":"wp","href":"https:\/\/api.w.org\/{rel}","templated":true}]}}