{"id":12680,"date":"2016-05-26T08:26:37","date_gmt":"2016-05-26T06:26:37","guid":{"rendered":"https:\/\/www.mondragon-assembly.com\/pt-br\/?page_id=12680"},"modified":"2018-10-19T12:11:53","modified_gmt":"2018-10-19T10:11:53","slug":"aviso-legal","status":"publish","type":"page","link":"https:\/\/www.mondragon-assembly.com\/pt-br\/aviso-legal\/","title":{"rendered":"Aviso Legal"},"content":{"rendered":"<div class=\"wpb-content-wrapper\"><p>[vc_row][vc_column][vc_separator][vc_column_text]<\/p>\n<h4>CONDI\u00c7\u00d5ES GERAIS DE ACESSO E USO DO SITE DA WEB MONDRAGON-ASSEMBLY.COM<\/h4>\n<h5><span style=\"color: #e20026;\">1.- INTRODU\u00c7\u00c3O<\/span><\/h5>\n<p>O presente documento estabelece as condi\u00e7\u00f5es gerais de uso deste site da Web da MONDRAGON ASSEMBLY, S.COOP. na Internet.<\/p>\n<p>O acesso a este site da Web encontra-se condicionado pela leitura pr\u00e9via e aceita\u00e7\u00e3o por parte de qualquer usu\u00e1rio dos termos, condi\u00e7\u00f5es, comunica\u00e7\u00f5es, advert\u00eancias e outros avisos legais inclu\u00eddos nas presentes cl\u00e1usulas.<\/p>\n<p>O acesso a este site da Web \u00e9 gratuito e sua visualiza\u00e7\u00e3o n\u00e3o requer qualquer subscri\u00e7\u00e3o ou registro.<\/p>\n<p>As conex\u00f5es com outros sites da Web, bem como o uso realizado pelo usu\u00e1rio das mesmas, est\u00e3o sujeitas \u00e0s presentes condi\u00e7\u00f5es gerais e aos eventuais termos e condi\u00e7\u00f5es espec\u00edficos dos sites da\u00a0Web referidos. Qualquer outro uso \u00e9 estritamente proibido.<\/p>\n<h5><span style=\"color: #e20026;\">2.- DIREITOS E OBRIGA\u00c7\u00d5ES DO PRESTADOR DE SERVI\u00c7OS<\/span><\/h5>\n<p>1.- Como fornecedor de servi\u00e7os, a MONDRAGON ASSEMBLY, S.COOP. \u00e9 obrigada a prestar os servi\u00e7os oferecidos pelo seu site da Web e a garantir o sigilo eficaz das comunica\u00e7\u00f5es que possam existir com o usu\u00e1rio, bem como a responder \u00e0s reclama\u00e7\u00f5es que possam surgir.<\/p>\n<p>Este site da Web n\u00e3o coleta nem armazena dados pessoais dos seus visitantes, a menos que o usu\u00e1rio os forne\u00e7a voluntariamente.<\/p>\n<p>2.- A MONDRAGON ASSEMBLY, S.COOP. reserva-se o direito de efetuar, a qualquer momento e sem necessidade de aviso pr\u00e9vio, altera\u00e7\u00f5es e atualiza\u00e7\u00f5es das informa\u00e7\u00f5es inclu\u00eddas no seu site da Web ou na sua configura\u00e7\u00e3o e apresenta\u00e7\u00e3o. Por\u00e9m, tentar\u00e1 dar a conhecer aos usu\u00e1rios essas altera\u00e7\u00f5es ou atualiza\u00e7\u00f5es sempre que as circunst\u00e2ncias o permitam.<\/p>\n<p>3.- Tanto o acesso ao seu site da Web como o uso que possa ser realizado das informa\u00e7\u00f5es inclu\u00eddas no mesmo s\u00e3o da exclusiva responsabilidade de quem o realiza. A MONDRAGON ASSEMBLY, S.COOP. n\u00e3o responder\u00e1 por qualquer consequ\u00eancia, dano ou preju\u00edzo que possa surgir desse acesso ou uso de informa\u00e7\u00f5es, \u00e0 exce\u00e7\u00e3o de todas as a\u00e7\u00f5es decorrentes da aplica\u00e7\u00e3o das disposi\u00e7\u00f5es legais \u00e0s quais se deva submeter no estrito exerc\u00edcio das suas fun\u00e7\u00f5es.<\/p>\n<p>A MONDRAGON ASSEMBLY, S.COOP. n\u00e3o garante, direta ou indiretamente, as informa\u00e7\u00f5es ou os servi\u00e7os oferecidos, \u00e0 exce\u00e7\u00e3o das garantias que, ao abrigo das leis aplic\u00e1veis, devem ser outorgadas ou que estejam explicitamente descritas em um acordo entre esta sociedade e o usu\u00e1rio.<\/p>\n<p>A MONDRAGON ASSEMBLY, S.COOP. n\u00e3o garante o conte\u00fado fornecido, se for o caso, por terceiros, nem garante a veracidade, confiabilidade, precis\u00e3o, oportunidade ou conveni\u00eancia das informa\u00e7\u00f5es fornecidas para a finalidade que os usu\u00e1rios ou qualquer outra pessoa fa\u00e7am das mesmas.<\/p>\n<h5><span style=\"color: #e20026;\">3.- DIREITOS E OBRIGA\u00c7\u00d5ES DO USU\u00c1RIO<\/span><\/h5>\n<p>1.- O usu\u00e1rio deve realizar sempre um uso l\u00edcito dos servi\u00e7os deste site da Web, em conformidade com a legalidade em vigor e respeitando os direitos da propriedade intelectual da MONDRAGON ASSEMBLY, S.COOP.<\/p>\n<p>2.- O usu\u00e1rio n\u00e3o realizar\u00e1, por meio dos servi\u00e7os disponibilizados pela MONDRAGON ASSEMBLY, S.COOP., qualquer a\u00e7\u00e3o que provoque danos ou altera\u00e7\u00f5es aos conte\u00fados, n\u00e3o impedir\u00e1 o bom funcionamento do site da Web, n\u00e3o causando problemas t\u00e9cnicos de nenhuma \u00edndole, n\u00e3o transferindo elementos suscet\u00edveis de transmitir v\u00edrus inform\u00e1ticos ou de danificar, interferir ou interceptar total ou parcialmente o presente site da Web, nem intervir\u00e1 ou alterar\u00e1 o correio eletr\u00f4nico de outros usu\u00e1rios.<\/p>\n<h5><span style=\"color: #e20026;\">4.- ISEN\u00c7\u00c3O DE GARANTIAS E RESPONSABILIDADES PELO FUNCIONAMENTO DO SITE DA WEB E DOS SEUS SERVI\u00c7OS<\/span><\/h5>\n<p>1.- A MONDRAGON ASSEMBLY, S.COOP. n\u00e3o garante a disponibilidade e continuidade do funcionamento do presente site da Web e dos seus servi\u00e7os.<\/p>\n<p>Assim, est\u00e1 isenta de qualquer responsabilidade pelos danos ou preju\u00edzos de qualquer natureza que possam resultar da falta de disponibilidade ou continuidade do funcionamento do site da Web e respectivos servi\u00e7os.<\/p>\n<p>Apesar disso, a MONDRAGON ASSEMBLY, S.COOP. empregar\u00e1 seus melhores esfor\u00e7os para manter a disponibilidade cont\u00ednua do presente site da Web.<\/p>\n<p>2.- A MONDRAGON ASSEMBLY, S.COOP. coloca \u00e0 disposi\u00e7\u00e3o dos usu\u00e1rios os sistemas de privacidade dos dados pessoais que impedem o acesso aos mesmos por parte de terceiros. (Pol\u00edtica de privacidade da MONDRAGON ASSEMBLY, S.COOP.) A MONDRAGON ASSEMBLY, S.COOP. implantou todas as medidas de seguran\u00e7a t\u00e9cnicas e organizativas necess\u00e1rias para garantir a integridade, confidencialidade e disponibilidade dos dados pessoais fornecidos pelo usu\u00e1rio.<\/p>\n<p>Nesse sentido, a sociedade citada isenta-se de toda a responsabilidade pelos danos e preju\u00edzos originados no caso de tal conhecimento.<\/p>\n<p>3.- Apesar de a MONDRAGON ASSEMBLY, S.COOP. ter implementado todas as medidas adequadas para garantir a seguran\u00e7a neste campo, ela n\u00e3o controla nem garante a aus\u00eancia de v\u00edrus, nem de outros elementos no conte\u00fado do presente site da Web que possam produzir altera\u00e7\u00f5es no sistema inform\u00e1tico (software e hardware) do usu\u00e1rio ou nos documentos eletr\u00f4nicos e arquivos armazenados no seu sistema inform\u00e1tico.<\/p>\n<p>A MONDRAGON ASSEMBLY, S.COOP. isenta-se de qualquer responsabilidade por danos e preju\u00edzos de todo o tipo que possam dever-se \u00e0 presen\u00e7a de v\u00edrus no conte\u00fado e que possam provocar altera\u00e7\u00f5es no sistema inform\u00e1tico, nos documentos eletr\u00f4nicos, arquivos etc.<\/p>\n<p>4.- A MONDRAGON ASSEMBLY, S.COOP. n\u00e3o garante a inexist\u00eancia de erros no acesso ao site da Web ou ao seu conte\u00fado. Por isso, o usu\u00e1rio aceita a isen\u00e7\u00e3o de responsabilidade por parte da MONDRAGON ASSEMBLY, S.COOP. no que diz respeito \u00e0 confiabilidade, utilidade ou falsas expectativas que o Portal possa gerar durante a navega\u00e7\u00e3o pelo mesmo.<\/p>\n<h5><span style=\"color: #e20026;\">5.- PROPRIEDADE INTELECTUAL<\/span><\/h5>\n<p>Os direitos de propriedade intelectual sobre o presente site da Web e os diferentes elementos nele contidos s\u00e3o propriedade da MONDRAGON ASSEMBLY, S.COOP., salvo os direitos das empresas com quem tenha celebrado o correspondente contrato para a provis\u00e3o de conte\u00fado, estando protegidos pelas normas nacionais e internacionais de propriedade intelectual e industrial. O exerc\u00edcio exclusivo dos direitos de reprodu\u00e7\u00e3o, distribui\u00e7\u00e3o, comunica\u00e7\u00e3o p\u00fablica e transforma\u00e7\u00e3o cabe \u00e0 empresa citada.<\/p>\n<p>O design, imagens, mapas, gr\u00e1ficos, marcas, r\u00f3tulos, sinais de identifica\u00e7\u00e3o ou logotipos da MONDRAGON ASSEMBLY, S.COOP., bem como os quadros, as faixas, o software e seus diversos c\u00f3digos, fonte e objeto etc. deste site da Web, s\u00e3o propriedade da MONDRAGON ASSEMBLY, S.COOP., que possui legitimamente a exclusividade dos direitos de explora\u00e7\u00e3o sobre os mesmos.<\/p>\n<p>O usu\u00e1rio que acesse este site da Web n\u00e3o pode copiar, alterar, distribuir, transmitir, reproduzir, publicar, ceder, nem vender os elementos supracitados ou criar novos produtos ou servi\u00e7os decorrentes das informa\u00e7\u00f5es obtidas.<\/p>\n<p>Est\u00e1 autorizada apenas a visualiza\u00e7\u00e3o e o download para uso pessoal e n\u00e3o comercial do usu\u00e1rio, n\u00e3o sendo esse uso transmiss\u00edvel a terceiros.<\/p>\n<p>\u00c9 expressamente proibida a altera\u00e7\u00e3o deste site da Web por parte do usu\u00e1rio e que seja suscet\u00edvel de afetar seu conte\u00fado, tais como v\u00ednculos (ou liga\u00e7\u00f5es) e semelhantes.<\/p>\n<p>A MONDRAGON ASSEMBLY, S.COOP. tomar\u00e1 medidas para garantir que o conte\u00fado deste site da Web n\u00e3o tenha um cariz pornogr\u00e1fico, xen\u00f3fobo, discriminat\u00f3rio, racista, difamat\u00f3rio, nem que fomente a viol\u00eancia. De igual modo, zelar\u00e1 no sentido de evitar qualquer circunst\u00e2ncia que possa ser prejudicial para os usu\u00e1rios.<\/p>\n<h5><span style=\"color: #e20026;\">6.- V\u00cdNCULOS<\/span><\/h5>\n<p>N\u00e3o \u00e9 permitido estabelecer qualquer v\u00ednculo ao portal desde qualquer outro site da Web sem o consentimento pr\u00e9vio e expl\u00edcito da MONDRAGON ASSEMBLY, S.COOP.<\/p>\n<p>Caso o presente site da Web contenha v\u00ednculos com outros portais ou sites da Web que n\u00e3o sejam administrados pela MONDRAGON ASSEMBLY, S.COOP., esta sociedade manifesta que n\u00e3o exerce qualquer controle sobre esses portais ou sites da Web, nem \u00e9 respons\u00e1vel pelo conte\u00fado dos mesmos. Os v\u00ednculos que este site da Web possa incluir s\u00e3o fornecidos, exclusivamente, como uma refer\u00eancia informativa, sem qualquer tipo de avalia\u00e7\u00e3o sobre os conte\u00fados, propriet\u00e1rios, servi\u00e7os ou produtos oferecidos pelos mesmos.<\/p>\n<p>De qualquer forma, a MONDRAGON ASSEMBLY, S.COOP. n\u00e3o assume qualquer responsabilidade em rela\u00e7\u00e3o aos servi\u00e7os prestados por terceiros, em caso de quaisquer reclama\u00e7\u00f5es de qualquer tipo ou exig\u00eancias que possam constituir entraves em rela\u00e7\u00e3o aos mesmos.<\/p>\n<h5><span style=\"color: #e20026;\">7.- LEI APLIC\u00c1VEL E JURISDI\u00c7\u00c3O<\/span><\/h5>\n<p><span style=\"line-height: 1.5;\">Estas condi\u00e7\u00f5es gerais de uso e navega\u00e7\u00e3o ou qualquer outra rela\u00e7\u00e3o entre o usu\u00e1rio e a MONDRAGON ASSEMBLY, S.COOP. ser\u00e3o subordinadas pela legisla\u00e7\u00e3o espanhola.<\/span><\/p>\n<p><span style=\"line-height: 1.5;\">Para qualquer lit\u00edgio derivado da exist\u00eancia ou do conte\u00fado das presentes condi\u00e7\u00f5es gerais ou das rela\u00e7\u00f5es entre o usu\u00e1rio e a MONDRAGON ASSEMBLY, S.COOP., ambas as partes, com ren\u00fancia expressa a qualquer outro foro que possa ser aplic\u00e1vel, s\u00e3o submetidas \u00e0 jurisdi\u00e7\u00e3o e compet\u00eancia exclusiva dos julgados e tribunais competentes de Bergara (Guip\u00fascoa).<\/span><\/p>\n<h5><span style=\"color: #e20026;\">8.- IDENTIDADE DO TITULAR DO PRESENTE SITE DA WEB<\/span><\/h5>\n<p>Os dados de identifica\u00e7\u00e3o do respons\u00e1vel pelo presente site da Web s\u00e3o:<\/p>\n<p>MONDRAGON S. COOP., com o NIF F20165940 e domic\u00edlio em P\u00ba Bainatxe 5A, inscrito no registro de cooperativas com o n\u00ba SS-621 em 10\/05\/1988 e no registro de cooperativas do Pa\u00eds Basco com o n\u00ba 94\/86, f\u00f3lio GUI-195, assento 195.[\/vc_column_text][\/vc_column][\/vc_row][vc_row][vc_column][vc_column_text][\/vc_column_text][\/vc_column][\/vc_row]<\/p>\n<\/div>","protected":false},"excerpt":{"rendered":"<p>[vc_row][vc_column][vc_separator][vc_column_text] CONDI\u00c7\u00d5ES GERAIS DE ACESSO E USO DO SITE DA WEB MONDRAGON-ASSEMBLY.COM 1.- INTRODU\u00c7\u00c3O O presente documento estabelece as condi\u00e7\u00f5es gerais de uso deste site da Web da MONDRAGON ASSEMBLY, S.COOP. na Internet. O acesso a este site da Web encontra-se condicionado pela leitura pr\u00e9via e aceita\u00e7\u00e3o por parte de qualquer usu\u00e1rio dos termos, condi\u00e7\u00f5es, [&hellip;]<\/p>\n","protected":false},"author":4,"featured_media":0,"parent":0,"menu_order":0,"comment_status":"closed","ping_status":"closed","template":"sectors.php","meta":{"_lmt_disableupdate":"","_lmt_disable":"","footnotes":""},"yst_prominent_words":[],"class_list":["post-12680","page","type-page","status-publish","hentry"],"acf":[],"_links":{"self":[{"href":"https:\/\/www.mondragon-assembly.com\/pt-br\/wp-json\/wp\/v2\/pages\/12680","targetHints":{"allow":["GET"]}}],"collection":[{"href":"https:\/\/www.mondragon-assembly.com\/pt-br\/wp-json\/wp\/v2\/pages"}],"about":[{"href":"https:\/\/www.mondragon-assembly.com\/pt-br\/wp-json\/wp\/v2\/types\/page"}],"author":[{"embeddable":true,"href":"https:\/\/www.mondragon-assembly.com\/pt-br\/wp-json\/wp\/v2\/users\/4"}],"replies":[{"embeddable":true,"href":"https:\/\/www.mondragon-assembly.com\/pt-br\/wp-json\/wp\/v2\/comments?post=12680"}],"version-history":[{"count":3,"href":"https:\/\/www.mondragon-assembly.com\/pt-br\/wp-json\/wp\/v2\/pages\/12680\/revisions"}],"predecessor-version":[{"id":12711,"href":"https:\/\/www.mondragon-assembly.com\/pt-br\/wp-json\/wp\/v2\/pages\/12680\/revisions\/12711"}],"wp:attachment":[{"href":"https:\/\/www.mondragon-assembly.com\/pt-br\/wp-json\/wp\/v2\/media?parent=12680"}],"wp:term":[{"taxonomy":"yst_prominent_words","embeddable":true,"href":"https:\/\/www.mondragon-assembly.com\/pt-br\/wp-json\/wp\/v2\/yst_prominent_words?post=12680"}],"curies":[{"name":"wp","href":"https:\/\/api.w.org\/{rel}","templated":true}]}}