{"id":14898,"date":"2016-12-21T12:04:11","date_gmt":"2016-12-21T10:04:11","guid":{"rendered":"https:\/\/www.mondragon-assembly.com\/?page_id=14898\/"},"modified":"2017-10-11T12:04:35","modified_gmt":"2017-10-11T10:04:35","slug":"tabber-stringer-single-track-mts-2500","status":"publish","type":"page","link":"https:\/\/www.mondragon-assembly.com\/pt-br\/tabber-stringer-single-track-mts-2500\/","title":{"rendered":"Tabber and Stringer Single Track MTS 2500"},"content":{"rendered":"<div class=\"wpb-content-wrapper\"><p>[vc_row][vc_column width=&#8221;1\/2&#8243;][vc_column_text]Tabber and Stringer de alto desempenho equipado com uma fita de solda (Single Track).<\/p>\n<h4><\/h4>\n<p>[\/vc_column_text][vc_column_text el_class=&#8221;title_lineas&#8221;]<\/p>\n<h4><span style=\"color: #e20026;\">Descri\u00e7\u00e3o<\/span><\/h4>\n<p>[\/vc_column_text][vc_column_text]Seu sistema de interconex\u00e3o inovadora permite que o Tabber MTS 2500 atinja uma capacidade de produ\u00e7\u00e3o l\u00edquida de 2400 c\u00e9lulas\/hora, o que a torna a mais r\u00e1pida no mercado.<\/p>\n<p>O Tabber MTS 2500 \u00e9 concebido para o processamento de c\u00e9lulas de diferentes tecnologias e tamanhos e \u00e9 capaz de soldar c\u00e9lulas de at\u00e9 8 bus bar. Gra\u00e7as ao seu design compacto, requer apenas 7.5m<sup>2<\/sup>.<\/p>\n<p>A solu\u00e7\u00e3o MTS 5000 est\u00e1 dispon\u00edvel para alcan\u00e7ar uma produ\u00e7\u00e3o l\u00edquida de 4800 c\u00e9lulas\/hora, mais de 180MW\/ano.[\/vc_column_text][\/vc_column][vc_column width=&#8221;1\/2&#8243;][vc_gallery interval=&#8221;3&#8243; images=&#8221;14822&#8243; img_size=&#8221;full&#8221;][vc_column_text css=&#8221;.vc_custom_1507716268537{margin-top: -70px !important;}&#8221; el_class=&#8221;youtubemodal&#8221;]<\/p>\n<h4><a href=\"https:\/\/www.youtube.com\/embed\/nrRoODpzbqA\"><img decoding=\"async\" class=\"alignnone wp-image-15035 size-full\" src=\"https:\/\/www.mondragon-assembly.com\/wp-content\/uploads\/2016\/12\/YouTube-icon.png\" width=\"30\" height=\"21\" \/><\/a>\u00a0<a href=\"https:\/\/www.youtube.com\/embed\/nrRoODpzbqA\">V\u00eddeo<\/a><\/h4>\n<p>[\/vc_column_text][\/vc_column][\/vc_row][vc_row][vc_column][vc_column_text el_class=&#8221;title_lineas&#8221;]<\/p>\n<h4><span style=\"color: #e20026;\">Vantagens<\/span><\/h4>\n<p>[\/vc_column_text][vc_column_text el_class=&#8221;icon_list&#8221;]<\/p>\n<ul>\n<li>Alta produ\u00e7\u00e3o, permitindo 90 MW\/ano com um \u00fanico Tabber.<\/li>\n<li>M\u00e1quina compacta: requer apenas 7,5 m<sup>2<\/sup>. Permite ao usu\u00e1rio otimizar o espa\u00e7o de produ\u00e7\u00e3o.<\/li>\n<li>Produ\u00e7\u00e3o homog\u00eanea e est\u00e1vel: todos os strings s\u00e3o fabricados em uma \u00fanica fita de solda.<\/li>\n<li>Capaz de soldar c\u00e9lulas de at\u00e9 8 BB.<\/li>\n<li>Compat\u00edvel com diferentes tecnologias de c\u00e9lulas e tamanhos.<\/li>\n<li>\u00cdndice de ruptura de menos de 0,2%<\/li>\n<\/ul>\n<p>[\/vc_column_text][vc_column_text el_class=&#8221;title_lineas&#8221;]<\/p>\n<h4><span style=\"color: #e20026;\">Caracter\u00edsticas principais<\/span><\/h4>\n<p>[\/vc_column_text][vc_column_text el_class=&#8221;icon_list&#8221;]<\/p>\n<ul>\n<li>Soldagem IV sem contato para n\u00e3o gerar estresse na c\u00e9lula<\/li>\n<li>Controle da temperatura das c\u00e9lulas para garantir uma soldagem apropriada<\/li>\n<li>Controle de processo inteligente: os diferentes par\u00e2metros s\u00e3o ajustados automaticamente<\/li>\n<li>Sistema de controle de vis\u00e3o para a verifica\u00e7\u00e3o da qualidade das c\u00e9lulas de forma a afastar as defeituosas.<\/li>\n<\/ul>\n<p>[\/vc_column_text][\/vc_column][\/vc_row][vc_row][vc_column][vc_table vc_table_theme=&#8221;classic_pink&#8221;][bg#e20026;b]Par%C3%A2metros%20da%20c%C3%A9lula,[bg#e20026]|Intervalo%20de%20dimens%C3%B5es%20da%20c%C3%A9lula,156%20%C3%97%20156%20mm.%20%C3%89%20poss%C3%ADvel%20incorporar%20melhorias%20para%20o%20corte%20de%20c%C3%A9lulas%20de%20%C2%BD|Intervalo%20de%20espessuras%20da%20c%C3%A9lula,[c#5e5e5e]160%E2%80%93300%20%C2%B5m|Geometria%20da%20c%C3%A9lula,Quadrada%20ou%20pseudo-quadrada%20(outros%20mediante%20solicita%C3%A7%C3%A3o)%0AA%20m%C3%A1quina%20ser%C3%A1%20ajustada%20para%20uma%20refer%C3%AAncia%20%C3%BAnica|[c#ffffff;bg#e20026;b]Tabs,[bg#e20026]|N%C3%BAmero%20de%20tabs%20por%20c%C3%A9lula,2-3-4-5-6%20(hardware%20e%20ajuste%20para%20um%20tipo%20%C3%BAnico%20de%20c%C3%A9lula)%20(op%C3%A7%C3%B5es%20ser%C3%A3o%20adicionadas%2C%20caso%20seja%20necess%C3%A1rio%205BB%20ou%206BB)|Espa%C3%A7amento%20entre%20tabs,2BB%3A%2078%20ou%2075%3B%203BB%3A52%3B4BB%3A%2039%3B5BB%3B31%2C5%3B6BB%3A26|Largura%20das%20tabs,%3E%201%20mm|[bg#e20026;c#ffffff;b]Strings,[bg#e20026]|Comprimento%20m%C3%A1x.%20do%20string,1960%20mm|Dist%C3%A2ncia%20entre%20c%C3%A9lulas%20dentro%20do%20string,2%E2%80%9310%20%20mm%20(maior%20mediante%20solicita%C3%A7%C3%A3o)|Tab%20%2B%20comprimento%20(trailing%20tab)%20(mm)(D),25%2F-10|Tab%20%E2%80%93%20comprimento%20(leading%20tab)%20(mm)%C2%A9,25%2F-10|Tab%20na%20extremidade%20dianteira%20da%20c%C3%A9lula%20(mm)(F),4%2F-2|Tab%20na%20extremidade%20posterior%20da%20c%C3%A9lula%20(mm)(F),10%2F-2|[bg#e20026;c#ffffff;b]Tabbing%20e%20stringing,[bg#e20026]|Alinhamento%20das%20c%C3%A9lulas,Sistema%20de%20vis%C3%A3o|M%C3%A9todo%20de%20aplica%C3%A7%C3%A3o%20do%20fluxo,Autom%C3%A1tico%2C%20sem%20contato%20|Processo%20de%20soldagem,IV%20%2B%20placas%20aquecedoras|[bg#e20026;b;c#ffffff]Presta%C3%A7%C3%B5es,[bg#e20026]|Produ%C3%A7%C3%A3o%20m%C3%A1x.%2Fnominal,2400%2F2300%20c%C3%A9lulas%2Fh*|Rela%C3%A7%C3%A3o%20m%C3%A9dia%20de%20ruptura%20de%20c%C3%A9lulas,%3C0%2C2%20%25%20(com%20c%C3%A9lulas%20certificadas)|*%20Com%20condi%C3%A7%C3%B5es%20de%20trabalho%20e%20materiais%20certificados%20pela%20Mondragon%20Assembly.,|[bg#e20026;c#ffffff;b]Fornecimento%20de%20ar%20e%20eletricidade,[bg#e20026]|Press%C3%A3o%20e%20fluxo%20de%20ar%20comprimido,5%20bar%2C%20600%20Nl%2Fmin|Pot%C3%AAncia%20instalada,40%20kW%20(trif%C3%A1sica%2C%20380%E2%80%93420%20V%2C%2050%E2%80%9360%20Hz)|Consumo%20de%20energia%20durante%20o%20aquecimento,Vari%C3%A1vel|Consumo%20de%20energia,13%20kWh%2Fh|N%C3%ADvel%20de%20ru%C3%ADdo,%3C80%20dB|[bg#e20026;c#ffffff;b]Dimens%C3%B5es%20do%20sistema%20%2B,[bg#e20026;c#ffffff;b]|Peso,3000%20kg|C%20x%20L%20%C3%97%20A%20(ver%20p%C3%A1g.%2027),7%2C7%20%C3%97%201%2C6%20%C3%97%202%2C1%20m|[bg#e20026;c#ffffff;b]Controle%20e%20software%20do%20sistema,[bg#e20026;c#ffffff;b]|Hardware,PLC%20Beckhoff%20com%20tela%20sens%C3%ADvel%20ao%20toque|Software%20que%20permite%20o%20diagn%C3%B3stico%20remoto%20,Sim[\/vc_table][\/vc_column][\/vc_row]<\/p>\n<\/div>","protected":false},"excerpt":{"rendered":"<p>[vc_row][vc_column width=&#8221;1\/2&#8243;][vc_column_text]Tabber and Stringer de alto desempenho equipado com uma fita de solda (Single Track). [\/vc_column_text][vc_column_text el_class=&#8221;title_lineas&#8221;] Descri\u00e7\u00e3o [\/vc_column_text][vc_column_text]Seu sistema de interconex\u00e3o inovadora permite que o Tabber MTS 2500 atinja uma capacidade de produ\u00e7\u00e3o l\u00edquida de 2400 c\u00e9lulas\/hora, o que a torna a mais r\u00e1pida no mercado. O Tabber MTS 2500 \u00e9 concebido para o [&hellip;]<\/p>\n","protected":false},"author":4,"featured_media":0,"parent":0,"menu_order":0,"comment_status":"closed","ping_status":"closed","template":"sectors.php","meta":{"_lmt_disableupdate":"","_lmt_disable":"","footnotes":""},"yst_prominent_words":[698,943,699,700,704,705,706,707,709,710,712,715,717,719,535,721,558,723,561,726],"class_list":["post-14898","page","type-page","status-publish","hentry"],"acf":[],"_links":{"self":[{"href":"https:\/\/www.mondragon-assembly.com\/pt-br\/wp-json\/wp\/v2\/pages\/14898","targetHints":{"allow":["GET"]}}],"collection":[{"href":"https:\/\/www.mondragon-assembly.com\/pt-br\/wp-json\/wp\/v2\/pages"}],"about":[{"href":"https:\/\/www.mondragon-assembly.com\/pt-br\/wp-json\/wp\/v2\/types\/page"}],"author":[{"embeddable":true,"href":"https:\/\/www.mondragon-assembly.com\/pt-br\/wp-json\/wp\/v2\/users\/4"}],"replies":[{"embeddable":true,"href":"https:\/\/www.mondragon-assembly.com\/pt-br\/wp-json\/wp\/v2\/comments?post=14898"}],"version-history":[{"count":5,"href":"https:\/\/www.mondragon-assembly.com\/pt-br\/wp-json\/wp\/v2\/pages\/14898\/revisions"}],"predecessor-version":[{"id":16637,"href":"https:\/\/www.mondragon-assembly.com\/pt-br\/wp-json\/wp\/v2\/pages\/14898\/revisions\/16637"}],"wp:attachment":[{"href":"https:\/\/www.mondragon-assembly.com\/pt-br\/wp-json\/wp\/v2\/media?parent=14898"}],"wp:term":[{"taxonomy":"yst_prominent_words","embeddable":true,"href":"https:\/\/www.mondragon-assembly.com\/pt-br\/wp-json\/wp\/v2\/yst_prominent_words?post=14898"}],"curies":[{"name":"wp","href":"https:\/\/api.w.org\/{rel}","templated":true}]}}