{"id":26907,"date":"2016-04-15T08:01:33","date_gmt":"2016-04-15T07:01:33","guid":{"rendered":"https:\/\/www.mondragon-assembly.com\/turnkey-lines-for-pv-module-manufacturing\/"},"modified":"2021-04-13T13:27:34","modified_gmt":"2021-04-13T11:27:34","slug":"turnkey-lines-for-pv-module-manufacturing","status":"publish","type":"page","link":"https:\/\/www.mondragon-assembly.com\/pt-br\/solar-automation-solutions\/turnkey-lines-for-pv-module-manufacturing\/","title":{"rendered":"Linhas autom\u00e1ticas para fabrica\u00e7\u00e3o de m\u00f3dulos fotovoltaicos"},"content":{"rendered":"<div class=\"wpb-content-wrapper\"><p>[vc_row content_placement=&#8221;top&#8221; parallax=&#8221;content-moving&#8221; parallax_image=&#8221;25465&#8243; parallax_speed_bg=&#8221;1&#8243; css=&#8221;.vc_custom_1604313685741{margin-top: -25px !important;padding-top: 90px !important;padding-bottom: 110px !important;}&#8221;][vc_column][vc_row_inner][vc_column_inner][vc_column_text css=&#8221;.vc_custom_1618313245331{background-color: #ffffff !important;}&#8221; el_class=&#8221;txt_encima_foto&#8221;]<\/p>\n<h2 style=\"text-align: center;\"><strong>LINHAS AUTOM\u00c1TICAS PARA FABRICA\u00c7\u00c3O DE M\u00d3DULOS FOTOVOLTAICOS<\/strong><\/h2>\n<p>[\/vc_column_text][\/vc_column_inner][\/vc_row_inner][\/vc_column][\/vc_row][vc_row css=&#8221;.vc_custom_1604064744834{margin-top: -25px !important;}&#8221;][vc_column][vc_empty_space height=&#8221;20&#8243;][\/vc_column][\/vc_row][vc_row css=&#8221;.vc_custom_1604064744834{margin-top: -25px !important;}&#8221;][vc_column][vc_column_text css_animation=&#8221;appear&#8221; css=&#8221;.vc_custom_1608205938507{padding-top: 7px !important;padding-right: 20px !important;padding-bottom: 20px !important;padding-left: 20px !important;background-color: #f7f7f7 !important;}&#8221;]<\/p>\n<h3 style=\"text-align: center;\"><span style=\"color: #e40521;\">Somos o melhor parceiro para ajud\u00e1-lo a competir no Neg\u00f3cio Solar<\/span><\/h3>\n<h4 style=\"text-align: center;\">Nossas linhas autom\u00e1ticas atendem \u00e0s necessidades de produ\u00e7\u00e3o de cada cliente, oferecendo solu\u00e7\u00f5es voltadas para pequenos e grandes produtores e combinando diferentes n\u00edveis de automa\u00e7\u00e3o.<\/h4>\n<p>[\/vc_column_text][\/vc_column][\/vc_row][vc_row][vc_column width=&#8221;1\/2&#8243;][vc_column_text el_class=&#8221;icon_list&#8221;]<\/p>\n<h4><span style=\"color: #2b3c46; font-weight: bold;\">Adequado para arquitetura de m\u00f3dulo PV existente e futura e processos de longarina:<\/span><\/h4>\n<ul>\n<li>Tamanhos de c\u00e9lula: at\u00e9 M12 (210 mm)<\/li>\n<li>Soldagem e tecnologias adesivas<\/li>\n<li>BIPV<\/li>\n<li>Shingling<\/li>\n<li>Fita plana ou fio<\/li>\n<li>C\u00e9lulas completas e cortadas<\/li>\n<li>M\u00f3dulos monofaciais e bifaciais<\/li>\n<li>M\u00f3dulos Vidro-Placa e Vidro-Vidro<\/li>\n<\/ul>\n<p>[\/vc_column_text][\/vc_column][vc_column width=&#8221;1\/2&#8243;][vc_column_text el_class=&#8221;icon_list&#8221;]<\/p>\n<h4><span style=\"color: #2b3c46; font-weight: bold;\">Ideal para qualquer solu\u00e7\u00e3o de tecnologia celular:<\/span><\/h4>\n<p>[\/vc_column_text][vc_column_text el_class=&#8221;icon_list&#8221; css=&#8221;.vc_custom_1616497068717{margin-top: -5px !important;}&#8221;]<\/p>\n<ul>\n<li>HJT (ambas as tecnologias: solda e adesivos)<\/li>\n<li>TOPCON<\/li>\n<li>PERT<\/li>\n<li>PERL<\/li>\n<li>PERC<\/li>\n<li>BSF<\/li>\n<li>Contato posterior<\/li>\n<\/ul>\n<p>[\/vc_column_text][\/vc_column][\/vc_row][vc_row][vc_column width=&#8221;1\/2&#8243;][vc_column_text el_class=&#8221;icon_list&#8221;]<\/p>\n<h4><span style=\"color: #2b3c46; font-weight: bold;\">Pode ser adaptado a qualquer solu\u00e7\u00e3o para fabrica\u00e7\u00e3o de m\u00f3dulos fotovoltaicos:<\/span><\/h4>\n<ul>\n<li>Linhas modulares, f\u00e1ceis de atualizar \u00e0s tecnologias futuras e ampliar a capacidade de produ\u00e7\u00e3o<\/li>\n<li>Linhas flex\u00edveis para a fabrica\u00e7\u00e3o de uma grande variedade de m\u00f3dulos solares e tecnologias de c\u00e9lulas<\/li>\n<\/ul>\n<p>[\/vc_column_text][\/vc_column][vc_column width=&#8221;1\/2&#8243;][vc_column_text el_class=&#8221;icon_list&#8221;]<\/p>\n<h4><span style=\"color: #2b3c46; font-weight: bold;\">Nossa linha completa de energia solar pronta oferece:<\/span><\/h4>\n<p>[\/vc_column_text][vc_column_text el_class=&#8221;icon_list&#8221; css=&#8221;.vc_custom_1612783922771{margin-top: -5px !important;}&#8221;]<\/p>\n<ul>\n<li>Linhas compactas e otimizadas que reduzem o espa\u00e7o necess\u00e1rio<\/li>\n<li>Design robusto para opera\u00e7\u00f5es 24 horas por dia, 365 dias por ano<\/li>\n<li>Baixo consumo de energia e f\u00e1cil manuten\u00e7\u00e3o<\/li>\n<li>Menos m\u00e3o de obra necess\u00e1ria<\/li>\n<li>Sistema de controle total de qualidade e produ\u00e7\u00e3o<\/li>\n<\/ul>\n<p>[\/vc_column_text][\/vc_column][\/vc_row][vc_row][vc_column][vc_column_text css_animation=&#8221;appear&#8221; css=&#8221;.vc_custom_1608206236378{padding-top: 7px !important;padding-right: 20px !important;padding-bottom: 20px !important;padding-left: 20px !important;background-color: #f7f7f7 !important;}&#8221;]<\/p>\n<h3 style=\"text-align: center;\"><span style=\"color: #2b3c46; font-weight: bold;\">Mais de 20 anos de excelente confiabilidade e suporte pr\u00f3ximo garantido<\/span><\/h3>\n<p>[\/vc_column_text][\/vc_column][\/vc_row][vc_row][vc_column][vc_empty_space height=&#8221;20px&#8221;][\/vc_column][\/vc_row][vc_row][vc_column width=&#8221;1\/2&#8243;][vc_column_text el_class=&#8221;icon_list_subt_gr&#8221;]<\/p>\n<h3><strong>LINHA 50 MW<\/strong><\/h3>\n<p>[\/vc_column_text][vc_single_image image=&#8221;21896&#8243; img_size=&#8221;full&#8221; onclick=&#8221;custom_link&#8221; css_animation=&#8221;zoomInUp&#8221; link=&#8221;https:\/\/www.mondragon-assembly.com\/pt-br\/solar-automation-solutions\/turnkey-lines-for-pv-module-manufacturing\/50-mw-line\/&#8221; css=&#8221;.vc_custom_1612784015338{border-top-width: 3px !important;border-right-width: 3px !important;border-bottom-width: 3px !important;border-left-width: 3px !important;border-left-color: #fce3e9 !important;border-left-style: solid !important;border-right-color: #fce3e9 !important;border-right-style: solid !important;border-top-color: #fce3e9 !important;border-top-style: solid !important;border-bottom-color: #fce3e9 !important;border-bottom-style: solid !important;}&#8221;][\/vc_column][vc_column width=&#8221;1\/2&#8243;][vc_column_text el_class=&#8221;icon_list_subt_gr&#8221;]<\/p>\n<h3><strong>LINHA 100 MW<\/strong><\/h3>\n<p>[\/vc_column_text][vc_single_image image=&#8221;25279&#8243; img_size=&#8221;full&#8221; onclick=&#8221;custom_link&#8221; css_animation=&#8221;zoomInUp&#8221; link=&#8221;https:\/\/www.mondragon-assembly.com\/pt-br\/solar-automation-solutions\/turnkey-lines-for-pv-module-manufacturing\/100-mw-line\/&#8221; css=&#8221;.vc_custom_1612784020665{border-top-width: 3px !important;border-right-width: 3px !important;border-bottom-width: 3px !important;border-left-width: 3px !important;border-left-color: #fce3e9 !important;border-left-style: solid !important;border-right-color: #fce3e9 !important;border-right-style: solid !important;border-top-color: #fce3e9 !important;border-top-style: solid !important;border-bottom-color: #fce3e9 !important;border-bottom-style: solid !important;}&#8221;][\/vc_column][\/vc_row][vc_row][vc_column][vc_empty_space][\/vc_column][\/vc_row][vc_row][vc_column width=&#8221;1\/2&#8243;][vc_column_text el_class=&#8221;icon_list_subt_gr&#8221;]<\/p>\n<h3><strong>LINHA 150 MW<\/strong><\/h3>\n<p>[\/vc_column_text][vc_single_image image=&#8221;25297&#8243; img_size=&#8221;full&#8221; onclick=&#8221;custom_link&#8221; css_animation=&#8221;zoomInUp&#8221; link=&#8221;https:\/\/www.mondragon-assembly.com\/pt-br\/solar-automation-solutions\/turnkey-lines-for-pv-module-manufacturing\/150-mw-line\/&#8221; css=&#8221;.vc_custom_1612784050807{border-top-width: 3px !important;border-right-width: 3px !important;border-bottom-width: 3px !important;border-left-width: 3px !important;border-left-color: #fce3e9 !important;border-left-style: solid !important;border-right-color: #fce3e9 !important;border-right-style: solid !important;border-top-color: #fce3e9 !important;border-top-style: solid !important;border-bottom-color: #fce3e9 !important;border-bottom-style: solid !important;}&#8221;][\/vc_column][vc_column width=&#8221;1\/2&#8243;][vc_column_text el_class=&#8221;icon_list_subt_gr&#8221;]<\/p>\n<h3><strong>LINHA 300 MW<\/strong><\/h3>\n<p>[\/vc_column_text][vc_single_image image=&#8221;25315&#8243; img_size=&#8221;full&#8221; onclick=&#8221;custom_link&#8221; css_animation=&#8221;zoomInUp&#8221; link=&#8221;https:\/\/www.mondragon-assembly.com\/pt-br\/solar-automation-solutions\/turnkey-lines-for-pv-module-manufacturing\/300-mw-line\/&#8221; css=&#8221;.vc_custom_1612784065773{border-top-width: 3px !important;border-right-width: 3px !important;border-bottom-width: 3px !important;border-left-width: 3px !important;border-left-color: #fce3e9 !important;border-left-style: solid !important;border-right-color: #fce3e9 !important;border-right-style: solid !important;border-top-color: #fce3e9 !important;border-top-style: solid !important;border-bottom-color: #fce3e9 !important;border-bottom-style: solid !important;}&#8221;][\/vc_column][\/vc_row][vc_row][vc_column][vc_empty_space][\/vc_column][\/vc_row][vc_row][vc_column width=&#8221;1\/2&#8243;][vc_column_text el_class=&#8221;icon_list_subt_gr&#8221;]<\/p>\n<h3><strong>LINHA 600 MW<\/strong><\/h3>\n<p>[\/vc_column_text][vc_single_image image=&#8221;25333&#8243; img_size=&#8221;full&#8221; onclick=&#8221;custom_link&#8221; css_animation=&#8221;zoomInUp&#8221; link=&#8221;https:\/\/www.mondragon-assembly.com\/pt-br\/solar-automation-solutions\/turnkey-lines-for-pv-module-manufacturing\/600-mw-line\/&#8221; css=&#8221;.vc_custom_1612784098234{border-top-width: 3px !important;border-right-width: 3px !important;border-bottom-width: 3px !important;border-left-width: 3px !important;border-left-color: #fce3e9 !important;border-left-style: solid !important;border-right-color: #fce3e9 !important;border-right-style: solid !important;border-top-color: #fce3e9 !important;border-top-style: solid !important;border-bottom-color: #fce3e9 !important;border-bottom-style: solid !important;}&#8221;][\/vc_column][vc_column width=&#8221;1\/2&#8243;][vc_column_text el_class=&#8221;icon_list_subt_gr&#8221;]<\/p>\n<h3><strong>LINHA 1200 MW<\/strong><\/h3>\n<p>[\/vc_column_text][vc_single_image image=&#8221;25351&#8243; img_size=&#8221;full&#8221; onclick=&#8221;custom_link&#8221; css_animation=&#8221;zoomInUp&#8221; link=&#8221;https:\/\/www.mondragon-assembly.com\/pt-br\/solar-automation-solutions\/turnkey-lines-for-pv-module-manufacturing\/1200-mw-line\/&#8221; css=&#8221;.vc_custom_1612784106901{border-top-width: 3px !important;border-right-width: 3px !important;border-bottom-width: 3px !important;border-left-width: 3px !important;border-left-color: #fce3e9 !important;border-left-style: solid !important;border-right-color: #fce3e9 !important;border-right-style: solid !important;border-top-color: #fce3e9 !important;border-top-style: solid !important;border-bottom-color: #fce3e9 !important;border-bottom-style: solid !important;}&#8221;][\/vc_column][\/vc_row][vc_row][vc_column][vc_empty_space][\/vc_column][\/vc_row]<\/p>\n<\/div>","protected":false},"excerpt":{"rendered":"<p>[vc_row content_placement=&#8221;top&#8221; parallax=&#8221;content-moving&#8221; parallax_image=&#8221;25465&#8243; parallax_speed_bg=&#8221;1&#8243; css=&#8221;.vc_custom_1604313685741{margin-top: -25px !important;padding-top: 90px !important;padding-bottom: 110px !important;}&#8221;][vc_column][vc_row_inner][vc_column_inner][vc_column_text css=&#8221;.vc_custom_1618313245331{background-color: #ffffff !important;}&#8221; el_class=&#8221;txt_encima_foto&#8221;] LINHAS AUTOM\u00c1TICAS PARA FABRICA\u00c7\u00c3O DE M\u00d3DULOS FOTOVOLTAICOS [\/vc_column_text][\/vc_column_inner][\/vc_row_inner][\/vc_column][\/vc_row][vc_row css=&#8221;.vc_custom_1604064744834{margin-top: -25px !important;}&#8221;][vc_column][vc_empty_space height=&#8221;20&#8243;][\/vc_column][\/vc_row][vc_row css=&#8221;.vc_custom_1604064744834{margin-top: -25px !important;}&#8221;][vc_column][vc_column_text css_animation=&#8221;appear&#8221; css=&#8221;.vc_custom_1608205938507{padding-top: 7px !important;padding-right: 20px !important;padding-bottom: 20px !important;padding-left: 20px !important;background-color: #f7f7f7 !important;}&#8221;] Somos o melhor parceiro para ajud\u00e1-lo a competir no Neg\u00f3cio Solar Nossas [&hellip;]<\/p>\n","protected":false},"author":4,"featured_media":0,"parent":31259,"menu_order":0,"comment_status":"closed","ping_status":"closed","template":"sectors.php","meta":{"_lmt_disableupdate":"","_lmt_disable":"","footnotes":""},"yst_prominent_words":[518,1004,1012,1030,1862,1874,2255,2473,3530],"class_list":["post-26907","page","type-page","status-publish","hentry"],"acf":[],"_links":{"self":[{"href":"https:\/\/www.mondragon-assembly.com\/pt-br\/wp-json\/wp\/v2\/pages\/26907","targetHints":{"allow":["GET"]}}],"collection":[{"href":"https:\/\/www.mondragon-assembly.com\/pt-br\/wp-json\/wp\/v2\/pages"}],"about":[{"href":"https:\/\/www.mondragon-assembly.com\/pt-br\/wp-json\/wp\/v2\/types\/page"}],"author":[{"embeddable":true,"href":"https:\/\/www.mondragon-assembly.com\/pt-br\/wp-json\/wp\/v2\/users\/4"}],"replies":[{"embeddable":true,"href":"https:\/\/www.mondragon-assembly.com\/pt-br\/wp-json\/wp\/v2\/comments?post=26907"}],"version-history":[{"count":22,"href":"https:\/\/www.mondragon-assembly.com\/pt-br\/wp-json\/wp\/v2\/pages\/26907\/revisions"}],"predecessor-version":[{"id":39497,"href":"https:\/\/www.mondragon-assembly.com\/pt-br\/wp-json\/wp\/v2\/pages\/26907\/revisions\/39497"}],"up":[{"embeddable":true,"href":"https:\/\/www.mondragon-assembly.com\/pt-br\/wp-json\/wp\/v2\/pages\/31259"}],"wp:attachment":[{"href":"https:\/\/www.mondragon-assembly.com\/pt-br\/wp-json\/wp\/v2\/media?parent=26907"}],"wp:term":[{"taxonomy":"yst_prominent_words","embeddable":true,"href":"https:\/\/www.mondragon-assembly.com\/pt-br\/wp-json\/wp\/v2\/yst_prominent_words?post=26907"}],"curies":[{"name":"wp","href":"https:\/\/api.w.org\/{rel}","templated":true}]}}