{"id":27023,"date":"2016-04-15T08:54:41","date_gmt":"2016-04-15T07:54:41","guid":{"rendered":"https:\/\/www.mondragon-assembly.com\/tabber-and-stringer-2\/"},"modified":"2025-04-29T11:23:06","modified_gmt":"2025-04-29T10:23:06","slug":"tabber-and-stringer-2","status":"publish","type":"page","link":"https:\/\/www.mondragon-assembly.com\/pt-br\/solar-automation-solutions\/equipamento-individual-2\/tabber-and-stringer-2\/","title":{"rendered":"Tabber &amp; Stringers"},"content":{"rendered":"<div class=\"wpb-content-wrapper\"><p>[vc_row][vc_column][vc_column_text]Nossas m\u00e1quinas Tabber &amp; Stringer combinadas s\u00e3o precisas, confi\u00e1veis \u200be f\u00e1ceis de operar. Nossa tecnologia comprovada, combinada com um design modular e recursos avan\u00e7ados, s\u00e3o os principais fatores para um custo total de propriedade muito baixo e alta produtividade.[\/vc_column_text][\/vc_column][\/vc_row][vc_row][vc_column][vc_single_image image=&#8221;45782&#8243; img_size=&#8221;full&#8221; alignment=&#8221;center&#8221; style=&#8221;vc_box_outline&#8221; onclick=&#8221;custom_link&#8221; css_animation=&#8221;fadeIn&#8221; link=&#8221;https:\/\/www.mondragon-assembly.com\/solar-automation-solutions\/individual-equipment\/tabber-stringer\/mts-2500\/&#8221;][\/vc_column][\/vc_row][vc_row full_width=&#8221;stretch_row_content&#8221; css=&#8221;.vc_custom_1605009570719{margin-top: -25px !important;}&#8221;][vc_column width=&#8221;1\/5&#8243;][\/vc_column][vc_column width=&#8221;2\/5&#8243;][vc_column_text]<\/p>\n<h3><span style=\"color: #e20026;\"><img decoding=\"async\" class=\"alignnone size-full wp-image-22215\" src=\"https:\/\/www.mondragon-assembly.com\/wp-content\/uploads\/2019\/06\/icon-description.jpg\" alt=\"\" width=\"41\" height=\"41\" \/> Descri\u00e7\u00e3o<\/span><\/h3>\n<p>[\/vc_column_text][vc_column_text]Nossos Tabber &amp; Stringers soldam c\u00e9lulas solares para cada fio ou fita para interconect\u00e1-los eletricamente e criar cadeias de s\u00e9ries.<\/p>\n<p>Estas s\u00e9ries ser\u00e3o organizadas em forma matricial no sistema de layup imediatamente ap\u00f3s o processo de stringing.[\/vc_column_text][\/vc_column][vc_column width=&#8221;2\/5&#8243;][vc_column_text]<\/p>\n<h3><span style=\"color: #e20026;\"><img decoding=\"async\" class=\"alignnone wp-image-22325 size-full\" src=\"https:\/\/www.mondragon-assembly.com\/wp-content\/uploads\/2019\/06\/icon-advantages.jpg\" alt=\"\" width=\"41\" height=\"41\" \/> Vantagens<\/span><\/h3>\n<p>[\/vc_column_text][vc_column_text el_class=&#8221;icon_list&#8221;]<\/p>\n<ul>\n<li>Tempo m\u00ednimo de mudan\u00e7a<\/li>\n<li>Controle de qualidade aprimorado na produ\u00e7\u00e3o de c\u00e9lulas e colunas<\/li>\n<li>F\u00e1cil integra\u00e7\u00e3o com o sistema MES<\/li>\n<li>Autodiagn\u00f3stico<\/li>\n<li>Acesso ergon\u00f4mico e f\u00e1cil a qualquer parte da m\u00e1quina<\/li>\n<li>M\u00e1quina menor, f\u00e1cil de montar e que otimiza o espa\u00e7o<\/li>\n<li>Processo patenteado de enfiamento cont\u00ednuo<\/li>\n<\/ul>\n<p>[\/vc_column_text][\/vc_column][\/vc_row][vc_row full_width=&#8221;stretch_row_content&#8221;][vc_column width=&#8221;1\/5&#8243;][\/vc_column][vc_column width=&#8221;2\/5&#8243;][vc_column_text]<\/p>\n<h3><span style=\"color: #e20026;\"><img decoding=\"async\" class=\"alignnone wp-image-22233 size-full\" src=\"https:\/\/www.mondragon-assembly.com\/wp-content\/uploads\/2019\/06\/icon-main-features.jpg\" alt=\"\" width=\"41\" height=\"41\" \/> Principais caracter\u00edsticas<\/span><\/h3>\n<p>[\/vc_column_text][vc_column_text el_class=&#8221;icon_list&#8221;]<\/p>\n<ul>\n<li>Tecnologia de solda IR sem contato<\/li>\n<li>Sistema de distribui\u00e7\u00e3o de fluxo sem contato<\/li>\n<li>Correia servo-acionada<\/li>\n<li>Sistemas anti-curvatura para melhorar a retid\u00e3o da aba<\/li>\n<li>V\u00e1rias receitas de processo.<\/li>\n<li>Posicionamento da c\u00e9lula e verifica\u00e7\u00e3o da vis\u00e3o da coluna<\/li>\n<li>Controle de temperatura da c\u00e9lula com v\u00e1rios est\u00e1gios<\/li>\n<\/ul>\n<p>[\/vc_column_text][\/vc_column][vc_column width=&#8221;2\/5&#8243;][vc_column_text]<\/p>\n<h3><span style=\"color: #e20026;\"><img decoding=\"async\" class=\"alignnone wp-image-25046 size-full\" src=\"https:\/\/www.mondragon-assembly.com\/wp-content\/uploads\/2020\/10\/icon-module-technology.jpg\" alt=\"\" width=\"41\" height=\"41\" \/> Tecnologias de m\u00f3dulo<\/span><\/h3>\n<p>[\/vc_column_text][vc_column_text el_class=&#8221;icon_list&#8221;]<\/p>\n<ul>\n<li>Tamanho da c\u00e9lula at\u00e9 M12 (210 mm)<\/li>\n<li>At\u00e9 16 BB<\/li>\n<li>Adequado para m\u00f3dulos BIP<\/li>\n<li>Tipos de c\u00e9lulas: Poly, mono, mono PERC e TOPCON<\/li>\n<li>C\u00e9lulas-corte e c\u00e9lulas bifaciais<\/li>\n<\/ul>\n<p>[\/vc_column_text][\/vc_column][\/vc_row][vc_row][vc_column][vc_separator][\/vc_column][\/vc_row][vc_row][vc_column width=&#8221;1\/2&#8243;][vc_single_image image=&#8221;22582&#8243; img_size=&#8221;full&#8221; onclick=&#8221;custom_link&#8221; css_animation=&#8221;fadeIn&#8221; css=&#8221;.vc_custom_1745922186178{border-top-width: 3px !important;border-right-width: 3px !important;border-bottom-width: 3px !important;border-left-width: 3px !important;border-left-style: solid !important;border-right-style: solid !important;border-top-style: solid !important;border-bottom-style: solid !important;border-color: #fce3e9 !important;}&#8221; link=&#8221;https:\/\/www.mondragon-assembly.com\/pt-br\/solar-automation-solutions\/equipamento-individual-2\/tabber-and-stringer-2\/mts-3000-o-tabber-stringer-mais-rapido-do-mundo-em-uma-unica-faixa\/&#8221;][vc_column_text css=&#8221;.vc_custom_1603184544526{margin-top: -10px !important;}&#8221; el_class=&#8221;icon_list_subt&#8221;]<\/p>\n<h4>MTS 3000: O Tabber &amp; Stringer mais r\u00e1pido do mundo em uma \u00fanica faixa<\/h4>\n<p>[\/vc_column_text][vc_column_text css=&#8221;.vc_custom_1608236333581{margin-top: -15px !important;}&#8221;]Tabber &amp; Stringer de alta velocidade com capacidade de at\u00e9 3.000 c\u00e9lulas\/hora.[\/vc_column_text][\/vc_column][vc_column width=&#8221;1\/2&#8243;][vc_single_image image=&#8221;25063&#8243; img_size=&#8221;full&#8221; onclick=&#8221;custom_link&#8221; css_animation=&#8221;fadeIn&#8221; css=&#8221;.vc_custom_1739904740228{border-top-width: 3px !important;border-right-width: 3px !important;border-bottom-width: 3px !important;border-left-width: 3px !important;border-left-style: solid !important;border-right-style: solid !important;border-top-style: solid !important;border-bottom-style: solid !important;border-color: #fce3e9 !important;}&#8221; link=&#8221;https:\/\/www.mondragon-assembly.com\/pt-br\/solar-automation-solutions\/equipamento-individual\/tabber-and-stringer-2\/mts-5000\/&#8221;][vc_column_text css=&#8221;.vc_custom_1739904747313{margin-top: -10px !important;}&#8221; el_class=&#8221;icon_list_subt&#8221;]<\/p>\n<h4>MTS 6000: Tabber &amp; Stringer de alto rendimento com pegada m\u00ednima<\/h4>\n<p>[\/vc_column_text][vc_column_text css=&#8221;.vc_custom_1739904753533{margin-top: -15px !important;}&#8221;]<\/p>\n<div class=\"vc_row wpb_row vc_row-fluid\">\n<div class=\"wpb_column vc_column_container vc_col-sm-12\">\n<div class=\"vc_column-inner\">\n<div class=\"wpb_wrapper\">\n<div class=\"wpb_text_column wpb_content_element \">\n<div class=\"wpb_wrapper\">\n<p>Tabber &amp; Stringer de alta velocidade com capacidade de at\u00e9 6000 c\u00e9lulas\/hora.<\/p>\n<\/div>\n<\/div>\n<\/div>\n<\/div>\n<\/div>\n<\/div>\n<p>[\/vc_column_text][\/vc_column][\/vc_row]<\/p>\n<\/div>","protected":false},"excerpt":{"rendered":"<p>[vc_row][vc_column][vc_column_text]Nossas m\u00e1quinas Tabber &amp; Stringer combinadas s\u00e3o precisas, confi\u00e1veis \u200be f\u00e1ceis de operar. Nossa tecnologia comprovada, combinada com um design modular e recursos avan\u00e7ados, s\u00e3o os principais fatores para um custo total de propriedade muito baixo e alta produtividade.[\/vc_column_text][\/vc_column][\/vc_row][vc_row][vc_column][vc_single_image image=&#8221;45782&#8243; img_size=&#8221;full&#8221; alignment=&#8221;center&#8221; style=&#8221;vc_box_outline&#8221; onclick=&#8221;custom_link&#8221; css_animation=&#8221;fadeIn&#8221; link=&#8221;https:\/\/www.mondragon-assembly.com\/solar-automation-solutions\/individual-equipment\/tabber-stringer\/mts-2500\/&#8221;][\/vc_column][\/vc_row][vc_row full_width=&#8221;stretch_row_content&#8221; css=&#8221;.vc_custom_1605009570719{margin-top: -25px !important;}&#8221;][vc_column width=&#8221;1\/5&#8243;][\/vc_column][vc_column width=&#8221;2\/5&#8243;][vc_column_text] Descri\u00e7\u00e3o [\/vc_column_text][vc_column_text]Nossos Tabber [&hellip;]<\/p>\n","protected":false},"author":4,"featured_media":0,"parent":27580,"menu_order":0,"comment_status":"closed","ping_status":"closed","template":"sectors.php","meta":{"_lmt_disableupdate":"","_lmt_disable":"","footnotes":""},"yst_prominent_words":[756],"class_list":["post-27023","page","type-page","status-publish","hentry"],"acf":[],"_links":{"self":[{"href":"https:\/\/www.mondragon-assembly.com\/pt-br\/wp-json\/wp\/v2\/pages\/27023","targetHints":{"allow":["GET"]}}],"collection":[{"href":"https:\/\/www.mondragon-assembly.com\/pt-br\/wp-json\/wp\/v2\/pages"}],"about":[{"href":"https:\/\/www.mondragon-assembly.com\/pt-br\/wp-json\/wp\/v2\/types\/page"}],"author":[{"embeddable":true,"href":"https:\/\/www.mondragon-assembly.com\/pt-br\/wp-json\/wp\/v2\/users\/4"}],"replies":[{"embeddable":true,"href":"https:\/\/www.mondragon-assembly.com\/pt-br\/wp-json\/wp\/v2\/comments?post=27023"}],"version-history":[{"count":29,"href":"https:\/\/www.mondragon-assembly.com\/pt-br\/wp-json\/wp\/v2\/pages\/27023\/revisions"}],"predecessor-version":[{"id":76760,"href":"https:\/\/www.mondragon-assembly.com\/pt-br\/wp-json\/wp\/v2\/pages\/27023\/revisions\/76760"}],"up":[{"embeddable":true,"href":"https:\/\/www.mondragon-assembly.com\/pt-br\/wp-json\/wp\/v2\/pages\/27580"}],"wp:attachment":[{"href":"https:\/\/www.mondragon-assembly.com\/pt-br\/wp-json\/wp\/v2\/media?parent=27023"}],"wp:term":[{"taxonomy":"yst_prominent_words","embeddable":true,"href":"https:\/\/www.mondragon-assembly.com\/pt-br\/wp-json\/wp\/v2\/yst_prominent_words?post=27023"}],"curies":[{"name":"wp","href":"https:\/\/api.w.org\/{rel}","templated":true}]}}