{"id":27119,"date":"2016-04-15T08:58:06","date_gmt":"2016-04-15T06:58:06","guid":{"rendered":"https:\/\/www.mondragon-assembly.com\/interconnection-machine\/"},"modified":"2024-10-16T21:56:43","modified_gmt":"2024-10-16T19:56:43","slug":"interconnection-machine","status":"publish","type":"page","link":"https:\/\/www.mondragon-assembly.com\/pt-br\/solar-automation-solutions\/equipamento-individual-2\/interconnection-machine\/","title":{"rendered":"M\u00e1quina de interconex\u00e3o"},"content":{"rendered":"<div class=\"wpb-content-wrapper\"><p>[vc_row][vc_column][vc_column_text]M\u00e1quina de barramento de alta velocidade com capacidade de at\u00e9 120 m\u00f3dulos\/hora.[\/vc_column_text][\/vc_column][\/vc_row][vc_row][vc_column][vc_single_image image=&#8221;46413&#8243; img_size=&#8221;full&#8221; alignment=&#8221;center&#8221; style=&#8221;vc_box_outline&#8221; css_animation=&#8221;fadeIn&#8221;][\/vc_column][\/vc_row][vc_row][vc_column width=&#8221;1\/5&#8243;][vc_row_inner][vc_column_inner width=&#8221;1\/4&#8243; css=&#8221;.vc_custom_1619414773728{padding-right: 0px !important;}&#8221; offset=&#8221;vc_col-xs-3&#8243;][vc_single_image image=&#8221;22019&#8243; img_size=&#8221;full&#8221;][\/vc_column_inner][vc_column_inner width=&#8221;3\/4&#8243; css=&#8221;.vc_custom_1619414782465{padding-left: 3px !important;}&#8221; offset=&#8221;vc_col-xs-9&#8243;][vc_column_text]<\/p>\n<h4><strong>120<\/strong>\u00a0m\u00f3dulos\/hora<\/h4>\n<p>[\/vc_column_text][\/vc_column_inner][\/vc_row_inner][\/vc_column][vc_column width=&#8221;1\/5&#8243;][vc_row_inner][vc_column_inner width=&#8221;1\/4&#8243; css=&#8221;.vc_custom_1619414817940{padding-right: 0px !important;}&#8221; offset=&#8221;vc_col-xs-3&#8243;][vc_single_image image=&#8221;22279&#8243; img_size=&#8221;full&#8221;][\/vc_column_inner][vc_column_inner width=&#8221;3\/4&#8243; css=&#8221;.vc_custom_1619414825937{padding-left: 3px !important;}&#8221; offset=&#8221;vc_col-xs-9&#8243;][vc_column_text]<\/p>\n<h4>Un nombre quelconque de barramentos ou fios<\/h4>\n<p>[\/vc_column_text][\/vc_column_inner][\/vc_row_inner][\/vc_column][vc_column width=&#8221;1\/5&#8243;][vc_row_inner css=&#8221;.vc_custom_1561537027700{padding-left: 0px !important;}&#8221;][vc_column_inner width=&#8221;1\/4&#8243; css=&#8221;.vc_custom_1619414832767{padding-right: 0px !important;}&#8221; offset=&#8221;vc_col-xs-3&#8243;][vc_single_image image=&#8221;22270&#8243; img_size=&#8221;full&#8221;][\/vc_column_inner][vc_column_inner width=&#8221;3\/4&#8243; css=&#8221;.vc_custom_1620117252978{padding-left: 3px !important;}&#8221; offset=&#8221;vc_col-xs-9&#8243;][vc_column_text]<\/p>\n<h4>Vis\u00e3o Integrada<\/h4>\n<p>[\/vc_column_text][\/vc_column_inner][\/vc_row_inner][\/vc_column][vc_column width=&#8221;1\/5&#8243;][vc_row_inner][vc_column_inner width=&#8221;1\/4&#8243; css=&#8221;.vc_custom_1619414773728{padding-right: 0px !important;}&#8221; offset=&#8221;vc_col-xs-3&#8243;][vc_single_image image=&#8221;22261&#8243; img_size=&#8221;full&#8221;][\/vc_column_inner][vc_column_inner width=&#8221;3\/4&#8243; css=&#8221;.vc_custom_1619414782465{padding-left: 3px !important;}&#8221; offset=&#8221;vc_col-xs-9&#8243;][vc_column_text]<\/p>\n<h4>Adequado para c\u00e9lulas cortadas<\/h4>\n<p>[\/vc_column_text][\/vc_column_inner][\/vc_row_inner][\/vc_column][vc_column width=&#8221;1\/5&#8243;][vc_row_inner][vc_column_inner width=&#8221;1\/4&#8243; css=&#8221;.vc_custom_1619414773728{padding-right: 0px !important;}&#8221; offset=&#8221;vc_col-xs-3&#8243;][vc_single_image image=&#8221;22598&#8243; img_size=&#8221;full&#8221; css=&#8221;&#8221;][\/vc_column_inner][vc_column_inner width=&#8221;3\/4&#8243; css=&#8221;.vc_custom_1619414782465{padding-left: 3px !important;}&#8221; offset=&#8221;vc_col-xs-9&#8243;][vc_column_text css=&#8221;&#8221;]<\/p>\n<h4>Tempo de atividade &gt; 99,5%<\/h4>\n<p>[\/vc_column_text][\/vc_column_inner][\/vc_row_inner][\/vc_column][\/vc_row][vc_row full_width=&#8221;stretch_row_content&#8221;][vc_column width=&#8221;1\/5&#8243;][\/vc_column][vc_column width=&#8221;2\/5&#8243;][vc_column_text]<\/p>\n<h3><span style=\"color: #e20026;\"><img decoding=\"async\" class=\"alignnone size-full wp-image-22215\" src=\"https:\/\/www.mondragon-assembly.com\/wp-content\/uploads\/2019\/06\/icon-description.jpg\" alt=\"\" width=\"41\" height=\"41\" \/> Descri\u00e7\u00e3o<\/span><\/h3>\n<p>[\/vc_column_text][vc_column_text el_class=&#8221;icon_list&#8221;]<\/p>\n<ul>\n<li>Este equipamento interliga as s\u00e9ries e prepara a fia\u00e7\u00e3o<br \/>\npara a caixa de passagem.<\/li>\n<li>A m\u00e1quina tamb\u00e9m corta e posiciona as fitas de barramento<br \/>\nsob as fitas\/fios das s\u00e9ries automaticamente.<\/li>\n<\/ul>\n<p>[\/vc_column_text][\/vc_column][vc_column width=&#8221;2\/5&#8243;][vc_column_text]<\/p>\n<h3><span style=\"color: #e20026;\"><img decoding=\"async\" class=\"alignnone wp-image-22325 size-full\" src=\"https:\/\/www.mondragon-assembly.com\/wp-content\/uploads\/2019\/06\/icon-advantages.jpg\" alt=\"\" width=\"41\" height=\"41\" \/> Vantagens<\/span><\/h3>\n<p>[\/vc_column_text][vc_column_text el_class=&#8221;icon_list&#8221;]<\/p>\n<ul>\n<li>Solda precisa e taxa de quebra zero<\/li>\n<li>Barramentos ou fios ilimitados<\/li>\n<li>Tempo de atividade &gt; 99,5%<\/li>\n<li>8 horas de autonomia<\/li>\n<li>Soldagem de alta qualidade<\/li>\n<li>Pegada de f\u00e1brica minimizada<\/li>\n<li>Sem opera\u00e7\u00f5es manuais<\/li>\n<li>F\u00e1cil integra\u00e7\u00e3o com o sistema MES<\/li>\n<\/ul>\n<p>[\/vc_column_text][\/vc_column][\/vc_row][vc_row full_width=&#8221;stretch_row_content&#8221;][vc_column width=&#8221;1\/5&#8243;][\/vc_column][vc_column width=&#8221;2\/5&#8243;][vc_column_text]<\/p>\n<h3><span style=\"color: #e20026;\"><img decoding=\"async\" class=\"alignnone wp-image-22233 size-full\" src=\"https:\/\/www.mondragon-assembly.com\/wp-content\/uploads\/2019\/06\/icon-main-features.jpg\" alt=\"\" width=\"41\" height=\"41\" \/> Principais caracter\u00edsticas<\/span><\/h3>\n<p>[\/vc_column_text][vc_column_text el_class=&#8221;icon_list&#8221;]<\/p>\n<ul>\n<li>Carregamento e dobra autom\u00e1tica de fita<\/li>\n<li>Sistema de soldagem por indu\u00e7\u00e3o<\/li>\n<li>Sistema de vis\u00e3o artificial<\/li>\n<li>Feedback de qualidade em tempo real<\/li>\n<li>N\u00e3o h\u00e1 necessidade de isolamento t\u00e9rmico<\/li>\n<li>Nenhum modelo necess\u00e1rio<\/li>\n<li>Projeto de sobreposi\u00e7\u00e3o de fita opcional<\/li>\n<li>Duas ou tr\u00eas cabe\u00e7as de solda<\/li>\n<\/ul>\n<p>[\/vc_column_text][\/vc_column][vc_column width=&#8221;2\/5&#8243;][vc_column_text]<\/p>\n<h3><span style=\"color: #e20026;\"><img decoding=\"async\" class=\"alignnone wp-image-25046 size-full\" src=\"https:\/\/www.mondragon-assembly.com\/wp-content\/uploads\/2020\/10\/icon-module-technology.jpg\" alt=\"\" width=\"41\" height=\"41\" \/> Tecnologias de m\u00f3dulo<\/span><\/h3>\n<p>[\/vc_column_text][vc_column_text css=&#8221;&#8221; el_class=&#8221;icon_list&#8221;]<\/p>\n<ul>\n<li>Tamanho da c\u00e9lula at\u00e9 M12+<\/li>\n<li>Un nombre quelconque de barramentos ou fios<\/li>\n<li>Adequado para m\u00f3dulos BIP<\/li>\n<li>C\u00e9lulas completas e cortadas<\/li>\n<li>Adequado para qualquer tecnologia de c\u00e9lula<\/li>\n<\/ul>\n<p>[\/vc_column_text][\/vc_column][\/vc_row]<\/p>\n<\/div>","protected":false},"excerpt":{"rendered":"<p>[vc_row][vc_column][vc_column_text]M\u00e1quina de barramento de alta velocidade com capacidade de at\u00e9 120 m\u00f3dulos\/hora.[\/vc_column_text][\/vc_column][\/vc_row][vc_row][vc_column][vc_single_image image=&#8221;46413&#8243; img_size=&#8221;full&#8221; alignment=&#8221;center&#8221; style=&#8221;vc_box_outline&#8221; css_animation=&#8221;fadeIn&#8221;][\/vc_column][\/vc_row][vc_row][vc_column width=&#8221;1\/5&#8243;][vc_row_inner][vc_column_inner width=&#8221;1\/4&#8243; css=&#8221;.vc_custom_1619414773728{padding-right: 0px !important;}&#8221; offset=&#8221;vc_col-xs-3&#8243;][vc_single_image image=&#8221;22019&#8243; img_size=&#8221;full&#8221;][\/vc_column_inner][vc_column_inner width=&#8221;3\/4&#8243; css=&#8221;.vc_custom_1619414782465{padding-left: 3px !important;}&#8221; offset=&#8221;vc_col-xs-9&#8243;][vc_column_text] 120\u00a0m\u00f3dulos\/hora [\/vc_column_text][\/vc_column_inner][\/vc_row_inner][\/vc_column][vc_column width=&#8221;1\/5&#8243;][vc_row_inner][vc_column_inner width=&#8221;1\/4&#8243; css=&#8221;.vc_custom_1619414817940{padding-right: 0px !important;}&#8221; offset=&#8221;vc_col-xs-3&#8243;][vc_single_image image=&#8221;22279&#8243; img_size=&#8221;full&#8221;][\/vc_column_inner][vc_column_inner width=&#8221;3\/4&#8243; css=&#8221;.vc_custom_1619414825937{padding-left: 3px !important;}&#8221; offset=&#8221;vc_col-xs-9&#8243;][vc_column_text] Un nombre quelconque de barramentos ou fios [\/vc_column_text][\/vc_column_inner][\/vc_row_inner][\/vc_column][vc_column width=&#8221;1\/5&#8243;][vc_row_inner css=&#8221;.vc_custom_1561537027700{padding-left: [&hellip;]<\/p>\n","protected":false},"author":4,"featured_media":0,"parent":27580,"menu_order":0,"comment_status":"closed","ping_status":"closed","template":"sectors.php","meta":{"_lmt_disableupdate":"","_lmt_disable":"","footnotes":""},"yst_prominent_words":[1751,2120],"class_list":["post-27119","page","type-page","status-publish","hentry"],"acf":[],"_links":{"self":[{"href":"https:\/\/www.mondragon-assembly.com\/pt-br\/wp-json\/wp\/v2\/pages\/27119","targetHints":{"allow":["GET"]}}],"collection":[{"href":"https:\/\/www.mondragon-assembly.com\/pt-br\/wp-json\/wp\/v2\/pages"}],"about":[{"href":"https:\/\/www.mondragon-assembly.com\/pt-br\/wp-json\/wp\/v2\/types\/page"}],"author":[{"embeddable":true,"href":"https:\/\/www.mondragon-assembly.com\/pt-br\/wp-json\/wp\/v2\/users\/4"}],"replies":[{"embeddable":true,"href":"https:\/\/www.mondragon-assembly.com\/pt-br\/wp-json\/wp\/v2\/comments?post=27119"}],"version-history":[{"count":22,"href":"https:\/\/www.mondragon-assembly.com\/pt-br\/wp-json\/wp\/v2\/pages\/27119\/revisions"}],"predecessor-version":[{"id":72021,"href":"https:\/\/www.mondragon-assembly.com\/pt-br\/wp-json\/wp\/v2\/pages\/27119\/revisions\/72021"}],"up":[{"embeddable":true,"href":"https:\/\/www.mondragon-assembly.com\/pt-br\/wp-json\/wp\/v2\/pages\/27580"}],"wp:attachment":[{"href":"https:\/\/www.mondragon-assembly.com\/pt-br\/wp-json\/wp\/v2\/media?parent=27119"}],"wp:term":[{"taxonomy":"yst_prominent_words","embeddable":true,"href":"https:\/\/www.mondragon-assembly.com\/pt-br\/wp-json\/wp\/v2\/yst_prominent_words?post=27119"}],"curies":[{"name":"wp","href":"https:\/\/api.w.org\/{rel}","templated":true}]}}