{"id":27167,"date":"2020-10-25T18:14:38","date_gmt":"2020-10-25T16:14:38","guid":{"rendered":"https:\/\/www.mondragon-assembly.com\/laminators\/mal-flat-press-the-best-solution-for-glass-glass-modules\/"},"modified":"2021-03-24T12:35:11","modified_gmt":"2021-03-24T10:35:11","slug":"mal-flat-press-the-best-solution-for-glass-glass-modules","status":"publish","type":"page","link":"https:\/\/www.mondragon-assembly.com\/pt-br\/solar-automation-solutions\/equipamento-individual-2\/laminators\/mal-flat-press-the-best-solution-for-glass-glass-modules\/","title":{"rendered":"ML FLAT PRESS: A melhor solu\u00e7\u00e3o para m\u00f3dulos Vidro-Vidro"},"content":{"rendered":"<div class=\"wpb-content-wrapper\"><p>[vc_row][vc_column][vc_column_text el_class=&#8221;icon_list&#8221;]Laminador de alto rendimento com pegada minimizada.[\/vc_column_text][vc_row_inner][vc_column_inner][vc_single_image image=&#8221;31161&#8243; img_size=&#8221;full&#8221; alignment=&#8221;center&#8221; css_animation=&#8221;fadeIn&#8221;][\/vc_column_inner][\/vc_row_inner][\/vc_column][\/vc_row][vc_row][vc_column][vc_empty_space][\/vc_column][\/vc_row][vc_row][vc_column width=&#8221;1\/3&#8243;][vc_column_text el_class=&#8221;icon-img-laminator&#8221;]<\/p>\n<h4 style=\"text-align: center;\"><img decoding=\"async\" class=\"size-full wp-image-22018 alignleft\" style=\"float: left;\" src=\"https:\/\/www.mondragon-assembly.com\/wp-content\/uploads\/2019\/06\/icon-throughput.jpg\" alt=\"\" width=\"40\" height=\"40\" \/> Tempo de ciclo t\u00edpico &lt;7 min para m\u00f3dulos de Vidro-Placa e &lt;8 min para m\u00f3dulos de Vidro-Vidro<\/h4>\n<p>[\/vc_column_text][\/vc_column][vc_column width=&#8221;1\/3&#8243;][vc_column_text el_class=&#8221;icon-img-laminator&#8221;]<\/p>\n<h4 style=\"text-align: center;\"><img decoding=\"async\" class=\"alignnone size-full wp-image-22018\" style=\"float: left;\" src=\"https:\/\/www.mondragon-assembly.com\/wp-content\/uploads\/2019\/06\/icon-tools.jpg\" alt=\"\" width=\"40\" height=\"40\" \/> <span style=\"margin-left: 10px;\">Tamanho personalizado da placa de aquecimento<\/span><\/h4>\n<p>[\/vc_column_text][\/vc_column][vc_column width=&#8221;1\/3&#8243;][vc_column_text el_class=&#8221;icon-img-laminator&#8221;]<\/p>\n<h4 style=\"text-align: center;\"><img decoding=\"async\" class=\"size-full wp-image-22018 alignleft\" style=\"float: left;\" src=\"https:\/\/www.mondragon-assembly.com\/wp-content\/uploads\/2019\/06\/icon-check-grey.jpg\" alt=\"\" width=\"40\" height=\"40\" \/> Adequado para m\u00f3dulos Vidro-Placa, Vidro-Vidro e BIPV<\/h4>\n<p>[\/vc_column_text][\/vc_column][\/vc_row][vc_row full_width=&#8221;stretch_row_content&#8221;][vc_column width=&#8221;1\/6&#8243;][\/vc_column][vc_column width=&#8221;2\/6&#8243;][vc_column_text]<\/p>\n<h3><span style=\"color: #e20026;\"><img decoding=\"async\" class=\"alignnone size-full wp-image-22215\" src=\"https:\/\/www.mondragon-assembly.com\/wp-content\/uploads\/2019\/06\/icon-description.jpg\" alt=\"\" width=\"41\" height=\"41\" \/> Descri\u00e7\u00e3o<\/span><\/h3>\n<p>[\/vc_column_text][vc_column_text]A lamina\u00e7\u00e3o \u00e9 um dos processos mais cr\u00edticos na fabrica\u00e7\u00e3o de pain\u00e9is solares,<br \/>\npois garante a qualidade e durabilidade do m\u00f3dulo fotovoltaico.[\/vc_column_text][\/vc_column][vc_column width=&#8221;2\/6&#8243;][vc_column_text]<\/p>\n<h3><span style=\"color: #e20026;\"><img decoding=\"async\" class=\"alignnone wp-image-22325 size-full\" src=\"https:\/\/www.mondragon-assembly.com\/wp-content\/uploads\/2019\/06\/icon-advantages.jpg\" alt=\"\" width=\"41\" height=\"41\" \/> Vantagens<\/span><\/h3>\n<p>[\/vc_column_text][vc_column_text el_class=&#8221;icon_list&#8221;]<\/p>\n<ul>\n<li>Tamanhos de placa de aquecimento personalizados<\/li>\n<li>Precis\u00e3o &lt; \u00b1 2\u00baC<\/li>\n<li>Tempo de atividade &gt; 95%<\/li>\n<li>As melhores marcas de bombas de v\u00e1cuo e compressores<\/li>\n<li>Otimiza\u00e7\u00e3o de processos pelo Servi\u00e7o de Engenharia de Processos da Montagem Mondragon<\/li>\n<\/ul>\n<p>[\/vc_column_text][\/vc_column][vc_column width=&#8221;1\/6&#8243;][\/vc_column][\/vc_row][vc_row full_width=&#8221;stretch_row_content&#8221;][vc_column width=&#8221;1\/6&#8243;][\/vc_column][vc_column width=&#8221;2\/6&#8243;][vc_column_text]<\/p>\n<h3><span style=\"color: #e20026;\"><img decoding=\"async\" class=\"alignnone wp-image-22233 size-full\" src=\"https:\/\/www.mondragon-assembly.com\/wp-content\/uploads\/2019\/06\/icon-main-features.jpg\" alt=\"\" width=\"41\" height=\"41\" \/> Principais caracter\u00edsticas<\/span><\/h3>\n<p>[\/vc_column_text][vc_column_text el_class=&#8221;icon_list&#8221;]<\/p>\n<ul>\n<li>Sistema de prensa plana<\/li>\n<li>M\u00f3dulo de aquecimento de dupla face<\/li>\n<li>Sistema de aquecimento el\u00e9trico a \u00f3leo<\/li>\n<li>Sistema opcional de pin-lift<\/li>\n<li>Configura\u00e7\u00e3o de uma ou duas etapas<\/li>\n<li>Design de m\u00faltiplas pilhas. N\u00famero de pilhas personalizado<\/li>\n<li>Prensa de resfriamento opcional<\/li>\n<\/ul>\n<p>[\/vc_column_text][\/vc_column][vc_column width=&#8221;2\/6&#8243;][vc_column_text]<\/p>\n<h3><span style=\"color: #e20026;\"><img decoding=\"async\" class=\"alignnone wp-image-25046 size-full\" src=\"https:\/\/www.mondragon-assembly.com\/wp-content\/uploads\/2020\/10\/icon-module-technology.jpg\" alt=\"\" width=\"41\" height=\"41\" \/> Tecnologias de m\u00f3dulo<\/span><\/h3>\n<p>[\/vc_column_text][vc_column_text el_class=&#8221;icon_list&#8221;]<\/p>\n<ul>\n<li>Adequado para m\u00f3dulos BIP<\/li>\n<li>Especialmente projetado para m\u00f3dulos Vidro-Vidro<\/li>\n<li>Adequado para m\u00f3dulos Vidro-Placa<\/li>\n<li>V\u00e1lido para qualquer tipo de encapsulante<\/li>\n<\/ul>\n<p>[\/vc_column_text][\/vc_column][vc_column width=&#8221;1\/6&#8243;][\/vc_column][\/vc_row]<\/p>\n<\/div>","protected":false},"excerpt":{"rendered":"<p>[vc_row][vc_column][vc_column_text el_class=&#8221;icon_list&#8221;]Laminador de alto rendimento com pegada minimizada.[\/vc_column_text][vc_row_inner][vc_column_inner][vc_single_image image=&#8221;31161&#8243; img_size=&#8221;full&#8221; alignment=&#8221;center&#8221; css_animation=&#8221;fadeIn&#8221;][\/vc_column_inner][\/vc_row_inner][\/vc_column][\/vc_row][vc_row][vc_column][vc_empty_space][\/vc_column][\/vc_row][vc_row][vc_column width=&#8221;1\/3&#8243;][vc_column_text el_class=&#8221;icon-img-laminator&#8221;] Tempo de ciclo t\u00edpico &lt;7 min para m\u00f3dulos de Vidro-Placa e &lt;8 min para m\u00f3dulos de Vidro-Vidro [\/vc_column_text][\/vc_column][vc_column width=&#8221;1\/3&#8243;][vc_column_text el_class=&#8221;icon-img-laminator&#8221;] Tamanho personalizado da placa de aquecimento [\/vc_column_text][\/vc_column][vc_column width=&#8221;1\/3&#8243;][vc_column_text el_class=&#8221;icon-img-laminator&#8221;] Adequado para m\u00f3dulos Vidro-Placa, Vidro-Vidro e BIPV [\/vc_column_text][\/vc_column][\/vc_row][vc_row full_width=&#8221;stretch_row_content&#8221;][vc_column width=&#8221;1\/6&#8243;][\/vc_column][vc_column width=&#8221;2\/6&#8243;][vc_column_text] Descri\u00e7\u00e3o [&hellip;]<\/p>\n","protected":false},"author":4,"featured_media":0,"parent":27135,"menu_order":0,"comment_status":"closed","ping_status":"closed","template":"sectors.php","meta":{"_lmt_disableupdate":"","_lmt_disable":"","footnotes":""},"yst_prominent_words":[2120,447,554,632,969,1012],"class_list":["post-27167","page","type-page","status-publish","hentry"],"acf":[],"_links":{"self":[{"href":"https:\/\/www.mondragon-assembly.com\/pt-br\/wp-json\/wp\/v2\/pages\/27167","targetHints":{"allow":["GET"]}}],"collection":[{"href":"https:\/\/www.mondragon-assembly.com\/pt-br\/wp-json\/wp\/v2\/pages"}],"about":[{"href":"https:\/\/www.mondragon-assembly.com\/pt-br\/wp-json\/wp\/v2\/types\/page"}],"author":[{"embeddable":true,"href":"https:\/\/www.mondragon-assembly.com\/pt-br\/wp-json\/wp\/v2\/users\/4"}],"replies":[{"embeddable":true,"href":"https:\/\/www.mondragon-assembly.com\/pt-br\/wp-json\/wp\/v2\/comments?post=27167"}],"version-history":[{"count":13,"href":"https:\/\/www.mondragon-assembly.com\/pt-br\/wp-json\/wp\/v2\/pages\/27167\/revisions"}],"predecessor-version":[{"id":37035,"href":"https:\/\/www.mondragon-assembly.com\/pt-br\/wp-json\/wp\/v2\/pages\/27167\/revisions\/37035"}],"up":[{"embeddable":true,"href":"https:\/\/www.mondragon-assembly.com\/pt-br\/wp-json\/wp\/v2\/pages\/27135"}],"wp:attachment":[{"href":"https:\/\/www.mondragon-assembly.com\/pt-br\/wp-json\/wp\/v2\/media?parent=27167"}],"wp:term":[{"taxonomy":"yst_prominent_words","embeddable":true,"href":"https:\/\/www.mondragon-assembly.com\/pt-br\/wp-json\/wp\/v2\/yst_prominent_words?post=27167"}],"curies":[{"name":"wp","href":"https:\/\/api.w.org\/{rel}","templated":true}]}}